{"id":5753,"date":"2024-11-24T15:25:57","date_gmt":"2024-11-24T15:25:57","guid":{"rendered":"https:\/\/www.hyflexpack.com\/?post_type=product&#038;p=5753"},"modified":"2024-11-24T15:25:59","modified_gmt":"2024-11-24T15:25:59","slug":"custom-snack-food-packaging","status":"publish","type":"product","link":"https:\/\/www.hyflexpack.com\/it\/product\/custom-snack-food-packaging\/","title":{"rendered":"Imballaggio alimentare dello spuntino su ordinazione, sacchetti dello spuntino personalizzati che laminano la fabbrica del film di riserva del rotolo"},"content":{"rendered":"<div class=\"wp-block-columns is-layout-flex wp-container-core-columns-is-layout-9d6595d7 wp-block-columns-is-layout-flex\">\n<div class=\"wp-block-column is-layout-flow wp-block-column-is-layout-flow\">\n<h3 class=\"wp-block-heading\">Caratteristiche del film per l'imballaggio di snack personalizzati<\/h3>\n\n\n\n<p><strong>Materiali di alta qualit\u00e0<\/strong>: Realizzato con materiali di alta qualit\u00e0 per pellicole da imballaggio, garantisce sicurezza alimentare, non tossicit\u00e0 e inodore. Robusto e durevole, \u00e8 adatto a diverse esigenze di imballaggio alimentare.<\/p>\n\n\n\n<p><\/p>\n\n\n\n<p><strong>Imballaggio efficiente<\/strong>: Adatto alle apparecchiature di confezionamento automatico per migliorare l'efficienza della produzione. Il design liscio del rullo garantisce l'assenza di inceppamenti della carta durante il confezionamento ad alta velocit\u00e0.<\/p>\n\n\n\n<p><\/p>\n\n\n\n<p><strong>Prestazioni di protezione superiori<\/strong>: Efficacemente resistente all'umidit\u00e0 e alla polvere, buona resistenza allo strappo, protegge l'integrit\u00e0 del prodotto durante il trasporto e lo stoccaggio.<\/p>\n\n\n\n<p><\/p>\n\n\n\n<p><strong>Opzioni ecologiche<\/strong>: Per soddisfare i requisiti di protezione ambientale, sosteniamo l'uso di materiali biodegradabili e riciclabili. Sono previste anche opzioni di spessore del film per ridurre lo spreco di materiale e l'impronta di carbonio.<\/p>\n\n\n\n<p><\/p>\n\n\n\n<p><strong>Utilizzo comodo<\/strong>: Il rotolo di film da imballaggio composito \u00e8 facile da immagazzinare e da maneggiare, consentendo di risparmiare spazio in magazzino.<\/p>\n<\/div>\n\n\n\n<div class=\"wp-block-column is-layout-flow wp-block-column-is-layout-flow\">\n<figure class=\"wp-block-image size-full\"><img fetchpriority=\"high\" decoding=\"async\" width=\"750\" height=\"750\" src=\"https:\/\/www.hyflexpack.com\/wp-content\/uploads\/2024\/11\/Custom-Biscuit-Packaging-Film2.webp\" alt=\"Film d&#039;imballaggio per biscotti personalizzati\" class=\"wp-image-5745\" srcset=\"https:\/\/www.hyflexpack.com\/wp-content\/uploads\/2024\/11\/Custom-Biscuit-Packaging-Film2.webp 750w, https:\/\/www.hyflexpack.com\/wp-content\/uploads\/2024\/11\/Custom-Biscuit-Packaging-Film2-300x300.webp 300w, https:\/\/www.hyflexpack.com\/wp-content\/uploads\/2024\/11\/Custom-Biscuit-Packaging-Film2-150x150.webp 150w, https:\/\/www.hyflexpack.com\/wp-content\/uploads\/2024\/11\/Custom-Biscuit-Packaging-Film2-12x12.webp 12w, https:\/\/www.hyflexpack.com\/wp-content\/uploads\/2024\/11\/Custom-Biscuit-Packaging-Film2-285x285.webp 285w, https:\/\/www.hyflexpack.com\/wp-content\/uploads\/2024\/11\/Custom-Biscuit-Packaging-Film2-270x270.webp 270w, https:\/\/www.hyflexpack.com\/wp-content\/uploads\/2024\/11\/Custom-Biscuit-Packaging-Film2-540x540.webp 540w, https:\/\/www.hyflexpack.com\/wp-content\/uploads\/2024\/11\/Custom-Biscuit-Packaging-Film2-660x660.webp 660w\" sizes=\"(max-width: 750px) 100vw, 750px\" \/><\/figure>\n<\/div>\n<\/div>\n\n\n\n<p><\/p>","protected":false},"excerpt":{"rendered":"<p>Scoprite come i nostri film per il confezionamento di snack possono fornire soluzioni di imballaggio sicure e attraenti per i vostri prodotti. Grazie ai materiali di grado alimentare, all'elevata trasparenza e alle eccellenti propriet\u00e0 barriera, possono prolungare la freschezza dei vostri alimenti. Contattateci oggi stesso e lasciateci personalizzare il vostro esclusivo packaging alimentare!<\/p>\n<h3>Vantaggi del fornitore di pellicole per l'imballaggio di snack e alimenti<\/h3>\n<p>Progettazione personalizzata: Forniamo servizi personalizzati, tra cui la personalizzazione del materiale, delle dimensioni e del modello di stampa per soddisfare le esigenze dei clienti, e supportiamo OEM e ODM.<br \/>Produzione: Adotta linee di produzione composite avanzate a livello internazionale e sistemi di controllo automatico per garantire processi produttivi efficienti e stabili e consegne puntuali.<br \/>Ispezione di qualit\u00e0: Produrre rigorosamente secondo gli standard di qualit\u00e0 e i requisiti di sicurezza alimentare per garantire che i prodotti siano conformi agli standard.<br \/>Servizio clienti: Fornire una risposta rapida e un supporto premuroso al servizio clienti 24 ore al giorno.<br \/>Campioni gratuiti: Realizzazione di piccoli lotti di campioni da far provare e valutare ai clienti<\/p>\n<p>Huiyang Packaging si impegna a fornire ai clienti film per l'imballaggio di snack personalizzati di alta qualit\u00e0 per aiutarli a migliorare l'immagine dei loro prodotti e ad aumentare la loro competitivit\u00e0 sul mercato.<\/p>","protected":false},"featured_media":5745,"comment_status":"open","ping_status":"closed","template":"","meta":[],"product_brand":[],"product_cat":[53],"product_tag":[],"class_list":{"0":"post-5753","1":"product","2":"type-product","3":"status-publish","4":"has-post-thumbnail","6":"product_cat-packaging-film-supplier","8":"first","9":"instock","10":"shipping-taxable","11":"product-type-simple"},"_links":{"self":[{"href":"https:\/\/www.hyflexpack.com\/it\/wp-json\/wp\/v2\/product\/5753","targetHints":{"allow":["GET"]}}],"collection":[{"href":"https:\/\/www.hyflexpack.com\/it\/wp-json\/wp\/v2\/product"}],"about":[{"href":"https:\/\/www.hyflexpack.com\/it\/wp-json\/wp\/v2\/types\/product"}],"replies":[{"embeddable":true,"href":"https:\/\/www.hyflexpack.com\/it\/wp-json\/wp\/v2\/comments?post=5753"}],"wp:featuredmedia":[{"embeddable":true,"href":"https:\/\/www.hyflexpack.com\/it\/wp-json\/wp\/v2\/media\/5745"}],"wp:attachment":[{"href":"https:\/\/www.hyflexpack.com\/it\/wp-json\/wp\/v2\/media?parent=5753"}],"wp:term":[{"taxonomy":"product_brand","embeddable":true,"href":"https:\/\/www.hyflexpack.com\/it\/wp-json\/wp\/v2\/product_brand?post=5753"},{"taxonomy":"product_cat","embeddable":true,"href":"https:\/\/www.hyflexpack.com\/it\/wp-json\/wp\/v2\/product_cat?post=5753"},{"taxonomy":"product_tag","embeddable":true,"href":"https:\/\/www.hyflexpack.com\/it\/wp-json\/wp\/v2\/product_tag?post=5753"}],"curies":[{"name":"wp","href":"https:\/\/api.w.org\/{rel}","templated":true}]}}