{"id":5752,"date":"2024-11-24T13:03:09","date_gmt":"2024-11-24T13:03:09","guid":{"rendered":"https:\/\/www.hyflexpack.com\/?post_type=product&#038;p=5752"},"modified":"2024-12-13T06:50:43","modified_gmt":"2024-12-13T06:50:43","slug":"custom-facial-mask-packaging-supplier","status":"publish","type":"product","link":"https:\/\/www.hyflexpack.com\/it\/product\/custom-facial-mask-packaging-supplier\/","title":{"rendered":"OEM maschera facciale imballaggio 3 lati sigillo sacchetto cosmetico borse fornitore"},"content":{"rendered":"<div class=\"wp-block-columns is-layout-flex wp-container-core-columns-is-layout-9d6595d7 wp-block-columns-is-layout-flex\">\n<div class=\"wp-block-column is-layout-flow wp-block-column-is-layout-flow\">\n<h3 class=\"wp-block-heading\">Caratteristiche del sacchetto d'imballaggio della maschera facciale dell'OEM<\/h3>\n\n\n\n<h4 class=\"wp-block-heading\">Materiale pregiato per una maschera di bellezza<\/h4>\n\n\n\n<ul class=\"wp-block-list\">\n<li>\u00c8 prodotto con i migliori materiali per garantire la durata, la tenuta a prova di perdite e la conservazione efficace dell'essenza.<\/li>\n<\/ul>\n\n\n\n<h4 class=\"wp-block-heading\">Borsa per maschere facciali Design specializzato<\/h4>\n\n\n\n<ul class=\"wp-block-list\">\n<li>La struttura a 3 lati garantisce il massimo livello di protezione contro l'umidit\u00e0, l'aria e la luce, in modo che la maschera facciale rimanga fresca ed efficace.<\/li>\n<\/ul>\n\n\n\n<h4 class=\"wp-block-heading\">Personalizzazione dell'imballaggio della maschera facciale<\/h4>\n\n\n\n<ul class=\"wp-block-list\">\n<li>Le dimensioni, le forme e le finiture variano e il branding pu\u00f2 essere sfruttato al meglio, stampando loghi e disegni colorati per rendere le merci pi\u00f9 vendibili sul mercato.<\/li>\n<\/ul>\n\n\n\n<h4 class=\"wp-block-heading\">Opzioni eco-compatibili<\/h4>\n\n\n\n<ul class=\"wp-block-list\">\n<li>Supporta imballaggi ecologici con materiali biodegradabili e riciclabili per attirare i marchi eco-consapevoli.<\/li>\n<\/ul>\n\n\n\n<h4 class=\"wp-block-heading\">Facile da usare<\/h4>\n\n\n\n<ul class=\"wp-block-list\">\n<li>Le tacche a strappo, facili da usare, assicurano una forte tenuta, rendendo l'applicazione senza problemi per i prodotti cosmetici e per la cura della pelle.<\/li>\n<\/ul>\n\n\n\n<p>Questa confezione di prodotto \u00e8 la soluzione migliore per i sacchetti per maschere per il viso di alta qualit\u00e0 che verranno utilizzati per enfatizzare la qualit\u00e0 della vostra confezione di maschere per il viso.<\/p>\n<\/div>\n\n\n\n<div class=\"wp-block-column is-layout-flow wp-block-column-is-layout-flow\">\n<figure class=\"wp-block-image size-full\"><img fetchpriority=\"high\" decoding=\"async\" width=\"750\" height=\"750\" src=\"https:\/\/www.hyflexpack.com\/wp-content\/uploads\/2024\/11\/OEM-Facial-Mask-Packaging-Pouch\uff081\uff09.webp\" alt=\"Sacchetti per l&#039;imballaggio di maschere facciali personalizzate\" class=\"wp-image-5734\" srcset=\"https:\/\/www.hyflexpack.com\/wp-content\/uploads\/2024\/11\/OEM-Facial-Mask-Packaging-Pouch\uff081\uff09.webp 750w, https:\/\/www.hyflexpack.com\/wp-content\/uploads\/2024\/11\/OEM-Facial-Mask-Packaging-Pouch\uff081\uff09-300x300.webp 300w, https:\/\/www.hyflexpack.com\/wp-content\/uploads\/2024\/11\/OEM-Facial-Mask-Packaging-Pouch\uff081\uff09-150x150.webp 150w, https:\/\/www.hyflexpack.com\/wp-content\/uploads\/2024\/11\/OEM-Facial-Mask-Packaging-Pouch\uff081\uff09-12x12.webp 12w, https:\/\/www.hyflexpack.com\/wp-content\/uploads\/2024\/11\/OEM-Facial-Mask-Packaging-Pouch\uff081\uff09-285x285.webp 285w, https:\/\/www.hyflexpack.com\/wp-content\/uploads\/2024\/11\/OEM-Facial-Mask-Packaging-Pouch\uff081\uff09-270x270.webp 270w, https:\/\/www.hyflexpack.com\/wp-content\/uploads\/2024\/11\/OEM-Facial-Mask-Packaging-Pouch\uff081\uff09-540x540.webp 540w, https:\/\/www.hyflexpack.com\/wp-content\/uploads\/2024\/11\/OEM-Facial-Mask-Packaging-Pouch\uff081\uff09-660x660.webp 660w\" sizes=\"(max-width: 750px) 100vw, 750px\" \/><\/figure>\n<\/div>\n<\/div>\n\n\n\n<p><\/p>","protected":false},"excerpt":{"rendered":"<div class=\"flex-shrink-0 flex flex-col relative items-end\">\n<div>\n<div class=\"pt-0\">\n<div class=\"gizmo-bot-avatar flex h-8 w-8 items-center justify-center overflow-hidden rounded-full\">\n<div class=\"relative p-1 rounded-sm flex items-center justify-center bg-token-main-surface-primary text-token-text-primary h-8 w-8\">Aggiornate la vostra linea di prodotti con i nostri sacchetti per maschere facciali di alta qualit\u00e0! Progettate con materiali durevoli per una maschera di bellezza, queste buste con chiusura a 3 lati offrono un imballaggio sicuro e personalizzabile per la maschera facciale per valorizzare il vostro marchio. Richiedete ora i prezzi competitivi all'ingrosso!<\/div>\n<div>\n<h3>Vantaggi del fornitore di confezioni di maschere per il viso<\/h3>\n<ul>\n<li>Design personalizzato: Forniamo servizi personalizzati, tra cui la personalizzazione del materiale, delle dimensioni e del modello di stampa per soddisfare le esigenze dei clienti, e\u00a0<a href=\"https:\/\/www.hyflexpack.com\/it\/imballaggi-flessibili-personalizzati\/\"><strong>supporto OEM e ODM<\/strong><\/a>.<\/li>\n<li>Produzione: Grazie ad attrezzature e tecnologie avanzate, siamo in grado di completare la produzione degli ordini in modo efficiente e di alta qualit\u00e0 e di consegnarli in tempo.<\/li>\n<li>Ispezione della qualit\u00e0: La produzione avviene in stretta conformit\u00e0 con gli standard di qualit\u00e0 e i requisiti di sicurezza alimentare, per garantire che i prodotti siano conformi agli standard.<\/li>\n<li>Certificazione<strong>\uff1a<\/strong>\u00a0<strong>FDA\/BRC\/ISO 9001\/RoHS<\/strong><\/li>\n<li>Servizio clienti:\u00a0<strong>24 ore<\/strong>\u00a0per fornire una risposta rapida e un'assistenza attenta al cliente.<\/li>\n<li>Campione gratuito: Fornire un servizio di campionatura gratuita per valutare il prodotto.<\/li>\n<\/ul>\n<\/div>\n<\/div>\n<\/div>\n<\/div>\n<\/div>","protected":false},"featured_media":5737,"comment_status":"open","ping_status":"closed","template":"","meta":[],"product_brand":[],"product_cat":[52],"product_tag":[],"class_list":{"0":"post-5752","1":"product","2":"type-product","3":"status-publish","4":"has-post-thumbnail","6":"product_cat-custom-daily-chemical-packaging","8":"first","9":"instock","10":"shipping-taxable","11":"product-type-simple"},"_links":{"self":[{"href":"https:\/\/www.hyflexpack.com\/it\/wp-json\/wp\/v2\/product\/5752","targetHints":{"allow":["GET"]}}],"collection":[{"href":"https:\/\/www.hyflexpack.com\/it\/wp-json\/wp\/v2\/product"}],"about":[{"href":"https:\/\/www.hyflexpack.com\/it\/wp-json\/wp\/v2\/types\/product"}],"replies":[{"embeddable":true,"href":"https:\/\/www.hyflexpack.com\/it\/wp-json\/wp\/v2\/comments?post=5752"}],"wp:featuredmedia":[{"embeddable":true,"href":"https:\/\/www.hyflexpack.com\/it\/wp-json\/wp\/v2\/media\/5737"}],"wp:attachment":[{"href":"https:\/\/www.hyflexpack.com\/it\/wp-json\/wp\/v2\/media?parent=5752"}],"wp:term":[{"taxonomy":"product_brand","embeddable":true,"href":"https:\/\/www.hyflexpack.com\/it\/wp-json\/wp\/v2\/product_brand?post=5752"},{"taxonomy":"product_cat","embeddable":true,"href":"https:\/\/www.hyflexpack.com\/it\/wp-json\/wp\/v2\/product_cat?post=5752"},{"taxonomy":"product_tag","embeddable":true,"href":"https:\/\/www.hyflexpack.com\/it\/wp-json\/wp\/v2\/product_tag?post=5752"}],"curies":[{"name":"wp","href":"https:\/\/api.w.org\/{rel}","templated":true}]}}