{"id":5748,"date":"2024-11-23T12:27:53","date_gmt":"2024-11-23T12:27:53","guid":{"rendered":"https:\/\/www.hyflexpack.com\/?post_type=product&#038;p=5748"},"modified":"2024-11-23T12:27:55","modified_gmt":"2024-11-23T12:27:55","slug":"custom-chips-packaging-film-roll","status":"publish","type":"product","link":"https:\/\/www.hyflexpack.com\/it\/product\/custom-chips-packaging-film-roll\/","title":{"rendered":"Rotolo del film d'imballaggio dei chip laminati dell'OEM, soluzioni d'imballaggio su ordinazione dei chip di Photato"},"content":{"rendered":"<div class=\"wp-block-columns is-layout-flex wp-container-core-columns-is-layout-9d6595d7 wp-block-columns-is-layout-flex\">\n<div class=\"wp-block-column is-layout-flow wp-block-column-is-layout-flow\">\n<h3 class=\"wp-block-heading\">Features of High Quality Chips Packaging Film Roll<\/h3>\n\n\n\n<p><strong>Materiali di alta qualit\u00e0<\/strong>: Realizzato con materiali di alta qualit\u00e0 per pellicole da imballaggio, garantisce sicurezza alimentare, non tossicit\u00e0 e inodore. Robusto e durevole, \u00e8 adatto a diverse esigenze di imballaggio alimentare.<\/p>\n\n\n\n<p><\/p>\n\n\n\n<p><strong>Imballaggio efficiente<\/strong>: Adatto alle apparecchiature di confezionamento automatico per migliorare l'efficienza della produzione. Il design liscio del rullo garantisce l'assenza di inceppamenti della carta durante il confezionamento ad alta velocit\u00e0.<\/p>\n\n\n\n<p><\/p>\n\n\n\n<p><strong>Prestazioni di protezione superiori<\/strong>: Efficacemente resistente all'umidit\u00e0 e alla polvere, buona resistenza allo strappo, protegge l'integrit\u00e0 del prodotto durante il trasporto e lo stoccaggio.<\/p>\n\n\n\n<p><\/p>\n\n\n\n<p><strong>Opzioni ecologiche<\/strong>: Support the use of biodegradable and recyclable materials to meet environmental protection requirements. Film thickness options are also provided to reduce material waste and lower carbon footprint.<\/p>\n\n\n\n<p><\/p>\n\n\n\n<p><strong>Utilizzo comodo<\/strong>: The composite packaging film roll is easy to store and handle, saving warehouse space<\/p>\n<\/div>\n\n\n\n<div class=\"wp-block-column is-layout-flow wp-block-column-is-layout-flow\">\n<figure class=\"wp-block-image size-full\"><img fetchpriority=\"high\" decoding=\"async\" width=\"750\" height=\"750\" src=\"https:\/\/www.hyflexpack.com\/wp-content\/uploads\/2024\/11\/OEM-Laminated-Packaging-Film-\uff081\uff09.webp\" alt=\"Chips Packaging Film Roll Wholesale\" class=\"wp-image-5723\" srcset=\"https:\/\/www.hyflexpack.com\/wp-content\/uploads\/2024\/11\/OEM-Laminated-Packaging-Film-\uff081\uff09.webp 750w, https:\/\/www.hyflexpack.com\/wp-content\/uploads\/2024\/11\/OEM-Laminated-Packaging-Film-\uff081\uff09-300x300.webp 300w, https:\/\/www.hyflexpack.com\/wp-content\/uploads\/2024\/11\/OEM-Laminated-Packaging-Film-\uff081\uff09-150x150.webp 150w, https:\/\/www.hyflexpack.com\/wp-content\/uploads\/2024\/11\/OEM-Laminated-Packaging-Film-\uff081\uff09-12x12.webp 12w, https:\/\/www.hyflexpack.com\/wp-content\/uploads\/2024\/11\/OEM-Laminated-Packaging-Film-\uff081\uff09-285x285.webp 285w, https:\/\/www.hyflexpack.com\/wp-content\/uploads\/2024\/11\/OEM-Laminated-Packaging-Film-\uff081\uff09-270x270.webp 270w, https:\/\/www.hyflexpack.com\/wp-content\/uploads\/2024\/11\/OEM-Laminated-Packaging-Film-\uff081\uff09-540x540.webp 540w, https:\/\/www.hyflexpack.com\/wp-content\/uploads\/2024\/11\/OEM-Laminated-Packaging-Film-\uff081\uff09-660x660.webp 660w\" sizes=\"(max-width: 750px) 100vw, 750px\" \/><\/figure>\n<\/div>\n<\/div>\n\n\n\n<p><\/p>","protected":false},"excerpt":{"rendered":"<p>Customized printed food snack potato chips packaging film roll, offering durable, vibrant, and fresh-keeping solutions tailored to your brand.<\/p>\n<h3>Advantages of Chips Packaging Film Roll Supplier<\/h3>\n<ul>\n<li>Design personalizzato: Forniamo servizi personalizzati, tra cui la personalizzazione del materiale, delle dimensioni e del modello di stampa per soddisfare le esigenze dei clienti, e\u00a0<a href=\"https:\/\/www.hyflexpack.com\/it\/imballaggi-flessibili-personalizzati\/\"><strong>supporto OEM e ODM<\/strong><\/a>.<\/li>\n<li>Produzione: Grazie ad attrezzature e tecnologie avanzate, siamo in grado di completare la produzione degli ordini in modo efficiente e di alta qualit\u00e0 e di consegnarli in tempo.<\/li>\n<li>Ispezione della qualit\u00e0: La produzione avviene in stretta conformit\u00e0 con gli standard di qualit\u00e0 e i requisiti di sicurezza alimentare, per garantire che i prodotti siano conformi agli standard.<\/li>\n<li>Certificazione<strong>\uff1a<\/strong>\u00a0<strong>FDA\/BRC\/ISO 9001\/RoHS<\/strong><\/li>\n<li>Servizio clienti:\u00a0<strong>24 ore<\/strong>\u00a0per fornire una risposta rapida e un'assistenza attenta al cliente.<\/li>\n<li>Campione gratuito: Fornire un servizio di campionatura gratuita per valutare il prodotto.<\/li>\n<\/ul>","protected":false},"featured_media":5723,"comment_status":"open","ping_status":"closed","template":"","meta":[],"product_brand":[],"product_cat":[53],"product_tag":[],"class_list":{"0":"post-5748","1":"product","2":"type-product","3":"status-publish","4":"has-post-thumbnail","6":"product_cat-packaging-film-supplier","8":"first","9":"instock","10":"shipping-taxable","11":"product-type-simple"},"_links":{"self":[{"href":"https:\/\/www.hyflexpack.com\/it\/wp-json\/wp\/v2\/product\/5748","targetHints":{"allow":["GET"]}}],"collection":[{"href":"https:\/\/www.hyflexpack.com\/it\/wp-json\/wp\/v2\/product"}],"about":[{"href":"https:\/\/www.hyflexpack.com\/it\/wp-json\/wp\/v2\/types\/product"}],"replies":[{"embeddable":true,"href":"https:\/\/www.hyflexpack.com\/it\/wp-json\/wp\/v2\/comments?post=5748"}],"wp:featuredmedia":[{"embeddable":true,"href":"https:\/\/www.hyflexpack.com\/it\/wp-json\/wp\/v2\/media\/5723"}],"wp:attachment":[{"href":"https:\/\/www.hyflexpack.com\/it\/wp-json\/wp\/v2\/media?parent=5748"}],"wp:term":[{"taxonomy":"product_brand","embeddable":true,"href":"https:\/\/www.hyflexpack.com\/it\/wp-json\/wp\/v2\/product_brand?post=5748"},{"taxonomy":"product_cat","embeddable":true,"href":"https:\/\/www.hyflexpack.com\/it\/wp-json\/wp\/v2\/product_cat?post=5748"},{"taxonomy":"product_tag","embeddable":true,"href":"https:\/\/www.hyflexpack.com\/it\/wp-json\/wp\/v2\/product_tag?post=5748"}],"curies":[{"name":"wp","href":"https:\/\/api.w.org\/{rel}","templated":true}]}}