{"id":5719,"date":"2024-11-23T08:41:47","date_gmt":"2024-11-23T08:41:47","guid":{"rendered":"https:\/\/www.hyflexpack.com\/?post_type=product&#038;p=5719"},"modified":"2025-05-17T06:48:35","modified_gmt":"2025-05-17T06:48:35","slug":"candy-twist-wrap-packaging-film","status":"publish","type":"product","link":"https:\/\/www.hyflexpack.com\/it\/product\/candy-twist-wrap-packaging-film\/","title":{"rendered":"OEM Candy Twist Wrap Packaging Film Fornitore di imballaggio flessibile"},"content":{"rendered":"<div class=\"wp-block-columns is-layout-flex wp-container-core-columns-is-layout-9d6595d7 wp-block-columns-is-layout-flex\">\n<div class=\"wp-block-column is-layout-flow wp-block-column-is-layout-flow\">\n<h3 class=\"wp-block-heading\">Caratteristiche del film d'imballaggio di alta qualit\u00e0 Candy Twist Wrap<\/h3>\n\n\n\n<ul class=\"wp-block-list\">\n<li><strong>Materiali ecologici<\/strong>: La pellicola da imballaggio twist wrap \u00e8 realizzata con materiali di alta qualit\u00e0, sicuri per uso alimentare, non tossici e inodori. Solida e resistente, \u00e8 in grado di soddisfare un'ampia gamma di esigenze di confezionamento degli alimenti.<\/li>\n<\/ul>\n\n\n\n<p><\/p>\n\n\n\n<ul class=\"wp-block-list\">\n<li><strong>Imballaggio efficiente<\/strong>: \u00c8 adatto alle apparecchiature di confezionamento automatico per aumentare l'efficienza della produzione. Il design del rullo di film, con una struttura interna liscia, garantisce l'assenza di inceppamenti della carta durante l'imballaggio ad alta velocit\u00e0.<\/li>\n<\/ul>\n\n\n\n<p><\/p>\n\n\n\n<ul class=\"wp-block-list\">\n<li><strong>Prestazioni di protezione superiori<\/strong>: pu\u00f2 prevenire efficacemente l'umidit\u00e0 e la polvere e prolungare la durata di conservazione delle caramelle. La buona resistenza allo strappo protegge l'integrit\u00e0 del prodotto durante il trasporto e lo stoccaggio.<\/li>\n<\/ul>\n\n\n\n<p><\/p>\n\n\n\n<ul class=\"wp-block-list\">\n<li><strong>Protezione dell'ambiente<\/strong>: sostiene l'utilizzo di materiali biodegradabili e riciclabili, inoltre sono previste opzioni di spessore del film per diminuire lo spreco di materiale e ridurre l'impronta di carbonio.<\/li>\n<\/ul>\n\n\n\n<p><\/p>\n\n\n\n<ul class=\"wp-block-list\">\n<li><strong>Comodo da usare<\/strong>: Il film plastico in rotoli \u00e8 comodo per la sigillatura a caldo, che garantisce la tenuta; i film in rotoli sono facili da immagazzinare e da maneggiare, risparmiando spazio in magazzino.<\/li>\n<\/ul>\n<\/div>\n\n\n\n<div class=\"wp-block-column is-layout-flow wp-block-column-is-layout-flow\">\n<figure class=\"wp-block-image size-full\"><img fetchpriority=\"high\" decoding=\"async\" width=\"750\" height=\"750\" src=\"https:\/\/www.hyflexpack.com\/wp-content\/uploads\/2024\/11\/OEM-Candy-Twist-Film1.webp\" alt=\"OEM Candy Twist Wrap Packaging Film Supplier\" class=\"wp-image-5708\" srcset=\"https:\/\/www.hyflexpack.com\/wp-content\/uploads\/2024\/11\/OEM-Candy-Twist-Film1.webp 750w, https:\/\/www.hyflexpack.com\/wp-content\/uploads\/2024\/11\/OEM-Candy-Twist-Film1-300x300.webp 300w, https:\/\/www.hyflexpack.com\/wp-content\/uploads\/2024\/11\/OEM-Candy-Twist-Film1-150x150.webp 150w, https:\/\/www.hyflexpack.com\/wp-content\/uploads\/2024\/11\/OEM-Candy-Twist-Film1-12x12.webp 12w, https:\/\/www.hyflexpack.com\/wp-content\/uploads\/2024\/11\/OEM-Candy-Twist-Film1-285x285.webp 285w, https:\/\/www.hyflexpack.com\/wp-content\/uploads\/2024\/11\/OEM-Candy-Twist-Film1-270x270.webp 270w, https:\/\/www.hyflexpack.com\/wp-content\/uploads\/2024\/11\/OEM-Candy-Twist-Film1-540x540.webp 540w, https:\/\/www.hyflexpack.com\/wp-content\/uploads\/2024\/11\/OEM-Candy-Twist-Film1-660x660.webp 660w\" sizes=\"(max-width: 750px) 100vw, 750px\" \/><\/figure>\n<\/div>\n<\/div>\n\n\n\n<p><\/p>","protected":false},"excerpt":{"rendered":"<p>Il film di imballaggio OEM di alta qualit\u00e0 garantisce un controllo completo per una torsione sicura e un'apertura facile, mantenendo le caramelle ben sigillate durante la produzione e il trasporto, perfetto per le esigenze di imballaggio flessibile.<\/p>\n<h3>Vantaggi del fornitore di film da imballaggio Twist Wrap<\/h3>\n<ul>\n<li>Servizio personalizzato: Fornire <a href=\"https:\/\/www.hyflexpack.com\/it\/imballaggi-flessibili-personalizzati\/\"><strong>Servizio ODM e ODM<\/strong><\/a>Personalizzare le dimensioni, la stampa e il materiale in base alle esigenze del cliente.<\/li>\n<li>Consegna rapida: Processo di produzione e gestione della catena di fornitura efficienti per garantire la consegna tempestiva degli ordini e soddisfare le esigenze urgenti dei clienti.<\/li>\n<li>Garanzia di qualit\u00e0: Un rigoroso sistema di controllo della qualit\u00e0 assicura che ogni prodotto soddisfi i requisiti e gli standard dei clienti.<\/li>\n<li>Efficienza dei costi: Fornire prezzi competitivi e ridurre i costi di acquisto dei clienti ottimizzando i processi produttivi e la gestione dei costi.<\/li>\n<li>Campione gratuito: Forniamo un servizio di campionatura gratuita per valutare i vostri prodotti.<\/li>\n<\/ul>","protected":false},"featured_media":5709,"comment_status":"open","ping_status":"closed","template":"","meta":[],"product_brand":[],"product_cat":[53,89],"product_tag":[],"class_list":{"0":"post-5719","1":"product","2":"type-product","3":"status-publish","4":"has-post-thumbnail","6":"product_cat-packaging-film-supplier","7":"product_cat-custom-twist-film","9":"first","10":"instock","11":"shipping-taxable","12":"product-type-simple"},"_links":{"self":[{"href":"https:\/\/www.hyflexpack.com\/it\/wp-json\/wp\/v2\/product\/5719","targetHints":{"allow":["GET"]}}],"collection":[{"href":"https:\/\/www.hyflexpack.com\/it\/wp-json\/wp\/v2\/product"}],"about":[{"href":"https:\/\/www.hyflexpack.com\/it\/wp-json\/wp\/v2\/types\/product"}],"replies":[{"embeddable":true,"href":"https:\/\/www.hyflexpack.com\/it\/wp-json\/wp\/v2\/comments?post=5719"}],"wp:featuredmedia":[{"embeddable":true,"href":"https:\/\/www.hyflexpack.com\/it\/wp-json\/wp\/v2\/media\/5709"}],"wp:attachment":[{"href":"https:\/\/www.hyflexpack.com\/it\/wp-json\/wp\/v2\/media?parent=5719"}],"wp:term":[{"taxonomy":"product_brand","embeddable":true,"href":"https:\/\/www.hyflexpack.com\/it\/wp-json\/wp\/v2\/product_brand?post=5719"},{"taxonomy":"product_cat","embeddable":true,"href":"https:\/\/www.hyflexpack.com\/it\/wp-json\/wp\/v2\/product_cat?post=5719"},{"taxonomy":"product_tag","embeddable":true,"href":"https:\/\/www.hyflexpack.com\/it\/wp-json\/wp\/v2\/product_tag?post=5719"}],"curies":[{"name":"wp","href":"https:\/\/api.w.org\/{rel}","templated":true}]}}