{"id":5568,"date":"2024-10-26T18:47:51","date_gmt":"2024-10-26T18:47:51","guid":{"rendered":"https:\/\/www.hyflexpack.com\/?post_type=product&#038;p=5568"},"modified":"2025-10-23T08:56:44","modified_gmt":"2025-10-23T08:56:44","slug":"custom-sauce-packaging-bags","status":"publish","type":"product","link":"https:\/\/www.hyflexpack.com\/it\/product\/custom-sauce-packaging-bags\/","title":{"rendered":"Sacchetto d'imballaggio della salsa di pomodoro, Stand Up Pouch con il grossista del beccuccio"},"content":{"rendered":"<div class=\"wp-block-columns is-layout-flex wp-container-core-columns-is-layout-9d6595d7 wp-block-columns-is-layout-flex\">\n<div class=\"wp-block-column is-layout-flow wp-block-column-is-layout-flow\">\n<h2 class=\"wp-block-heading\">Vantaggi e caratteristiche delle confezioni di salse personalizzate all'ingrosso<\/h2>\n\n\n\n<p><\/p>\n\n\n\n<ul class=\"wp-block-list\">\n<li><strong>Materiali per uso alimentare<\/strong>adottano materiali sicuri, non tossici e rispettosi dell'ambiente, in linea con gli standard internazionali per gli imballaggi alimentari, per garantire l'igiene degli alimenti.<\/li>\n<\/ul>\n\n\n\n<p><\/p>\n\n\n\n<ul class=\"wp-block-list\">\n<li><strong>Design a prova di perdite<\/strong>L'ugello di scarico ad alta tenuta pu\u00f2 evitare efficacemente le perdite, facilitando il versamento e lo stoccaggio della salsa di pomodoro.<\/li>\n<\/ul>\n\n\n\n<p><\/p>\n\n\n\n<ul class=\"wp-block-list\">\n<li><strong>Forte e durevole<\/strong>Materiale composito multistrato, resistenza alle forature e agli strappi, adatto al trasporto su lunghe distanze e all'uso quotidiano.<\/li>\n<\/ul>\n\n\n\n<p><\/p>\n\n\n\n<ul class=\"wp-block-list\">\n<li><strong>Design in piedi<\/strong>Struttura della busta stand up personalizzata, buona esposizione sugli scaffali, comoda per la conservazione e per il risparmio di spazio.<\/li>\n<\/ul>\n\n\n\n<p><\/p>\n\n\n\n<ul class=\"wp-block-list\">\n<li><strong>Comodo da usare<\/strong>: Il design del beccuccio consente di dosare con precisione la salsa nell'applicazione senza inutili perdite per un singolo riutilizzo.<\/li>\n<\/ul>\n\n\n\n<p><\/p>\n\n\n\n<ul class=\"wp-block-list\">\n<li><strong>Ampia applicazione<\/strong>: La personalizzazione delle salse di riempimento nella confezione pu\u00f2 essere effettuata confezionando condimenti liquidi spessi, ketchup, salsa piccante, condimento per insalata, ecc. Questo stile di confezione pu\u00f2 essere applicato a prodotti come marmellate, miele, condimenti alimentari, ecc.<\/li>\n<\/ul>\n\n\n\n<p><\/p>\n\n\n\n<ul class=\"wp-block-list\">\n<li><strong>Opzioni ecologiche<\/strong>: Una versione biodegradabile pu\u00f2 andare di pari passo con la domanda del mercato; di conseguenza, sarebbe possibile un approccio di eco-imballaggio.<\/li>\n<\/ul>\n<\/div>\n\n\n\n<div class=\"wp-block-column is-layout-flow wp-block-column-is-layout-flow\">\n<figure class=\"wp-block-image size-full\"><img fetchpriority=\"high\" decoding=\"async\" width=\"750\" height=\"750\" src=\"https:\/\/www.hyflexpack.com\/wp-content\/uploads\/2024\/10\/Food-Packaging-Supplies-\uff082\uff09.webp\" alt=\"Imballaggi per salse personalizzati all&#039;ingrosso\" class=\"wp-image-5550\" srcset=\"https:\/\/www.hyflexpack.com\/wp-content\/uploads\/2024\/10\/Food-Packaging-Supplies-\uff082\uff09.webp 750w, https:\/\/www.hyflexpack.com\/wp-content\/uploads\/2024\/10\/Food-Packaging-Supplies-\uff082\uff09-300x300.webp 300w, https:\/\/www.hyflexpack.com\/wp-content\/uploads\/2024\/10\/Food-Packaging-Supplies-\uff082\uff09-150x150.webp 150w, https:\/\/www.hyflexpack.com\/wp-content\/uploads\/2024\/10\/Food-Packaging-Supplies-\uff082\uff09-12x12.webp 12w, https:\/\/www.hyflexpack.com\/wp-content\/uploads\/2024\/10\/Food-Packaging-Supplies-\uff082\uff09-285x285.webp 285w, https:\/\/www.hyflexpack.com\/wp-content\/uploads\/2024\/10\/Food-Packaging-Supplies-\uff082\uff09-270x270.webp 270w, https:\/\/www.hyflexpack.com\/wp-content\/uploads\/2024\/10\/Food-Packaging-Supplies-\uff082\uff09-540x540.webp 540w, https:\/\/www.hyflexpack.com\/wp-content\/uploads\/2024\/10\/Food-Packaging-Supplies-\uff082\uff09-660x660.webp 660w\" sizes=\"(max-width: 750px) 100vw, 750px\" \/><\/figure>\n<\/div>\n<\/div>\n\n\n\n<div class=\"wp-block-columns is-layout-flex wp-container-core-columns-is-layout-9d6595d7 wp-block-columns-is-layout-flex\">\n<div class=\"wp-block-column is-layout-flow wp-block-column-is-layout-flow\" style=\"flex-basis:66.66%\">\n<figure class=\"wp-block-embed is-type-video is-provider-youtube wp-block-embed-youtube wp-embed-aspect-16-9 wp-has-aspect-ratio\"><div class=\"wp-block-embed__wrapper\">\n<iframe title=\"Test di qualit\u00e0 del prodotto\" width=\"940\" height=\"529\" src=\"https:\/\/www.youtube.com\/embed\/IsFpI1AP5mI?feature=oembed\" frameborder=\"0\" allow=\"accelerometer; autoplay; clipboard-write; encrypted-media; gyroscope; picture-in-picture; web-share\" referrerpolicy=\"strict-origin-when-cross-origin\" allowfullscreen><\/iframe>\n<\/div><figcaption class=\"wp-element-caption\">Controllo qualit\u00e0 dell'imballaggio<\/figcaption><\/figure>\n<\/div>\n\n\n\n<div class=\"wp-block-column is-layout-flow wp-block-column-is-layout-flow\" style=\"flex-basis:33.33%\"><\/div>\n<\/div>\n\n\n\n<h2 class=\"wp-block-heading\">Test di affidabilit\u00e0 della qualit\u00e0 per i sacchetti di confezionamento della salsa di pomodoro<\/h2>\n\n\n\n<p><\/p>\n\n\n\n<p>I nostri sacchetti per la salsa di pomodoro sono rigorosamente testati in base ai pi\u00f9 elevati standard di capacit\u00e0 e funzionalit\u00e0 di trasporto dei carichi. Che si tratti di capacit\u00e0 di carico, di prestazioni a prova di perdite o di altro, ogni <strong>sacchetto stand up con beccuccio<\/strong> \u00e8 sottoposta a test per verificare l'efficacia dello stoccaggio e del trasporto di prodotti liquidi o semiliquidi, tra cui le salse.<\/p>\n\n\n\n<h3 class=\"wp-block-heading\">I test principali includono:<\/h3>\n\n\n\n<ul class=\"wp-block-list\">\n<li><strong>Test di tenuta<\/strong>: Garantisce l'assenza di fuoriuscite, anche in caso di alta pressione.<\/li>\n\n\n\n<li><strong>Test di caduta<\/strong>: Garantisce che la custodia possa resistere alle cadute durante la movimentazione e il trasporto.<\/li>\n\n\n\n<li><strong>Test di resistenza delle guarnizioni<\/strong>: Conferma che il beccuccio e le giunture rimangono saldi durante l'uso.<\/li>\n<\/ul>\n\n\n\n<p>In qualit\u00e0 di fiduciario <strong><a href=\"https:\/\/www.hyflexpack.com\/it\/chi-siamo\/\">produttore di imballaggi per salse personalizzati<\/a><\/strong>Ci concentriamo sulla fornitura di soluzioni su misura per le esigenze del vostro marchio.<\/p>\n\n\n\n<p>Collaborate con noi per ottenere confezioni di salsa di pomodoro affidabili e di qualit\u00e0 superiore, in grado di offrire ai vostri clienti convenienza e fiducia.<\/p>\n\n\n\n<p><\/p>\n\n\n\n<p><\/p>\n\n\n\n<h2 class=\"wp-block-heading\">Le nostre confezioni per salse e condimenti pi\u00f9 diffuse<\/h2>\n\n\n\n<p><\/p>\n\n\n\n<p>Ideali per salse al pomodoro, condimenti per insalata e condimenti liquidi, le nostre confezioni garantiscono freschezza, durata e facilit\u00e0 di conservazione per diverse applicazioni culinarie.<\/p>\n\n\n\n<div class=\"wp-block-columns is-layout-flex wp-container-core-columns-is-layout-9d6595d7 wp-block-columns-is-layout-flex\">\n<div class=\"wp-block-column is-layout-flow wp-block-column-is-layout-flow\">\n<figure class=\"wp-block-image size-full\"><img decoding=\"async\" width=\"750\" height=\"750\" src=\"https:\/\/www.hyflexpack.com\/wp-content\/uploads\/2024\/11\/Custom-Sauce-Bag\uff086\uff09.webp\" alt=\"Sacchetto per salse personalizzato\" class=\"wp-image-5612\" srcset=\"https:\/\/www.hyflexpack.com\/wp-content\/uploads\/2024\/11\/Custom-Sauce-Bag\uff086\uff09.webp 750w, https:\/\/www.hyflexpack.com\/wp-content\/uploads\/2024\/11\/Custom-Sauce-Bag\uff086\uff09-300x300.webp 300w, https:\/\/www.hyflexpack.com\/wp-content\/uploads\/2024\/11\/Custom-Sauce-Bag\uff086\uff09-150x150.webp 150w, https:\/\/www.hyflexpack.com\/wp-content\/uploads\/2024\/11\/Custom-Sauce-Bag\uff086\uff09-12x12.webp 12w, https:\/\/www.hyflexpack.com\/wp-content\/uploads\/2024\/11\/Custom-Sauce-Bag\uff086\uff09-285x285.webp 285w, https:\/\/www.hyflexpack.com\/wp-content\/uploads\/2024\/11\/Custom-Sauce-Bag\uff086\uff09-270x270.webp 270w, https:\/\/www.hyflexpack.com\/wp-content\/uploads\/2024\/11\/Custom-Sauce-Bag\uff086\uff09-540x540.webp 540w, https:\/\/www.hyflexpack.com\/wp-content\/uploads\/2024\/11\/Custom-Sauce-Bag\uff086\uff09-660x660.webp 660w\" sizes=\"(max-width: 750px) 100vw, 750px\" \/><figcaption class=\"wp-element-caption\">Confezionamento di salse<\/figcaption><\/figure>\n<\/div>\n\n\n\n<div class=\"wp-block-column is-layout-flow wp-block-column-is-layout-flow\">\n<figure class=\"wp-block-image size-full\"><img decoding=\"async\" width=\"750\" height=\"750\" src=\"https:\/\/www.hyflexpack.com\/wp-content\/uploads\/2024\/06\/Condiment-Packaging-Wholesale-2.webp\" alt=\"Confezioni per condimenti all&#039;ingrosso\" class=\"wp-image-4581\" srcset=\"https:\/\/www.hyflexpack.com\/wp-content\/uploads\/2024\/06\/Condiment-Packaging-Wholesale-2.webp 750w, https:\/\/www.hyflexpack.com\/wp-content\/uploads\/2024\/06\/Condiment-Packaging-Wholesale-2-300x300.webp 300w, https:\/\/www.hyflexpack.com\/wp-content\/uploads\/2024\/06\/Condiment-Packaging-Wholesale-2-150x150.webp 150w, https:\/\/www.hyflexpack.com\/wp-content\/uploads\/2024\/06\/Condiment-Packaging-Wholesale-2-12x12.webp 12w, https:\/\/www.hyflexpack.com\/wp-content\/uploads\/2024\/06\/Condiment-Packaging-Wholesale-2-285x285.webp 285w, https:\/\/www.hyflexpack.com\/wp-content\/uploads\/2024\/06\/Condiment-Packaging-Wholesale-2-270x270.webp 270w, https:\/\/www.hyflexpack.com\/wp-content\/uploads\/2024\/06\/Condiment-Packaging-Wholesale-2-540x540.webp 540w, https:\/\/www.hyflexpack.com\/wp-content\/uploads\/2024\/06\/Condiment-Packaging-Wholesale-2-660x660.webp 660w\" sizes=\"(max-width: 750px) 100vw, 750px\" \/><figcaption class=\"wp-element-caption\">Confezioni per condimenti<\/figcaption><\/figure>\n<\/div>\n\n\n\n<div class=\"wp-block-column is-layout-flow wp-block-column-is-layout-flow\">\n<figure class=\"wp-block-image size-full\"><img loading=\"lazy\" decoding=\"async\" width=\"750\" height=\"750\" src=\"https:\/\/www.hyflexpack.com\/wp-content\/uploads\/2024\/06\/OEMODM-Sauce-Packaging-Bag-1.webp\" alt=\"Borsa d&#039;imballaggio della salsa di OEMODM\" class=\"wp-image-4556\" srcset=\"https:\/\/www.hyflexpack.com\/wp-content\/uploads\/2024\/06\/OEMODM-Sauce-Packaging-Bag-1.webp 750w, https:\/\/www.hyflexpack.com\/wp-content\/uploads\/2024\/06\/OEMODM-Sauce-Packaging-Bag-1-300x300.webp 300w, https:\/\/www.hyflexpack.com\/wp-content\/uploads\/2024\/06\/OEMODM-Sauce-Packaging-Bag-1-150x150.webp 150w, https:\/\/www.hyflexpack.com\/wp-content\/uploads\/2024\/06\/OEMODM-Sauce-Packaging-Bag-1-12x12.webp 12w, https:\/\/www.hyflexpack.com\/wp-content\/uploads\/2024\/06\/OEMODM-Sauce-Packaging-Bag-1-285x285.webp 285w, https:\/\/www.hyflexpack.com\/wp-content\/uploads\/2024\/06\/OEMODM-Sauce-Packaging-Bag-1-270x270.webp 270w, https:\/\/www.hyflexpack.com\/wp-content\/uploads\/2024\/06\/OEMODM-Sauce-Packaging-Bag-1-540x540.webp 540w, https:\/\/www.hyflexpack.com\/wp-content\/uploads\/2024\/06\/OEMODM-Sauce-Packaging-Bag-1-660x660.webp 660w\" sizes=\"(max-width: 750px) 100vw, 750px\" \/><figcaption class=\"wp-element-caption\">Confezionamento di salse<\/figcaption><\/figure>\n<\/div>\n<\/div>\n\n\n\n<p><\/p>","protected":false},"excerpt":{"rendered":"<p>In qualit\u00e0 di fornitore di imballaggi flessibili, i nostri sacchetti personalizzati per la salsa di pomodoro sono realizzati con materie prime ecologiche di grado alimentare. I materiali compositi sono in grado di fornire buone funzioni antiumidit\u00e0 e antiossidanti, mentre le elevate propriet\u00e0 barriera garantiscono l'essiccazione e la sicurezza degli alimenti. Contattateci oggi stesso per un preventivo. Ci impegniamo a fornire soluzioni di imballaggio di alta qualit\u00e0 e rispettose dell'ambiente.<\/p>\n<h2>Vantaggi della fabbrica di confezionamento della salsa di pomodoro<\/h2>\n<p>Progettazione personalizzata: Forniamo servizi di confezionamento di sacchetti di salsa personalizzati, tra cui la personalizzazione del materiale, delle dimensioni e del modello di stampa per soddisfare le esigenze dei clienti, e il supporto <a href=\"https:\/\/www.hyflexpack.com\/it\/imballaggi-flessibili-personalizzati\/\"><strong>OEM e ODM<\/strong><\/a>.<br \/>Produzione: Grazie ad attrezzature e tecnologie avanzate, siamo in grado di completare la produzione degli ordini in modo efficiente e di alta qualit\u00e0 e di consegnarli in tempo.<br \/>Ispezione di qualit\u00e0: La produzione avviene nel rigoroso rispetto degli standard di qualit\u00e0 e dei requisiti di sicurezza alimentare, per garantire che i prodotti siano conformi agli standard.<br \/>Servizio clienti: Fornire una risposta rapida e un'assistenza premurosa al servizio clienti 24 ore al giorno.<br \/>Campione gratuito: Forniamo un servizio di campionatura gratuita per valutare il prodotto.<\/p>","protected":false},"featured_media":5549,"comment_status":"open","ping_status":"closed","template":"","meta":[],"product_brand":[],"product_cat":[66],"product_tag":[],"class_list":{"0":"post-5568","1":"product","2":"type-product","3":"status-publish","4":"has-post-thumbnail","6":"product_cat-condiment-packaging-custom","8":"first","9":"instock","10":"shipping-taxable","11":"product-type-simple"},"_links":{"self":[{"href":"https:\/\/www.hyflexpack.com\/it\/wp-json\/wp\/v2\/product\/5568","targetHints":{"allow":["GET"]}}],"collection":[{"href":"https:\/\/www.hyflexpack.com\/it\/wp-json\/wp\/v2\/product"}],"about":[{"href":"https:\/\/www.hyflexpack.com\/it\/wp-json\/wp\/v2\/types\/product"}],"replies":[{"embeddable":true,"href":"https:\/\/www.hyflexpack.com\/it\/wp-json\/wp\/v2\/comments?post=5568"}],"wp:featuredmedia":[{"embeddable":true,"href":"https:\/\/www.hyflexpack.com\/it\/wp-json\/wp\/v2\/media\/5549"}],"wp:attachment":[{"href":"https:\/\/www.hyflexpack.com\/it\/wp-json\/wp\/v2\/media?parent=5568"}],"wp:term":[{"taxonomy":"product_brand","embeddable":true,"href":"https:\/\/www.hyflexpack.com\/it\/wp-json\/wp\/v2\/product_brand?post=5568"},{"taxonomy":"product_cat","embeddable":true,"href":"https:\/\/www.hyflexpack.com\/it\/wp-json\/wp\/v2\/product_cat?post=5568"},{"taxonomy":"product_tag","embeddable":true,"href":"https:\/\/www.hyflexpack.com\/it\/wp-json\/wp\/v2\/product_tag?post=5568"}],"curies":[{"name":"wp","href":"https:\/\/api.w.org\/{rel}","templated":true}]}}