{"id":5566,"date":"2024-10-26T07:30:44","date_gmt":"2024-10-26T07:30:44","guid":{"rendered":"https:\/\/www.hyflexpack.com\/?post_type=product&#038;p=5566"},"modified":"2024-10-26T07:30:46","modified_gmt":"2024-10-26T07:30:46","slug":"custom-flexible-packaging-for-cookies","status":"publish","type":"product","link":"https:\/\/www.hyflexpack.com\/it\/product\/custom-flexible-packaging-for-cookies\/","title":{"rendered":"Imballaggio flessibile personalizzato per i biscotti, fabbrica del film d'imballaggio dei biscotti"},"content":{"rendered":"<div class=\"wp-block-columns is-layout-flex wp-container-core-columns-is-layout-9d6595d7 wp-block-columns-is-layout-flex\">\n<div class=\"wp-block-column is-layout-flow wp-block-column-is-layout-flow\">\n<h3 class=\"wp-block-heading\">Features of Custom Flexible Packaging for Cookies<\/h3>\n\n\n\n<ul class=\"wp-block-list\">\n<li><strong>Premium Materials<\/strong>: Only food-safe, high-grade materials that maintain freshness and make your cookies and cookies consumable by consumers are used.<br><\/li>\n\n\n\n<li><strong>Variety of Packaging Applications<\/strong>: Our custom flexible packaging for cookies to snacking varieties offer the same flexibility in your product line.<br><\/li>\n\n\n\n<li><strong>Top Class Freshness Protection<\/strong>: In our bespoke cookie packaging, excellent resistance to moisture and oxygen is achieved by using advanced multi-layer lamination technology for extended product shelf life.<br><\/li>\n\n\n\n<li><strong>Environmental Friendly Options<\/strong>: We adhere to all the principles of sustainability and make conscious efforts towards minimizing our footprint on the environment through offering biodegradable and recyclable packaging solutions to answer modern consumer preferences.<br><\/li>\n\n\n\n<li><strong>Ease of Use<\/strong>: In addition, easy-to-open and resealable options in our packaging offer extra convenience to the consumers and ensure that products stay fresh after opening.<br><\/li>\n\n\n\n<li><strong>Stampa di alta qualit\u00e0<\/strong>: Our top-notch printing technology provides eye-catching and vivid designs your packaging for cookies deserves, standing out from the retail shelves.<br><\/li>\n\n\n\n<li><strong>Durable and Reliable<\/strong>: Our packaging is manufactured from sturdy materials that can take the necessary beatings during handling and transportation so your product reaches its destination in good condition.<\/li>\n<\/ul>\n<\/div>\n\n\n\n<div class=\"wp-block-column is-layout-flow wp-block-column-is-layout-flow\">\n<figure class=\"wp-block-image size-full\"><img fetchpriority=\"high\" decoding=\"async\" width=\"750\" height=\"750\" src=\"https:\/\/www.hyflexpack.com\/wp-content\/uploads\/2024\/10\/Custom-Cookies-Biscuits-Packaging-Film\uff081\uff09.webp\" alt=\"Custom Cookies Biscuits Packaging Film\" class=\"wp-image-5534\" srcset=\"https:\/\/www.hyflexpack.com\/wp-content\/uploads\/2024\/10\/Custom-Cookies-Biscuits-Packaging-Film\uff081\uff09.webp 750w, https:\/\/www.hyflexpack.com\/wp-content\/uploads\/2024\/10\/Custom-Cookies-Biscuits-Packaging-Film\uff081\uff09-300x300.webp 300w, https:\/\/www.hyflexpack.com\/wp-content\/uploads\/2024\/10\/Custom-Cookies-Biscuits-Packaging-Film\uff081\uff09-150x150.webp 150w, https:\/\/www.hyflexpack.com\/wp-content\/uploads\/2024\/10\/Custom-Cookies-Biscuits-Packaging-Film\uff081\uff09-12x12.webp 12w, https:\/\/www.hyflexpack.com\/wp-content\/uploads\/2024\/10\/Custom-Cookies-Biscuits-Packaging-Film\uff081\uff09-285x285.webp 285w, https:\/\/www.hyflexpack.com\/wp-content\/uploads\/2024\/10\/Custom-Cookies-Biscuits-Packaging-Film\uff081\uff09-270x270.webp 270w, https:\/\/www.hyflexpack.com\/wp-content\/uploads\/2024\/10\/Custom-Cookies-Biscuits-Packaging-Film\uff081\uff09-540x540.webp 540w, https:\/\/www.hyflexpack.com\/wp-content\/uploads\/2024\/10\/Custom-Cookies-Biscuits-Packaging-Film\uff081\uff09-660x660.webp 660w\" sizes=\"(max-width: 750px) 100vw, 750px\" \/><\/figure>\n<\/div>\n<\/div>\n\n\n\n<p><\/p>","protected":false},"excerpt":{"rendered":"<p>Flexible packaging for cookies provides freshness and enhanced brand awareness at a far lower cost than carton packaging. Contact us for custom solutions to enhance your cookie packaging, our eco-friendly options are perfect for today&#8217;s consumers.<\/p>\n<h3>Advantages of Cookies Packaging Film Supplier\u00a0<\/h3>\n<p>\u25cfCustomized design: We provide custom flexible packaging for cookies services, including material, size, and printing pattern customization to meet customer needs, and support OEM and ODM.<br \/>Produzione: Grazie ad attrezzature e tecnologie avanzate, siamo in grado di completare la produzione degli ordini in modo efficiente e di alta qualit\u00e0 e di consegnarli in tempo.<br \/>Ispezione della qualit\u00e0: La produzione viene effettuata in stretta conformit\u00e0 con gli standard di qualit\u00e0 e i requisiti di sicurezza alimentare per garantire che i prodotti siano conformi agli standard.<br \/>Servizio clienti: Fornire una risposta rapida e un'assistenza premurosa al servizio clienti 24 ore al giorno.<br \/>Campione gratuito: Forniamo un servizio di campionatura gratuita per valutare il prodotto.<\/p>\n<p><a href=\"https:\/\/www.hyflexpack.com\/it\/\"><strong>Imballaggio Huiyang<\/strong><\/a> is committed to providing customers with high-quality, custom cookie\u00a0packaging film to help customers improve their product image and enhance their market competitiveness.<\/p>","protected":false},"featured_media":5534,"comment_status":"open","ping_status":"closed","template":"","meta":[],"product_brand":[],"product_cat":[53],"product_tag":[],"class_list":{"0":"post-5566","1":"product","2":"type-product","3":"status-publish","4":"has-post-thumbnail","6":"product_cat-packaging-film-supplier","8":"first","9":"instock","10":"shipping-taxable","11":"product-type-simple"},"_links":{"self":[{"href":"https:\/\/www.hyflexpack.com\/it\/wp-json\/wp\/v2\/product\/5566","targetHints":{"allow":["GET"]}}],"collection":[{"href":"https:\/\/www.hyflexpack.com\/it\/wp-json\/wp\/v2\/product"}],"about":[{"href":"https:\/\/www.hyflexpack.com\/it\/wp-json\/wp\/v2\/types\/product"}],"replies":[{"embeddable":true,"href":"https:\/\/www.hyflexpack.com\/it\/wp-json\/wp\/v2\/comments?post=5566"}],"wp:featuredmedia":[{"embeddable":true,"href":"https:\/\/www.hyflexpack.com\/it\/wp-json\/wp\/v2\/media\/5534"}],"wp:attachment":[{"href":"https:\/\/www.hyflexpack.com\/it\/wp-json\/wp\/v2\/media?parent=5566"}],"wp:term":[{"taxonomy":"product_brand","embeddable":true,"href":"https:\/\/www.hyflexpack.com\/it\/wp-json\/wp\/v2\/product_brand?post=5566"},{"taxonomy":"product_cat","embeddable":true,"href":"https:\/\/www.hyflexpack.com\/it\/wp-json\/wp\/v2\/product_cat?post=5566"},{"taxonomy":"product_tag","embeddable":true,"href":"https:\/\/www.hyflexpack.com\/it\/wp-json\/wp\/v2\/product_tag?post=5566"}],"curies":[{"name":"wp","href":"https:\/\/api.w.org\/{rel}","templated":true}]}}