{"id":5564,"date":"2025-03-14T06:38:28","date_gmt":"2025-03-14T06:38:28","guid":{"rendered":"https:\/\/www.hyflexpack.com\/?post_type=product&#038;p=5564"},"modified":"2025-03-14T06:39:51","modified_gmt":"2025-03-14T06:39:51","slug":"supplier-quad-seal-pouch-plastic-stand-up-pouch-coffee-bags-wholesale","status":"publish","type":"product","link":"https:\/\/www.hyflexpack.com\/it\/product\/supplier-quad-seal-pouch-plastic-stand-up-pouch-coffee-bags-wholesale\/","title":{"rendered":"Fornitore Quad Seal Pouch plastica Stand Up Pouch sacchetti di caff\u00e8 all'ingrosso"},"content":{"rendered":"<div class=\"wp-block-columns is-layout-flex wp-container-core-columns-is-layout-9d6595d7 wp-block-columns-is-layout-flex\">\n<div class=\"wp-block-column is-layout-flow wp-block-column-is-layout-flow\">\n<h2 class=\"wp-block-heading\">Caratteristiche della custodia Quad Seal<\/h2>\n\n\n\n<ul class=\"wp-block-list\">\n<li>Materiali ecologici: Utilizzare materiali ecologici che soddisfino i requisiti di protezione ambientale, come materiali biodegradabili o riciclabili, per ridurre l'impatto sull'ambiente. 2. Materiali ad alta barriera alimentare: I sacchetti per imballaggi morbidi personalizzati utilizzano materiali antistatici ad alta barriera ecologica, come PET, PE, fogli di alluminio, ecc., per garantire la secchezza e la sicurezza del prodotto, a prova di umidit\u00e0, antiossidazione e per prolungare la durata di conservazione. 3. Chiusura lampo: La chiusura lampo incorporata \u00e8 comoda per aprire il sigillo pi\u00f9 volte, mantenere la polvere asciutta e impedire l'ingresso di parassiti e aria esterna. 4. Design a fondo piatto: Permette al prodotto di stare meglio sullo scaffale e di attirare l'attenzione dei consumatori. Design a valvola d'aria unidirezionale: Rilascia l'aria nel nastro<\/li>\n<\/ul>\n<\/div>\n\n\n\n<div class=\"wp-block-column is-layout-flow wp-block-column-is-layout-flow\">\n<figure class=\"wp-block-image size-full\"><img fetchpriority=\"high\" decoding=\"async\" width=\"750\" height=\"750\" src=\"https:\/\/www.hyflexpack.com\/wp-content\/uploads\/2024\/10\/Supplier-Quad-Seal-Pouch-\uff081\uff09.webp\" alt=\"Fornitore Sacchetto a quattro saldature\" class=\"wp-image-5553\" srcset=\"https:\/\/www.hyflexpack.com\/wp-content\/uploads\/2024\/10\/Supplier-Quad-Seal-Pouch-\uff081\uff09.webp 750w, https:\/\/www.hyflexpack.com\/wp-content\/uploads\/2024\/10\/Supplier-Quad-Seal-Pouch-\uff081\uff09-300x300.webp 300w, https:\/\/www.hyflexpack.com\/wp-content\/uploads\/2024\/10\/Supplier-Quad-Seal-Pouch-\uff081\uff09-150x150.webp 150w, https:\/\/www.hyflexpack.com\/wp-content\/uploads\/2024\/10\/Supplier-Quad-Seal-Pouch-\uff081\uff09-12x12.webp 12w, https:\/\/www.hyflexpack.com\/wp-content\/uploads\/2024\/10\/Supplier-Quad-Seal-Pouch-\uff081\uff09-285x285.webp 285w, https:\/\/www.hyflexpack.com\/wp-content\/uploads\/2024\/10\/Supplier-Quad-Seal-Pouch-\uff081\uff09-270x270.webp 270w, https:\/\/www.hyflexpack.com\/wp-content\/uploads\/2024\/10\/Supplier-Quad-Seal-Pouch-\uff081\uff09-540x540.webp 540w, https:\/\/www.hyflexpack.com\/wp-content\/uploads\/2024\/10\/Supplier-Quad-Seal-Pouch-\uff081\uff09-660x660.webp 660w\" sizes=\"(max-width: 750px) 100vw, 750px\" \/><\/figure>\n<\/div>\n<\/div>\n\n\n\n<p><\/p>","protected":false},"excerpt":{"rendered":"<p>Caratteristiche della custodia Quad Seal<\/p>","protected":false},"featured_media":5553,"comment_status":"open","ping_status":"closed","template":"","meta":[],"product_brand":[],"product_cat":[55],"product_tag":[],"class_list":{"0":"post-5564","1":"product","2":"type-product","3":"status-publish","4":"has-post-thumbnail","6":"product_cat-custom-coffee-packaging","8":"first","9":"instock","10":"shipping-taxable","11":"product-type-simple"},"_links":{"self":[{"href":"https:\/\/www.hyflexpack.com\/it\/wp-json\/wp\/v2\/product\/5564","targetHints":{"allow":["GET"]}}],"collection":[{"href":"https:\/\/www.hyflexpack.com\/it\/wp-json\/wp\/v2\/product"}],"about":[{"href":"https:\/\/www.hyflexpack.com\/it\/wp-json\/wp\/v2\/types\/product"}],"replies":[{"embeddable":true,"href":"https:\/\/www.hyflexpack.com\/it\/wp-json\/wp\/v2\/comments?post=5564"}],"wp:featuredmedia":[{"embeddable":true,"href":"https:\/\/www.hyflexpack.com\/it\/wp-json\/wp\/v2\/media\/5553"}],"wp:attachment":[{"href":"https:\/\/www.hyflexpack.com\/it\/wp-json\/wp\/v2\/media?parent=5564"}],"wp:term":[{"taxonomy":"product_brand","embeddable":true,"href":"https:\/\/www.hyflexpack.com\/it\/wp-json\/wp\/v2\/product_brand?post=5564"},{"taxonomy":"product_cat","embeddable":true,"href":"https:\/\/www.hyflexpack.com\/it\/wp-json\/wp\/v2\/product_cat?post=5564"},{"taxonomy":"product_tag","embeddable":true,"href":"https:\/\/www.hyflexpack.com\/it\/wp-json\/wp\/v2\/product_tag?post=5564"}],"curies":[{"name":"wp","href":"https:\/\/api.w.org\/{rel}","templated":true}]}}