{"id":5433,"date":"2024-10-12T09:39:30","date_gmt":"2024-10-12T09:39:30","guid":{"rendered":"https:\/\/www.hyflexpack.com\/?post_type=product&#038;p=5433"},"modified":"2025-03-14T06:59:53","modified_gmt":"2025-03-14T06:59:53","slug":"custom-printed-coffee-bags","status":"publish","type":"product","link":"https:\/\/www.hyflexpack.com\/it\/product\/custom-printed-coffee-bags\/","title":{"rendered":"OEM Custom stampato sacchetti di caff\u00e8 Stand Up Pouches sacchetti di plastica richiudibili"},"content":{"rendered":"<div class=\"wp-block-columns is-layout-flex wp-container-core-columns-is-layout-9d6595d7 wp-block-columns-is-layout-flex\">\n<div class=\"wp-block-column is-layout-flow wp-block-column-is-layout-flow\">\n<h3 class=\"wp-block-heading\">Caratteristiche dei sacchetti di caff\u00e8 stampati personalizzati di alta qualit\u00e0<\/h3>\n\n\n\n<p><\/p>\n\n\n\n<ul class=\"wp-block-list\">\n<li><strong>Materiale ad alta barriera per alimenti<\/strong>Realizzato con materiali ad alta barriera alimentare, come PET, PE e fogli di alluminio, per garantire la freschezza e la sicurezza del caff\u00e8, a prova di umidit\u00e0 e ossidazione, e prolungare la durata di conservazione.<\/li>\n<\/ul>\n\n\n\n<p><\/p>\n\n\n\n<ul class=\"wp-block-list\">\n<li><strong>Design a strappo facile<\/strong>: I sacchetti di caff\u00e8 stampati su misura sono dotati di Easy Tear, che consente ai consumatori di aprire facilmente la confezione senza l'ausilio di strumenti aggiuntivi, rendendola comoda e veloce.<\/li>\n<\/ul>\n\n\n\n<p><\/p>\n\n\n\n<ul class=\"wp-block-list\">\n<li><strong>Chiusura a cerniera<\/strong>: La chiusura a cerniera incorporata consente di riaprire e sigillare facilmente il sacchetto pi\u00f9 volte, mantenendo il caff\u00e8 fresco e impedendo l'ingresso di aria esterna.<\/li>\n<\/ul>\n\n\n\n<p><\/p>\n\n\n\n<ul class=\"wp-block-list\">\n<li><strong>Design del marsupio in piedi<\/strong>: La struttura a sacchetto permette ai sacchetti di stare saldamente in piedi su scaffali o vetrine, risparmiando spazio espositivo e migliorando la presentazione del prodotto.<\/li>\n<\/ul>\n\n\n\n<p><\/p>\n\n\n\n<ul class=\"wp-block-list\">\n<li><strong>Fornitura all'ingrosso<\/strong>: Forniamo un servizio all'ingrosso per soddisfare la domanda di acquisti su larga scala e garantire una fornitura stabile.<\/li>\n<\/ul>\n<\/div>\n\n\n\n<div class=\"wp-block-column is-layout-flow wp-block-column-is-layout-flow\">\n<figure class=\"wp-block-image size-full\"><img fetchpriority=\"high\" decoding=\"async\" width=\"750\" height=\"750\" src=\"https:\/\/www.hyflexpack.com\/wp-content\/uploads\/2024\/10\/OEM-coffee-packaging-bags1.webp\" alt=\"Sacchetti per l&#039;imballaggio del caff\u00e8 OEM\" class=\"wp-image-5434\" srcset=\"https:\/\/www.hyflexpack.com\/wp-content\/uploads\/2024\/10\/OEM-coffee-packaging-bags1.webp 750w, https:\/\/www.hyflexpack.com\/wp-content\/uploads\/2024\/10\/OEM-coffee-packaging-bags1-300x300.webp 300w, https:\/\/www.hyflexpack.com\/wp-content\/uploads\/2024\/10\/OEM-coffee-packaging-bags1-150x150.webp 150w, https:\/\/www.hyflexpack.com\/wp-content\/uploads\/2024\/10\/OEM-coffee-packaging-bags1-12x12.webp 12w, https:\/\/www.hyflexpack.com\/wp-content\/uploads\/2024\/10\/OEM-coffee-packaging-bags1-285x285.webp 285w, https:\/\/www.hyflexpack.com\/wp-content\/uploads\/2024\/10\/OEM-coffee-packaging-bags1-270x270.webp 270w, https:\/\/www.hyflexpack.com\/wp-content\/uploads\/2024\/10\/OEM-coffee-packaging-bags1-540x540.webp 540w, https:\/\/www.hyflexpack.com\/wp-content\/uploads\/2024\/10\/OEM-coffee-packaging-bags1-660x660.webp 660w\" sizes=\"(max-width: 750px) 100vw, 750px\" \/><\/figure>\n<\/div>\n<\/div>\n\n\n\n<div class=\"wp-block-columns is-layout-flex wp-container-core-columns-is-layout-9d6595d7 wp-block-columns-is-layout-flex\">\n<div class=\"wp-block-column is-layout-flow wp-block-column-is-layout-flow\">\n<figure class=\"wp-block-embed is-type-video is-provider-youtube wp-block-embed-youtube wp-embed-aspect-16-9 wp-has-aspect-ratio\"><div class=\"wp-block-embed__wrapper\">\n<iframe title=\"confezioni di caff\u00e8 personalizzate\" width=\"940\" height=\"529\" src=\"https:\/\/www.youtube.com\/embed\/mcO7TezjD_0?feature=oembed\" frameborder=\"0\" allow=\"accelerometer; autoplay; clipboard-write; encrypted-media; gyroscope; picture-in-picture; web-share\" referrerpolicy=\"strict-origin-when-cross-origin\" allowfullscreen><\/iframe>\n<\/div><\/figure>\n<\/div>\n\n\n\n<div class=\"wp-block-column is-layout-flow wp-block-column-is-layout-flow\"><\/div>\n<\/div>","protected":false},"excerpt":{"rendered":"<p>I sacchetti di caff\u00e8 stampati su misura, richiudibili e resistenti all'umidit\u00e0, con design a sacchetto stand-up all'ingrosso, i sacchetti di imballaggio per caff\u00e8 OEM all'ingrosso sono ottimi per preservare la freschezza e aumentare la consapevolezza del marchio. Benvenuti a chiedere informazioni in qualsiasi momento!<\/p>\n<h3>Vantaggi del fornitore di sacchetti di caff\u00e8 stampati su misura<\/h3>\n<ul>\n<li><strong>Design personalizzato<\/strong>: Forniamo servizi personalizzati, tra cui la personalizzazione del materiale, delle dimensioni e del modello di stampa per soddisfare le esigenze dei clienti, e supportiamo OEM e ODM.<\/li>\n<li><strong>Produzione<\/strong>: Grazie ad attrezzature e tecnologie avanzate, siamo in grado di completare la produzione di ordini in modo efficiente e di alta qualit\u00e0 e di consegnare in tempo.<\/li>\n<li><strong>Ispezione della qualit\u00e0<\/strong>: La produzione avviene in stretta conformit\u00e0 con gli standard di qualit\u00e0 e i requisiti di sicurezza alimentare per garantire che i prodotti siano conformi agli standard.<\/li>\n<li><strong>Servizio clienti<\/strong>24 ore per fornire una risposta rapida e un'assistenza premurosa al cliente.<\/li>\n<li><strong>Certificazione: la certificazione<\/strong>\u00a0FDA\/BRC\/ISO 9001\/RoHS<\/li>\n<li><strong>Campione gratuito<\/strong>: Forniamo un servizio di campionatura gratuita per valutare i sacchetti di caff\u00e8 stampati.<\/li>\n<\/ul>\n<p>.\u00a0<\/p>","protected":false},"featured_media":5434,"comment_status":"open","ping_status":"closed","template":"","meta":[],"product_brand":[],"product_cat":[55],"product_tag":[],"class_list":{"0":"post-5433","1":"product","2":"type-product","3":"status-publish","4":"has-post-thumbnail","6":"product_cat-custom-coffee-packaging","8":"first","9":"instock","10":"shipping-taxable","11":"product-type-simple"},"_links":{"self":[{"href":"https:\/\/www.hyflexpack.com\/it\/wp-json\/wp\/v2\/product\/5433","targetHints":{"allow":["GET"]}}],"collection":[{"href":"https:\/\/www.hyflexpack.com\/it\/wp-json\/wp\/v2\/product"}],"about":[{"href":"https:\/\/www.hyflexpack.com\/it\/wp-json\/wp\/v2\/types\/product"}],"replies":[{"embeddable":true,"href":"https:\/\/www.hyflexpack.com\/it\/wp-json\/wp\/v2\/comments?post=5433"}],"wp:featuredmedia":[{"embeddable":true,"href":"https:\/\/www.hyflexpack.com\/it\/wp-json\/wp\/v2\/media\/5434"}],"wp:attachment":[{"href":"https:\/\/www.hyflexpack.com\/it\/wp-json\/wp\/v2\/media?parent=5433"}],"wp:term":[{"taxonomy":"product_brand","embeddable":true,"href":"https:\/\/www.hyflexpack.com\/it\/wp-json\/wp\/v2\/product_brand?post=5433"},{"taxonomy":"product_cat","embeddable":true,"href":"https:\/\/www.hyflexpack.com\/it\/wp-json\/wp\/v2\/product_cat?post=5433"},{"taxonomy":"product_tag","embeddable":true,"href":"https:\/\/www.hyflexpack.com\/it\/wp-json\/wp\/v2\/product_tag?post=5433"}],"curies":[{"name":"wp","href":"https:\/\/api.w.org\/{rel}","templated":true}]}}