{"id":5403,"date":"2024-09-28T03:41:43","date_gmt":"2024-09-28T03:41:43","guid":{"rendered":"https:\/\/www.hyflexpack.com\/?post_type=product&#038;p=5403"},"modified":"2025-11-04T09:12:14","modified_gmt":"2025-11-04T09:12:14","slug":"wholesale-fruit-juice-packaging-bags","status":"publish","type":"product","link":"https:\/\/www.hyflexpack.com\/it\/product\/wholesale-fruit-juice-packaging-bags\/","title":{"rendered":"Commercio all'ingrosso Succo di frutta Packaging alluminio beccuccio Pouch Stand Up Food Pouch"},"content":{"rendered":"<div class=\"wp-block-columns is-layout-flex wp-container-core-columns-is-layout-9d6595d7 wp-block-columns-is-layout-flex\">\n<div class=\"wp-block-column is-layout-flow wp-block-column-is-layout-flow\">\n<h3 class=\"wp-block-heading\">Caratteristiche della borsa per l'imballaggio del succo di frutta di alta qualit\u00e0<\/h3>\n\n\n\n<ul class=\"wp-block-list\">\n<li><strong>Materiale in alluminio premium: Il <\/strong>Il sacchetto per l'imballaggio dei succhi di frutta \u00e8 realizzato in materiale di alluminio di alta qualit\u00e0 con un<strong> <\/strong>elevata barriera all'umidit\u00e0 e alla luce con buste per succhi ad alta resistenza alla perforazione per garantire il confezionamento di succhi freschi per lungo tempo.<\/li>\n<\/ul>\n\n\n\n<p><\/p>\n\n\n\n<ul class=\"wp-block-list\">\n<li><strong>Sacchetto di carta stagnola con beccuccio<\/strong>: La confezione del succo di frutta \u00e8 dotata di un beccuccio di facile apertura, di un beccuccio richiudibile e di funzioni richiudibili per i bambini e le famiglie.<\/li>\n<\/ul>\n\n\n\n<p><\/p>\n\n\n\n<ul class=\"wp-block-list\">\n<li><strong>Design Stand-Up<\/strong>: Design unico del fondo, facile da esporre e da sistemare, per risparmiare spazio.<\/li>\n<\/ul>\n\n\n\n<p><\/p>\n\n\n\n<ul class=\"wp-block-list\">\n<li><strong>Finitura superficiale<\/strong>: Stampa opaca, lucida o UV parziale, a colori, fino a 10 colori.<\/li>\n<\/ul>\n\n\n\n<p><\/p>\n\n\n\n<ul class=\"wp-block-list\">\n<li><strong>Leggero e portatile<\/strong>: Design leggero, leggero e facile da trasportare, perfetto per l'uso in viaggio.<\/li>\n<\/ul>\n\n\n\n<p><\/p>\n\n\n\n<ul class=\"wp-block-list\">\n<li><strong>Materiali ecocompatibili<\/strong>: I materiali riciclabili possono essere utilizzati per soddisfare i requisiti ambientali e attirare i consumatori attenti all'ambiente.<\/li>\n<\/ul>\n<\/div>\n\n\n\n<div class=\"wp-block-column is-layout-flow wp-block-column-is-layout-flow\">\n<figure class=\"wp-block-image size-full\"><img fetchpriority=\"high\" decoding=\"async\" width=\"750\" height=\"750\" src=\"https:\/\/www.hyflexpack.com\/wp-content\/uploads\/2024\/09\/Manufacturers-Juice-Packaging\uff081\uff09.webp\" alt=\"Commercio all&#039;ingrosso Succo di frutta Imballaggio sacchetto di alluminio beccuccio\" class=\"wp-image-5404\" srcset=\"https:\/\/www.hyflexpack.com\/wp-content\/uploads\/2024\/09\/Manufacturers-Juice-Packaging\uff081\uff09.webp 750w, https:\/\/www.hyflexpack.com\/wp-content\/uploads\/2024\/09\/Manufacturers-Juice-Packaging\uff081\uff09-300x300.webp 300w, https:\/\/www.hyflexpack.com\/wp-content\/uploads\/2024\/09\/Manufacturers-Juice-Packaging\uff081\uff09-150x150.webp 150w, https:\/\/www.hyflexpack.com\/wp-content\/uploads\/2024\/09\/Manufacturers-Juice-Packaging\uff081\uff09-12x12.webp 12w, https:\/\/www.hyflexpack.com\/wp-content\/uploads\/2024\/09\/Manufacturers-Juice-Packaging\uff081\uff09-285x285.webp 285w, https:\/\/www.hyflexpack.com\/wp-content\/uploads\/2024\/09\/Manufacturers-Juice-Packaging\uff081\uff09-270x270.webp 270w, https:\/\/www.hyflexpack.com\/wp-content\/uploads\/2024\/09\/Manufacturers-Juice-Packaging\uff081\uff09-540x540.webp 540w, https:\/\/www.hyflexpack.com\/wp-content\/uploads\/2024\/09\/Manufacturers-Juice-Packaging\uff081\uff09-660x660.webp 660w\" sizes=\"(max-width: 750px) 100vw, 750px\" \/><\/figure>\n<\/div>\n<\/div>\n\n\n\n<p><\/p>","protected":false},"excerpt":{"rendered":"<p>I nostri sacchetti di imballaggio per succhi di frutta ad alta resistenza alla perforazione, progettati in modo creativo, sono realizzati in materiale alimentare ad alta barriera di ossigeno. Huiyang Packaging offre sacchetti di succo di alta qualit\u00e0 con tempi di consegna brevi a un prezzo competitivo. Sono disponibili varie forme e design. Sono accettabili disegni, forme e loghi personalizzati. Contattateci per ordinare.<\/p>\n<h3>Vantaggi del fornitore di imballaggi per succhi di frutta<\/h3>\n<p>Progettazione personalizzata: Forniamo servizi personalizzati per i sacchetti per l'imballaggio dei succhi di frutta, compresa la personalizzazione del materiale, delle dimensioni e del modello di stampa per soddisfare le esigenze dei clienti, e supportiamo OEM e ODM.<\/p>\n<p>Produzione: Grazie ad attrezzature e tecnologie avanzate, siamo in grado di completare la produzione degli ordini in modo efficiente e di alta qualit\u00e0 e di consegnare in tempo.<\/p>\n<p>Ispezione della qualit\u00e0: La produzione viene effettuata in stretta conformit\u00e0 con gli standard di qualit\u00e0 e i requisiti di sicurezza alimentare per garantire che i prodotti siano conformi agli standard.<\/p>\n<p>Servizio clienti: 24 ore per fornire una risposta rapida e un supporto attento al servizio clienti.<\/p>\n<p>Campione gratuito: Viene fornito un servizio di campionatura gratuita per valutare il prodotto.\u00a0<\/p>","protected":false},"featured_media":5404,"comment_status":"open","ping_status":"closed","template":"","meta":[],"product_brand":[],"product_cat":[51,103],"product_tag":[],"class_list":{"0":"post-5403","1":"product","2":"type-product","3":"status-publish","4":"has-post-thumbnail","6":"product_cat-custom-food-packaging-bags","7":"product_cat-beverage-packaging-bags-supplier","9":"first","10":"instock","11":"shipping-taxable","12":"product-type-simple"},"_links":{"self":[{"href":"https:\/\/www.hyflexpack.com\/it\/wp-json\/wp\/v2\/product\/5403","targetHints":{"allow":["GET"]}}],"collection":[{"href":"https:\/\/www.hyflexpack.com\/it\/wp-json\/wp\/v2\/product"}],"about":[{"href":"https:\/\/www.hyflexpack.com\/it\/wp-json\/wp\/v2\/types\/product"}],"replies":[{"embeddable":true,"href":"https:\/\/www.hyflexpack.com\/it\/wp-json\/wp\/v2\/comments?post=5403"}],"wp:featuredmedia":[{"embeddable":true,"href":"https:\/\/www.hyflexpack.com\/it\/wp-json\/wp\/v2\/media\/5404"}],"wp:attachment":[{"href":"https:\/\/www.hyflexpack.com\/it\/wp-json\/wp\/v2\/media?parent=5403"}],"wp:term":[{"taxonomy":"product_brand","embeddable":true,"href":"https:\/\/www.hyflexpack.com\/it\/wp-json\/wp\/v2\/product_brand?post=5403"},{"taxonomy":"product_cat","embeddable":true,"href":"https:\/\/www.hyflexpack.com\/it\/wp-json\/wp\/v2\/product_cat?post=5403"},{"taxonomy":"product_tag","embeddable":true,"href":"https:\/\/www.hyflexpack.com\/it\/wp-json\/wp\/v2\/product_tag?post=5403"}],"curies":[{"name":"wp","href":"https:\/\/api.w.org\/{rel}","templated":true}]}}