{"id":5329,"date":"2024-09-15T02:37:15","date_gmt":"2024-09-15T02:37:15","guid":{"rendered":"https:\/\/www.hyflexpack.com\/?post_type=product&#038;p=5329"},"modified":"2025-10-23T08:46:11","modified_gmt":"2025-10-23T08:46:11","slug":"custom-juice-pouches","status":"publish","type":"product","link":"https:\/\/www.hyflexpack.com\/it\/product\/custom-juice-pouches\/","title":{"rendered":"I sacchetti su ordinazione del succo, borse del beccuccio si levano in piedi le borse flessibili barriera sigillata con il foro d'attaccatura produttore"},"content":{"rendered":"<div class=\"wp-block-columns is-layout-flex wp-container-core-columns-is-layout-9d6595d7 wp-block-columns-is-layout-flex\">\n<div class=\"wp-block-column is-layout-flow wp-block-column-is-layout-flow\">\n<h3 class=\"wp-block-heading\">Caratteristiche delle buste per succhi di alta qualit\u00e0<\/h3>\n\n\n\n<ul class=\"wp-block-list\">\n<li>Tenuta forte: i sacchetti sono dotati di una barriera sigillante di alta qualit\u00e0 per evitare perdite e garantire la conservazione e il trasporto sicuri di liquidi come succhi e altri prodotti.<\/li>\n<\/ul>\n\n\n\n<p><\/p>\n\n\n\n<ul class=\"wp-block-list\">\n<li>Design autoportante: le buste di succo personalizzate sono progettate per essere robuste e facili da esporre per essere viste dalle persone e per risparmiare spazio sugli scaffali.<\/li>\n<\/ul>\n\n\n\n<p><\/p>\n\n\n\n<ul class=\"wp-block-list\">\n<li>Design con fori per appendere: L'esclusivo design dei fori per appendere facilita l'esposizione al dettaglio e migliora la visibilit\u00e0 del marchio.<\/li>\n<\/ul>\n\n\n\n<p><\/p>\n\n\n\n<ul class=\"wp-block-list\">\n<li>Beccuccio personalizzato: Le buste di succo sono dotate di un beccuccio personalizzabile che facilita il versamento e l'utilizzo da parte dei consumatori, evitando sprechi.<\/li>\n<\/ul>\n\n\n\n<p><\/p>\n\n\n\n<ul class=\"wp-block-list\">\n<li>Materiale ecologico: Le buste con beccuccio personalizzate sono realizzate in materiale riciclabile per uso alimentare, che soddisfa gli standard ambientali internazionali e favorisce un imballaggio ecologico.<\/li>\n<\/ul>\n\n\n\n<p><\/p>\n\n\n\n<ul class=\"wp-block-list\">\n<li>Ampiamente utilizzati: queste buste per succhi di frutta sono adatte all'imballaggio di vari prodotti liquidi come succhi di frutta, aromi liquidi, detergenti e cos\u00ec via.<\/li>\n<\/ul>\n<\/div>\n\n\n\n<div class=\"wp-block-column is-layout-flow wp-block-column-is-layout-flow\">\n<figure class=\"wp-block-image size-full\"><img fetchpriority=\"high\" decoding=\"async\" width=\"750\" height=\"750\" src=\"https:\/\/www.hyflexpack.com\/wp-content\/uploads\/2024\/09\/custom-stand-up-juice-pouch-bag1.webp\" alt=\"Sacchetti di succo personalizzati\" class=\"wp-image-5330\" srcset=\"https:\/\/www.hyflexpack.com\/wp-content\/uploads\/2024\/09\/custom-stand-up-juice-pouch-bag1.webp 750w, https:\/\/www.hyflexpack.com\/wp-content\/uploads\/2024\/09\/custom-stand-up-juice-pouch-bag1-300x300.webp 300w, https:\/\/www.hyflexpack.com\/wp-content\/uploads\/2024\/09\/custom-stand-up-juice-pouch-bag1-150x150.webp 150w, https:\/\/www.hyflexpack.com\/wp-content\/uploads\/2024\/09\/custom-stand-up-juice-pouch-bag1-12x12.webp 12w, https:\/\/www.hyflexpack.com\/wp-content\/uploads\/2024\/09\/custom-stand-up-juice-pouch-bag1-285x285.webp 285w, https:\/\/www.hyflexpack.com\/wp-content\/uploads\/2024\/09\/custom-stand-up-juice-pouch-bag1-270x270.webp 270w, https:\/\/www.hyflexpack.com\/wp-content\/uploads\/2024\/09\/custom-stand-up-juice-pouch-bag1-540x540.webp 540w, https:\/\/www.hyflexpack.com\/wp-content\/uploads\/2024\/09\/custom-stand-up-juice-pouch-bag1-660x660.webp 660w\" sizes=\"(max-width: 750px) 100vw, 750px\" \/><\/figure>\n<\/div>\n<\/div>\n\n\n\n<p><\/p>","protected":false},"excerpt":{"rendered":"<p>Scoprite come le nostre buste di succo personalizzate siano realizzate con film di imballaggio laminato ecologico di grado alimentare per garantire un succo sicuro e igienico e una facile trasportabilit\u00e0. Il design della busta stand-up non \u00e8 solo inclusivo, ma anche migliore per l'esposizione. Il design del beccuccio \u00e8 facile da conservare e trasportare. Contattateci oggi stesso per un preventivo. Ci impegniamo a fornire soluzioni di imballaggio di qualit\u00e0 e rispettose dell'ambiente.<\/p>\n<h3>Vantaggi del grossista di buste di succo personalizzate<\/h3>\n<ul>\n<li><strong>Design personalizzato<\/strong>: Fornire soluzioni di design personalizzate, supportare OEM\/ODM, personalizzare con diverse specifiche, dimensioni, modelli di stampa, ecc.<\/li>\n<li><strong>Garanzia di qualit\u00e0<\/strong>: Controllare il processo di produzione e disporre di materiali di alta qualit\u00e0 e attrezzature avanzate per garantire la qualit\u00e0 del prodotto.<\/li>\n<li><strong>Consegna puntuale<\/strong>: Ottimizzare il processo di produzione e migliorare l'efficienza produttiva per garantire consegne puntuali e soddisfare le esigenze urgenti dei clienti.<\/li>\n<li><strong>Assistenza tecnica professionale<\/strong>: Il team tecnico esperto fornisce un'assistenza tecnica professionale e un servizio di consulenza post-vendita 24 ore su 24.<\/li>\n<li><strong>Campione gratuito<\/strong>: Fornire un servizio di campionamento gratuito per valutare i prodotti.<\/li>\n<\/ul>\n<p>Huiyang Packaging si impegna a fornire ai clienti buste di succo personalizzate di alta qualit\u00e0 per aiutarli a migliorare l'immagine dei loro prodotti e ad aumentare la loro competitivit\u00e0 sul mercato.<\/p>","protected":false},"featured_media":5330,"comment_status":"open","ping_status":"closed","template":"","meta":[],"product_brand":[],"product_cat":[103],"product_tag":[],"class_list":{"0":"post-5329","1":"product","2":"type-product","3":"status-publish","4":"has-post-thumbnail","6":"product_cat-beverage-packaging-bags-supplier","8":"first","9":"instock","10":"shipping-taxable","11":"product-type-simple"},"_links":{"self":[{"href":"https:\/\/www.hyflexpack.com\/it\/wp-json\/wp\/v2\/product\/5329","targetHints":{"allow":["GET"]}}],"collection":[{"href":"https:\/\/www.hyflexpack.com\/it\/wp-json\/wp\/v2\/product"}],"about":[{"href":"https:\/\/www.hyflexpack.com\/it\/wp-json\/wp\/v2\/types\/product"}],"replies":[{"embeddable":true,"href":"https:\/\/www.hyflexpack.com\/it\/wp-json\/wp\/v2\/comments?post=5329"}],"wp:featuredmedia":[{"embeddable":true,"href":"https:\/\/www.hyflexpack.com\/it\/wp-json\/wp\/v2\/media\/5330"}],"wp:attachment":[{"href":"https:\/\/www.hyflexpack.com\/it\/wp-json\/wp\/v2\/media?parent=5329"}],"wp:term":[{"taxonomy":"product_brand","embeddable":true,"href":"https:\/\/www.hyflexpack.com\/it\/wp-json\/wp\/v2\/product_brand?post=5329"},{"taxonomy":"product_cat","embeddable":true,"href":"https:\/\/www.hyflexpack.com\/it\/wp-json\/wp\/v2\/product_cat?post=5329"},{"taxonomy":"product_tag","embeddable":true,"href":"https:\/\/www.hyflexpack.com\/it\/wp-json\/wp\/v2\/product_tag?post=5329"}],"curies":[{"name":"wp","href":"https:\/\/api.w.org\/{rel}","templated":true}]}}