{"id":5300,"date":"2024-09-14T16:54:39","date_gmt":"2024-09-14T16:54:39","guid":{"rendered":"https:\/\/www.hyflexpack.com\/?post_type=product&#038;p=5300"},"modified":"2025-05-13T03:18:10","modified_gmt":"2025-05-13T03:18:10","slug":"best-coffee-bags-wholesale","status":"publish","type":"product","link":"https:\/\/www.hyflexpack.com\/it\/product\/best-coffee-bags-wholesale\/","title":{"rendered":"Migliori sacchetti di caff\u00e8 all'ingrosso stampato Zipper caff\u00e8 imballaggio in piedi sacchetti di imballaggio alimentare"},"content":{"rendered":"<div class=\"wp-block-columns is-layout-flex wp-container-core-columns-is-layout-9d6595d7 wp-block-columns-is-layout-flex\">\n<div class=\"wp-block-column is-layout-flow wp-block-column-is-layout-flow\">\n<h3 class=\"wp-block-heading\">Caratteristiche dei sacchetti di caff\u00e8 di alta qualit\u00e0 all'ingrosso<\/h3>\n\n\n\n<ul class=\"wp-block-list\">\n<li><strong>Design Stand-Up<\/strong>: I migliori sacchetti di caff\u00e8 sono progettati con buste stand-up, sono facili da esporre sugli scaffali e migliorano la visibilit\u00e0 del marchio.<\/li>\n<\/ul>\n\n\n\n<p><\/p>\n\n\n\n<ul class=\"wp-block-list\">\n<li><strong>Materiale per uso alimentare<\/strong>: Utilizza un materiale sicuro per gli alimenti che soddisfa gli standard internazionali per garantire la qualit\u00e0 e la sicurezza del caff\u00e8.<\/li>\n<\/ul>\n\n\n\n<p><\/p>\n\n\n\n<ul class=\"wp-block-list\">\n<li><strong>Design della cerniera<\/strong>: I sacchetti di caff\u00e8 all'ingrosso sono dotati di una comoda cerniera per garantire la freschezza del caff\u00e8 e di molteplici aperture e chiusure per una conservazione a lungo termine.<\/li>\n<\/ul>\n\n\n\n<p><\/p>\n\n\n\n<ul class=\"wp-block-list\">\n<li><strong>A prova di umidit\u00e0 e di freschezza<\/strong>: I sacchetti hanno un'eccellente resistenza all'umidit\u00e0, impedendo all'aria di entrare e trattenendo l'aroma e il sapore del caff\u00e8.<\/li>\n<\/ul>\n\n\n\n<p><\/p>\n\n\n\n<ul class=\"wp-block-list\">\n<li><strong>Stampa personalizzata<\/strong>: I sacchetti di caff\u00e8 personalizzati all'ingrosso offrono servizi di stampa personalizzata di alta qualit\u00e0 per mostrare il design unico del vostro marchio e aumentare l'attrattiva del prodotto.<\/li>\n<\/ul>\n<\/div>\n\n\n\n<div class=\"wp-block-column is-layout-flow wp-block-column-is-layout-flow\">\n<figure class=\"wp-block-image size-full\"><img fetchpriority=\"high\" decoding=\"async\" width=\"750\" height=\"750\" src=\"https:\/\/www.hyflexpack.com\/wp-content\/uploads\/2024\/09\/Coffee-Bags-Wholesale-Stand-Up-Pouches-1.webp\" alt=\"Sacchetti di caff\u00e8 all&#039;ingrosso Stand Up Pouches (1)\" class=\"wp-image-6837\" srcset=\"https:\/\/www.hyflexpack.com\/wp-content\/uploads\/2024\/09\/Coffee-Bags-Wholesale-Stand-Up-Pouches-1.webp 750w, https:\/\/www.hyflexpack.com\/wp-content\/uploads\/2024\/09\/Coffee-Bags-Wholesale-Stand-Up-Pouches-1-300x300.webp 300w, https:\/\/www.hyflexpack.com\/wp-content\/uploads\/2024\/09\/Coffee-Bags-Wholesale-Stand-Up-Pouches-1-150x150.webp 150w, https:\/\/www.hyflexpack.com\/wp-content\/uploads\/2024\/09\/Coffee-Bags-Wholesale-Stand-Up-Pouches-1-12x12.webp 12w, https:\/\/www.hyflexpack.com\/wp-content\/uploads\/2024\/09\/Coffee-Bags-Wholesale-Stand-Up-Pouches-1-285x285.webp 285w, https:\/\/www.hyflexpack.com\/wp-content\/uploads\/2024\/09\/Coffee-Bags-Wholesale-Stand-Up-Pouches-1-270x270.webp 270w, https:\/\/www.hyflexpack.com\/wp-content\/uploads\/2024\/09\/Coffee-Bags-Wholesale-Stand-Up-Pouches-1-540x540.webp 540w, https:\/\/www.hyflexpack.com\/wp-content\/uploads\/2024\/09\/Coffee-Bags-Wholesale-Stand-Up-Pouches-1-660x660.webp 660w\" sizes=\"(max-width: 750px) 100vw, 750px\" \/><\/figure>\n<\/div>\n<\/div>\n\n\n\n<div class=\"wp-block-columns is-layout-flex wp-container-core-columns-is-layout-9d6595d7 wp-block-columns-is-layout-flex\">\n<div class=\"wp-block-column is-layout-flow wp-block-column-is-layout-flow\">\n<figure class=\"wp-block-image size-full\"><img decoding=\"async\" width=\"750\" height=\"750\" src=\"https:\/\/www.hyflexpack.com\/wp-content\/uploads\/2025\/05\/104946.webp\" alt=\"Sacchetti di caff\u00e8 all&#039;ingrosso-3\" class=\"wp-image-6834\" srcset=\"https:\/\/www.hyflexpack.com\/wp-content\/uploads\/2025\/05\/104946.webp 750w, https:\/\/www.hyflexpack.com\/wp-content\/uploads\/2025\/05\/104946-300x300.webp 300w, https:\/\/www.hyflexpack.com\/wp-content\/uploads\/2025\/05\/104946-150x150.webp 150w, https:\/\/www.hyflexpack.com\/wp-content\/uploads\/2025\/05\/104946-12x12.webp 12w, https:\/\/www.hyflexpack.com\/wp-content\/uploads\/2025\/05\/104946-285x285.webp 285w, https:\/\/www.hyflexpack.com\/wp-content\/uploads\/2025\/05\/104946-270x270.webp 270w, https:\/\/www.hyflexpack.com\/wp-content\/uploads\/2025\/05\/104946-540x540.webp 540w, https:\/\/www.hyflexpack.com\/wp-content\/uploads\/2025\/05\/104946-660x660.webp 660w\" sizes=\"(max-width: 750px) 100vw, 750px\" \/><figcaption class=\"wp-element-caption\">Sacchetto stand-up personalizzato per caff\u00e8 in polvere\/fagioli <\/figcaption><\/figure>\n<\/div>\n\n\n\n<div class=\"wp-block-column is-layout-flow wp-block-column-is-layout-flow\">\n<figure class=\"wp-block-image size-full\"><img decoding=\"async\" width=\"750\" height=\"750\" src=\"https:\/\/www.hyflexpack.com\/wp-content\/uploads\/2024\/09\/Coffee-Bags-Wholesale-Stand-Up-Pouches-4.webp\" alt=\"Sacchetti di caff\u00e8 all&#039;ingrosso Stand Up Pouches (4)\" class=\"wp-image-6840\" srcset=\"https:\/\/www.hyflexpack.com\/wp-content\/uploads\/2024\/09\/Coffee-Bags-Wholesale-Stand-Up-Pouches-4.webp 750w, https:\/\/www.hyflexpack.com\/wp-content\/uploads\/2024\/09\/Coffee-Bags-Wholesale-Stand-Up-Pouches-4-300x300.webp 300w, https:\/\/www.hyflexpack.com\/wp-content\/uploads\/2024\/09\/Coffee-Bags-Wholesale-Stand-Up-Pouches-4-150x150.webp 150w, https:\/\/www.hyflexpack.com\/wp-content\/uploads\/2024\/09\/Coffee-Bags-Wholesale-Stand-Up-Pouches-4-12x12.webp 12w, https:\/\/www.hyflexpack.com\/wp-content\/uploads\/2024\/09\/Coffee-Bags-Wholesale-Stand-Up-Pouches-4-285x285.webp 285w, https:\/\/www.hyflexpack.com\/wp-content\/uploads\/2024\/09\/Coffee-Bags-Wholesale-Stand-Up-Pouches-4-270x270.webp 270w, https:\/\/www.hyflexpack.com\/wp-content\/uploads\/2024\/09\/Coffee-Bags-Wholesale-Stand-Up-Pouches-4-540x540.webp 540w, https:\/\/www.hyflexpack.com\/wp-content\/uploads\/2024\/09\/Coffee-Bags-Wholesale-Stand-Up-Pouches-4-660x660.webp 660w\" sizes=\"(max-width: 750px) 100vw, 750px\" \/><figcaption class=\"wp-element-caption\">Sacchetti di caff\u00e8 richiudibili personalizzati<\/figcaption><\/figure>\n<\/div>\n<\/div>","protected":false},"excerpt":{"rendered":"<p>Siete alla ricerca dei migliori sacchetti di caff\u00e8 all'ingrosso? I nostri sacchetti con cerniera stampata per il caff\u00e8 non sono solo ecologici e resistenti, ma anche richiudibili, in modo da garantire la freschezza del caff\u00e8 per una conservazione e una vendita a lungo termine.<\/p>\n<h3>Vantaggi del grossista di sacchetti di caff\u00e8<\/h3>\n<ul>\n<li><strong>Design personalizzato<\/strong>: Fornire soluzioni di design personalizzate, supportare OEM\/ODM, personalizzare con diverse specifiche, dimensioni, modelli di stampa, ecc.<\/li>\n<li><strong>Garanzia di qualit\u00e0<\/strong>: Controllare il processo di produzione e disporre di materiali di alta qualit\u00e0 e attrezzature avanzate per garantire la qualit\u00e0 del prodotto.<\/li>\n<li><strong>Consegna puntuale<\/strong>: Ottimizzare il processo di produzione e migliorare l'efficienza produttiva per garantire consegne puntuali e soddisfare le esigenze urgenti dei clienti.<\/li>\n<li><strong>Assistenza tecnica professionale<\/strong>: Il team tecnico esperto fornisce un'assistenza tecnica professionale e un servizio di consulenza post-vendita 24 ore su 24.<\/li>\n<li><strong>Campione gratuito<\/strong>: Fornire un servizio di campionatura gratuita per valutare i prodotti.<\/li>\n<\/ul>\n<p><a href=\"https:\/\/www.hyflexpack.com\/it\/\"><strong>Imballaggio Huiyang<\/strong><\/a> si impegna a fornire ai clienti sacchetti di caff\u00e8 di alta qualit\u00e0 e personalizzati per aiutarli a migliorare l'immagine dei loro prodotti e ad aumentare la competitivit\u00e0 sul mercato.<\/p>","protected":false},"featured_media":6839,"comment_status":"open","ping_status":"closed","template":"","meta":[],"product_brand":[],"product_cat":[55,51],"product_tag":[],"class_list":{"0":"post-5300","1":"product","2":"type-product","3":"status-publish","4":"has-post-thumbnail","6":"product_cat-custom-coffee-packaging","7":"product_cat-custom-food-packaging-bags","9":"first","10":"instock","11":"shipping-taxable","12":"product-type-simple"},"_links":{"self":[{"href":"https:\/\/www.hyflexpack.com\/it\/wp-json\/wp\/v2\/product\/5300","targetHints":{"allow":["GET"]}}],"collection":[{"href":"https:\/\/www.hyflexpack.com\/it\/wp-json\/wp\/v2\/product"}],"about":[{"href":"https:\/\/www.hyflexpack.com\/it\/wp-json\/wp\/v2\/types\/product"}],"replies":[{"embeddable":true,"href":"https:\/\/www.hyflexpack.com\/it\/wp-json\/wp\/v2\/comments?post=5300"}],"wp:featuredmedia":[{"embeddable":true,"href":"https:\/\/www.hyflexpack.com\/it\/wp-json\/wp\/v2\/media\/6839"}],"wp:attachment":[{"href":"https:\/\/www.hyflexpack.com\/it\/wp-json\/wp\/v2\/media?parent=5300"}],"wp:term":[{"taxonomy":"product_brand","embeddable":true,"href":"https:\/\/www.hyflexpack.com\/it\/wp-json\/wp\/v2\/product_brand?post=5300"},{"taxonomy":"product_cat","embeddable":true,"href":"https:\/\/www.hyflexpack.com\/it\/wp-json\/wp\/v2\/product_cat?post=5300"},{"taxonomy":"product_tag","embeddable":true,"href":"https:\/\/www.hyflexpack.com\/it\/wp-json\/wp\/v2\/product_tag?post=5300"}],"curies":[{"name":"wp","href":"https:\/\/api.w.org\/{rel}","templated":true}]}}