{"id":5244,"date":"2024-08-30T17:46:04","date_gmt":"2024-08-30T17:46:04","guid":{"rendered":"https:\/\/www.hyflexpack.com\/?post_type=product&#038;p=5244"},"modified":"2025-11-04T08:21:02","modified_gmt":"2025-11-04T08:21:02","slug":"custom-gummy-candy-packaging","status":"publish","type":"product","link":"https:\/\/www.hyflexpack.com\/it\/product\/custom-gummy-candy-packaging\/","title":{"rendered":"Personalizzato caramelle gommose imballaggio sacchetti di Natale snack a forma di sacchetto produttore"},"content":{"rendered":"<div class=\"wp-block-columns is-layout-flex wp-container-core-columns-is-layout-9d6595d7 wp-block-columns-is-layout-flex\">\n<div class=\"wp-block-column is-layout-flow wp-block-column-is-layout-flow\">\n<h3 class=\"wp-block-heading\">Caratteristiche del sacchetto d'imballaggio per caramelle gommose di alta qualit\u00e0<\/h3>\n\n\n\n<p><\/p>\n\n\n\n<ul class=\"wp-block-list\">\n<li><strong>Design di forme personalizzate<\/strong>: Le buste sono preparate in forme particolari a seconda delle esigenze, che agiscono in modo ideale per migliorare l'appeal festivo dei sacchetti natalizi riempiti di snack e caramelle morbide.<\/li>\n<\/ul>\n\n\n\n<p><\/p>\n\n\n\n<ul class=\"wp-block-list\">\n<li><strong>Finestra con spioncino<\/strong>: Una singola finestra trasparente permette ai clienti di vedere le caramelle colorate all'interno, rendendole pi\u00f9 visibili e presentabili per i sacchetti di Natale.<\/li>\n<\/ul>\n\n\n\n<p><\/p>\n\n\n\n<ul class=\"wp-block-list\">\n<li><strong>Stampa di alta qualit\u00e0<\/strong>: La stampa ad alta risoluzione e multicolore dei sacchetti di caramelle gommose personalizzati pu\u00f2 mostrare i temi delle festivit\u00e0, i loghi e le identit\u00e0 del marchio per far s\u00ec che i vostri sacchetti di Natale catturino l'attenzione.<\/li>\n<\/ul>\n\n\n\n<p><\/p>\n\n\n\n<ul class=\"wp-block-list\">\n<li><strong>Materiali durevoli<\/strong>: I nostri sacchetti per l'imballaggio delle caramelle gommose sono realizzati con materiali resistenti e di grado alimentare per proteggere le caramelle gommose dall'umidit\u00e0 e dalla contaminazione per un periodo pi\u00f9 lungo.<\/li>\n<\/ul>\n\n\n\n<p><\/p>\n\n\n\n<ul class=\"wp-block-list\">\n<li><strong>Chiusura richiudibile<\/strong>: Le cerniere o le chiusure richiudibili opzionali contribuiscono a mantenere la freschezza e a garantire la comodit\u00e0 dei clienti.<\/li>\n<\/ul>\n\n\n\n<p><\/p>\n\n\n\n<ul class=\"wp-block-list\">\n<li><strong>Dimensioni personalizzabili<\/strong>: Disponibili in diverse dimensioni per contenere diverse quantit\u00e0 di prodotti, perfetti per gli ordini di confezioni all'ingrosso o speciali per le festivit\u00e0.<\/li>\n<\/ul>\n<\/div>\n\n\n\n<div class=\"wp-block-column is-layout-flow wp-block-column-is-layout-flow\">\n<figure class=\"wp-block-image size-full\"><img fetchpriority=\"high\" decoding=\"async\" width=\"750\" height=\"750\" src=\"https:\/\/www.hyflexpack.com\/wp-content\/uploads\/2024\/08\/Custom-Gummy-Candy-Packaging1.webp\" alt=\"Imballaggio personalizzato per caramelle gommose\" class=\"wp-image-5238\" srcset=\"https:\/\/www.hyflexpack.com\/wp-content\/uploads\/2024\/08\/Custom-Gummy-Candy-Packaging1.webp 750w, https:\/\/www.hyflexpack.com\/wp-content\/uploads\/2024\/08\/Custom-Gummy-Candy-Packaging1-300x300.webp 300w, https:\/\/www.hyflexpack.com\/wp-content\/uploads\/2024\/08\/Custom-Gummy-Candy-Packaging1-150x150.webp 150w, https:\/\/www.hyflexpack.com\/wp-content\/uploads\/2024\/08\/Custom-Gummy-Candy-Packaging1-12x12.webp 12w, https:\/\/www.hyflexpack.com\/wp-content\/uploads\/2024\/08\/Custom-Gummy-Candy-Packaging1-285x285.webp 285w, https:\/\/www.hyflexpack.com\/wp-content\/uploads\/2024\/08\/Custom-Gummy-Candy-Packaging1-270x270.webp 270w, https:\/\/www.hyflexpack.com\/wp-content\/uploads\/2024\/08\/Custom-Gummy-Candy-Packaging1-540x540.webp 540w, https:\/\/www.hyflexpack.com\/wp-content\/uploads\/2024\/08\/Custom-Gummy-Candy-Packaging1-660x660.webp 660w\" sizes=\"(max-width: 750px) 100vw, 750px\" \/><\/figure>\n<\/div>\n<\/div>\n\n\n\n<p>sacchetti per la merenda per Natale<\/p>\n\n\n\n<div class=\"wp-block-columns is-layout-flex wp-container-core-columns-is-layout-9d6595d7 wp-block-columns-is-layout-flex\">\n<div class=\"wp-block-column is-layout-flow wp-block-column-is-layout-flow\">\n<figure class=\"wp-block-image size-full\"><img decoding=\"async\" width=\"750\" height=\"750\" src=\"https:\/\/www.hyflexpack.com\/wp-content\/uploads\/2024\/08\/Custom-Gummy-Candy-Packaging2.webp\" alt=\"Imballaggio personalizzato per caramelle gommose\" class=\"wp-image-5239\" srcset=\"https:\/\/www.hyflexpack.com\/wp-content\/uploads\/2024\/08\/Custom-Gummy-Candy-Packaging2.webp 750w, https:\/\/www.hyflexpack.com\/wp-content\/uploads\/2024\/08\/Custom-Gummy-Candy-Packaging2-300x300.webp 300w, https:\/\/www.hyflexpack.com\/wp-content\/uploads\/2024\/08\/Custom-Gummy-Candy-Packaging2-150x150.webp 150w, https:\/\/www.hyflexpack.com\/wp-content\/uploads\/2024\/08\/Custom-Gummy-Candy-Packaging2-12x12.webp 12w, https:\/\/www.hyflexpack.com\/wp-content\/uploads\/2024\/08\/Custom-Gummy-Candy-Packaging2-285x285.webp 285w, https:\/\/www.hyflexpack.com\/wp-content\/uploads\/2024\/08\/Custom-Gummy-Candy-Packaging2-270x270.webp 270w, https:\/\/www.hyflexpack.com\/wp-content\/uploads\/2024\/08\/Custom-Gummy-Candy-Packaging2-540x540.webp 540w, https:\/\/www.hyflexpack.com\/wp-content\/uploads\/2024\/08\/Custom-Gummy-Candy-Packaging2-660x660.webp 660w\" sizes=\"(max-width: 750px) 100vw, 750px\" \/><\/figure>\n<\/div>\n\n\n\n<div class=\"wp-block-column is-layout-flow wp-block-column-is-layout-flow\">\n<h2 class=\"wp-block-heading\">Scenari di applicazione dei sacchetti natalizi per caramelle<\/h2>\n\n\n\n<p><\/p>\n\n\n\n<p>I nostri sacchetti per snack natalizi, con i loro colori vivaci e il loro design di stampa, possono attirare l'attenzione dei clienti e sono adatti per attivit\u00e0 promozionali in supermercati, negozi al dettaglio e negozi specializzati.<\/p>\n\n\n\n<p><br>Confezionare gli snack di caramelle in questi bellissimi sacchetti non solo garantisce la pulizia e l'igiene delle caramelle, ma accresce anche l'atmosfera di festa e diventa il pezzo forte della tavola delle feste.<\/p>\n\n\n\n<p><br>Adatto per confezionare bomboniere natalizie, avvolgere cioccolatini, caramelle o altri piccoli regali, aggiungendo un fascino unico ai vostri doni.<\/p>\n\n\n\n<p><br>Con il loro design accattivante e le loro pratiche funzioni, questi sacchetti per confezioni di caramelle natalizie si adattano perfettamente a una variet\u00e0 di esigenze festive, ideali per il marketing e le confezioni regalo del periodo natalizio.<\/p>\n<\/div>\n<\/div>\n\n\n\n<h2 class=\"wp-block-heading\">Huiyang Packaging crea sacchetti per confezioni di snack natalizi<\/h2>\n\n\n\n<p><\/p>\n\n\n\n<p>Con oltre due decenni di esperienza nel settore dell'imballaggio, Huiyang Packaging si \u00e8 sempre impegnata a fornire soluzioni di imballaggio personalizzate di alta qualit\u00e0 per i nostri clienti. Tra cui la serie di sacchetti per l'imballaggio di caramelle natalizie.<br>In qualit\u00e0 di produttore di imballaggi flessibili creativi e innovativi, progettiamo e produciamo sacchetti di caramelle natalizie con design innovativi e materiali eco-compatibili, con l'auspicio di portare un'atmosfera festiva speciale a tutti i clienti e migliorare la loro esperienza di acquisto e di regalo.<\/p>","protected":false},"excerpt":{"rendered":"<p>Scoprite i nostri sacchetti per l'imballaggio delle caramelle gommose sono realizzati con materiali compositi che garantiscono resistenza all'umidit\u00e0 e all'ossidazione, design della maniglia sagomata per un effetto pi\u00f9 accattivante e design della finestra incorporata per consentire ai clienti di vedere facilmente il prodotto all'interno del sacchetto. Contattateci oggi stesso per un preventivo.<\/p>\n<h3>Vantaggi dei sacchetti per l'imballaggio delle caramelle gommose Produttore<\/h3>\n<ul>\n<li><strong>Design personalizzato<\/strong>: Forniamo materiale, dimensioni e modelli di stampa personalizzati per soddisfare le esigenze dei clienti. <a href=\"https:\/\/www.hyflexpack.com\/it\/imballaggi-flessibili-personalizzati\/\"><strong>supporto OEM e ODM<\/strong><\/a>.<\/li>\n<li><strong>Produzione<\/strong>: Grazie ad attrezzature e tecnologie avanzate, siamo in grado di completare la produzione degli ordini con alta efficienza e alta qualit\u00e0, e di consegnare in tempo.<\/li>\n<li><strong>Ispezione della qualit\u00e0<\/strong>: Seguire rigorosamente gli standard di qualit\u00e0 e i requisiti di sicurezza alimentare per garantire la conformit\u00e0 dei prodotti agli standard.<\/li>\n<li><strong>Supporto tecnico del team<\/strong>: Il nostro team ha una ricca esperienza nel settore e conoscenze professionali, ed \u00e8 in grado di fornire assistenza tecnica e un servizio di consulenza 24 ore su 24 ai nostri clienti.<\/li>\n<li><strong>Campione gratuito<\/strong>: Fornire un servizio di campionamento gratuito per valutare i prodotti.<\/li>\n<\/ul>","protected":false},"featured_media":5238,"comment_status":"open","ping_status":"closed","template":"","meta":[],"product_brand":[],"product_cat":[51,107],"product_tag":[],"class_list":{"0":"post-5244","1":"product","2":"type-product","3":"status-publish","4":"has-post-thumbnail","6":"product_cat-custom-food-packaging-bags","7":"product_cat-candy-packaging-bags-wholesale","9":"first","10":"instock","11":"shipping-taxable","12":"product-type-simple"},"_links":{"self":[{"href":"https:\/\/www.hyflexpack.com\/it\/wp-json\/wp\/v2\/product\/5244","targetHints":{"allow":["GET"]}}],"collection":[{"href":"https:\/\/www.hyflexpack.com\/it\/wp-json\/wp\/v2\/product"}],"about":[{"href":"https:\/\/www.hyflexpack.com\/it\/wp-json\/wp\/v2\/types\/product"}],"replies":[{"embeddable":true,"href":"https:\/\/www.hyflexpack.com\/it\/wp-json\/wp\/v2\/comments?post=5244"}],"wp:featuredmedia":[{"embeddable":true,"href":"https:\/\/www.hyflexpack.com\/it\/wp-json\/wp\/v2\/media\/5238"}],"wp:attachment":[{"href":"https:\/\/www.hyflexpack.com\/it\/wp-json\/wp\/v2\/media?parent=5244"}],"wp:term":[{"taxonomy":"product_brand","embeddable":true,"href":"https:\/\/www.hyflexpack.com\/it\/wp-json\/wp\/v2\/product_brand?post=5244"},{"taxonomy":"product_cat","embeddable":true,"href":"https:\/\/www.hyflexpack.com\/it\/wp-json\/wp\/v2\/product_cat?post=5244"},{"taxonomy":"product_tag","embeddable":true,"href":"https:\/\/www.hyflexpack.com\/it\/wp-json\/wp\/v2\/product_tag?post=5244"}],"curies":[{"name":"wp","href":"https:\/\/api.w.org\/{rel}","templated":true}]}}