{"id":5226,"date":"2024-08-30T18:00:37","date_gmt":"2024-08-30T18:00:37","guid":{"rendered":"https:\/\/www.hyflexpack.com\/?post_type=product&#038;p=5226"},"modified":"2025-03-14T06:43:28","modified_gmt":"2025-03-14T06:43:28","slug":"wholesale-green-tea-bag","status":"publish","type":"product","link":"https:\/\/www.hyflexpack.com\/it\/product\/wholesale-green-tea-bag\/","title":{"rendered":"Commercio all'ingrosso Borsa di erbe t\u00e8 verde plastica riutilizzabile Standup Pouch Fornitore"},"content":{"rendered":"<div class=\"wp-block-columns is-layout-flex wp-container-core-columns-is-layout-9d6595d7 wp-block-columns-is-layout-flex\">\n<div class=\"wp-block-column is-layout-flow wp-block-column-is-layout-flow\">\n<h3 class=\"wp-block-heading\">Caratteristiche della bustina di t\u00e8 verde personalizzata<\/h3>\n\n\n\n<ul class=\"wp-block-list\">\n<li><strong>Materiali ecocompatibili<\/strong>: Utilizzare materiali ecologici che soddisfino i requisiti di protezione ambientale, come materiali biodegradabili o riciclabili, per ridurre l'impatto sull'ambiente.<\/li>\n<\/ul>\n\n\n\n<p><\/p>\n\n\n\n<ul class=\"wp-block-list\">\n<li><strong>Materiali ad alta barriera per alimenti<\/strong>: Le bustine di t\u00e8 verde personalizzate utilizzano materiali ecologici ad alta barriera, come PET, PE, fogli di alluminio, ecc., per garantire la secchezza e la sicurezza del prodotto, a prova di umidit\u00e0, antiossidazione e per prolungare la durata di conservazione.<\/li>\n<\/ul>\n\n\n\n<p><\/p>\n\n\n\n<ul class=\"wp-block-list\">\n<li><strong>Eccellente tenuta<\/strong>: Garantire la massima freschezza e l'aroma della tisana e impedire che l'umidit\u00e0 e l'aria ne compromettano la qualit\u00e0.<\/li>\n<\/ul>\n\n\n\n<p><\/p>\n\n\n\n<ul class=\"wp-block-list\">\n<li><strong>Chiusura a cerniera<\/strong>: Chiusura lampo incorporata, comoda per aprire il sigillo pi\u00f9 volte, mantenere il prodotto asciutto, impedire l'ingresso di parassiti e aria esterna.<\/li>\n<\/ul>\n\n\n\n<p><\/p>\n\n\n\n<ul class=\"wp-block-list\">\n<li><strong>Design automatico della guarnizione di fondo<\/strong>: In questo modo la borsa \u00e8 pi\u00f9 completa e pu\u00f2 stare meglio sullo scaffale per essere esposta.<\/li>\n<\/ul>\n<\/div>\n\n\n\n<div class=\"wp-block-column is-layout-flow wp-block-column-is-layout-flow\">\n<figure class=\"wp-block-image size-full\"><img fetchpriority=\"high\" decoding=\"async\" width=\"750\" height=\"750\" src=\"https:\/\/www.hyflexpack.com\/wp-content\/uploads\/2024\/08\/Tea-Bag-manufacturer1.webp\" alt=\"\" class=\"wp-image-5232\" srcset=\"https:\/\/www.hyflexpack.com\/wp-content\/uploads\/2024\/08\/Tea-Bag-manufacturer1.webp 750w, https:\/\/www.hyflexpack.com\/wp-content\/uploads\/2024\/08\/Tea-Bag-manufacturer1-300x300.webp 300w, https:\/\/www.hyflexpack.com\/wp-content\/uploads\/2024\/08\/Tea-Bag-manufacturer1-150x150.webp 150w, https:\/\/www.hyflexpack.com\/wp-content\/uploads\/2024\/08\/Tea-Bag-manufacturer1-12x12.webp 12w, https:\/\/www.hyflexpack.com\/wp-content\/uploads\/2024\/08\/Tea-Bag-manufacturer1-285x285.webp 285w, https:\/\/www.hyflexpack.com\/wp-content\/uploads\/2024\/08\/Tea-Bag-manufacturer1-270x270.webp 270w, https:\/\/www.hyflexpack.com\/wp-content\/uploads\/2024\/08\/Tea-Bag-manufacturer1-540x540.webp 540w, https:\/\/www.hyflexpack.com\/wp-content\/uploads\/2024\/08\/Tea-Bag-manufacturer1-660x660.webp 660w\" sizes=\"(max-width: 750px) 100vw, 750px\" \/><\/figure>\n<\/div>\n<\/div>","protected":false},"excerpt":{"rendered":"<p>Sapendo che le nostre bustine di t\u00e8 verde all'ingrosso sono realizzate in materiale composito, che pu\u00f2 resistere all'umidit\u00e0, agli antiossidanti e ad alte prestazioni di barriera per garantire che il t\u00e8, le foglie non saranno influenzate dall'umidit\u00e0 e rovinate. Il fondo pi\u00f9 largo rende l'intero sacchetto pi\u00f9 inclusivo.\u00a0<\/p>\n<h3>Vantaggi del fornitore di bustine di t\u00e8 verde alle erbe<\/h3>\n<ul>\n<li><strong>Design personalizzato<\/strong>: Forniamo un servizio personalizzato di bustine di t\u00e8 verde, compresa la personalizzazione del materiale, delle dimensioni e del modello di stampa per soddisfare le esigenze dei clienti, e supportiamo OEM e ODM.<\/li>\n<li><strong>Produzione<\/strong>: Con attrezzature e tecnologie avanzate, siamo in grado di completare la produzione dell'ordine con alta efficienza e alta qualit\u00e0 e di consegnare in tempo.<\/li>\n<li><strong>Ispezione della qualit\u00e0<\/strong>: Seguire rigorosamente gli standard di qualit\u00e0 e i requisiti di sicurezza alimentare per la produzione, per garantire che i prodotti siano conformi agli standard.<\/li>\n<li><strong>Servizio clienti<\/strong>24 ore su 24 per fornire una risposta rapida e un'assistenza premurosa al cliente.<\/li>\n<li><strong>Campione gratuito<\/strong>Fornire un servizio di campionamento gratuito per valutare i prodotti.<\/li>\n<\/ul>\n<p>Huiyang Packaging si impegna a fornire ai clienti prodotti di alta qualit\u00e0 e personalizzati. <strong>Bustine di t\u00e8 verde alle erbe<\/strong> per aiutare i clienti a migliorare l'immagine dei loro prodotti e ad aumentare la competitivit\u00e0 sul mercato.<\/p>","protected":false},"featured_media":5228,"comment_status":"open","ping_status":"closed","template":"","meta":[],"product_brand":[],"product_cat":[58],"product_tag":[],"class_list":{"0":"post-5226","1":"product","2":"type-product","3":"status-publish","4":"has-post-thumbnail","6":"product_cat-tea-bag-packaging","8":"first","9":"instock","10":"shipping-taxable","11":"product-type-simple"},"_links":{"self":[{"href":"https:\/\/www.hyflexpack.com\/it\/wp-json\/wp\/v2\/product\/5226","targetHints":{"allow":["GET"]}}],"collection":[{"href":"https:\/\/www.hyflexpack.com\/it\/wp-json\/wp\/v2\/product"}],"about":[{"href":"https:\/\/www.hyflexpack.com\/it\/wp-json\/wp\/v2\/types\/product"}],"replies":[{"embeddable":true,"href":"https:\/\/www.hyflexpack.com\/it\/wp-json\/wp\/v2\/comments?post=5226"}],"wp:featuredmedia":[{"embeddable":true,"href":"https:\/\/www.hyflexpack.com\/it\/wp-json\/wp\/v2\/media\/5228"}],"wp:attachment":[{"href":"https:\/\/www.hyflexpack.com\/it\/wp-json\/wp\/v2\/media?parent=5226"}],"wp:term":[{"taxonomy":"product_brand","embeddable":true,"href":"https:\/\/www.hyflexpack.com\/it\/wp-json\/wp\/v2\/product_brand?post=5226"},{"taxonomy":"product_cat","embeddable":true,"href":"https:\/\/www.hyflexpack.com\/it\/wp-json\/wp\/v2\/product_cat?post=5226"},{"taxonomy":"product_tag","embeddable":true,"href":"https:\/\/www.hyflexpack.com\/it\/wp-json\/wp\/v2\/product_tag?post=5226"}],"curies":[{"name":"wp","href":"https:\/\/api.w.org\/{rel}","templated":true}]}}