{"id":5220,"date":"2024-08-30T16:40:28","date_gmt":"2024-08-30T16:40:28","guid":{"rendered":"https:\/\/www.hyflexpack.com\/?post_type=product&#038;p=5220"},"modified":"2025-03-14T06:43:43","modified_gmt":"2025-03-14T06:43:43","slug":"custom-tea-packaging-bags","status":"publish","type":"product","link":"https:\/\/www.hyflexpack.com\/it\/product\/custom-tea-packaging-bags\/","title":{"rendered":"Personalizzato t\u00e8 sacchetti di imballaggio all'ingrosso di carta Stand Up Zipper Pouch con design"},"content":{"rendered":"<div class=\"wp-block-columns is-layout-flex wp-container-core-columns-is-layout-9d6595d7 wp-block-columns-is-layout-flex\">\n<div class=\"wp-block-column is-layout-flow wp-block-column-is-layout-flow\">\n<h3 class=\"wp-block-heading\">Caratteristiche delle confezioni di t\u00e8 personalizzate di alta qualit\u00e0 <\/h3>\n\n\n\n<ul class=\"wp-block-list\">\n<li>Materiale eco-compatibile: queste bustine personalizzate per il t\u00e8 sono realizzate in materiale resistente ed eco-compatibile, che garantisce la freschezza del t\u00e8 e sostiene la sostenibilit\u00e0.<\/li>\n<\/ul>\n\n\n\n<p><\/p>\n\n\n\n<ul class=\"wp-block-list\">\n<li>Comoda chiusura a cerniera: la cerniera incorporata consente di richiudere facilmente la confezione, preservando la freschezza e il sapore del t\u00e8 per lungo tempo.<\/li>\n<\/ul>\n\n\n\n<p><\/p>\n\n\n\n<ul class=\"wp-block-list\">\n<li>Design della busta stand-up: Il design a fondo piatto garantisce stabilit\u00e0 per un facile posizionamento sugli scaffali dei negozi o nella dispensa.<\/li>\n<\/ul>\n\n\n\n<p><\/p>\n\n\n\n<ul class=\"wp-block-list\">\n<li>Resistente all'umidit\u00e0 e alla luce: il materiale deve essere resistente all'umidit\u00e0 e alla luce per evitare che il t\u00e8 si deteriori a causa dell'umidit\u00e0 e della luce, prolungando la durata di conservazione.<\/li>\n<\/ul>\n\n\n\n<p><\/p>\n\n\n\n<ul class=\"wp-block-list\">\n<li>Durevole: Le bustine di t\u00e8 personalizzate devono avere una buona durata e non essere facilmente strappate o danneggiate per garantire una conservazione sicura del t\u00e8.<\/li>\n<\/ul>\n\n\n\n<p><\/p>\n\n\n\n<ul class=\"wp-block-list\">\n<li>Facile da riporre e trasportare: Progettato per essere leggero e facile da riporre e trasportare per l'uso quotidiano dei consumatori.<\/li>\n<\/ul>\n<\/div>\n\n\n\n<div class=\"wp-block-column is-layout-flow wp-block-column-is-layout-flow\">\n<figure class=\"wp-block-image size-full\"><img fetchpriority=\"high\" decoding=\"async\" width=\"750\" height=\"750\" src=\"https:\/\/www.hyflexpack.com\/wp-content\/uploads\/2024\/08\/custom-tea-packaging-bag\uff081\uff09-1.webp\" alt=\"\" class=\"wp-image-5225\" srcset=\"https:\/\/www.hyflexpack.com\/wp-content\/uploads\/2024\/08\/custom-tea-packaging-bag\uff081\uff09-1.webp 750w, https:\/\/www.hyflexpack.com\/wp-content\/uploads\/2024\/08\/custom-tea-packaging-bag\uff081\uff09-1-300x300.webp 300w, https:\/\/www.hyflexpack.com\/wp-content\/uploads\/2024\/08\/custom-tea-packaging-bag\uff081\uff09-1-150x150.webp 150w, https:\/\/www.hyflexpack.com\/wp-content\/uploads\/2024\/08\/custom-tea-packaging-bag\uff081\uff09-1-12x12.webp 12w, https:\/\/www.hyflexpack.com\/wp-content\/uploads\/2024\/08\/custom-tea-packaging-bag\uff081\uff09-1-285x285.webp 285w, https:\/\/www.hyflexpack.com\/wp-content\/uploads\/2024\/08\/custom-tea-packaging-bag\uff081\uff09-1-270x270.webp 270w, https:\/\/www.hyflexpack.com\/wp-content\/uploads\/2024\/08\/custom-tea-packaging-bag\uff081\uff09-1-540x540.webp 540w, https:\/\/www.hyflexpack.com\/wp-content\/uploads\/2024\/08\/custom-tea-packaging-bag\uff081\uff09-1-660x660.webp 660w\" sizes=\"(max-width: 750px) 100vw, 750px\" \/><\/figure>\n<\/div>\n<\/div>","protected":false},"excerpt":{"rendered":"<p>Esplorate le nostre bustine personalizzate per il t\u00e8, realizzate in film composito ecologico per alimenti. Contattateci oggi stesso per un preventivo gratuito. Ci impegniamo a fornire soluzioni di imballaggio ecologiche e di qualit\u00e0.<\/p>\n<h3>Vantaggi del fornitore di confezioni di t\u00e8 personalizzate<\/h3>\n<ul>\n<li><strong>Design personalizzato<\/strong>: Forniamo un servizio di confezionamento di sacchetti di t\u00e8 su misura, compresa la personalizzazione del materiale, delle dimensioni e del modello di stampa per soddisfare le esigenze dei clienti, e supportiamo OEM e ODM.<\/li>\n<li><strong>Produzione<\/strong>: Con attrezzature e tecnologie avanzate, siamo in grado di completare la produzione dell'ordine con alta efficienza e alta qualit\u00e0 e di consegnare in tempo.<\/li>\n<li><strong>Ispezione della qualit\u00e0<\/strong>: Seguire rigorosamente gli standard di qualit\u00e0 e i requisiti di sicurezza alimentare per la produzione, per garantire che i prodotti siano conformi agli standard.<\/li>\n<li><strong>Servizio clienti<\/strong>24 ore su 24 per fornire una risposta rapida e un'assistenza premurosa al cliente.<\/li>\n<li><strong>Campione gratuito<\/strong>Fornire un servizio di campionamento gratuito per valutare i prodotti.<\/li>\n<\/ul>","protected":false},"featured_media":5221,"comment_status":"open","ping_status":"closed","template":"","meta":[],"product_brand":[],"product_cat":[58],"product_tag":[],"class_list":{"0":"post-5220","1":"product","2":"type-product","3":"status-publish","4":"has-post-thumbnail","6":"product_cat-tea-bag-packaging","8":"first","9":"instock","10":"shipping-taxable","11":"product-type-simple"},"_links":{"self":[{"href":"https:\/\/www.hyflexpack.com\/it\/wp-json\/wp\/v2\/product\/5220","targetHints":{"allow":["GET"]}}],"collection":[{"href":"https:\/\/www.hyflexpack.com\/it\/wp-json\/wp\/v2\/product"}],"about":[{"href":"https:\/\/www.hyflexpack.com\/it\/wp-json\/wp\/v2\/types\/product"}],"replies":[{"embeddable":true,"href":"https:\/\/www.hyflexpack.com\/it\/wp-json\/wp\/v2\/comments?post=5220"}],"wp:featuredmedia":[{"embeddable":true,"href":"https:\/\/www.hyflexpack.com\/it\/wp-json\/wp\/v2\/media\/5221"}],"wp:attachment":[{"href":"https:\/\/www.hyflexpack.com\/it\/wp-json\/wp\/v2\/media?parent=5220"}],"wp:term":[{"taxonomy":"product_brand","embeddable":true,"href":"https:\/\/www.hyflexpack.com\/it\/wp-json\/wp\/v2\/product_brand?post=5220"},{"taxonomy":"product_cat","embeddable":true,"href":"https:\/\/www.hyflexpack.com\/it\/wp-json\/wp\/v2\/product_cat?post=5220"},{"taxonomy":"product_tag","embeddable":true,"href":"https:\/\/www.hyflexpack.com\/it\/wp-json\/wp\/v2\/product_tag?post=5220"}],"curies":[{"name":"wp","href":"https:\/\/api.w.org\/{rel}","templated":true}]}}