{"id":5184,"date":"2024-08-25T09:44:35","date_gmt":"2024-08-25T09:44:35","guid":{"rendered":"https:\/\/www.hyflexpack.com\/?post_type=product&#038;p=5184"},"modified":"2025-03-14T06:44:07","modified_gmt":"2025-03-14T06:44:07","slug":"custom-coffee-packaging-bags-2","status":"publish","type":"product","link":"https:\/\/www.hyflexpack.com\/it\/product\/custom-coffee-packaging-bags-2\/","title":{"rendered":"Sacchetti personalizzati per l'imballaggio del caff\u00e8 Sacchetti per l'erba Sacchetti a prova di odore Daypack Stand-Up Pouch"},"content":{"rendered":"<div class=\"wp-block-columns is-layout-flex wp-container-core-columns-is-layout-9d6595d7 wp-block-columns-is-layout-flex\">\n<div class=\"wp-block-column is-layout-flow wp-block-column-is-layout-flow\">\n<h3 class=\"wp-block-heading\">Caratteristiche dei sacchetti per l'imballaggio del caff\u00e8<\/h3>\n\n\n\n<ul class=\"wp-block-list\">\n<li>Materiali ecologici: Utilizzare materiali ecologici che soddisfino i requisiti di protezione ambientale, come materiali biodegradabili o riciclabili, per ridurre l'impatto ambientale.<\/li>\n<\/ul>\n\n\n\n<p><\/p>\n\n\n\n<ul class=\"wp-block-list\">\n<li>Materiali ad alta barriera alimentare: I sacchetti personalizzati per l'imballaggio del caff\u00e8 utilizzano materiali antistatici ad alta barriera ecologica, come PET, PE, fogli di alluminio, ecc., per garantire la secchezza e la sicurezza del prodotto, a prova di umidit\u00e0, antiossidazione e per prolungare la durata di conservazione.<\/li>\n<\/ul>\n\n\n\n<p><\/p>\n\n\n\n<ul class=\"wp-block-list\">\n<li>Design della maniglia: All'interno della borsa sono presenti dei fori per l'appendimento, comodi per essere appesi ed esposti in negozio, aumentando la popolarit\u00e0 e l'attrattiva del prodotto.<\/li>\n<\/ul>\n\n\n\n<p><\/p>\n\n\n\n<ul class=\"wp-block-list\">\n<li>Chiusura a cerniera: La chiusura lampo incorporata \u00e8 comoda per aprire il sigillo pi\u00f9 volte, mantenere la polvere asciutta e impedire l'ingresso di parassiti e aria esterna. <\/li>\n<\/ul>\n\n\n\n<p><\/p>\n\n\n\n<ul class=\"wp-block-list\">\n<li>Design a tenuta laterale: Aumenta la capacit\u00e0 e la durata del sacchetto, proteggendo meglio il sacchetto di confezionamento del caff\u00e8.<\/li>\n<\/ul>\n<\/div>\n\n\n\n<div class=\"wp-block-column is-layout-flow wp-block-column-is-layout-flow\">\n<figure class=\"wp-block-image size-full\"><img fetchpriority=\"high\" decoding=\"async\" width=\"750\" height=\"750\" src=\"https:\/\/www.hyflexpack.com\/wp-content\/uploads\/2024\/08\/Customize-Coffee-Packaging-Bags-\uff081\uff09-1.webp\" alt=\"\" class=\"wp-image-5189\" srcset=\"https:\/\/www.hyflexpack.com\/wp-content\/uploads\/2024\/08\/Customize-Coffee-Packaging-Bags-\uff081\uff09-1.webp 750w, https:\/\/www.hyflexpack.com\/wp-content\/uploads\/2024\/08\/Customize-Coffee-Packaging-Bags-\uff081\uff09-1-300x300.webp 300w, https:\/\/www.hyflexpack.com\/wp-content\/uploads\/2024\/08\/Customize-Coffee-Packaging-Bags-\uff081\uff09-1-150x150.webp 150w, https:\/\/www.hyflexpack.com\/wp-content\/uploads\/2024\/08\/Customize-Coffee-Packaging-Bags-\uff081\uff09-1-12x12.webp 12w, https:\/\/www.hyflexpack.com\/wp-content\/uploads\/2024\/08\/Customize-Coffee-Packaging-Bags-\uff081\uff09-1-285x285.webp 285w, https:\/\/www.hyflexpack.com\/wp-content\/uploads\/2024\/08\/Customize-Coffee-Packaging-Bags-\uff081\uff09-1-270x270.webp 270w, https:\/\/www.hyflexpack.com\/wp-content\/uploads\/2024\/08\/Customize-Coffee-Packaging-Bags-\uff081\uff09-1-540x540.webp 540w, https:\/\/www.hyflexpack.com\/wp-content\/uploads\/2024\/08\/Customize-Coffee-Packaging-Bags-\uff081\uff09-1-660x660.webp 660w\" sizes=\"(max-width: 750px) 100vw, 750px\" \/><\/figure>\n<\/div>\n<\/div>\n\n\n\n<p><\/p>","protected":false},"excerpt":{"rendered":"<p>Esplorando i nostri sacchetti per l'imballaggio del caff\u00e8, l'applicazione del materiale composito pu\u00f2 fornire una buona funzione antiumidit\u00e0 e antistatica e un'elevata prestazione di barriera per garantire che il caff\u00e8 sia asciutto e sicuro e che i chicchi di caff\u00e8 non vengano rovinati dall'umidit\u00e0. Il fondo pi\u00f9 largo rende l'intero sacchetto pi\u00f9 inclusivo. Contattateci oggi stesso per un preventivo gratuito: ci impegniamo a fornire soluzioni di imballaggio di qualit\u00e0 e rispettose dell'ambiente.<\/p>\n<h3>Vantaggi del fornitore di sacchetti per l'imballaggio del caff\u00e8<\/h3>\n<ul>\n<li><strong>Design personalizzato<\/strong>: Fornire soluzioni di design personalizzate per soddisfare le diverse specifiche, dimensioni e requisiti di stampa fino a 10 colori in base alle esigenze del cliente, supportare la personalizzazione OEM e ODM.<\/li>\n<li><strong>Garanzia di qualit\u00e0<\/strong>: Controllare rigorosamente il processo di produzione, utilizzando materie prime di alta qualit\u00e0 e attrezzature di produzione avanzate per garantire una qualit\u00e0 del prodotto stabile e affidabile.<\/li>\n<li><strong>Assistenza tecnica professionale<\/strong>: Con il nostro team tecnico esperto, forniamo un'assistenza tecnica professionale e un servizio post-vendita per garantire che le esigenze dei clienti siano prontamente soddisfatte e risolte.<\/li>\n<li><strong>Campione gratuito<\/strong>: Fornire un servizio di campionamento gratuito per valutare i prodotti.<\/li>\n<\/ul>\n<p>Huiyang Packaging si impegna a offrire sacchetti per il caff\u00e8 personalizzati e di alta qualit\u00e0, che migliorano l'immagine del prodotto e aumentano la competitivit\u00e0 del mercato per i nostri clienti.<\/p>","protected":false},"featured_media":5185,"comment_status":"open","ping_status":"closed","template":"","meta":[],"product_brand":[],"product_cat":[55],"product_tag":[],"class_list":{"0":"post-5184","1":"product","2":"type-product","3":"status-publish","4":"has-post-thumbnail","6":"product_cat-custom-coffee-packaging","8":"first","9":"instock","10":"shipping-taxable","11":"product-type-simple"},"_links":{"self":[{"href":"https:\/\/www.hyflexpack.com\/it\/wp-json\/wp\/v2\/product\/5184","targetHints":{"allow":["GET"]}}],"collection":[{"href":"https:\/\/www.hyflexpack.com\/it\/wp-json\/wp\/v2\/product"}],"about":[{"href":"https:\/\/www.hyflexpack.com\/it\/wp-json\/wp\/v2\/types\/product"}],"replies":[{"embeddable":true,"href":"https:\/\/www.hyflexpack.com\/it\/wp-json\/wp\/v2\/comments?post=5184"}],"wp:featuredmedia":[{"embeddable":true,"href":"https:\/\/www.hyflexpack.com\/it\/wp-json\/wp\/v2\/media\/5185"}],"wp:attachment":[{"href":"https:\/\/www.hyflexpack.com\/it\/wp-json\/wp\/v2\/media?parent=5184"}],"wp:term":[{"taxonomy":"product_brand","embeddable":true,"href":"https:\/\/www.hyflexpack.com\/it\/wp-json\/wp\/v2\/product_brand?post=5184"},{"taxonomy":"product_cat","embeddable":true,"href":"https:\/\/www.hyflexpack.com\/it\/wp-json\/wp\/v2\/product_cat?post=5184"},{"taxonomy":"product_tag","embeddable":true,"href":"https:\/\/www.hyflexpack.com\/it\/wp-json\/wp\/v2\/product_tag?post=5184"}],"curies":[{"name":"wp","href":"https:\/\/api.w.org\/{rel}","templated":true}]}}