{"id":5155,"date":"2024-08-24T10:04:50","date_gmt":"2024-08-24T10:04:50","guid":{"rendered":"https:\/\/www.hyflexpack.com\/?post_type=product&#038;p=5155"},"modified":"2025-10-23T08:56:27","modified_gmt":"2025-10-23T08:56:27","slug":"supply-snack-packaging-bags","status":"publish","type":"product","link":"https:\/\/www.hyflexpack.com\/it\/product\/supply-snack-packaging-bags\/","title":{"rendered":"Fornitore Snack Packaging Bags plastica Custom Stand Up Borse con Logo"},"content":{"rendered":"<div class=\"wp-block-columns is-layout-flex wp-container-core-columns-is-layout-9d6595d7 wp-block-columns-is-layout-flex\">\n<div class=\"wp-block-column is-layout-flow wp-block-column-is-layout-flow\">\n<h3 class=\"wp-block-heading\">Caratteristiche degli imballaggi personalizzati per snack di alta qualit\u00e0<\/h3>\n\n\n\n<ul class=\"wp-block-list\">\n<li>Materiali ecologici: Utilizzare materiali ecologici che soddisfino i requisiti di protezione ambientale, come materiali biodegradabili o riciclabili, per ridurre l'impatto sull'ambiente. <\/li>\n\n\n\n<li>Materiali ad alta barriera alimentare: I sacchetti personalizzati per il confezionamento di snack utilizzano materiali ad alta barriera alimentare, come PET, PE, fogli di alluminio, ecc., per garantire la freschezza e la sicurezza degli snack, a prova di umidit\u00e0, antiossidazione e per prolungare la durata di conservazione. <\/li>\n\n\n\n<li>Design dei fori per appendere: All'interno della borsa sono presenti fori per l'appendimento, comodi per essere appesi ed esposti in negozio, aumentando la popolarit\u00e0 e l'attrattiva del prodotto. <\/li>\n\n\n\n<li>Chiusura a cerniera: la chiusura a cerniera incorporata \u00e8 comoda per aprire la chiusura pi\u00f9 volte, mantenere gli snack freschi e impedire l'ingresso di aria esterna.<\/li>\n\n\n\n<li>Design della borsa in piedi: La struttura a sacchetto permette al sacchetto di rimanere saldamente in piedi sullo scaffale o sulla vetrina, risparmiando spazio e migliorando l'effetto espositivo del prodotto.<\/li>\n<\/ul>\n<\/div>\n\n\n\n<div class=\"wp-block-column is-layout-flow wp-block-column-is-layout-flow\">\n<figure class=\"wp-block-image size-full\"><img fetchpriority=\"high\" decoding=\"async\" width=\"750\" height=\"750\" src=\"https:\/\/www.hyflexpack.com\/wp-content\/uploads\/2024\/08\/Snack-Packaging-Supplier\uff081\uff09-1.webp\" alt=\"\" class=\"wp-image-5160\" srcset=\"https:\/\/www.hyflexpack.com\/wp-content\/uploads\/2024\/08\/Snack-Packaging-Supplier\uff081\uff09-1.webp 750w, https:\/\/www.hyflexpack.com\/wp-content\/uploads\/2024\/08\/Snack-Packaging-Supplier\uff081\uff09-1-300x300.webp 300w, https:\/\/www.hyflexpack.com\/wp-content\/uploads\/2024\/08\/Snack-Packaging-Supplier\uff081\uff09-1-150x150.webp 150w, https:\/\/www.hyflexpack.com\/wp-content\/uploads\/2024\/08\/Snack-Packaging-Supplier\uff081\uff09-1-12x12.webp 12w, https:\/\/www.hyflexpack.com\/wp-content\/uploads\/2024\/08\/Snack-Packaging-Supplier\uff081\uff09-1-285x285.webp 285w, https:\/\/www.hyflexpack.com\/wp-content\/uploads\/2024\/08\/Snack-Packaging-Supplier\uff081\uff09-1-270x270.webp 270w, https:\/\/www.hyflexpack.com\/wp-content\/uploads\/2024\/08\/Snack-Packaging-Supplier\uff081\uff09-1-540x540.webp 540w, https:\/\/www.hyflexpack.com\/wp-content\/uploads\/2024\/08\/Snack-Packaging-Supplier\uff081\uff09-1-660x660.webp 660w\" sizes=\"(max-width: 750px) 100vw, 750px\" \/><\/figure>\n<\/div>\n<\/div>","protected":false},"excerpt":{"rendered":"<p>Scoprite i nostri sacchetti per snack ecologici e di qualit\u00e0 alimentare con materiali compositi in alluminio per una protezione superiore da umidit\u00e0, ossigeno e luce. Una cerniera sicura mantiene gli alimenti freschi, mentre il fondo allargato garantisce stabilit\u00e0. Contattateci per un preventivo e scoprite le nostre soluzioni di imballaggio uniche.<\/p>\n<h3>Vantaggi del fornitore di sacchetti per l'imballaggio di snack<\/h3>\n<ul>\n<li><strong>Design personalizzato<\/strong>: Forniamo servizi di progettazione personalizzati, tra cui la personalizzazione del materiale, delle dimensioni e del modello di stampa per soddisfare le esigenze dei clienti, e supportiamo OEM e ODM.<\/li>\n<li><strong>Produzione<\/strong>: Grazie ad attrezzature e tecnologie avanzate, siamo in grado di completare gli ordini con un'elevata efficienza e qualit\u00e0 e di consegnare in tempo.<\/li>\n<li><strong>Ispezione della qualit\u00e0<\/strong>: Seguire rigorosamente gli standard di qualit\u00e0 e i requisiti di sicurezza alimentare per garantire la conformit\u00e0 dei prodotti agli standard.<\/li>\n<li><strong>Supporto tecnico del team<\/strong>: Il nostro team ha una ricca esperienza nel settore e conoscenze professionali, ed \u00e8 in grado di fornire assistenza tecnica e un servizio di consulenza 24 ore su 24 ai nostri clienti.<\/li>\n<li><strong>Campione gratuito<\/strong>: Fornire un servizio di campionamento gratuito per valutare i prodotti.<\/li>\n<\/ul>","protected":false},"featured_media":5156,"comment_status":"open","ping_status":"closed","template":"","meta":[],"product_brand":[],"product_cat":[57],"product_tag":[],"class_list":{"0":"post-5155","1":"product","2":"type-product","3":"status-publish","4":"has-post-thumbnail","6":"product_cat-snack-packaging-bags-wholesale","8":"first","9":"instock","10":"shipping-taxable","11":"product-type-simple"},"_links":{"self":[{"href":"https:\/\/www.hyflexpack.com\/it\/wp-json\/wp\/v2\/product\/5155","targetHints":{"allow":["GET"]}}],"collection":[{"href":"https:\/\/www.hyflexpack.com\/it\/wp-json\/wp\/v2\/product"}],"about":[{"href":"https:\/\/www.hyflexpack.com\/it\/wp-json\/wp\/v2\/types\/product"}],"replies":[{"embeddable":true,"href":"https:\/\/www.hyflexpack.com\/it\/wp-json\/wp\/v2\/comments?post=5155"}],"wp:featuredmedia":[{"embeddable":true,"href":"https:\/\/www.hyflexpack.com\/it\/wp-json\/wp\/v2\/media\/5156"}],"wp:attachment":[{"href":"https:\/\/www.hyflexpack.com\/it\/wp-json\/wp\/v2\/media?parent=5155"}],"wp:term":[{"taxonomy":"product_brand","embeddable":true,"href":"https:\/\/www.hyflexpack.com\/it\/wp-json\/wp\/v2\/product_brand?post=5155"},{"taxonomy":"product_cat","embeddable":true,"href":"https:\/\/www.hyflexpack.com\/it\/wp-json\/wp\/v2\/product_cat?post=5155"},{"taxonomy":"product_tag","embeddable":true,"href":"https:\/\/www.hyflexpack.com\/it\/wp-json\/wp\/v2\/product_tag?post=5155"}],"curies":[{"name":"wp","href":"https:\/\/api.w.org\/{rel}","templated":true}]}}