{"id":5095,"date":"2024-08-18T14:20:33","date_gmt":"2024-08-18T14:20:33","guid":{"rendered":"https:\/\/www.hyflexpack.com\/?post_type=product&#038;p=5095"},"modified":"2024-08-18T14:20:34","modified_gmt":"2024-08-18T14:20:34","slug":"custom-clothing-packaging-bags","status":"publish","type":"product","link":"https:\/\/www.hyflexpack.com\/it\/product\/custom-clothing-packaging-bags\/","title":{"rendered":"Abbigliamento personalizzato imballaggio sacchetti di plastica Mylar con logo stampato"},"content":{"rendered":"<div class=\"wp-block-columns is-layout-flex wp-container-core-columns-is-layout-9d6595d7 wp-block-columns-is-layout-flex\">\n<div class=\"wp-block-column is-layout-flow wp-block-column-is-layout-flow\">\n<h3 class=\"wp-block-heading\">Caratteristiche del sacchetto di imballaggio per abbigliamento personalizzato<\/h3>\n\n\n\n<ul class=\"wp-block-list\">\n<li>Design chiaro: il materiale trasparente permette di vedere i vestiti a colpo d'occhio, facilitando l'identificazione e la selezione rapida e migliorando l'efficienza dell'archiviazione e dell'organizzazione.<\/li>\n<\/ul>\n\n\n\n<p><\/p>\n\n\n\n<ul class=\"wp-block-list\">\n<li>Traspirante: la borsa per l'imballaggio degli indumenti \u00e8 realizzata in materiale traspirante per mantenere l'aria in circolo all'interno dei vestiti, prevenendo l'umidit\u00e0 e gli odori e garantendo che i vestiti rimangano asciutti a lungo.<\/li>\n<\/ul>\n\n\n\n<p><\/p>\n\n\n\n<ul class=\"wp-block-list\">\n<li>Materiale mylar resistente: realizzata in materiale mylar di alta qualit\u00e0, la copertura per l'imballaggio degli indumenti \u00e8 robusta e resistente agli strappi, protegge efficacemente gli indumenti dall'umidit\u00e0, dalla polvere e da altri fattori esterni e ne prolunga la durata.<\/li>\n<\/ul>\n\n\n\n<p><\/p>\n\n\n\n<ul class=\"wp-block-list\">\n<li>Disponibilit\u00e0 di pi\u00f9 misure: sono disponibili varie misure, adatte a diversi tipi e dimensioni di cappotti o giacche per soddisfare le diverse esigenze di imballaggio.<\/li>\n<\/ul>\n\n\n\n<p><\/p>\n\n\n\n<ul class=\"wp-block-list\">\n<li>Leggero e facile da trasportare: leggero e facile da usare, adatto per la conservazione a casa o per i viaggi di lavoro, protegge i vestiti dai danni.<\/li>\n<\/ul>\n<\/div>\n\n\n\n<div class=\"wp-block-column is-layout-flow wp-block-column-is-layout-flow\">\n<figure class=\"wp-block-image size-full\"><img fetchpriority=\"high\" decoding=\"async\" width=\"750\" height=\"750\" src=\"https:\/\/www.hyflexpack.com\/wp-content\/uploads\/2024\/08\/Custom-Clothing-Packaging-manufacturing1-1.webp\" alt=\"\" class=\"wp-image-5106\" srcset=\"https:\/\/www.hyflexpack.com\/wp-content\/uploads\/2024\/08\/Custom-Clothing-Packaging-manufacturing1-1.webp 750w, https:\/\/www.hyflexpack.com\/wp-content\/uploads\/2024\/08\/Custom-Clothing-Packaging-manufacturing1-1-300x300.webp 300w, https:\/\/www.hyflexpack.com\/wp-content\/uploads\/2024\/08\/Custom-Clothing-Packaging-manufacturing1-1-150x150.webp 150w, https:\/\/www.hyflexpack.com\/wp-content\/uploads\/2024\/08\/Custom-Clothing-Packaging-manufacturing1-1-12x12.webp 12w, https:\/\/www.hyflexpack.com\/wp-content\/uploads\/2024\/08\/Custom-Clothing-Packaging-manufacturing1-1-285x285.webp 285w, https:\/\/www.hyflexpack.com\/wp-content\/uploads\/2024\/08\/Custom-Clothing-Packaging-manufacturing1-1-270x270.webp 270w, https:\/\/www.hyflexpack.com\/wp-content\/uploads\/2024\/08\/Custom-Clothing-Packaging-manufacturing1-1-540x540.webp 540w, https:\/\/www.hyflexpack.com\/wp-content\/uploads\/2024\/08\/Custom-Clothing-Packaging-manufacturing1-1-660x660.webp 660w\" sizes=\"(max-width: 750px) 100vw, 750px\" \/><\/figure>\n<\/div>\n<\/div>","protected":false},"excerpt":{"rendered":"<p>I sacchetti per l'imballaggio dei capi d'abbigliamento personalizzati della migliore qualit\u00e0 sono realizzati con film di imballaggio laminato ecologico per garantire che i vostri capi siano protetti dall'usura, dalle grinze, dalla polvere, dall'umidit\u00e0 e da altre forme di danno durante il trasporto e lo stoccaggio. Contattateci oggi stesso per un preventivo. Ci impegniamo a fornire soluzioni di imballaggio ecologiche e di alta qualit\u00e0.<\/p>\n<p><strong>Vantaggi del fornitore di sacchetti per l'imballaggio dell'abbigliamento<\/strong><\/p>\n<ul>\n<li><strong>Design personalizzato:<\/strong> Forniamo un servizio di sacchetti per l'imballaggio di abbigliamento personalizzati, compresa la personalizzazione del materiale, delle dimensioni e del modello di stampa per soddisfare le esigenze dei clienti, e supportiamo OEM e ODM.<\/li>\n<li><strong>Produzione<\/strong>: Con attrezzature e tecnologie avanzate, siamo in grado di completare la produzione dell'ordine con alta efficienza e alta qualit\u00e0 e di consegnare in tempo.<\/li>\n<li><strong>Ispezione della qualit\u00e0<\/strong>: Seguire rigorosamente gli standard di qualit\u00e0 e i requisiti di sicurezza alimentare per la produzione, per garantire che i prodotti siano conformi agli standard.<\/li>\n<li><strong>Servizio clienti<\/strong>24 ore su 24 per fornire una risposta rapida e un'assistenza premurosa al cliente.<\/li>\n<li><strong>Campione gratuito: <\/strong>Fornire un servizio di campioni gratuiti per valutare i prodotti.<\/li>\n<\/ul>\n<p>Huiyang Packaging si impegna a fornire ai clienti sacchetti per l'imballaggio di abbigliamento di alta qualit\u00e0 e personalizzati, per aiutarli a migliorare l'immagine dei loro prodotti e ad aumentare la competitivit\u00e0 sul mercato.<\/p>","protected":false},"featured_media":5096,"comment_status":"open","ping_status":"closed","template":"","meta":[],"product_brand":[],"product_cat":[52],"product_tag":[],"class_list":{"0":"post-5095","1":"product","2":"type-product","3":"status-publish","4":"has-post-thumbnail","6":"product_cat-custom-daily-chemical-packaging","8":"first","9":"instock","10":"shipping-taxable","11":"product-type-simple"},"_links":{"self":[{"href":"https:\/\/www.hyflexpack.com\/it\/wp-json\/wp\/v2\/product\/5095","targetHints":{"allow":["GET"]}}],"collection":[{"href":"https:\/\/www.hyflexpack.com\/it\/wp-json\/wp\/v2\/product"}],"about":[{"href":"https:\/\/www.hyflexpack.com\/it\/wp-json\/wp\/v2\/types\/product"}],"replies":[{"embeddable":true,"href":"https:\/\/www.hyflexpack.com\/it\/wp-json\/wp\/v2\/comments?post=5095"}],"wp:featuredmedia":[{"embeddable":true,"href":"https:\/\/www.hyflexpack.com\/it\/wp-json\/wp\/v2\/media\/5096"}],"wp:attachment":[{"href":"https:\/\/www.hyflexpack.com\/it\/wp-json\/wp\/v2\/media?parent=5095"}],"wp:term":[{"taxonomy":"product_brand","embeddable":true,"href":"https:\/\/www.hyflexpack.com\/it\/wp-json\/wp\/v2\/product_brand?post=5095"},{"taxonomy":"product_cat","embeddable":true,"href":"https:\/\/www.hyflexpack.com\/it\/wp-json\/wp\/v2\/product_cat?post=5095"},{"taxonomy":"product_tag","embeddable":true,"href":"https:\/\/www.hyflexpack.com\/it\/wp-json\/wp\/v2\/product_tag?post=5095"}],"curies":[{"name":"wp","href":"https:\/\/api.w.org\/{rel}","templated":true}]}}