{"id":4999,"date":"2024-08-03T09:24:53","date_gmt":"2024-08-03T09:24:53","guid":{"rendered":"https:\/\/www.hyflexpack.com\/?post_type=product&#038;p=4999"},"modified":"2024-08-03T09:24:54","modified_gmt":"2024-08-03T09:24:54","slug":"plastic-film-roll-packaging","status":"publish","type":"product","link":"https:\/\/www.hyflexpack.com\/it\/product\/plastic-film-roll-packaging\/","title":{"rendered":"Film plastico Roll Packaging Custom Candy materiali di imballaggio automatico Wrapping Film"},"content":{"rendered":"<div class=\"wp-block-columns is-layout-flex wp-container-core-columns-is-layout-9d6595d7 wp-block-columns-is-layout-flex\">\n<div class=\"wp-block-column is-layout-flow wp-block-column-is-layout-flow\">\n<h3 class=\"wp-block-heading\">Caratteristiche dei rotoli di plastica di alta qualit\u00e0 per l'imballaggio<\/h3>\n\n\n\n<ul class=\"wp-block-list\">\n<li>Materiale di prima qualit\u00e0: utilizzo di materiale per film da imballaggio di alta qualit\u00e0 per garantire la sicurezza alimentare, non tossico e inodore. Robusto e durevole, \u00e8 adatto a diverse esigenze di imballaggio alimentare.<\/li>\n\n\n\n<li>Imballaggio efficiente: adatto alle apparecchiature di imballaggio automatico per migliorare l'efficienza della produzione. Il design liscio del rullo garantisce l'assenza di inceppamenti durante il confezionamento ad alta velocit\u00e0.<\/li>\n\n\n\n<li>Prestazioni di protezione superiori: efficace protezione dall'umidit\u00e0 e dalla polvere, prolunga la durata di conservazione delle caramelle. Buona resistenza allo strappo per proteggere l'integrit\u00e0 dei dolciumi durante il trasporto e lo stoccaggio.<\/li>\n\n\n\n<li>Opzioni ecologiche: supporta l'uso di materiali biodegradabili e riciclabili per soddisfare i requisiti ambientali. Sono disponibili anche opzioni di spessore del film per ridurre lo spreco di materiale e l'impronta di carbonio.<\/li>\n\n\n\n<li>Comodo da usare: i rotoli di film plastico sono facili da termosaldare, garantendo una chiusura ermetica e proteggendo le caramelle dall'umidit\u00e0. I rotoli di film sono facili da immagazzinare e da maneggiare, risparmiando spazio in magazzino.<\/li>\n<\/ul>\n<\/div>\n\n\n\n<div class=\"wp-block-column is-layout-flow wp-block-column-is-layout-flow\">\n<figure class=\"wp-block-image size-full\"><img fetchpriority=\"high\" decoding=\"async\" width=\"750\" height=\"750\" src=\"https:\/\/www.hyflexpack.com\/wp-content\/uploads\/2024\/08\/Custom-Plastic-Film-Roll-Packaging-8.webp\" alt=\"all&#039;ingrosso Film plastico Roll Packaging\" class=\"wp-image-5007\" srcset=\"https:\/\/www.hyflexpack.com\/wp-content\/uploads\/2024\/08\/Custom-Plastic-Film-Roll-Packaging-8.webp 750w, https:\/\/www.hyflexpack.com\/wp-content\/uploads\/2024\/08\/Custom-Plastic-Film-Roll-Packaging-8-300x300.webp 300w, https:\/\/www.hyflexpack.com\/wp-content\/uploads\/2024\/08\/Custom-Plastic-Film-Roll-Packaging-8-150x150.webp 150w, https:\/\/www.hyflexpack.com\/wp-content\/uploads\/2024\/08\/Custom-Plastic-Film-Roll-Packaging-8-12x12.webp 12w, https:\/\/www.hyflexpack.com\/wp-content\/uploads\/2024\/08\/Custom-Plastic-Film-Roll-Packaging-8-285x285.webp 285w, https:\/\/www.hyflexpack.com\/wp-content\/uploads\/2024\/08\/Custom-Plastic-Film-Roll-Packaging-8-270x270.webp 270w, https:\/\/www.hyflexpack.com\/wp-content\/uploads\/2024\/08\/Custom-Plastic-Film-Roll-Packaging-8-540x540.webp 540w, https:\/\/www.hyflexpack.com\/wp-content\/uploads\/2024\/08\/Custom-Plastic-Film-Roll-Packaging-8-660x660.webp 660w\" sizes=\"(max-width: 750px) 100vw, 750px\" \/><\/figure>\n<\/div>\n<\/div>\n\n\n\n<p><\/p>","protected":false},"excerpt":{"rendered":"<p>I nostri imballaggi in film plastico in rotolo sono realizzati con materiali sicuri per uso alimentare, adatti alle apparecchiature di confezionamento automatico, e offrono un'ampia gamma di specifiche e bellissimi modelli per la personalizzazione, che li rendono la scelta migliore per migliorare l'immagine del vostro marchio. Contattateci oggi stesso per ulteriori soluzioni di imballaggio flessibile!<\/p>\n<h3>Vantaggi del fornitore di imballaggi in rotoli di plastica<\/h3>\n<ul>\n<li><strong>Servizio personalizzato<\/strong>: Forniamo ODM e OEM, dalle dimensioni e dal materiale al design di stampa, per soddisfare le esigenze personalizzate dei diversi clienti.<\/li>\n<li><strong>Consegna rapida<\/strong>: Processo di produzione e gestione delle scorte efficienti per garantire una produzione rapida e la consegna puntuale di ordini di grandi volumi.<\/li>\n<li><strong>Supporto professionale<\/strong>: Fornire una progettazione professionale degli imballaggi e un supporto tecnico per aiutare i clienti a ottimizzare le soluzioni di imballaggio e a migliorare la competitivit\u00e0 dei prodotti.<\/li>\n<li><strong>Ispezione della qualit\u00e0<\/strong>: Seguire rigorosamente gli standard di qualit\u00e0 e i requisiti di sicurezza alimentare per garantire che i prodotti soddisfino i requisiti standard.<\/li>\n<\/ul>\n<p>Huiyang Packaging si impegna a fornire ai clienti imballaggi in film plastico in rotolo personalizzati di alta qualit\u00e0 per aiutarli a migliorare l'immagine dei loro prodotti e la loro competitivit\u00e0 sul mercato.<\/p>","protected":false},"featured_media":5007,"comment_status":"open","ping_status":"closed","template":"","meta":[],"product_brand":[],"product_cat":[53],"product_tag":[],"class_list":{"0":"post-4999","1":"product","2":"type-product","3":"status-publish","4":"has-post-thumbnail","6":"product_cat-packaging-film-supplier","8":"first","9":"instock","10":"shipping-taxable","11":"product-type-simple"},"_links":{"self":[{"href":"https:\/\/www.hyflexpack.com\/it\/wp-json\/wp\/v2\/product\/4999","targetHints":{"allow":["GET"]}}],"collection":[{"href":"https:\/\/www.hyflexpack.com\/it\/wp-json\/wp\/v2\/product"}],"about":[{"href":"https:\/\/www.hyflexpack.com\/it\/wp-json\/wp\/v2\/types\/product"}],"replies":[{"embeddable":true,"href":"https:\/\/www.hyflexpack.com\/it\/wp-json\/wp\/v2\/comments?post=4999"}],"wp:featuredmedia":[{"embeddable":true,"href":"https:\/\/www.hyflexpack.com\/it\/wp-json\/wp\/v2\/media\/5007"}],"wp:attachment":[{"href":"https:\/\/www.hyflexpack.com\/it\/wp-json\/wp\/v2\/media?parent=4999"}],"wp:term":[{"taxonomy":"product_brand","embeddable":true,"href":"https:\/\/www.hyflexpack.com\/it\/wp-json\/wp\/v2\/product_brand?post=4999"},{"taxonomy":"product_cat","embeddable":true,"href":"https:\/\/www.hyflexpack.com\/it\/wp-json\/wp\/v2\/product_cat?post=4999"},{"taxonomy":"product_tag","embeddable":true,"href":"https:\/\/www.hyflexpack.com\/it\/wp-json\/wp\/v2\/product_tag?post=4999"}],"curies":[{"name":"wp","href":"https:\/\/api.w.org\/{rel}","templated":true}]}}