{"id":4905,"date":"2024-07-25T02:36:50","date_gmt":"2024-07-25T02:36:50","guid":{"rendered":"https:\/\/www.hyflexpack.com\/?post_type=product&#038;p=4905"},"modified":"2024-07-25T02:36:52","modified_gmt":"2024-07-25T02:36:52","slug":"custom-candy-wrapping-film-roll","status":"publish","type":"product","link":"https:\/\/www.hyflexpack.com\/it\/product\/custom-candy-wrapping-film-roll\/","title":{"rendered":"Giocoso Custom Candy Wrapping Film Rolls laminazione calore sigillabile film plastico"},"content":{"rendered":"<div class=\"wp-block-columns is-layout-flex wp-container-core-columns-is-layout-9d6595d7 wp-block-columns-is-layout-flex\">\n<div class=\"wp-block-column is-layout-flow wp-block-column-is-layout-flow\">\n<h3 class=\"wp-block-heading\">Caratteristiche dei rotoli di pellicola avvolgente per caramelle di alta qualit\u00e0<\/h3>\n\n\n\n<ul class=\"wp-block-list\">\n<li>Design giocoso: motivi e colori giocosi personalizzabili rendono le confezioni di caramelle pi\u00f9 attraenti e migliorano l'immagine del marchio.<\/li>\n<\/ul>\n\n\n\n<p><\/p>\n\n\n\n<ul class=\"wp-block-list\">\n<li>Materiale laminato di alta qualit\u00e0: l'involucro delle caramelle \u00e8 realizzato in materiale laminato di alta qualit\u00e0, che migliora le prestazioni di durata e protezione della confezione e prolunga la freschezza delle caramelle.<\/li>\n<\/ul>\n\n\n\n<p><\/p>\n\n\n\n<ul class=\"wp-block-list\">\n<li>Funzione di termosaldatura: grazie alle prestazioni della termosaldatura, la confezione \u00e8 ben chiusa, previene efficacemente l'umidit\u00e0 e la polvere e mantiene la qualit\u00e0 e il gusto delle caramelle.<\/li>\n<\/ul>\n\n\n\n<p><\/p>\n\n\n\n<ul class=\"wp-block-list\">\n<li>Flessibilit\u00e0: Adatto a un'ampia gamma di forme e dimensioni di caramelle per soddisfare le diverse esigenze di confezionamento e migliorare l'efficienza dell'imballaggio.<\/li>\n<\/ul>\n\n\n\n<p><\/p>\n\n\n\n<ul class=\"wp-block-list\">\n<li>Opzioni ecologiche: sono disponibili opzioni di materiali biodegradabili o riciclabili per soddisfare gli standard ambientali e ridurre l'impatto ambientale.<\/li>\n<\/ul>\n<\/div>\n\n\n\n<div class=\"wp-block-column is-layout-flow wp-block-column-is-layout-flow\">\n<figure class=\"wp-block-image size-full\"><img fetchpriority=\"high\" decoding=\"async\" width=\"750\" height=\"750\" src=\"https:\/\/www.hyflexpack.com\/wp-content\/uploads\/2024\/07\/Custom-Candy-Wrapping-Film-Rolls-17.webp\" alt=\"Rotoli di film di confezionamento per caramelle personalizzati\" class=\"wp-image-4918\" srcset=\"https:\/\/www.hyflexpack.com\/wp-content\/uploads\/2024\/07\/Custom-Candy-Wrapping-Film-Rolls-17.webp 750w, https:\/\/www.hyflexpack.com\/wp-content\/uploads\/2024\/07\/Custom-Candy-Wrapping-Film-Rolls-17-300x300.webp 300w, https:\/\/www.hyflexpack.com\/wp-content\/uploads\/2024\/07\/Custom-Candy-Wrapping-Film-Rolls-17-150x150.webp 150w, https:\/\/www.hyflexpack.com\/wp-content\/uploads\/2024\/07\/Custom-Candy-Wrapping-Film-Rolls-17-12x12.webp 12w, https:\/\/www.hyflexpack.com\/wp-content\/uploads\/2024\/07\/Custom-Candy-Wrapping-Film-Rolls-17-285x285.webp 285w, https:\/\/www.hyflexpack.com\/wp-content\/uploads\/2024\/07\/Custom-Candy-Wrapping-Film-Rolls-17-270x270.webp 270w, https:\/\/www.hyflexpack.com\/wp-content\/uploads\/2024\/07\/Custom-Candy-Wrapping-Film-Rolls-17-540x540.webp 540w, https:\/\/www.hyflexpack.com\/wp-content\/uploads\/2024\/07\/Custom-Candy-Wrapping-Film-Rolls-17-660x660.webp 660w\" sizes=\"(max-width: 750px) 100vw, 750px\" \/><\/figure>\n<\/div>\n<\/div>","protected":false},"excerpt":{"rendered":"<p>Aggiungete divertimento e personalit\u00e0 alla vostra confezione di caramelle, scegliendo il nostro film in rotolo personalizzato e giocoso! Le opzioni di imballaggio flessibili si adattano a una variet\u00e0 di forme di caramelle e le opzioni di materiale ecologico soddisfano gli standard ecologici. Contattateci oggi stesso per un progetto e un preventivo gratuiti!<\/p>\n<h3>Vantaggi del fornitore di confezioni per caramelle<\/h3>\n<ul>\n<li><strong>Design personalizzato<\/strong>: Forniamo un servizio di confezionamento di caramelle dal design personalizzato, che include la personalizzazione del materiale, delle dimensioni e del modello di stampa per soddisfare le esigenze dei clienti, e supportiamo OEM e ODM.<\/li>\n<li><strong>Produzione<\/strong>: Grazie ad attrezzature e tecnologie avanzate, siamo in grado di completare gli ordini con un'elevata efficienza e qualit\u00e0 e di consegnare in tempo.<\/li>\n<li><strong>Ispezione della qualit\u00e0<\/strong>: Seguire rigorosamente gli standard di qualit\u00e0 e i requisiti di sicurezza alimentare per garantire la conformit\u00e0 dei prodotti agli standard.<\/li>\n<li><strong>Supporto tecnico del team<\/strong>: Il nostro team ha una ricca esperienza nel settore e conoscenze professionali, ed \u00e8 in grado di fornire assistenza tecnica e un servizio di consulenza 24 ore su 24 ai nostri clienti.<\/li>\n<li><strong>Campione gratuito<\/strong>: Fornire un servizio di campionamento gratuito per valutare i prodotti.<\/li>\n<\/ul>\n<p>Huiyang Packaging si impegna a fornire ai clienti confezioni di caramelle personalizzate e di alta qualit\u00e0, per aiutarli a migliorare l'immagine dei loro prodotti e ad aumentare la competitivit\u00e0 sul mercato.<\/p>","protected":false},"featured_media":4918,"comment_status":"open","ping_status":"closed","template":"","meta":[],"product_brand":[],"product_cat":[53],"product_tag":[],"class_list":{"0":"post-4905","1":"product","2":"type-product","3":"status-publish","4":"has-post-thumbnail","6":"product_cat-packaging-film-supplier","8":"first","9":"instock","10":"shipping-taxable","11":"product-type-simple"},"_links":{"self":[{"href":"https:\/\/www.hyflexpack.com\/it\/wp-json\/wp\/v2\/product\/4905","targetHints":{"allow":["GET"]}}],"collection":[{"href":"https:\/\/www.hyflexpack.com\/it\/wp-json\/wp\/v2\/product"}],"about":[{"href":"https:\/\/www.hyflexpack.com\/it\/wp-json\/wp\/v2\/types\/product"}],"replies":[{"embeddable":true,"href":"https:\/\/www.hyflexpack.com\/it\/wp-json\/wp\/v2\/comments?post=4905"}],"wp:featuredmedia":[{"embeddable":true,"href":"https:\/\/www.hyflexpack.com\/it\/wp-json\/wp\/v2\/media\/4918"}],"wp:attachment":[{"href":"https:\/\/www.hyflexpack.com\/it\/wp-json\/wp\/v2\/media?parent=4905"}],"wp:term":[{"taxonomy":"product_brand","embeddable":true,"href":"https:\/\/www.hyflexpack.com\/it\/wp-json\/wp\/v2\/product_brand?post=4905"},{"taxonomy":"product_cat","embeddable":true,"href":"https:\/\/www.hyflexpack.com\/it\/wp-json\/wp\/v2\/product_cat?post=4905"},{"taxonomy":"product_tag","embeddable":true,"href":"https:\/\/www.hyflexpack.com\/it\/wp-json\/wp\/v2\/product_tag?post=4905"}],"curies":[{"name":"wp","href":"https:\/\/api.w.org\/{rel}","templated":true}]}}