{"id":4778,"date":"2024-07-19T08:34:04","date_gmt":"2024-07-19T08:34:04","guid":{"rendered":"https:\/\/www.hyflexpack.com\/?post_type=product&#038;p=4778"},"modified":"2024-07-19T08:34:05","modified_gmt":"2024-07-19T08:34:05","slug":"custom-pouch-packaging-for-nuts","status":"publish","type":"product","link":"https:\/\/www.hyflexpack.com\/it\/product\/custom-pouch-packaging-for-nuts\/","title":{"rendered":"Imballaggio personalizzato per frutta a guscio Sacchetti stand up richiudibili con chiusura a cerniera"},"content":{"rendered":"<div class=\"wp-block-columns is-layout-flex wp-container-core-columns-is-layout-9d6595d7 wp-block-columns-is-layout-flex\">\n<div class=\"wp-block-column is-layout-flow wp-block-column-is-layout-flow\">\n<h3 class=\"wp-block-heading\">Caratteristiche dell'imballaggio in busta personalizzato di alta qualit\u00e0 per la frutta a guscio<\/h3>\n\n\n\n<ul class=\"wp-block-list\">\n<li>Materiale di alta qualit\u00e0: il sacchetto personalizzato per la frutta secca \u00e8 realizzato con materiali sicuri e di grado alimentare per garantire robustezza e durata e proteggere la qualit\u00e0 e la freschezza della frutta secca.<\/li>\n<\/ul>\n\n\n\n<p><\/p>\n\n\n\n<ul class=\"wp-block-list\">\n<li>Design autoportante: design della borsa autoportante, facile da esporre e riporre, salvaspazio.<\/li>\n<\/ul>\n\n\n\n<p><\/p>\n\n\n\n<ul class=\"wp-block-list\">\n<li>Chiusura lampo: Dotata di una cerniera a tenuta stagna facile da aprire e da chiudere, per un utilizzo multiplo che mantiene le noci fresche e asciutte.<\/li>\n<\/ul>\n\n\n\n<p><\/p>\n\n\n\n<ul class=\"wp-block-list\">\n<li>Prestazioni della barriera: realizzata in materiale composito multistrato con una buona resistenza all'umidit\u00e0 e all'ossidazione, garantisce che i dadi non vengano danneggiati durante lo stoccaggio e il trasporto.<\/li>\n<\/ul>\n\n\n\n<p><\/p>\n\n\n\n<ul class=\"wp-block-list\">\n<li>Strato di stampa di qualit\u00e0: Il materiale esterno (come il PET o il BOPP) ha una stampa eccellente, che consente una stampa a colori di alta qualit\u00e0, assicurando che le borse abbiano un aspetto eccellente e valorizzando l'immagine del marchio.<\/li>\n<\/ul>\n<\/div>\n\n\n\n<div class=\"wp-block-column is-layout-flow wp-block-column-is-layout-flow\">\n<figure class=\"wp-block-image size-full\"><img fetchpriority=\"high\" decoding=\"async\" width=\"750\" height=\"750\" src=\"https:\/\/www.hyflexpack.com\/wp-content\/uploads\/2024\/07\/Custom-Pouch-Packaging-For-Nuts-2.webp\" alt=\"Imballaggio in busta personalizzato per frutta a guscio\" class=\"wp-image-4780\" srcset=\"https:\/\/www.hyflexpack.com\/wp-content\/uploads\/2024\/07\/Custom-Pouch-Packaging-For-Nuts-2.webp 750w, https:\/\/www.hyflexpack.com\/wp-content\/uploads\/2024\/07\/Custom-Pouch-Packaging-For-Nuts-2-300x300.webp 300w, https:\/\/www.hyflexpack.com\/wp-content\/uploads\/2024\/07\/Custom-Pouch-Packaging-For-Nuts-2-150x150.webp 150w, https:\/\/www.hyflexpack.com\/wp-content\/uploads\/2024\/07\/Custom-Pouch-Packaging-For-Nuts-2-12x12.webp 12w, https:\/\/www.hyflexpack.com\/wp-content\/uploads\/2024\/07\/Custom-Pouch-Packaging-For-Nuts-2-285x285.webp 285w, https:\/\/www.hyflexpack.com\/wp-content\/uploads\/2024\/07\/Custom-Pouch-Packaging-For-Nuts-2-270x270.webp 270w, https:\/\/www.hyflexpack.com\/wp-content\/uploads\/2024\/07\/Custom-Pouch-Packaging-For-Nuts-2-540x540.webp 540w, https:\/\/www.hyflexpack.com\/wp-content\/uploads\/2024\/07\/Custom-Pouch-Packaging-For-Nuts-2-660x660.webp 660w\" sizes=\"(max-width: 750px) 100vw, 750px\" \/><\/figure>\n<\/div>\n<\/div>","protected":false},"excerpt":{"rendered":"<p>Le nostre confezioni in busta personalizzate per la frutta secca sono realizzate in materiale di alta qualit\u00e0 alimentare e sono robuste e durevoli per garantire la freschezza e la qualit\u00e0 della frutta secca. Sceglieteci per proteggere e presentare al meglio i vostri prodotti e richiedete un preventivo oggi stesso.<\/p>\n<h3>Vantaggi del fornitore di imballaggi per sacchetti personalizzati<\/h3>\n<ul>\n<li><strong>Design personalizzato<\/strong>: Fornire soluzioni di design personalizzate, supportare OEM\/ODM, personalizzare con diverse specifiche, dimensioni, modelli di stampa, ecc.<\/li>\n<li><strong>Garanzia di qualit\u00e0<\/strong>: Controllare il processo di produzione e disporre di materiali di alta qualit\u00e0 e attrezzature avanzate per garantire la qualit\u00e0 del prodotto.<\/li>\n<li><strong>Consegna puntuale<\/strong>: Ottimizzare il processo di produzione e migliorare l'efficienza produttiva per garantire consegne puntuali e soddisfare le esigenze urgenti dei clienti.<\/li>\n<li><strong>Assistenza tecnica professionale<\/strong>: Il team tecnico esperto fornisce un'assistenza tecnica professionale e un servizio di consulenza post-vendita 24 ore su 24.<\/li>\n<li><strong>Campione gratuito<\/strong>: Fornire un servizio di campionatura gratuita in modo da poter valutare i prodotti.<\/li>\n<\/ul>\n<p>Huiyang Packaging si impegna a fornire ai clienti confezioni in busta per frutta secca di alta qualit\u00e0 e personalizzate, per aiutarli a migliorare l'immagine dei loro prodotti e a rafforzare la competitivit\u00e0 sul mercato.<\/p>","protected":false},"featured_media":4779,"comment_status":"open","ping_status":"closed","template":"","meta":[],"product_brand":[],"product_cat":[51],"product_tag":[],"class_list":{"0":"post-4778","1":"product","2":"type-product","3":"status-publish","4":"has-post-thumbnail","6":"product_cat-custom-food-packaging-bags","8":"first","9":"instock","10":"shipping-taxable","11":"product-type-simple"},"_links":{"self":[{"href":"https:\/\/www.hyflexpack.com\/it\/wp-json\/wp\/v2\/product\/4778","targetHints":{"allow":["GET"]}}],"collection":[{"href":"https:\/\/www.hyflexpack.com\/it\/wp-json\/wp\/v2\/product"}],"about":[{"href":"https:\/\/www.hyflexpack.com\/it\/wp-json\/wp\/v2\/types\/product"}],"replies":[{"embeddable":true,"href":"https:\/\/www.hyflexpack.com\/it\/wp-json\/wp\/v2\/comments?post=4778"}],"wp:featuredmedia":[{"embeddable":true,"href":"https:\/\/www.hyflexpack.com\/it\/wp-json\/wp\/v2\/media\/4779"}],"wp:attachment":[{"href":"https:\/\/www.hyflexpack.com\/it\/wp-json\/wp\/v2\/media?parent=4778"}],"wp:term":[{"taxonomy":"product_brand","embeddable":true,"href":"https:\/\/www.hyflexpack.com\/it\/wp-json\/wp\/v2\/product_brand?post=4778"},{"taxonomy":"product_cat","embeddable":true,"href":"https:\/\/www.hyflexpack.com\/it\/wp-json\/wp\/v2\/product_cat?post=4778"},{"taxonomy":"product_tag","embeddable":true,"href":"https:\/\/www.hyflexpack.com\/it\/wp-json\/wp\/v2\/product_tag?post=4778"}],"curies":[{"name":"wp","href":"https:\/\/api.w.org\/{rel}","templated":true}]}}