{"id":4653,"date":"2024-06-28T04:06:46","date_gmt":"2024-06-28T04:06:46","guid":{"rendered":"https:\/\/www.hyflexpack.com\/?post_type=product&#038;p=4653"},"modified":"2025-11-04T09:10:11","modified_gmt":"2025-11-04T09:10:11","slug":"custom-printed-healthy-snack-packages","status":"publish","type":"product","link":"https:\/\/www.hyflexpack.com\/it\/product\/custom-printed-healthy-snack-packages\/","title":{"rendered":"Pacchetti di snack sani stampati su misura Foglio di alluminio richiudibile per prugne e altri imballaggi alimentari di frutta secca"},"content":{"rendered":"<div class=\"wp-block-columns is-layout-flex wp-container-core-columns-is-layout-9d6595d7 wp-block-columns-is-layout-flex\">\n<div class=\"wp-block-column is-layout-flow wp-block-column-is-layout-flow\">\n<h3 class=\"wp-block-heading\">Caratteristiche delle confezioni di snack salutari di alta qualit\u00e0<\/h3>\n\n\n\n<ul class=\"wp-block-list\">\n<li>Materiale ecologico: Le confezioni di snack salutari sono realizzate in foglio di alluminio riciclabile, ecologico e sicuro, in linea con i moderni requisiti ambientali.<\/li>\n<\/ul>\n\n\n\n<p><\/p>\n\n\n\n<ul class=\"wp-block-list\">\n<li>Design richiudibile: Dotato di un design richiudibile per garantire la freschezza e il gusto degli snack per pi\u00f9 porzioni.<\/li>\n<\/ul>\n\n\n\n<p><\/p>\n\n\n\n<ul class=\"wp-block-list\">\n<li>Elevate propriet\u00e0 barriera: il materiale del foglio di alluminio ha eccellenti propriet\u00e0 di resistenza all'umidit\u00e0, all'ossigeno e alla luce, prolungando la durata di conservazione della frutta secca.<\/li>\n<\/ul>\n\n\n\n<p><\/p>\n\n\n\n<ul class=\"wp-block-list\">\n<li>Versatilit\u00e0: adatto per prugne e altri tipi di frutta secca, soddisfa le esigenze di confezionamento di diversi prodotti.<\/li>\n<\/ul>\n\n\n\n<p><\/p>\n\n\n\n<ul class=\"wp-block-list\">\n<li>Convenienza: leggero e facile da trasportare, adatto al lavoro, ai viaggi e alle attivit\u00e0 all'aria aperta, consente ai consumatori di gustare spuntini sani in qualsiasi momento.<\/li>\n<\/ul>\n<\/div>\n\n\n\n<div class=\"wp-block-column is-layout-flow wp-block-column-is-layout-flow\">\n<figure class=\"wp-block-image size-full\"><img fetchpriority=\"high\" decoding=\"async\" width=\"750\" height=\"750\" src=\"https:\/\/www.hyflexpack.com\/wp-content\/uploads\/2024\/06\/Custom-printed-healthy-snack-packages-2.webp\" alt=\"Confezioni di snack salutari stampate su misura\" class=\"wp-image-4655\" srcset=\"https:\/\/www.hyflexpack.com\/wp-content\/uploads\/2024\/06\/Custom-printed-healthy-snack-packages-2.webp 750w, https:\/\/www.hyflexpack.com\/wp-content\/uploads\/2024\/06\/Custom-printed-healthy-snack-packages-2-300x300.webp 300w, https:\/\/www.hyflexpack.com\/wp-content\/uploads\/2024\/06\/Custom-printed-healthy-snack-packages-2-150x150.webp 150w, https:\/\/www.hyflexpack.com\/wp-content\/uploads\/2024\/06\/Custom-printed-healthy-snack-packages-2-12x12.webp 12w, https:\/\/www.hyflexpack.com\/wp-content\/uploads\/2024\/06\/Custom-printed-healthy-snack-packages-2-285x285.webp 285w, https:\/\/www.hyflexpack.com\/wp-content\/uploads\/2024\/06\/Custom-printed-healthy-snack-packages-2-270x270.webp 270w, https:\/\/www.hyflexpack.com\/wp-content\/uploads\/2024\/06\/Custom-printed-healthy-snack-packages-2-540x540.webp 540w, https:\/\/www.hyflexpack.com\/wp-content\/uploads\/2024\/06\/Custom-printed-healthy-snack-packages-2-660x660.webp 660w\" sizes=\"(max-width: 750px) 100vw, 750px\" \/><\/figure>\n<\/div>\n<\/div>\n\n\n\n<p><\/p>","protected":false},"excerpt":{"rendered":"<p>Migliorate l'immagine del vostro marchio con le confezioni di snack salutari e garantite la freschezza e la bont\u00e0 delle prugne e di altra frutta secca. \u00c8 la scelta migliore per esporre e vendere snack sani.<\/p>\n<h3>Vantaggi del fornitore di pacchetti di snack salutari<\/h3>\n<div class=\"elementor-element elementor-element-665ef9f elementor-widget elementor-widget-text-editor\" data-id=\"665ef9f\" data-element_type=\"widget\" data-widget_type=\"text-editor.default\">\n<div class=\"elementor-widget-container\">\n<ul>\n<li><strong>Design personalizzato<\/strong>: Fornire soluzioni di design personalizzate, supportare OEM\/ODM, personalizzare con diverse specifiche, dimensioni, modelli di stampa, ecc.<\/li>\n<li><strong>Garanzia di qualit\u00e0<\/strong>: Controllare il processo di produzione e disporre di materiali di alta qualit\u00e0 e attrezzature avanzate per garantire la qualit\u00e0 del prodotto.<\/li>\n<li><strong>Consegna puntuale<\/strong>: Ottimizzare il processo di produzione e migliorare l'efficienza produttiva per garantire consegne puntuali e soddisfare le esigenze urgenti dei clienti.<\/li>\n<li><strong>Assistenza tecnica professionale<\/strong>: Il team tecnico esperto fornisce un'assistenza tecnica professionale e un servizio di consulenza post-vendita 24 ore su 24.<\/li>\n<li><strong>Campione gratuito<\/strong>: Fornire un servizio di campionamento gratuito per valutare i prodotti.<\/li>\n<\/ul>\n<p>Huiyang Packaging si impegna a fornire ai clienti confezioni di snack salutari di alta qualit\u00e0 e personalizzate, per aiutarli a migliorare l'immagine dei loro prodotti e ad aumentare la competitivit\u00e0 sul mercato.<\/p><\/div>\n<\/div>","protected":false},"featured_media":4654,"comment_status":"open","ping_status":"closed","template":"","meta":[],"product_brand":[],"product_cat":[51,87],"product_tag":[],"class_list":{"0":"post-4653","1":"product","2":"type-product","3":"status-publish","4":"has-post-thumbnail","6":"product_cat-custom-food-packaging-bags","7":"product_cat-dried-fruit-packaging-bags-wholesale","9":"first","10":"instock","11":"shipping-taxable","12":"product-type-simple"},"_links":{"self":[{"href":"https:\/\/www.hyflexpack.com\/it\/wp-json\/wp\/v2\/product\/4653","targetHints":{"allow":["GET"]}}],"collection":[{"href":"https:\/\/www.hyflexpack.com\/it\/wp-json\/wp\/v2\/product"}],"about":[{"href":"https:\/\/www.hyflexpack.com\/it\/wp-json\/wp\/v2\/types\/product"}],"replies":[{"embeddable":true,"href":"https:\/\/www.hyflexpack.com\/it\/wp-json\/wp\/v2\/comments?post=4653"}],"wp:featuredmedia":[{"embeddable":true,"href":"https:\/\/www.hyflexpack.com\/it\/wp-json\/wp\/v2\/media\/4654"}],"wp:attachment":[{"href":"https:\/\/www.hyflexpack.com\/it\/wp-json\/wp\/v2\/media?parent=4653"}],"wp:term":[{"taxonomy":"product_brand","embeddable":true,"href":"https:\/\/www.hyflexpack.com\/it\/wp-json\/wp\/v2\/product_brand?post=4653"},{"taxonomy":"product_cat","embeddable":true,"href":"https:\/\/www.hyflexpack.com\/it\/wp-json\/wp\/v2\/product_cat?post=4653"},{"taxonomy":"product_tag","embeddable":true,"href":"https:\/\/www.hyflexpack.com\/it\/wp-json\/wp\/v2\/product_tag?post=4653"}],"curies":[{"name":"wp","href":"https:\/\/api.w.org\/{rel}","templated":true}]}}