{"id":4629,"date":"2024-06-27T03:36:20","date_gmt":"2024-06-27T03:36:20","guid":{"rendered":"https:\/\/www.hyflexpack.com\/?post_type=product&#038;p=4629"},"modified":"2025-11-04T09:11:03","modified_gmt":"2025-11-04T09:11:03","slug":"custom-fruit-packaging-bag","status":"publish","type":"product","link":"https:\/\/www.hyflexpack.com\/it\/product\/custom-fruit-packaging-bag\/","title":{"rendered":"Borsa da imballaggio per frutta personalizzata Zip Lock Stand Up Pouch Packaging con manici e fori di sfiato"},"content":{"rendered":"<div class=\"wp-block-columns is-layout-flex wp-container-core-columns-is-layout-9d6595d7 wp-block-columns-is-layout-flex\">\n<div class=\"wp-block-column is-layout-flow wp-block-column-is-layout-flow\">\n<h3 class=\"wp-block-heading\">Caratteristiche della borsa per l'imballaggio della frutta di alta qualit\u00e0<\/h3>\n\n\n\n<ul class=\"wp-block-list\">\n<li>Comodo design della cerniera: Un sacchetto per l'imballaggio della frutta con una cerniera facile da aprire e richiudere, che garantisce la freschezza e la sicurezza degli alimenti.<\/li>\n<\/ul>\n\n\n\n<p><\/p>\n\n\n\n<ul class=\"wp-block-list\">\n<li>Design stand-up: La borsa pu\u00f2 stare in piedi da sola, essere facilmente esposta e riposta sullo scaffale, migliorando l'effetto espositivo del prodotto.<\/li>\n<\/ul>\n\n\n\n<p><\/p>\n\n\n\n<ul class=\"wp-block-list\">\n<li>Maniglia: Progettato con una comoda maniglia, facile da trasportare per i consumatori.<\/li>\n<\/ul>\n\n\n\n<p><\/p>\n\n\n\n<ul class=\"wp-block-list\">\n<li>Design con fori di ventilazione: La borsa \u00e8 dotata di fori di ventilazione che aiutano a mantenere la frutta fresca e ventilata e a prevenire l'accumulo di umidit\u00e0.<\/li>\n<\/ul>\n\n\n\n<p><\/p>\n\n\n\n<ul class=\"wp-block-list\">\n<li>Opzioni di dimensioni multiple: Fornisce una variet\u00e0 di formati per soddisfare le diverse esigenze di confezionamento.<\/li>\n<\/ul>\n\n\n\n<p><\/p>\n\n\n\n<ul class=\"wp-block-list\">\n<li>Materiali di alta qualit\u00e0: Realizzata con materiali di alta qualit\u00e0 per garantire la durata e la resistenza all'umidit\u00e0 della borsa.<\/li>\n<\/ul>\n<\/div>\n\n\n\n<div class=\"wp-block-column is-layout-flow wp-block-column-is-layout-flow\">\n<figure class=\"wp-block-image size-full\"><img fetchpriority=\"high\" decoding=\"async\" width=\"750\" height=\"750\" src=\"https:\/\/www.hyflexpack.com\/wp-content\/uploads\/2024\/06\/Custom-Fruit-Packaging-Bag-6.webp\" alt=\"Borsa per l&#039;imballaggio della frutta personalizzata\" class=\"wp-image-4634\" srcset=\"https:\/\/www.hyflexpack.com\/wp-content\/uploads\/2024\/06\/Custom-Fruit-Packaging-Bag-6.webp 750w, https:\/\/www.hyflexpack.com\/wp-content\/uploads\/2024\/06\/Custom-Fruit-Packaging-Bag-6-300x300.webp 300w, https:\/\/www.hyflexpack.com\/wp-content\/uploads\/2024\/06\/Custom-Fruit-Packaging-Bag-6-150x150.webp 150w, https:\/\/www.hyflexpack.com\/wp-content\/uploads\/2024\/06\/Custom-Fruit-Packaging-Bag-6-12x12.webp 12w, https:\/\/www.hyflexpack.com\/wp-content\/uploads\/2024\/06\/Custom-Fruit-Packaging-Bag-6-285x285.webp 285w, https:\/\/www.hyflexpack.com\/wp-content\/uploads\/2024\/06\/Custom-Fruit-Packaging-Bag-6-270x270.webp 270w, https:\/\/www.hyflexpack.com\/wp-content\/uploads\/2024\/06\/Custom-Fruit-Packaging-Bag-6-540x540.webp 540w, https:\/\/www.hyflexpack.com\/wp-content\/uploads\/2024\/06\/Custom-Fruit-Packaging-Bag-6-660x660.webp 660w\" sizes=\"(max-width: 750px) 100vw, 750px\" \/><\/figure>\n<\/div>\n<\/div>","protected":false},"excerpt":{"rendered":"<p>Questo sacchetto per l'imballaggio della frutta adotta un design a cerniera, affermando la freschezza della frutta, la struttura verticale \u00e8 comoda da esporre, per adattarsi alle diverse esigenze, e materiali di alta qualit\u00e0 per garantire la durata e la resistenza all'umidit\u00e0, che \u00e8 la soluzione ideale per l'imballaggio di verdure e frutta. Contattateci per un preventivo!<\/p>\n<h3>Vantaggi del fornitore di sacchetti per l'imballaggio della frutta<\/h3>\n<ul>\n<li><strong>Design personalizzato<\/strong>: Forniamo un servizio di progettazione personalizzata di sacchetti per l'imballaggio della frutta, compresa la personalizzazione del materiale, delle dimensioni e del modello di stampa per soddisfare le esigenze dei clienti, e supportiamo OEM e ODM.<\/li>\n<li><strong>Produzione<\/strong>: Grazie ad attrezzature e tecnologie avanzate, siamo in grado di completare la produzione degli ordini con alta efficienza e alta qualit\u00e0, e di consegnare in tempo.<\/li>\n<li><strong>Ispezione della qualit\u00e0<\/strong>: Seguire rigorosamente gli standard di qualit\u00e0 e i requisiti di sicurezza alimentare per garantire la conformit\u00e0 dei prodotti agli standard.<\/li>\n<li><strong>Supporto tecnico del team<\/strong>: Il nostro team ha una ricca esperienza nel settore e conoscenze professionali, ed \u00e8 in grado di fornire assistenza tecnica e un servizio di consulenza 24 ore su 24 ai nostri clienti.<\/li>\n<li><strong>Campione gratuito<\/strong>: Fornire un servizio di campionamento gratuito per valutare i prodotti.<\/li>\n<\/ul>\n<p>Huiyang Packaging si impegna a fornire ai clienti un sacchetto per l'imballaggio dei condimenti di frutta di alta qualit\u00e0 e personalizzato, per aiutarli a migliorare l'immagine dei loro prodotti e ad aumentare la competitivit\u00e0 del mercato.<\/p>","protected":false},"featured_media":4630,"comment_status":"open","ping_status":"closed","template":"","meta":[],"product_brand":[],"product_cat":[51,106],"product_tag":[],"class_list":{"0":"post-4629","1":"product","2":"type-product","3":"status-publish","4":"has-post-thumbnail","6":"product_cat-custom-food-packaging-bags","7":"product_cat-vegetable-packaging-bags-wholesale","9":"first","10":"instock","11":"shipping-taxable","12":"product-type-simple"},"_links":{"self":[{"href":"https:\/\/www.hyflexpack.com\/it\/wp-json\/wp\/v2\/product\/4629","targetHints":{"allow":["GET"]}}],"collection":[{"href":"https:\/\/www.hyflexpack.com\/it\/wp-json\/wp\/v2\/product"}],"about":[{"href":"https:\/\/www.hyflexpack.com\/it\/wp-json\/wp\/v2\/types\/product"}],"replies":[{"embeddable":true,"href":"https:\/\/www.hyflexpack.com\/it\/wp-json\/wp\/v2\/comments?post=4629"}],"wp:featuredmedia":[{"embeddable":true,"href":"https:\/\/www.hyflexpack.com\/it\/wp-json\/wp\/v2\/media\/4630"}],"wp:attachment":[{"href":"https:\/\/www.hyflexpack.com\/it\/wp-json\/wp\/v2\/media?parent=4629"}],"wp:term":[{"taxonomy":"product_brand","embeddable":true,"href":"https:\/\/www.hyflexpack.com\/it\/wp-json\/wp\/v2\/product_brand?post=4629"},{"taxonomy":"product_cat","embeddable":true,"href":"https:\/\/www.hyflexpack.com\/it\/wp-json\/wp\/v2\/product_cat?post=4629"},{"taxonomy":"product_tag","embeddable":true,"href":"https:\/\/www.hyflexpack.com\/it\/wp-json\/wp\/v2\/product_tag?post=4629"}],"curies":[{"name":"wp","href":"https:\/\/api.w.org\/{rel}","templated":true}]}}