{"id":4599,"date":"2024-06-22T01:57:43","date_gmt":"2024-06-22T01:57:43","guid":{"rendered":"https:\/\/www.hyflexpack.com\/?post_type=product&#038;p=4599"},"modified":"2025-10-23T09:08:53","modified_gmt":"2025-10-23T09:08:53","slug":"sacchetti-retort-allingrosso","status":"publish","type":"product","link":"https:\/\/www.hyflexpack.com\/it\/product\/wholesale-retort-pouches\/","title":{"rendered":"Sacchetti di storta all'ingrosso Guarnizione ecologica a quattro lati per l'imballaggio alimentare di strappo facile di Jerky"},"content":{"rendered":"<div class=\"wp-block-columns is-layout-flex wp-container-core-columns-is-layout-9d6595d7 wp-block-columns-is-layout-flex\">\n<div class=\"wp-block-column is-layout-flow wp-block-column-is-layout-flow\">\n<h3 class=\"wp-block-heading\">Caratteristiche delle buste Retort di alta qualit\u00e0<\/h3>\n\n\n\n<ul class=\"wp-block-list\">\n<li>Materiali ecologici: Le buste Retort sono realizzate con materiali ecologici e riducono l'impatto ambientale.<\/li>\n<\/ul>\n\n\n\n<p><\/p>\n\n\n\n<ul class=\"wp-block-list\">\n<li>Design a quattro guarnizioni laterali: Garantisce una tenuta sicura da tutti i lati, assicurando la freschezza e prevenendo le perdite.<\/li>\n<\/ul>\n\n\n\n<p><\/p>\n\n\n\n<ul class=\"wp-block-list\">\n<li>Apertura a strappo facile: Dotato di una comoda funzione di apertura a strappo per facilitare l'apertura da parte dei consumatori.<\/li>\n<\/ul>\n\n\n\n<p><\/p>\n\n\n\n<ul class=\"wp-block-list\">\n<li>Resistenza al calore: In grado di resistere alle alte temperature durante la lavorazione a storta, mantenendo la qualit\u00e0 e la sicurezza degli alimenti.<\/li>\n<\/ul>\n\n\n\n<p><\/p>\n\n\n\n<ul class=\"wp-block-list\">\n<li>Protezione barriera: Offre eccellenti propriet\u00e0 barriera contro l'umidit\u00e0, l'ossigeno e la luce, preservando il sapore degli alimenti e prolungandone la durata.<\/li>\n<\/ul>\n\n\n\n<p><\/p>\n\n\n\n<ul class=\"wp-block-list\">\n<li>Uso versatile: Adatto a vari prodotti alimentari oltre alle carni essiccate, come zuppe, salse e piatti pronti, offre versatilit\u00e0 nelle soluzioni di confezionamento.<\/li>\n<\/ul>\n<\/div>\n\n\n\n<div class=\"wp-block-column is-layout-flow wp-block-column-is-layout-flow\">\n<figure class=\"wp-block-image size-full\"><img fetchpriority=\"high\" decoding=\"async\" width=\"750\" height=\"750\" src=\"https:\/\/www.hyflexpack.com\/wp-content\/uploads\/2024\/06\/Wholesale-Retort-Pouches-2.webp\" alt=\"all&#039;ingrosso Sacchetti per ritorsione\" class=\"wp-image-4601\" srcset=\"https:\/\/www.hyflexpack.com\/wp-content\/uploads\/2024\/06\/Wholesale-Retort-Pouches-2.webp 750w, https:\/\/www.hyflexpack.com\/wp-content\/uploads\/2024\/06\/Wholesale-Retort-Pouches-2-300x300.webp 300w, https:\/\/www.hyflexpack.com\/wp-content\/uploads\/2024\/06\/Wholesale-Retort-Pouches-2-150x150.webp 150w, https:\/\/www.hyflexpack.com\/wp-content\/uploads\/2024\/06\/Wholesale-Retort-Pouches-2-12x12.webp 12w, https:\/\/www.hyflexpack.com\/wp-content\/uploads\/2024\/06\/Wholesale-Retort-Pouches-2-285x285.webp 285w, https:\/\/www.hyflexpack.com\/wp-content\/uploads\/2024\/06\/Wholesale-Retort-Pouches-2-270x270.webp 270w, https:\/\/www.hyflexpack.com\/wp-content\/uploads\/2024\/06\/Wholesale-Retort-Pouches-2-540x540.webp 540w, https:\/\/www.hyflexpack.com\/wp-content\/uploads\/2024\/06\/Wholesale-Retort-Pouches-2-660x660.webp 660w\" sizes=\"(max-width: 750px) 100vw, 750px\" \/><\/figure>\n<\/div>\n<\/div>","protected":false},"excerpt":{"rendered":"<p>Scoprite il design ecologico delle buste retort con chiusura su quattro lati, appositamente studiate per prodotti alimentari come il jerky. Ci impegniamo a fornirvi soluzioni di imballaggio affidabili che proteggano la qualit\u00e0 degli alimenti e riducano l'impatto ambientale.<\/p>\n<h3>Vantaggi del fornitore di buste Retort<\/h3>\n<ul>\n<li><strong>Design personalizzato<\/strong>: Forniamo un servizio di sacchetti di caff\u00e8 dal design personalizzato, con dimensioni, colori, design e stampa su misura in base alle esigenze del cliente, per garantire che il prodotto sia diverso ed evidenziare l'immagine del marchio e supportare OEM e ODM.<\/li>\n<li><strong>Team di progettazione professionale<\/strong>: Disponiamo di un team esperto di R&amp;S e progettazione per fornire ai clienti soluzioni di design innovative e pratiche.<\/li>\n<li><strong>Garanzia di qualit\u00e0<\/strong>: Seguire rigorosamente gli standard internazionali di gestione della qualit\u00e0, i materiali di alta qualit\u00e0 e la tecnologia avanzata per garantire una qualit\u00e0 del prodotto stabile e affidabile.<\/li>\n<li><strong>Assistenza post-vendita completa<\/strong>: Ascoltiamo attivamente il feedback dei clienti, miglioriamo continuamente i nostri prodotti e servizi e stabiliamo relazioni di cooperazione stabili e a lungo termine.<\/li>\n<\/ul>\n<p>Huiyang Packaging si impegna a fornire ai clienti buste retort di alta qualit\u00e0 e personalizzate, per aiutarli a migliorare l'immagine dei loro prodotti e ad aumentare la competitivit\u00e0 sul mercato.<\/p>","protected":false},"featured_media":4601,"comment_status":"open","ping_status":"closed","template":"","meta":[],"product_brand":[],"product_cat":[79],"product_tag":[],"class_list":{"0":"post-4599","1":"product","2":"type-product","3":"status-publish","4":"has-post-thumbnail","6":"product_cat-custom-retort-pouch","8":"first","9":"instock","10":"shipping-taxable","11":"product-type-simple"},"_links":{"self":[{"href":"https:\/\/www.hyflexpack.com\/it\/wp-json\/wp\/v2\/product\/4599","targetHints":{"allow":["GET"]}}],"collection":[{"href":"https:\/\/www.hyflexpack.com\/it\/wp-json\/wp\/v2\/product"}],"about":[{"href":"https:\/\/www.hyflexpack.com\/it\/wp-json\/wp\/v2\/types\/product"}],"replies":[{"embeddable":true,"href":"https:\/\/www.hyflexpack.com\/it\/wp-json\/wp\/v2\/comments?post=4599"}],"wp:featuredmedia":[{"embeddable":true,"href":"https:\/\/www.hyflexpack.com\/it\/wp-json\/wp\/v2\/media\/4601"}],"wp:attachment":[{"href":"https:\/\/www.hyflexpack.com\/it\/wp-json\/wp\/v2\/media?parent=4599"}],"wp:term":[{"taxonomy":"product_brand","embeddable":true,"href":"https:\/\/www.hyflexpack.com\/it\/wp-json\/wp\/v2\/product_brand?post=4599"},{"taxonomy":"product_cat","embeddable":true,"href":"https:\/\/www.hyflexpack.com\/it\/wp-json\/wp\/v2\/product_cat?post=4599"},{"taxonomy":"product_tag","embeddable":true,"href":"https:\/\/www.hyflexpack.com\/it\/wp-json\/wp\/v2\/product_tag?post=4599"}],"curies":[{"name":"wp","href":"https:\/\/api.w.org\/{rel}","templated":true}]}}