{"id":4591,"date":"2024-06-22T01:14:44","date_gmt":"2024-06-22T01:14:44","guid":{"rendered":"https:\/\/www.hyflexpack.com\/?post_type=product&#038;p=4591"},"modified":"2024-06-22T01:14:46","modified_gmt":"2024-06-22T01:14:46","slug":"busta-retort-personalizzata","status":"publish","type":"product","link":"https:\/\/www.hyflexpack.com\/it\/product\/custom-retort-pouch\/","title":{"rendered":"Sacchetto di ritorsione personalizzato Sacchetti stand-up facili da strappare resistenti al calore di grado alimentare"},"content":{"rendered":"<div class=\"wp-block-columns is-layout-flex wp-container-core-columns-is-layout-9d6595d7 wp-block-columns-is-layout-flex\">\n<div class=\"wp-block-column is-layout-flow wp-block-column-is-layout-flow\">\n<h3 class=\"wp-block-heading\">Caratteristiche della busta Retort di alta qualit\u00e0<\/h3>\n\n\n\n<ul class=\"wp-block-list\">\n<li>Materiale di qualit\u00e0 alimentare: La busta retort \u00e8 realizzata con materiali di alta qualit\u00e0, che garantiscono la sicurezza e la conformit\u00e0 agli standard di confezionamento alimentare.<\/li>\n<\/ul>\n\n\n\n<p><\/p>\n\n\n\n<ul class=\"wp-block-list\">\n<li>Resistenza al calore: Progettato per resistere alle alte temperature durante la lavorazione a storta, mantenendo l'integrit\u00e0 e la sicurezza degli alimenti confezionati.<\/li>\n<\/ul>\n\n\n\n<p><\/p>\n\n\n\n<ul class=\"wp-block-list\">\n<li>Funzione di strappo facile: Dotato di un intaglio o di una funzione di strappo facile per consentire ai consumatori di aprirlo comodamente senza bisogno di forbici o altri strumenti.<\/li>\n<\/ul>\n\n\n\n<p><\/p>\n\n\n\n<ul class=\"wp-block-list\">\n<li>Design stand-up: L'innovativo design della busta stand-up consente di riporla, esporla e maneggiarla facilmente sugli scaffali dei negozi.<\/li>\n<\/ul>\n\n\n\n<p><\/p>\n\n\n\n<ul class=\"wp-block-list\">\n<li>Propriet\u00e0 barriera: Offre eccellenti propriet\u00e0 barriera contro l'umidit\u00e0, l'ossigeno e la luce, preservando la freschezza degli alimenti e prolungandone la durata.<\/li>\n<\/ul>\n\n\n\n<p><\/p>\n\n\n\n<ul class=\"wp-block-list\">\n<li>Versatilit\u00e0: Adatto a un'ampia gamma di prodotti alimentari, tra cui zuppe, salse, piatti pronti e alimenti per animali, offre flessibilit\u00e0 nelle soluzioni di confezionamento.<\/li>\n<\/ul>\n<\/div>\n\n\n\n<div class=\"wp-block-column is-layout-flow wp-block-column-is-layout-flow\">\n<figure class=\"wp-block-image size-full\"><img fetchpriority=\"high\" decoding=\"async\" width=\"750\" height=\"750\" src=\"https:\/\/www.hyflexpack.com\/wp-content\/uploads\/2024\/06\/Custom-Retort-Pouch-3.webp\" alt=\"Sacchetto personalizzato per la conservazione\" class=\"wp-image-4593\" srcset=\"https:\/\/www.hyflexpack.com\/wp-content\/uploads\/2024\/06\/Custom-Retort-Pouch-3.webp 750w, https:\/\/www.hyflexpack.com\/wp-content\/uploads\/2024\/06\/Custom-Retort-Pouch-3-300x300.webp 300w, https:\/\/www.hyflexpack.com\/wp-content\/uploads\/2024\/06\/Custom-Retort-Pouch-3-150x150.webp 150w, https:\/\/www.hyflexpack.com\/wp-content\/uploads\/2024\/06\/Custom-Retort-Pouch-3-12x12.webp 12w, https:\/\/www.hyflexpack.com\/wp-content\/uploads\/2024\/06\/Custom-Retort-Pouch-3-285x285.webp 285w, https:\/\/www.hyflexpack.com\/wp-content\/uploads\/2024\/06\/Custom-Retort-Pouch-3-270x270.webp 270w, https:\/\/www.hyflexpack.com\/wp-content\/uploads\/2024\/06\/Custom-Retort-Pouch-3-540x540.webp 540w, https:\/\/www.hyflexpack.com\/wp-content\/uploads\/2024\/06\/Custom-Retort-Pouch-3-660x660.webp 660w\" sizes=\"(max-width: 750px) 100vw, 750px\" \/><\/figure>\n<\/div>\n<\/div>","protected":false},"excerpt":{"rendered":"<p>Le buste stand-up a strappo resistenti al calore sono diventate la scelta ideale per marchi e produttori alla ricerca di soluzioni di confezionamento affidabili, sicure e convenienti per un'ampia gamma di prodotti alimentari. Contattateci per saperne di pi\u00f9!<\/p>\n<h3>Vantaggi del fornitore di buste Retort<\/h3>\n<ul>\n<li><strong>Design personalizzato<\/strong>: Forniamo un servizio personalizzato di sacchetti per la conservazione, che comprende la personalizzazione del materiale, delle dimensioni e del modello di stampa per soddisfare le esigenze dei clienti, e supportiamo l'OEM e l'ODM.<\/li>\n<li><strong>Produzione<\/strong>: Grazie ad attrezzature e tecnologie avanzate, siamo in grado di completare gli ordini con un'elevata efficienza e qualit\u00e0 e di consegnare in tempo.<\/li>\n<li><strong>Ispezione della qualit\u00e0<\/strong>: Seguire rigorosamente gli standard di qualit\u00e0 e i requisiti di sicurezza alimentare per garantire la conformit\u00e0 dei prodotti agli standard.<\/li>\n<li><strong>Supporto tecnico del team<\/strong>: Il nostro team ha una ricca esperienza nel settore e conoscenze professionali, ed \u00e8 in grado di fornire assistenza tecnica e un servizio di consulenza 24 ore su 24 ai nostri clienti.<\/li>\n<li><strong>Campione gratuito<\/strong>: Fornire un servizio di campionamento gratuito per valutare i prodotti.<\/li>\n<\/ul>\n<p>Huiyang Packaging si impegna a fornire ai clienti sacchetti di alta qualit\u00e0 e personalizzati per aiutarli a migliorare l'immagine dei loro prodotti e ad aumentare la competitivit\u00e0 del mercato.<\/p>","protected":false},"featured_media":4593,"comment_status":"open","ping_status":"closed","template":"","meta":[],"product_brand":[],"product_cat":[51],"product_tag":[],"class_list":{"0":"post-4591","1":"product","2":"type-product","3":"status-publish","4":"has-post-thumbnail","6":"product_cat-custom-food-packaging-bags","8":"first","9":"instock","10":"shipping-taxable","11":"product-type-simple"},"_links":{"self":[{"href":"https:\/\/www.hyflexpack.com\/it\/wp-json\/wp\/v2\/product\/4591","targetHints":{"allow":["GET"]}}],"collection":[{"href":"https:\/\/www.hyflexpack.com\/it\/wp-json\/wp\/v2\/product"}],"about":[{"href":"https:\/\/www.hyflexpack.com\/it\/wp-json\/wp\/v2\/types\/product"}],"replies":[{"embeddable":true,"href":"https:\/\/www.hyflexpack.com\/it\/wp-json\/wp\/v2\/comments?post=4591"}],"wp:featuredmedia":[{"embeddable":true,"href":"https:\/\/www.hyflexpack.com\/it\/wp-json\/wp\/v2\/media\/4593"}],"wp:attachment":[{"href":"https:\/\/www.hyflexpack.com\/it\/wp-json\/wp\/v2\/media?parent=4591"}],"wp:term":[{"taxonomy":"product_brand","embeddable":true,"href":"https:\/\/www.hyflexpack.com\/it\/wp-json\/wp\/v2\/product_brand?post=4591"},{"taxonomy":"product_cat","embeddable":true,"href":"https:\/\/www.hyflexpack.com\/it\/wp-json\/wp\/v2\/product_cat?post=4591"},{"taxonomy":"product_tag","embeddable":true,"href":"https:\/\/www.hyflexpack.com\/it\/wp-json\/wp\/v2\/product_tag?post=4591"}],"curies":[{"name":"wp","href":"https:\/\/api.w.org\/{rel}","templated":true}]}}