{"id":4526,"date":"2024-06-14T10:42:17","date_gmt":"2024-06-14T10:42:17","guid":{"rendered":"https:\/\/www.hyflexpack.com\/?post_type=product&#038;p=4526"},"modified":"2026-01-23T06:27:51","modified_gmt":"2026-01-23T06:27:51","slug":"sustainable-pet-food-packaging-bags","status":"publish","type":"product","link":"https:\/\/www.hyflexpack.com\/it\/product\/sustainable-pet-food-packaging-bags\/","title":{"rendered":"Sostenibile Pet Food Packaging borse all'ingrosso Zipper con piccola finestra in piedi sacchetti"},"content":{"rendered":"<div class=\"wp-block-columns is-layout-flex wp-container-core-columns-is-layout-9d6595d7 wp-block-columns-is-layout-flex\">\n<div class=\"wp-block-column is-layout-flow wp-block-column-is-layout-flow\">\n<h3 class=\"wp-block-heading\">Caratteristiche dei sacchetti di imballaggio per alimenti per animali domestici sostenibili di alta qualit\u00e0<\/h3>\n\n\n\n<ul class=\"wp-block-list\">\n<li>Materiali sostenibili: utilizzare materiali sostenibili, come quelli biodegradabili o riciclabili, per ridurre l'impatto sull'ambiente.<\/li>\n<\/ul>\n\n\n\n<p><\/p>\n\n\n\n<ul class=\"wp-block-list\">\n<li>Materiali ad alta barriera per alimenti: I materiali ad alta barriera per uso alimentare, come PET, PE e fogli di alluminio, sono utilizzati per garantire la freschezza e la sicurezza del cibo per animali, prevenire l'umidit\u00e0 e l'ossidazione e prolungare la durata di conservazione.<\/li>\n<\/ul>\n\n\n\n<p><\/p>\n\n\n\n<ul class=\"wp-block-list\">\n<li>Design con finestra piccola: Progettato con una piccola finestra, consente ai consumatori di visualizzare facilmente il contenuto del prodotto, aumentando l'interattivit\u00e0 e l'attrattiva.<\/li>\n<\/ul>\n\n\n\n<p><\/p>\n\n\n\n<ul class=\"wp-block-list\">\n<li>Guarnizione a cerniera: Chiusura lampo incorporata, facile da riaprire e sigillare pi\u00f9 volte, mantiene il cibo fresco e ne previene l'ossidazione.<\/li>\n<\/ul>\n\n\n\n<p><\/p>\n\n\n\n<ul class=\"wp-block-list\">\n<li>Design a sacchetto: La struttura a sacchetto consente alla borsa di stare saldamente in piedi su scaffali o vetrine, risparmiando spazio espositivo e migliorando la presentazione del prodotto.<\/li>\n<\/ul>\n<\/div>\n\n\n\n<div class=\"wp-block-column is-layout-flow wp-block-column-is-layout-flow\">\n<figure class=\"wp-block-image size-full\"><img fetchpriority=\"high\" decoding=\"async\" width=\"750\" height=\"750\" src=\"https:\/\/www.hyflexpack.com\/wp-content\/uploads\/2024\/06\/Sustainable-Pet-Food-Packaging-Bags-Wholesale-11.webp\" alt=\"Sacchetti di imballaggio per alimenti per animali domestici sostenibili all&#039;ingrosso\" class=\"wp-image-4550\" srcset=\"https:\/\/www.hyflexpack.com\/wp-content\/uploads\/2024\/06\/Sustainable-Pet-Food-Packaging-Bags-Wholesale-11.webp 750w, https:\/\/www.hyflexpack.com\/wp-content\/uploads\/2024\/06\/Sustainable-Pet-Food-Packaging-Bags-Wholesale-11-300x300.webp 300w, https:\/\/www.hyflexpack.com\/wp-content\/uploads\/2024\/06\/Sustainable-Pet-Food-Packaging-Bags-Wholesale-11-150x150.webp 150w, https:\/\/www.hyflexpack.com\/wp-content\/uploads\/2024\/06\/Sustainable-Pet-Food-Packaging-Bags-Wholesale-11-12x12.webp 12w, https:\/\/www.hyflexpack.com\/wp-content\/uploads\/2024\/06\/Sustainable-Pet-Food-Packaging-Bags-Wholesale-11-285x285.webp 285w, https:\/\/www.hyflexpack.com\/wp-content\/uploads\/2024\/06\/Sustainable-Pet-Food-Packaging-Bags-Wholesale-11-270x270.webp 270w, https:\/\/www.hyflexpack.com\/wp-content\/uploads\/2024\/06\/Sustainable-Pet-Food-Packaging-Bags-Wholesale-11-540x540.webp 540w, https:\/\/www.hyflexpack.com\/wp-content\/uploads\/2024\/06\/Sustainable-Pet-Food-Packaging-Bags-Wholesale-11-660x660.webp 660w\" sizes=\"(max-width: 750px) 100vw, 750px\" \/><\/figure>\n<\/div>\n<\/div>","protected":false},"excerpt":{"rendered":"<p>I nostri sacchetti sostenibili per alimenti per animali domestici sono realizzati con materiali sostenibili combinati con materiali di imballaggio ad alta barriera alimentare come PET, PE e fogli di alluminio per garantire la sicurezza degli alimenti per animali domestici. Contattateci oggi stesso per ricevere campioni e disegni gratuiti.<\/p>\n<h3>Vantaggi del fornitore sostenibile di sacchetti per l'imballaggio di alimenti per animali domestici<\/h3>\n<ul>\n<li><strong>Design personalizzato<\/strong>: Forniamo prodotti su misura, compresi materiale, dimensioni e modello di stampa personalizzati per soddisfare le esigenze dei clienti, e supportiamo OEM e ODM.<\/li>\n<li><strong>Produzione<\/strong>: Con attrezzature e tecnologie avanzate, siamo in grado di completare la produzione dell'ordine con alta efficienza e alta qualit\u00e0 e di consegnare in tempo.<\/li>\n<li><strong>Ispezione della qualit\u00e0<\/strong>: Seguire rigorosamente gli standard di qualit\u00e0 e i requisiti di sicurezza alimentare per la produzione, per garantire che i prodotti siano conformi agli standard.<\/li>\n<li><strong>Servizio clienti<\/strong>24 ore su 24 per fornire una risposta rapida e un'assistenza premurosa al cliente.<\/li>\n<li><strong>Campione gratuito<\/strong>Fornire un servizio di campionamento gratuito per valutare i prodotti.<\/li>\n<\/ul>\n<p>Huiyang Packaging si impegna a fornire ai clienti sacchetti per l'imballaggio di alimenti per animali domestici sostenibili e di alta qualit\u00e0, per aiutarli a migliorare l'immagine dei loro prodotti e ad aumentare la competitivit\u00e0 sul mercato. Il design della busta stand-up migliora la facilit\u00e0 d'uso e la commerciabilit\u00e0. Contattateci oggi stesso per ricevere campioni e disegni gratuiti.<\/p>","protected":false},"featured_media":4540,"comment_status":"open","ping_status":"closed","template":"","meta":[],"product_brand":[],"product_cat":[56],"product_tag":[],"class_list":{"0":"post-4526","1":"product","2":"type-product","3":"status-publish","4":"has-post-thumbnail","6":"product_cat-custom-pet-food-packaging","8":"first","9":"instock","10":"shipping-taxable","11":"product-type-simple"},"_links":{"self":[{"href":"https:\/\/www.hyflexpack.com\/it\/wp-json\/wp\/v2\/product\/4526","targetHints":{"allow":["GET"]}}],"collection":[{"href":"https:\/\/www.hyflexpack.com\/it\/wp-json\/wp\/v2\/product"}],"about":[{"href":"https:\/\/www.hyflexpack.com\/it\/wp-json\/wp\/v2\/types\/product"}],"replies":[{"embeddable":true,"href":"https:\/\/www.hyflexpack.com\/it\/wp-json\/wp\/v2\/comments?post=4526"}],"wp:featuredmedia":[{"embeddable":true,"href":"https:\/\/www.hyflexpack.com\/it\/wp-json\/wp\/v2\/media\/4540"}],"wp:attachment":[{"href":"https:\/\/www.hyflexpack.com\/it\/wp-json\/wp\/v2\/media?parent=4526"}],"wp:term":[{"taxonomy":"product_brand","embeddable":true,"href":"https:\/\/www.hyflexpack.com\/it\/wp-json\/wp\/v2\/product_brand?post=4526"},{"taxonomy":"product_cat","embeddable":true,"href":"https:\/\/www.hyflexpack.com\/it\/wp-json\/wp\/v2\/product_cat?post=4526"},{"taxonomy":"product_tag","embeddable":true,"href":"https:\/\/www.hyflexpack.com\/it\/wp-json\/wp\/v2\/product_tag?post=4526"}],"curies":[{"name":"wp","href":"https:\/\/api.w.org\/{rel}","templated":true}]}}