{"id":3809,"date":"2024-05-25T06:44:47","date_gmt":"2024-05-25T06:44:47","guid":{"rendered":"https:\/\/hyflexpack.com\/?post_type=product&#038;p=3809"},"modified":"2024-05-25T06:44:51","modified_gmt":"2024-05-25T06:44:51","slug":"customize-cookie-packages","status":"publish","type":"product","link":"https:\/\/www.hyflexpack.com\/it\/product\/customize-cookie-packages\/","title":{"rendered":"Personalizzare i pacchetti di biscotti Film trasparente Food Grade sacchetti ad alta barriera"},"content":{"rendered":"<div class=\"wp-block-columns is-layout-flex wp-container-core-columns-is-layout-9d6595d7 wp-block-columns-is-layout-flex\">\n<div class=\"wp-block-column is-layout-flow wp-block-column-is-layout-flow\">\n<h3 class=\"wp-block-heading\">Caratteristiche dei pacchetti di biscotti di alta qualit\u00e0<\/h3>\n\n\n\n<ul class=\"wp-block-list\">\n<li>Materiale per uso alimentare: la pellicola delle confezioni di biscotti \u00e8 realizzata in materiale per uso alimentare, il che garantisce che la confezione sia sicura per il contatto con gli alimenti e innocua per la salute.<\/li>\n<\/ul>\n\n\n\n<p><\/p>\n\n\n\n<ul class=\"wp-block-list\">\n<li>Alta trasparenza: Grazie all'elevata trasparenza, consente ai consumatori di vedere chiaramente gli alimenti all'interno della confezione, aumentando l'attrattiva del prodotto.<\/li>\n<\/ul>\n\n\n\n<p><\/p>\n\n\n\n<ul class=\"wp-block-list\">\n<li>Elevata propriet\u00e0 barriera: Possiede eccellenti propriet\u00e0 di barriera all'ossigeno e all'umidit\u00e0, prolungando efficacemente la freschezza e la qualit\u00e0 dei prodotti alimentari.<\/li>\n<\/ul>\n\n\n\n<p><\/p>\n\n\n\n<ul class=\"wp-block-list\">\n<li>Posizionamento del marchio: Il design e la stampa personalizzati possono essere utilizzati per evidenziare l'immagine e il messaggio del marchio e attirare pi\u00f9 consumatori.<\/li>\n<\/ul>\n\n\n\n<p><\/p>\n\n\n\n<ul class=\"wp-block-list\">\n<li>Sostenibilit\u00e0: Utilizzare materiali biodegradabili o introdurre sacchetti riciclabili per soddisfare la preferenza dei consumatori per i prodotti ecologici.<\/li>\n<\/ul>\n<\/div>\n\n\n\n<div class=\"wp-block-column is-layout-flow wp-block-column-is-layout-flow\">\n<figure class=\"wp-block-image size-full\"><img fetchpriority=\"high\" decoding=\"async\" width=\"750\" height=\"750\" src=\"https:\/\/hyflexpack.com\/wp-content\/uploads\/2024\/05\/Customize-Cookie-Packages-Film-9.webp\" alt=\"Personalizzare i pacchetti di biscotti Film\" class=\"wp-image-3818\" srcset=\"https:\/\/www.hyflexpack.com\/wp-content\/uploads\/2024\/05\/Customize-Cookie-Packages-Film-9.webp 750w, https:\/\/www.hyflexpack.com\/wp-content\/uploads\/2024\/05\/Customize-Cookie-Packages-Film-9-300x300.webp 300w, https:\/\/www.hyflexpack.com\/wp-content\/uploads\/2024\/05\/Customize-Cookie-Packages-Film-9-150x150.webp 150w, https:\/\/www.hyflexpack.com\/wp-content\/uploads\/2024\/05\/Customize-Cookie-Packages-Film-9-285x285.webp 285w, https:\/\/www.hyflexpack.com\/wp-content\/uploads\/2024\/05\/Customize-Cookie-Packages-Film-9-270x270.webp 270w, https:\/\/www.hyflexpack.com\/wp-content\/uploads\/2024\/05\/Customize-Cookie-Packages-Film-9-540x540.webp 540w, https:\/\/www.hyflexpack.com\/wp-content\/uploads\/2024\/05\/Customize-Cookie-Packages-Film-9-660x660.webp 660w\" sizes=\"(max-width: 750px) 100vw, 750px\" \/><\/figure>\n<\/div>\n<\/div>","protected":false},"excerpt":{"rendered":"<p>Scoprite come le nostre pellicole per confezioni di biscotti forniscano soluzioni di confezionamento sicure e attraenti per i vostri prodotti, grazie ai loro materiali di grado alimentare, all'elevata trasparenza e alle eccellenti propriet\u00e0 barriera che prolungano la freschezza dei vostri prodotti alimentari. Contattateci oggi stesso e lasciateci personalizzare il vostro esclusivo packaging alimentare!<\/p>\n<h3>Vantaggi dei pacchetti di biscotti<\/h3>\n<ul>\n<li><strong>Design personalizzato<\/strong>: Fornire soluzioni di design personalizzate in base alle esigenze dei clienti per soddisfare i requisiti di diverse specifiche, dimensioni e stampa fino a 10 colori, supportando la personalizzazione OEM e ODM.<\/li>\n<li><strong>Produzione<\/strong>: Grazie ad attrezzature e tecnologie avanzate, siamo in grado di completare la produzione degli ordini in modo efficiente e di alta qualit\u00e0 e di consegnare in tempo.<\/li>\n<li><strong>Ispezione della qualit\u00e0<\/strong>: Seguiamo rigorosamente gli standard di qualit\u00e0 e i requisiti di sicurezza alimentare per garantire che i nostri prodotti siano conformi agli standard.<\/li>\n<li><strong>Servizio clienti<\/strong>: Fornire un'assistenza rapida e premurosa al servizio clienti 24 ore al giorno.<br \/>Campione gratuito: Forniamo un servizio di campioni gratuiti per valutare i prodotti.<\/li>\n<\/ul>\n<p>Huiyang Packaging si impegna a fornire ai clienti pellicole per confezioni di biscotti di alta qualit\u00e0 e personalizzate, per aiutarli a migliorare l'immagine dei loro prodotti e la loro competitivit\u00e0 sul mercato. domanda dei loro prodotti.<\/p>","protected":false},"featured_media":3819,"comment_status":"open","ping_status":"closed","template":"","meta":[],"product_brand":[],"product_cat":[53],"product_tag":[],"class_list":{"0":"post-3809","1":"product","2":"type-product","3":"status-publish","4":"has-post-thumbnail","6":"product_cat-packaging-film-supplier","8":"first","9":"instock","10":"shipping-taxable","11":"product-type-simple"},"_links":{"self":[{"href":"https:\/\/www.hyflexpack.com\/it\/wp-json\/wp\/v2\/product\/3809","targetHints":{"allow":["GET"]}}],"collection":[{"href":"https:\/\/www.hyflexpack.com\/it\/wp-json\/wp\/v2\/product"}],"about":[{"href":"https:\/\/www.hyflexpack.com\/it\/wp-json\/wp\/v2\/types\/product"}],"replies":[{"embeddable":true,"href":"https:\/\/www.hyflexpack.com\/it\/wp-json\/wp\/v2\/comments?post=3809"}],"wp:featuredmedia":[{"embeddable":true,"href":"https:\/\/www.hyflexpack.com\/it\/wp-json\/wp\/v2\/media\/3819"}],"wp:attachment":[{"href":"https:\/\/www.hyflexpack.com\/it\/wp-json\/wp\/v2\/media?parent=3809"}],"wp:term":[{"taxonomy":"product_brand","embeddable":true,"href":"https:\/\/www.hyflexpack.com\/it\/wp-json\/wp\/v2\/product_brand?post=3809"},{"taxonomy":"product_cat","embeddable":true,"href":"https:\/\/www.hyflexpack.com\/it\/wp-json\/wp\/v2\/product_cat?post=3809"},{"taxonomy":"product_tag","embeddable":true,"href":"https:\/\/www.hyflexpack.com\/it\/wp-json\/wp\/v2\/product_tag?post=3809"}],"curies":[{"name":"wp","href":"https:\/\/api.w.org\/{rel}","templated":true}]}}