{"id":3799,"date":"2024-05-25T03:47:47","date_gmt":"2024-05-25T03:47:47","guid":{"rendered":"https:\/\/hyflexpack.com\/?post_type=product&#038;p=3799"},"modified":"2024-05-25T03:54:57","modified_gmt":"2024-05-25T03:54:57","slug":"film-dimballaggio-per-biscotti-diretto-dalla-fabbrica","status":"publish","type":"product","link":"https:\/\/www.hyflexpack.com\/it\/product\/factory-direct-cookie-packaging-film\/","title":{"rendered":"Film d'imballaggio del biscotto diretto della fabbrica per il film di laminazione della superficie opaca del materiale d'imballaggio dell'alimento"},"content":{"rendered":"<div class=\"wp-block-columns is-layout-flex wp-container-core-columns-is-layout-9d6595d7 wp-block-columns-is-layout-flex\">\n<div class=\"wp-block-column is-layout-flow wp-block-column-is-layout-flow\">\n<h3 class=\"wp-block-heading\">Caratteristiche del film di imballaggio per biscotti di alta qualit\u00e0<\/h3>\n\n\n\n<ul class=\"wp-block-list\">\n<li>Progettato per il confezionamento di biscotti: questo film \u00e8 stato appositamente studiato per le esigenze di confezionamento di biscotti e altri prodotti da forno, garantendo che il cibo rimanga fresco e saporito.<\/li>\n<\/ul>\n\n\n\n<p><\/p>\n\n\n\n<ul class=\"wp-block-list\">\n<li>Trattamento superficiale opaco: La tecnologia di trattamento della superficie opaca viene utilizzata per rendere l'aspetto dell'imballaggio pi\u00f9 delicato e di migliore consistenza, attirando l'attenzione dei consumatori.<\/li>\n<\/ul>\n\n\n\n<p><\/p>\n\n\n\n<ul class=\"wp-block-list\">\n<li>Garanzia di qualit\u00e0 dei materiali: Vengono utilizzati materiali di alta qualit\u00e0 per garantire che i sacchetti per l'imballaggio dei biscotti abbiano buone propriet\u00e0 antiossidanti e resistenti all'umidit\u00e0 grazie alla tecnologia composita multistrato, che prolunga il periodo di freschezza degli alimenti.<\/li>\n<\/ul>\n\n\n\n<p><\/p>\n\n\n\n<ul class=\"wp-block-list\">\n<li>Posizionamento del marchio: Il design e la stampa personalizzati possono essere utilizzati per evidenziare l'immagine e il messaggio del marchio e attirare pi\u00f9 consumatori.<\/li>\n<\/ul>\n\n\n\n<p><\/p>\n\n\n\n<ul class=\"wp-block-list\">\n<li>Sostenibilit\u00e0: Utilizzare materiali biodegradabili o introdurre sacchetti riciclabili per soddisfare la preferenza dei consumatori per i prodotti ecologici.<\/li>\n<\/ul>\n<\/div>\n\n\n\n<div class=\"wp-block-column is-layout-flow wp-block-column-is-layout-flow\">\n<figure class=\"wp-block-image size-full\"><img fetchpriority=\"high\" decoding=\"async\" width=\"750\" height=\"750\" src=\"https:\/\/hyflexpack.com\/wp-content\/uploads\/2024\/05\/Factory-Direct-Cookie-Packaging-Film-2.webp\" alt=\"Film d&#039;imballaggio per biscotti diretto dalla fabbrica\" class=\"wp-image-3803\" srcset=\"https:\/\/www.hyflexpack.com\/wp-content\/uploads\/2024\/05\/Factory-Direct-Cookie-Packaging-Film-2.webp 750w, https:\/\/www.hyflexpack.com\/wp-content\/uploads\/2024\/05\/Factory-Direct-Cookie-Packaging-Film-2-300x300.webp 300w, https:\/\/www.hyflexpack.com\/wp-content\/uploads\/2024\/05\/Factory-Direct-Cookie-Packaging-Film-2-150x150.webp 150w, https:\/\/www.hyflexpack.com\/wp-content\/uploads\/2024\/05\/Factory-Direct-Cookie-Packaging-Film-2-285x285.webp 285w, https:\/\/www.hyflexpack.com\/wp-content\/uploads\/2024\/05\/Factory-Direct-Cookie-Packaging-Film-2-270x270.webp 270w, https:\/\/www.hyflexpack.com\/wp-content\/uploads\/2024\/05\/Factory-Direct-Cookie-Packaging-Film-2-540x540.webp 540w, https:\/\/www.hyflexpack.com\/wp-content\/uploads\/2024\/05\/Factory-Direct-Cookie-Packaging-Film-2-660x660.webp 660w\" sizes=\"(max-width: 750px) 100vw, 750px\" \/><\/figure>\n<\/div>\n<\/div>","protected":false},"excerpt":{"rendered":"<p>Per i rotoli di film da imballaggio per biscotti personalizzati di alta qualit\u00e0, scegliete Huiyang Packaging. Forniamo soluzioni di stampa professionali e personalizzate per garantire che i vostri prodotti di biscotti siano freschi e sicuri.<\/p>\n<h3>Vantaggi della pellicola per l'imballaggio dei biscotti<\/h3>\n<ul>\n<li><strong>Design personalizzato<\/strong>: Fornisce soluzioni di design personalizzate in base alle esigenze dei clienti, soddisfa diverse specifiche, dimensioni e stampa fino a 10 colori, supporta la personalizzazione OEM e ODM.<\/li>\n<li><strong>Consegna rapida<\/strong>: Grazie all'efficiente capacit\u00e0 produttiva e al sistema di gestione della catena di fornitura, siamo in grado di rispondere agli ordini dei clienti in tempo utile per garantire la consegna tempestiva dei prodotti.<\/li>\n<li><strong>Supporto a tutto tondo<\/strong>: Il team tecnico professionale e il team di assistenza post-vendita forniscono una consulenza pre-vendita a tutto tondo e un supporto post-vendita per fornire assistenza tecnica e soluzioni ai clienti.<\/li>\n<li><strong>Campione gratuito<\/strong>: Fornire un servizio di campionamento gratuito per valutare i prodotti.<\/li>\n<\/ul>\n<p>Huiyang Packaging si impegna a fornire ai clienti sacchetti di imballaggio per biscotti di alta qualit\u00e0 e personalizzati, per aiutarli a migliorare l'immagine dei loro prodotti e la loro competitivit\u00e0 sul mercato. domanda dei loro prodotti.<\/p>","protected":false},"featured_media":3807,"comment_status":"open","ping_status":"closed","template":"","meta":[],"product_brand":[],"product_cat":[53],"product_tag":[],"class_list":{"0":"post-3799","1":"product","2":"type-product","3":"status-publish","4":"has-post-thumbnail","6":"product_cat-packaging-film-supplier","8":"first","9":"instock","10":"shipping-taxable","11":"product-type-simple"},"_links":{"self":[{"href":"https:\/\/www.hyflexpack.com\/it\/wp-json\/wp\/v2\/product\/3799","targetHints":{"allow":["GET"]}}],"collection":[{"href":"https:\/\/www.hyflexpack.com\/it\/wp-json\/wp\/v2\/product"}],"about":[{"href":"https:\/\/www.hyflexpack.com\/it\/wp-json\/wp\/v2\/types\/product"}],"replies":[{"embeddable":true,"href":"https:\/\/www.hyflexpack.com\/it\/wp-json\/wp\/v2\/comments?post=3799"}],"wp:featuredmedia":[{"embeddable":true,"href":"https:\/\/www.hyflexpack.com\/it\/wp-json\/wp\/v2\/media\/3807"}],"wp:attachment":[{"href":"https:\/\/www.hyflexpack.com\/it\/wp-json\/wp\/v2\/media?parent=3799"}],"wp:term":[{"taxonomy":"product_brand","embeddable":true,"href":"https:\/\/www.hyflexpack.com\/it\/wp-json\/wp\/v2\/product_brand?post=3799"},{"taxonomy":"product_cat","embeddable":true,"href":"https:\/\/www.hyflexpack.com\/it\/wp-json\/wp\/v2\/product_cat?post=3799"},{"taxonomy":"product_tag","embeddable":true,"href":"https:\/\/www.hyflexpack.com\/it\/wp-json\/wp\/v2\/product_tag?post=3799"}],"curies":[{"name":"wp","href":"https:\/\/api.w.org\/{rel}","templated":true}]}}