{"id":3605,"date":"2024-05-24T09:04:55","date_gmt":"2024-05-24T09:04:55","guid":{"rendered":"https:\/\/hyflexpack.com\/?post_type=product&#038;p=3605"},"modified":"2024-05-25T04:03:48","modified_gmt":"2024-05-25T04:03:48","slug":"custom-biscuit-packaging-bags","status":"publish","type":"product","link":"https:\/\/www.hyflexpack.com\/it\/product\/custom-biscuit-packaging-bags\/","title":{"rendered":"Sacchetti di plastica personalizzati per l'imballaggio del biscotto Imballaggio automatico del rotolo di film per alimenti"},"content":{"rendered":"<div class=\"wp-block-columns is-layout-flex wp-container-core-columns-is-layout-9d6595d7 wp-block-columns-is-layout-flex\">\n<div class=\"wp-block-column is-layout-flow wp-block-column-is-layout-flow\">\n<h3 class=\"wp-block-heading\">Caratteristiche dei sacchetti di plastica per l'imballaggio dei biscotti di alta qualit\u00e0<\/h3>\n\n\n\n<ul class=\"wp-block-list\">\n<li>Confezionamento automatizzato avanzato con film: I nostri sacchetti per il confezionamento di biscotti sfruttano tecnologie di automazione all'avanguardia per facilitare un flusso di produzione rapido ed efficiente.<\/li>\n<\/ul>\n\n\n\n<p><\/p>\n\n\n\n<ul class=\"wp-block-list\">\n<li>Selezione di materiali sicuri per gli alimenti: Scegliamo meticolosamente materiali conformi a rigorosi standard di sicurezza alimentare per garantire la pulizia e la sicurezza del prodotto, assicurando una perfetta compatibilit\u00e0 con i biscotti.<\/li>\n<\/ul>\n\n\n\n<p><\/p>\n\n\n\n<ul class=\"wp-block-list\">\n<li>Integrit\u00e0 superiore della tenuta: Grazie alle eccezionali capacit\u00e0 di tenuta, le nostre confezioni proteggono i biscotti dall'umidit\u00e0 e dai contaminanti esterni, prolungando cos\u00ec la freschezza e la durata del prodotto.<\/li>\n<\/ul>\n\n\n\n<p><\/p>\n\n\n\n<ul class=\"wp-block-list\">\n<li>Posizionamento del marchio: Il design e la stampa personalizzati possono essere utilizzati per evidenziare l'immagine e il messaggio del marchio e attirare pi\u00f9 consumatori.<\/li>\n<\/ul>\n\n\n\n<p><\/p>\n\n\n\n<ul class=\"wp-block-list\">\n<li>Sostenibilit\u00e0: Considerare l'utilizzo di materiali biodegradabili o il lancio di sacchetti riciclabili, in linea con la preferenza dei consumatori per i prodotti ecologici.<\/li>\n<\/ul>\n<\/div>\n\n\n\n<div class=\"wp-block-column is-layout-flow wp-block-column-is-layout-flow\">\n<figure class=\"wp-block-image size-full\"><img fetchpriority=\"high\" decoding=\"async\" width=\"750\" height=\"750\" src=\"https:\/\/hyflexpack.com\/wp-content\/uploads\/2024\/05\/Custom-Biscuit-Packaging-2.webp\" alt=\"Imballaggio personalizzato per biscotti\" class=\"wp-image-3625\" srcset=\"https:\/\/www.hyflexpack.com\/wp-content\/uploads\/2024\/05\/Custom-Biscuit-Packaging-2.webp 750w, https:\/\/www.hyflexpack.com\/wp-content\/uploads\/2024\/05\/Custom-Biscuit-Packaging-2-300x300.webp 300w, https:\/\/www.hyflexpack.com\/wp-content\/uploads\/2024\/05\/Custom-Biscuit-Packaging-2-150x150.webp 150w, https:\/\/www.hyflexpack.com\/wp-content\/uploads\/2024\/05\/Custom-Biscuit-Packaging-2-285x285.webp 285w, https:\/\/www.hyflexpack.com\/wp-content\/uploads\/2024\/05\/Custom-Biscuit-Packaging-2-270x270.webp 270w, https:\/\/www.hyflexpack.com\/wp-content\/uploads\/2024\/05\/Custom-Biscuit-Packaging-2-540x540.webp 540w, https:\/\/www.hyflexpack.com\/wp-content\/uploads\/2024\/05\/Custom-Biscuit-Packaging-2-660x660.webp 660w\" sizes=\"(max-width: 750px) 100vw, 750px\" \/><\/figure>\n<\/div>\n<\/div>","protected":false},"excerpt":{"rendered":"<p>Offriamo film in rotolo per l'imballaggio automatico dei biscotti, realizzati con materiali di grado alimentare per garantire eccellenti prestazioni di tenuta, fornendo soluzioni di imballaggio di alta qualit\u00e0 per i biscotti e altri prodotti alimentari.Benvenuti a contattarci per ulteriori soluzioni di imballaggio!<\/p>\n<h3>Vantaggi dei sacchetti di plastica per l'imballaggio dei biscotti<\/h3>\n<ul>\n<li>Servizio personalizzato: Fornire soluzioni personalizzate e su misura per soddisfare le esigenze di imballaggio di diverse specifiche, forme e design in base alle esigenze dei clienti.<\/li>\n<li>Garanzia di qualit\u00e0: Controllare rigorosamente il processo di produzione, utilizzare materiali di alta qualit\u00e0 e attrezzature avanzate per garantire una qualit\u00e0 del prodotto stabile e affidabile.<\/li>\n<li>Consegna puntuale: ottimizzare il processo di produzione e migliorare l'efficienza produttiva per garantire la consegna puntuale degli ordini dei clienti e soddisfare le esigenze urgenti dei clienti.<\/li>\n<li>Servizio clienti: Fornire un'assistenza rapida e premurosa al servizio clienti 24 ore al giorno.<\/li>\n<li>Campione gratuito: Forniamo un servizio di campioni gratuiti per valutare i prodotti.<\/li>\n<\/ul>\n<p>Huiyang Packaging si impegna a fornire ai clienti sacchetti di imballaggio per biscotti di alta qualit\u00e0 e personalizzati, per aiutarli a migliorare l'immagine dei loro prodotti e la loro competitivit\u00e0 sul mercato. domanda dei loro prodotti.<\/p>","protected":false},"featured_media":3626,"comment_status":"open","ping_status":"closed","template":"","meta":[],"product_brand":[],"product_cat":[53],"product_tag":[],"class_list":{"0":"post-3605","1":"product","2":"type-product","3":"status-publish","4":"has-post-thumbnail","6":"product_cat-packaging-film-supplier","8":"first","9":"instock","10":"shipping-taxable","11":"product-type-simple"},"_links":{"self":[{"href":"https:\/\/www.hyflexpack.com\/it\/wp-json\/wp\/v2\/product\/3605","targetHints":{"allow":["GET"]}}],"collection":[{"href":"https:\/\/www.hyflexpack.com\/it\/wp-json\/wp\/v2\/product"}],"about":[{"href":"https:\/\/www.hyflexpack.com\/it\/wp-json\/wp\/v2\/types\/product"}],"replies":[{"embeddable":true,"href":"https:\/\/www.hyflexpack.com\/it\/wp-json\/wp\/v2\/comments?post=3605"}],"wp:featuredmedia":[{"embeddable":true,"href":"https:\/\/www.hyflexpack.com\/it\/wp-json\/wp\/v2\/media\/3626"}],"wp:attachment":[{"href":"https:\/\/www.hyflexpack.com\/it\/wp-json\/wp\/v2\/media?parent=3605"}],"wp:term":[{"taxonomy":"product_brand","embeddable":true,"href":"https:\/\/www.hyflexpack.com\/it\/wp-json\/wp\/v2\/product_brand?post=3605"},{"taxonomy":"product_cat","embeddable":true,"href":"https:\/\/www.hyflexpack.com\/it\/wp-json\/wp\/v2\/product_cat?post=3605"},{"taxonomy":"product_tag","embeddable":true,"href":"https:\/\/www.hyflexpack.com\/it\/wp-json\/wp\/v2\/product_tag?post=3605"}],"curies":[{"name":"wp","href":"https:\/\/api.w.org\/{rel}","templated":true}]}}