{"id":3299,"date":"2024-05-22T08:39:40","date_gmt":"2024-05-22T08:39:40","guid":{"rendered":"https:\/\/hyflexpack.com\/?post_type=product&#038;p=3299"},"modified":"2024-05-22T08:39:41","modified_gmt":"2024-05-22T08:39:41","slug":"customized-side-gusset-bag","status":"publish","type":"product","link":"https:\/\/www.hyflexpack.com\/it\/product\/customized-side-gusset-bag\/","title":{"rendered":"Sacchetti di imballaggio di plastica su misura del sacchetto del soffietto laterale del detersivo della lavanderia laminato del foro d'attaccatura"},"content":{"rendered":"<div class=\"wp-block-columns is-layout-flex wp-container-core-columns-is-layout-9d6595d7 wp-block-columns-is-layout-flex\">\n<div class=\"wp-block-column is-layout-flow wp-block-column-is-layout-flow\">\n<h3 class=\"wp-block-heading\">Caratteristiche della borsa a soffietto laterale di alta qualit\u00e0<\/h3>\n\n\n\n<ul class=\"wp-block-list\">\n<li>Design del sacchetto con soffietto laterale: i nostri sacchetti per detersivi per bucato offrono una maggiore resistenza e stabilit\u00e0 per garantire che i sacchetti possano sopportare il peso e mantenere la loro forma.<\/li>\n<\/ul>\n\n\n\n<p><\/p>\n\n\n\n<ul class=\"wp-block-list\">\n<li>Design con fori per l'appendimento: i sacchetti sono dotati di fori per l'appendimento per una facile esposizione sugli scaffali, aumentando la visibilit\u00e0 e l'attrattiva dei vostri prodotti.<\/li>\n<\/ul>\n\n\n\n<p><\/p>\n\n\n\n<ul class=\"wp-block-list\">\n<li>Materiale laminato: il materiale laminato di alta qualit\u00e0, resistente all'umidit\u00e0, agli strappi e alla contaminazione, protegge la qualit\u00e0 del detersivo.<\/li>\n<\/ul>\n\n\n\n<p><\/p>\n\n\n\n<ul class=\"wp-block-list\">\n<li>Bassa impronta di carbonio: il design leggero riduce efficacemente i costi di trasporto e le emissioni di carbonio, favorendo lo sviluppo sostenibile.<\/li>\n<\/ul>\n\n\n\n<p><\/p>\n\n\n\n<ul class=\"wp-block-list\">\n<li>Stampa di alta qualit\u00e0: fornire servizi di stampa personalizzata ad alta definizione e supportare pi\u00f9 colori e modelli per migliorare l'immagine del marchio e la competitivit\u00e0 del mercato.<\/li>\n<\/ul>\n<\/div>\n\n\n\n<div class=\"wp-block-column is-layout-flow wp-block-column-is-layout-flow\">\n<figure class=\"wp-block-image size-full\"><img fetchpriority=\"high\" decoding=\"async\" width=\"750\" height=\"750\" src=\"https:\/\/hyflexpack.com\/wp-content\/uploads\/2024\/05\/Customized-Side-Gusset-Bag-1.webp\" alt=\"Borsa a soffietto laterale personalizzata\" class=\"wp-image-3300\" srcset=\"https:\/\/www.hyflexpack.com\/wp-content\/uploads\/2024\/05\/Customized-Side-Gusset-Bag-1.webp 750w, https:\/\/www.hyflexpack.com\/wp-content\/uploads\/2024\/05\/Customized-Side-Gusset-Bag-1-300x300.webp 300w, https:\/\/www.hyflexpack.com\/wp-content\/uploads\/2024\/05\/Customized-Side-Gusset-Bag-1-150x150.webp 150w, https:\/\/www.hyflexpack.com\/wp-content\/uploads\/2024\/05\/Customized-Side-Gusset-Bag-1-285x285.webp 285w, https:\/\/www.hyflexpack.com\/wp-content\/uploads\/2024\/05\/Customized-Side-Gusset-Bag-1-270x270.webp 270w, https:\/\/www.hyflexpack.com\/wp-content\/uploads\/2024\/05\/Customized-Side-Gusset-Bag-1-540x540.webp 540w, https:\/\/www.hyflexpack.com\/wp-content\/uploads\/2024\/05\/Customized-Side-Gusset-Bag-1-660x660.webp 660w\" sizes=\"(max-width: 750px) 100vw, 750px\" \/><\/figure>\n<\/div>\n<\/div>","protected":false},"excerpt":{"rendered":"<p>Esplorate i nostri sacchetti personalizzati con soffietto laterale per detersivo per bucato, realizzati con materiali laminati di alta qualit\u00e0 e dotati di fori per l'appendimento, cerniere autosigillanti e design facili da strappare, ecologici e funzionali. Contattateci oggi stesso per aiutare il vostro marchio a distinguersi sul mercato.<\/p>\n<h3>Vantaggi della borsa a soffietto laterale<\/h3>\n<ul>\n<li><strong>Design personalizzato<\/strong>Forniamo un servizio di progettazione personalizzata di sacchetti per l'imballaggio di bevande, compresa la personalizzazione del materiale, delle dimensioni e del modello di stampa per soddisfare le esigenze di branding del cliente, supportando OEM e ODM.<\/li>\n<li><strong>Produzione<\/strong>Con attrezzature e tecnologie avanzate, siamo in grado di completare la produzione dell'ordine con alta efficienza e alta qualit\u00e0 e di consegnare in tempo.<\/li>\n<li><strong>Ispezione della qualit\u00e0<\/strong>Seguire rigorosamente gli standard di qualit\u00e0 e i requisiti di sicurezza alimentare per garantire la conformit\u00e0 dei prodotti agli standard.<\/li>\n<li><strong>Servizio clienti<\/strong>:Fornire un'assistenza rapida e premurosa al servizio clienti 24 ore su 24.<\/li>\n<li><strong>Campione gratuito<\/strong>Forniamo un servizio di campionamento gratuito per valutare i prodotti.<\/li>\n<\/ul>\n<p>Huiyang Packaging si impegna a fornire ai clienti sacchetti con soffietto laterale di alta qualit\u00e0 e personalizzati, per aiutarli a migliorare l'immagine dei loro prodotti e ad aumentare la competitivit\u00e0 sul mercato.<\/p>","protected":false},"featured_media":3300,"comment_status":"open","ping_status":"closed","template":"","meta":[],"product_brand":[],"product_cat":[52],"product_tag":[],"class_list":{"0":"post-3299","1":"product","2":"type-product","3":"status-publish","4":"has-post-thumbnail","6":"product_cat-custom-daily-chemical-packaging","8":"first","9":"instock","10":"shipping-taxable","11":"product-type-simple"},"_links":{"self":[{"href":"https:\/\/www.hyflexpack.com\/it\/wp-json\/wp\/v2\/product\/3299","targetHints":{"allow":["GET"]}}],"collection":[{"href":"https:\/\/www.hyflexpack.com\/it\/wp-json\/wp\/v2\/product"}],"about":[{"href":"https:\/\/www.hyflexpack.com\/it\/wp-json\/wp\/v2\/types\/product"}],"replies":[{"embeddable":true,"href":"https:\/\/www.hyflexpack.com\/it\/wp-json\/wp\/v2\/comments?post=3299"}],"wp:featuredmedia":[{"embeddable":true,"href":"https:\/\/www.hyflexpack.com\/it\/wp-json\/wp\/v2\/media\/3300"}],"wp:attachment":[{"href":"https:\/\/www.hyflexpack.com\/it\/wp-json\/wp\/v2\/media?parent=3299"}],"wp:term":[{"taxonomy":"product_brand","embeddable":true,"href":"https:\/\/www.hyflexpack.com\/it\/wp-json\/wp\/v2\/product_brand?post=3299"},{"taxonomy":"product_cat","embeddable":true,"href":"https:\/\/www.hyflexpack.com\/it\/wp-json\/wp\/v2\/product_cat?post=3299"},{"taxonomy":"product_tag","embeddable":true,"href":"https:\/\/www.hyflexpack.com\/it\/wp-json\/wp\/v2\/product_tag?post=3299"}],"curies":[{"name":"wp","href":"https:\/\/api.w.org\/{rel}","templated":true}]}}