{"id":3119,"date":"2024-05-22T01:29:17","date_gmt":"2024-05-22T01:29:17","guid":{"rendered":"https:\/\/hyflexpack.com\/?post_type=product&#038;p=3119"},"modified":"2024-05-22T01:29:18","modified_gmt":"2024-05-22T01:29:18","slug":"custom-washing-powder-bags","status":"publish","type":"product","link":"https:\/\/www.hyflexpack.com\/it\/product\/custom-washing-powder-bags\/","title":{"rendered":"Sacchetti di polvere di lavaggio personalizzati Sacchetti a cerniera in piedi Imballaggio riciclabile"},"content":{"rendered":"<div class=\"wp-block-columns is-layout-flex wp-container-core-columns-is-layout-9d6595d7 wp-block-columns-is-layout-flex\">\n<div class=\"wp-block-column is-layout-flow wp-block-column-is-layout-flow\">\n<h3 class=\"wp-block-heading\">Caratteristiche dei sacchetti per il detersivo di alta qualit\u00e0<\/h3>\n\n\n\n<ul class=\"wp-block-list\">\n<li>Design stand-up: i sacchetti per il detersivo in polvere sono progettati con un design stand-up, comodo per l'esposizione e lo stoccaggio, e assicurano che i prodotti siano pi\u00f9 belli e stabili quando sono esposti sugli scaffali.<\/li>\n<\/ul>\n\n\n\n<p><\/p>\n\n\n\n<ul class=\"wp-block-list\">\n<li>Chiusura a cerniera: dotata di una comoda chiusura a cerniera, \u00e8 facile da usare e pu\u00f2 essere aperta e chiusa pi\u00f9 volte per garantire la tenuta e la freschezza del sacchetto di detersivo.<\/li>\n<\/ul>\n\n\n\n<p><\/p>\n\n\n\n<ul class=\"wp-block-list\">\n<li>Materiale durevole di alta qualit\u00e0: Realizzato in materiale ad alta resistenza con caratteristiche antistrappo e antiumidit\u00e0 per proteggere il contenuto dall'ambiente esterno.<\/li>\n<\/ul>\n\n\n\n<p><\/p>\n\n\n\n<ul class=\"wp-block-list\">\n<li>Sostenibile per l'ambiente: Utilizzando materiali riciclabili ecologici, soddisfa gli standard ambientali e risponde al concetto di protezione dell'ambiente verde. Design leggero, che riduce efficacemente i costi di trasporto e le emissioni di carbonio.<\/li>\n<\/ul>\n\n\n\n<p><\/p>\n\n\n\n<ul class=\"wp-block-list\">\n<li>Design a grande capacit\u00e0: sono disponibili diverse opzioni di capacit\u00e0 per soddisfare le diverse esigenze di famiglie e aziende.<\/li>\n<\/ul>\n<\/div>\n\n\n\n<div class=\"wp-block-column is-layout-flow wp-block-column-is-layout-flow\">\n<h2 class=\"wp-block-heading\"><\/h2>\n\n\n\n<figure class=\"wp-block-image size-full\"><img fetchpriority=\"high\" decoding=\"async\" width=\"750\" height=\"750\" src=\"https:\/\/hyflexpack.com\/wp-content\/uploads\/2024\/05\/Custom-Washing-Powder-Bags-1.webp\" alt=\"Sacchetti di detersivo personalizzati\" class=\"wp-image-3280\" srcset=\"https:\/\/www.hyflexpack.com\/wp-content\/uploads\/2024\/05\/Custom-Washing-Powder-Bags-1.webp 750w, https:\/\/www.hyflexpack.com\/wp-content\/uploads\/2024\/05\/Custom-Washing-Powder-Bags-1-300x300.webp 300w, https:\/\/www.hyflexpack.com\/wp-content\/uploads\/2024\/05\/Custom-Washing-Powder-Bags-1-150x150.webp 150w, https:\/\/www.hyflexpack.com\/wp-content\/uploads\/2024\/05\/Custom-Washing-Powder-Bags-1-285x285.webp 285w, https:\/\/www.hyflexpack.com\/wp-content\/uploads\/2024\/05\/Custom-Washing-Powder-Bags-1-270x270.webp 270w, https:\/\/www.hyflexpack.com\/wp-content\/uploads\/2024\/05\/Custom-Washing-Powder-Bags-1-540x540.webp 540w, https:\/\/www.hyflexpack.com\/wp-content\/uploads\/2024\/05\/Custom-Washing-Powder-Bags-1-660x660.webp 660w\" sizes=\"(max-width: 750px) 100vw, 750px\" \/><\/figure>\n<\/div>\n<\/div>","protected":false},"excerpt":{"rendered":"<p>Per saperne di pi\u00f9 sui nostri sacchetti per il detersivo con cerniera, con design stand-up, materiali ecologici riciclabili, dotati di comoda chiusura a cerniera per proteggere il detersivo fresco e duraturo. Con un servizio di personalizzazione personalizzato e un rigoroso controllo di qualit\u00e0, siamo la scelta ideale per combinare il vostro marchio con il concetto di protezione ambientale.<\/p>\n<h3>Vantaggi dei sacchetti per il lavaggio della polvere<\/h3>\n<ul>\n<li><strong>Personalizzazione personalizzata<\/strong>: Fornire servizi personalizzati di varie dimensioni, forme e modelli di stampa in base alle esigenze dei clienti per soddisfare la visualizzazione personalizzata del marchio.<\/li>\n<li><strong>Team di professionisti<\/strong>: Un team di professionisti risponde rapidamente alle esigenze dei clienti e completa in modo efficiente il processo, dalla progettazione alla produzione, per garantire una consegna puntuale.<\/li>\n<li><strong>Controllo qualit\u00e0<\/strong>: Controllo di qualit\u00e0 rigoroso in ogni fase, tutto in linea con gli standard elevati e prodotti attraverso una serie di certificazione di qualit\u00e0 internazionale per garantire una qualit\u00e0 affidabile.<\/li>\n<li><strong>Servizio clienti<\/strong>: Fornire servizi professionali di consulenza sui prodotti e sul mercato per aiutare i clienti a scegliere le migliori soluzioni di imballaggio e rispondere rapidamente ai feedback e alle domande dei clienti.<\/li>\n<li><strong>Campione gratuito<\/strong>Forniamo un servizio di campionamento gratuito per valutare i prodotti.<\/li>\n<\/ul>\n<p>Huiyang Packaging si impegna a fornire ai clienti sacchetti per il lavaggio in polvere di alta qualit\u00e0 e personalizzati, per aiutarli a migliorare l'immagine dei loro prodotti e ad aumentare la competitivit\u00e0 del mercato.<\/p>","protected":false},"featured_media":3284,"comment_status":"open","ping_status":"closed","template":"","meta":[],"product_brand":[],"product_cat":[52],"product_tag":[],"class_list":{"0":"post-3119","1":"product","2":"type-product","3":"status-publish","4":"has-post-thumbnail","6":"product_cat-custom-daily-chemical-packaging","8":"first","9":"instock","10":"shipping-taxable","11":"product-type-simple"},"_links":{"self":[{"href":"https:\/\/www.hyflexpack.com\/it\/wp-json\/wp\/v2\/product\/3119","targetHints":{"allow":["GET"]}}],"collection":[{"href":"https:\/\/www.hyflexpack.com\/it\/wp-json\/wp\/v2\/product"}],"about":[{"href":"https:\/\/www.hyflexpack.com\/it\/wp-json\/wp\/v2\/types\/product"}],"replies":[{"embeddable":true,"href":"https:\/\/www.hyflexpack.com\/it\/wp-json\/wp\/v2\/comments?post=3119"}],"wp:featuredmedia":[{"embeddable":true,"href":"https:\/\/www.hyflexpack.com\/it\/wp-json\/wp\/v2\/media\/3284"}],"wp:attachment":[{"href":"https:\/\/www.hyflexpack.com\/it\/wp-json\/wp\/v2\/media?parent=3119"}],"wp:term":[{"taxonomy":"product_brand","embeddable":true,"href":"https:\/\/www.hyflexpack.com\/it\/wp-json\/wp\/v2\/product_brand?post=3119"},{"taxonomy":"product_cat","embeddable":true,"href":"https:\/\/www.hyflexpack.com\/it\/wp-json\/wp\/v2\/product_cat?post=3119"},{"taxonomy":"product_tag","embeddable":true,"href":"https:\/\/www.hyflexpack.com\/it\/wp-json\/wp\/v2\/product_tag?post=3119"}],"curies":[{"name":"wp","href":"https:\/\/api.w.org\/{rel}","templated":true}]}}