{"id":3058,"date":"2024-05-21T09:42:09","date_gmt":"2024-05-21T09:42:09","guid":{"rendered":"https:\/\/hyflexpack.com\/?post_type=product&#038;p=3058"},"modified":"2024-05-21T09:42:10","modified_gmt":"2024-05-21T09:42:10","slug":"custom-best-shampoo-packaging-bags","status":"publish","type":"product","link":"https:\/\/www.hyflexpack.com\/it\/product\/custom-best-shampoo-packaging-bags\/","title":{"rendered":"I migliori sacchetti per l'imballaggio di shampoo personalizzati si alzano in piedi con sacchetti di ricarica con beccuccio"},"content":{"rendered":"<div class=\"wp-block-columns is-layout-flex wp-container-core-columns-is-layout-9d6595d7 wp-block-columns-is-layout-flex\">\n<div class=\"wp-block-column is-layout-flow wp-block-column-is-layout-flow\">\n<h3 class=\"wp-block-heading\">Caratteristiche della confezione di shampoo di alta qualit\u00e0<\/h3>\n\n\n\n<ul class=\"wp-block-list\">\n<li>Eco-friendly: la confezione dello shampoo \u00e8 realizzata con materiali ecologici, che rispettano gli standard ambientali e riducono l'impatto dei rifiuti di plastica sull'ambiente.<\/li>\n<\/ul>\n\n\n\n<p><\/p>\n\n\n\n<ul class=\"wp-block-list\">\n<li>Riutilizzabile: il sacchetto per shampoo \u00e8 stato progettato per essere ricaricabile, in modo da prolungarne la durata e ridurre lo spreco di risorse, in linea con il concetto di sviluppo sostenibile.<\/li>\n<\/ul>\n\n\n\n<p><\/p>\n\n\n\n<ul class=\"wp-block-list\">\n<li>Design premium: il design verticale della borsa rende pi\u00f9 attraente l'esposizione del prodotto, fa risparmiare spazio ed \u00e8 facile da riporre e trasportare. Dotata di un comodo beccuccio per un uso semplice, riduce la fuoriuscita di liquido e gli sprechi.<\/li>\n<\/ul>\n\n\n\n<p><\/p>\n\n\n\n<ul class=\"wp-block-list\">\n<li>Materiale durevole: l'imballaggio dello shampoo \u00e8 realizzato in materiale di alta qualit\u00e0 con un'eccellente durata, a prova di perdite e di strappi per proteggere l'integrit\u00e0 del prodotto.<\/li>\n<\/ul>\n\n\n\n<p><\/p>\n\n\n\n<ul class=\"wp-block-list\">\n<li>Resistente all'umidit\u00e0 e all'ossigeno: il design composito multistrato offre un'eccellente resistenza all'umidit\u00e0 e all'ossigeno per prolungare la durata di conservazione del prodotto.<\/li>\n<\/ul>\n<\/div>\n\n\n\n<div class=\"wp-block-column is-layout-flow wp-block-column-is-layout-flow\">\n<h2 class=\"wp-block-heading\"><\/h2>\n\n\n\n<figure class=\"wp-block-image size-full\"><img fetchpriority=\"high\" decoding=\"async\" width=\"750\" height=\"750\" src=\"https:\/\/hyflexpack.com\/wp-content\/uploads\/2024\/05\/Custom-Shampoo-Packaging-1.jpg\" alt=\"Confezioni di shampoo personalizzate\" class=\"wp-image-3059\" srcset=\"https:\/\/www.hyflexpack.com\/wp-content\/uploads\/2024\/05\/Custom-Shampoo-Packaging-1.jpg 750w, https:\/\/www.hyflexpack.com\/wp-content\/uploads\/2024\/05\/Custom-Shampoo-Packaging-1-300x300.jpg 300w, https:\/\/www.hyflexpack.com\/wp-content\/uploads\/2024\/05\/Custom-Shampoo-Packaging-1-150x150.jpg 150w, https:\/\/www.hyflexpack.com\/wp-content\/uploads\/2024\/05\/Custom-Shampoo-Packaging-1-285x285.jpg 285w, https:\/\/www.hyflexpack.com\/wp-content\/uploads\/2024\/05\/Custom-Shampoo-Packaging-1-270x270.jpg 270w, https:\/\/www.hyflexpack.com\/wp-content\/uploads\/2024\/05\/Custom-Shampoo-Packaging-1-540x540.jpg 540w, https:\/\/www.hyflexpack.com\/wp-content\/uploads\/2024\/05\/Custom-Shampoo-Packaging-1-660x660.jpg 660w\" sizes=\"(max-width: 750px) 100vw, 750px\" \/><\/figure>\n<\/div>\n<\/div>","protected":false},"excerpt":{"rendered":"<p>Le nostre confezioni di shampoo personalizzate per buste stand-up combinano alta qualit\u00e0, protezione ambientale e convenienza. Scegliendo i nostri prodotti, non solo aumenterete il valore del vostro marchio in modo significativo, ma risponderete positivamente al concetto di protezione ambientale, diventando il vostro miglior partner nel campo degli imballaggi per shampoo.<\/p>\n<h3>Vantaggi della confezione di shampoo<\/h3>\n<ul>\n<li><strong>Design personalizzato<\/strong>Forniamo un servizio di progettazione personalizzata di sacchetti per l'imballaggio di bevande, compresa la personalizzazione del materiale, delle dimensioni e del modello di stampa per soddisfare le esigenze di branding del cliente, supportando OEM e ODM.<\/li>\n<li><strong>Produzione<\/strong>Con attrezzature e tecnologie avanzate, siamo in grado di completare la produzione dell'ordine con alta efficienza e alta qualit\u00e0 e di consegnare in tempo.<\/li>\n<li><strong>Ispezione della qualit\u00e0<\/strong>: Seguire rigorosamente gli standard di qualit\u00e0 e i requisiti di sicurezza alimentare per la produzione, per garantire che i prodotti siano conformi agli standard.<\/li>\n<li><strong>Servizio clienti<\/strong>24 ore su 24 per fornire una risposta rapida e un'assistenza premurosa al cliente.<\/li>\n<li><strong>Campione gratuito<\/strong>Forniamo un servizio di campionamento gratuito per valutare i prodotti.<\/li>\n<\/ul>\n<p>Huiyang Packaging si impegna a fornire ai clienti sacchetti per l'imballaggio dello shampoo di alta qualit\u00e0 e personalizzati, per aiutarli a migliorare l'immagine dei loro prodotti e la loro competitivit\u00e0 sul mercato.<\/p>\n<p>&nbsp;<\/p>","protected":false},"featured_media":3059,"comment_status":"open","ping_status":"closed","template":"","meta":[],"product_brand":[],"product_cat":[52],"product_tag":[],"class_list":{"0":"post-3058","1":"product","2":"type-product","3":"status-publish","4":"has-post-thumbnail","6":"product_cat-custom-daily-chemical-packaging","8":"first","9":"instock","10":"shipping-taxable","11":"product-type-simple"},"_links":{"self":[{"href":"https:\/\/www.hyflexpack.com\/it\/wp-json\/wp\/v2\/product\/3058","targetHints":{"allow":["GET"]}}],"collection":[{"href":"https:\/\/www.hyflexpack.com\/it\/wp-json\/wp\/v2\/product"}],"about":[{"href":"https:\/\/www.hyflexpack.com\/it\/wp-json\/wp\/v2\/types\/product"}],"replies":[{"embeddable":true,"href":"https:\/\/www.hyflexpack.com\/it\/wp-json\/wp\/v2\/comments?post=3058"}],"wp:featuredmedia":[{"embeddable":true,"href":"https:\/\/www.hyflexpack.com\/it\/wp-json\/wp\/v2\/media\/3059"}],"wp:attachment":[{"href":"https:\/\/www.hyflexpack.com\/it\/wp-json\/wp\/v2\/media?parent=3058"}],"wp:term":[{"taxonomy":"product_brand","embeddable":true,"href":"https:\/\/www.hyflexpack.com\/it\/wp-json\/wp\/v2\/product_brand?post=3058"},{"taxonomy":"product_cat","embeddable":true,"href":"https:\/\/www.hyflexpack.com\/it\/wp-json\/wp\/v2\/product_cat?post=3058"},{"taxonomy":"product_tag","embeddable":true,"href":"https:\/\/www.hyflexpack.com\/it\/wp-json\/wp\/v2\/product_tag?post=3058"}],"curies":[{"name":"wp","href":"https:\/\/api.w.org\/{rel}","templated":true}]}}