{"id":3045,"date":"2024-05-20T08:06:25","date_gmt":"2024-05-20T08:06:25","guid":{"rendered":"https:\/\/hyflexpack.com\/?post_type=product&#038;p=3045"},"modified":"2024-05-20T08:06:27","modified_gmt":"2024-05-20T08:06:27","slug":"custom-stand-up-pouch-with-spout","status":"publish","type":"product","link":"https:\/\/www.hyflexpack.com\/it\/product\/custom-stand-up-pouch-with-spout\/","title":{"rendered":"Sacchetto Stand Up personalizzato con beccuccio Borsa di plastica per sapone liquido lavamani con maniglia"},"content":{"rendered":"<div class=\"wp-block-columns is-layout-flex wp-container-core-columns-is-layout-9d6595d7 wp-block-columns-is-layout-flex\">\n<div class=\"wp-block-column is-layout-flow wp-block-column-is-layout-flow\">\n<h3 class=\"wp-block-heading\">Caratteristiche del sacchetto Stand Up di alta qualit\u00e0 con beccuccio<\/h3>\n\n\n\n<ul class=\"wp-block-list\">\n<li>Design premium: le nostre buste di disinfettante per le mani sono progettate per stare in piedi e garantire la stabilit\u00e0 durante l'esposizione e l'utilizzo. Inoltre, sono dotate di beccuccio e maniglie per un facile utilizzo, riducendo le fuoriuscite e gli sprechi.<\/li>\n<\/ul>\n\n\n\n<p><\/p>\n\n\n\n<ul class=\"wp-block-list\">\n<li>Materiale durevole: realizzato in materiale plastico di alta qualit\u00e0 con caratteristiche di durata, impermeabilit\u00e0 e antistrappo per garantire che rimanga intatto durante il trasporto e l'uso.<\/li>\n<\/ul>\n\n\n\n<p><\/p>\n\n\n\n<ul class=\"wp-block-list\">\n<li>Prestazioni di tenuta superiori: l'avanzata tecnologia di tenuta assicura che i liquidi non fuoriescano, garantendo la sicurezza del prodotto. Il materiale composito multistrato protegge efficacemente dall'umidit\u00e0 e dall'ossigeno, prolungando la durata del liquido lavamani.<\/li>\n<\/ul>\n\n\n\n<p><\/p>\n\n\n\n<ul class=\"wp-block-list\">\n<li>Rispettoso dell'ambiente e sostenibile: utilizziamo materiali plastici riciclabili ed ecologici per ridurre al minimo l'impatto sull'ambiente e promuovere lo sviluppo sostenibile.<\/li>\n<\/ul>\n\n\n\n<p><\/p>\n\n\n\n<ul class=\"wp-block-list\">\n<li>Impronta di carbonio ridotta: Il design leggero non solo riduce i costi di trasporto, ma riduce anche le emissioni di carbonio e aumenta i benefici ambientali.<\/li>\n<\/ul>\n<\/div>\n\n\n\n<div class=\"wp-block-column is-layout-flow wp-block-column-is-layout-flow\">\n<h2 class=\"wp-block-heading\"><\/h2>\n\n\n\n<figure class=\"wp-block-image size-full\"><img fetchpriority=\"high\" decoding=\"async\" width=\"750\" height=\"750\" src=\"https:\/\/hyflexpack.com\/wp-content\/uploads\/2024\/05\/Custom-Stand-Up-Pouch-with-Spout-1.webp\" alt=\"Sacchetto Stand Up personalizzato con beccuccio\" class=\"wp-image-3046\" srcset=\"https:\/\/www.hyflexpack.com\/wp-content\/uploads\/2024\/05\/Custom-Stand-Up-Pouch-with-Spout-1.webp 750w, https:\/\/www.hyflexpack.com\/wp-content\/uploads\/2024\/05\/Custom-Stand-Up-Pouch-with-Spout-1-300x300.webp 300w, https:\/\/www.hyflexpack.com\/wp-content\/uploads\/2024\/05\/Custom-Stand-Up-Pouch-with-Spout-1-150x150.webp 150w, https:\/\/www.hyflexpack.com\/wp-content\/uploads\/2024\/05\/Custom-Stand-Up-Pouch-with-Spout-1-285x285.webp 285w, https:\/\/www.hyflexpack.com\/wp-content\/uploads\/2024\/05\/Custom-Stand-Up-Pouch-with-Spout-1-270x270.webp 270w, https:\/\/www.hyflexpack.com\/wp-content\/uploads\/2024\/05\/Custom-Stand-Up-Pouch-with-Spout-1-540x540.webp 540w, https:\/\/www.hyflexpack.com\/wp-content\/uploads\/2024\/05\/Custom-Stand-Up-Pouch-with-Spout-1-660x660.webp 660w\" sizes=\"(max-width: 750px) 100vw, 750px\" \/><\/figure>\n<\/div>\n<\/div>","protected":false},"excerpt":{"rendered":"<p>L'astuccio Explore stand up con beccuccio per disinfettante per mani \u00e8 dotato di maniglie per facilitarne l'uso, \u00e8 a prova di perdite e resistente all'umidit\u00e0. Eco-friendly e durevole, realizzato con materiali riciclabili di alta qualit\u00e0, in linea con le esigenze di sviluppo sostenibile. Forniamo un servizio di personalizzazione personalizzato e abbiamo un rigoroso controllo di qualit\u00e0 per garantire la qualit\u00e0 del prodotto, che \u00e8 la vostra scelta di acquisto ideale.<\/p>\n<h3>Vantaggi del sacchetto Stand Up con beccuccio<\/h3>\n<ul>\n<li><strong>Servizio personalizzato<\/strong>Forniamo un servizio di progettazione personalizzata di sacchetti per l'imballaggio di bevande, compresa la personalizzazione del materiale, delle dimensioni e del modello di stampa per soddisfare le esigenze di branding del cliente, supportando OEM e ODM.<\/li>\n<li><strong>Produzione<\/strong>Con attrezzature e tecnologie avanzate, siamo in grado di completare la produzione dell'ordine con alta efficienza e alta qualit\u00e0 e di consegnare in tempo.<\/li>\n<li><strong>Ispezione della qualit\u00e0<\/strong>:Seguendo rigorosamente gli standard di qualit\u00e0 e i requisiti di sicurezza alimentare, abbiamo superato una serie di certificazioni di qualit\u00e0 internazionali per garantire una qualit\u00e0 affidabile e tranquillizzare i clienti.<\/li>\n<li><strong>Consulenza professionale di alta qualit\u00e0<\/strong>Fornire servizi professionali di consulenza sui prodotti e sul mercato per aiutare i clienti a scegliere le soluzioni di imballaggio pi\u00f9 adatte. Perfetto sistema di assistenza post-vendita, per risolvere rapidamente qualsiasi problema e preoccupazione dei clienti.<\/li>\n<li><strong>Campione gratuito<\/strong>Forniamo un servizio di campionamento gratuito per valutare i prodotti.<\/li>\n<\/ul>\n<p>Huiyang Packaging si impegna a fornire ai clienti sacchetti stand up con beccuccio di alta qualit\u00e0 e personalizzati, per aiutarli a migliorare l'immagine dei loro prodotti e ad aumentare la competitivit\u00e0 sul mercato.<\/p>","protected":false},"featured_media":3046,"comment_status":"open","ping_status":"closed","template":"","meta":[],"product_brand":[],"product_cat":[52],"product_tag":[],"class_list":{"0":"post-3045","1":"product","2":"type-product","3":"status-publish","4":"has-post-thumbnail","6":"product_cat-custom-daily-chemical-packaging","8":"first","9":"instock","10":"shipping-taxable","11":"product-type-simple"},"_links":{"self":[{"href":"https:\/\/www.hyflexpack.com\/it\/wp-json\/wp\/v2\/product\/3045","targetHints":{"allow":["GET"]}}],"collection":[{"href":"https:\/\/www.hyflexpack.com\/it\/wp-json\/wp\/v2\/product"}],"about":[{"href":"https:\/\/www.hyflexpack.com\/it\/wp-json\/wp\/v2\/types\/product"}],"replies":[{"embeddable":true,"href":"https:\/\/www.hyflexpack.com\/it\/wp-json\/wp\/v2\/comments?post=3045"}],"wp:featuredmedia":[{"embeddable":true,"href":"https:\/\/www.hyflexpack.com\/it\/wp-json\/wp\/v2\/media\/3046"}],"wp:attachment":[{"href":"https:\/\/www.hyflexpack.com\/it\/wp-json\/wp\/v2\/media?parent=3045"}],"wp:term":[{"taxonomy":"product_brand","embeddable":true,"href":"https:\/\/www.hyflexpack.com\/it\/wp-json\/wp\/v2\/product_brand?post=3045"},{"taxonomy":"product_cat","embeddable":true,"href":"https:\/\/www.hyflexpack.com\/it\/wp-json\/wp\/v2\/product_cat?post=3045"},{"taxonomy":"product_tag","embeddable":true,"href":"https:\/\/www.hyflexpack.com\/it\/wp-json\/wp\/v2\/product_tag?post=3045"}],"curies":[{"name":"wp","href":"https:\/\/api.w.org\/{rel}","templated":true}]}}