{"id":3009,"date":"2024-05-18T08:25:55","date_gmt":"2024-05-18T08:25:55","guid":{"rendered":"https:\/\/hyflexpack.com\/?post_type=product&#038;p=3009"},"modified":"2024-05-18T08:25:56","modified_gmt":"2024-05-18T08:25:56","slug":"customized-liquid-pouches","status":"publish","type":"product","link":"https:\/\/www.hyflexpack.com\/it\/product\/customized-liquid-pouches\/","title":{"rendered":"Sacchetti liquidi su misura Sacchetti di plastica Stand-Up stampati Sacchetto con beccuccio di liquido per lavare i piatti"},"content":{"rendered":"<p><\/p>\n\n\n\n<div class=\"wp-block-columns is-layout-flex wp-container-core-columns-is-layout-9d6595d7 wp-block-columns-is-layout-flex\">\n<div class=\"wp-block-column is-layout-flow wp-block-column-is-layout-flow\">\n<h3 class=\"wp-block-heading\">Caratteristiche delle buste per liquidi di alta qualit\u00e0<\/h3>\n\n\n\n<ul class=\"wp-block-list\">\n<li>Portabilit\u00e0 e risparmio di spazio: il design di questo sacchetto per liquidi \u00e8 compatto e leggero, facile da riporre e trasportare, adatto per l'uso domestico e all'aperto.<\/li>\n\n\n\n<li>Design autoportante: La struttura autoportante del marsupio gli consente di rimanere saldamente in piedi, rendendolo facile da posizionare durante l'uso e con minori probabilit\u00e0 di rovesciarsi.<\/li>\n\n\n\n<li>Design del beccuccio: Progettato con un beccuccio per controllare facilmente il volume di versamento, evitando sprechi e riducendo la possibilit\u00e0 di perdite di liquido.<\/li>\n\n\n\n<li>Materiali ecologici: Spesso vengono utilizzati materiali plastici riciclabili per ridurre al minimo l'impatto sull'ambiente e sostenere uno stile di vita eco-compatibile.<\/li>\n\n\n\n<li>Costruzione multistrato: La struttura in plastica multistrato offre un'eccellente resistenza all'umidit\u00e0, all'ossigeno e ai profumi, garantendo che il detersivo per piatti rimanga in condizioni ottimali per un lungo periodo di tempo.<\/li>\n\n\n\n<li>Facile da usare e da conservare: Il design dell'ugello consente un versamento preciso e pu\u00f2 essere facilmente sigillato dopo l'uso per mantenere pulito e igienico il liquido.<\/li>\n\n\n\n<li>Versatilit\u00e0: Oltre al detersivo per piatti, pu\u00f2 essere utilizzato anche per il confezionamento di altri prodotti liquidi, come il disinfettante per le mani, il detersivo per il bucato e cos\u00ec via, con un'ampia gamma di applicazioni.<\/li>\n<\/ul>\n<\/div>\n\n\n\n<div class=\"wp-block-column is-layout-flow wp-block-column-is-layout-flow\">\n<h2 class=\"wp-block-heading\"><\/h2>\n\n\n\n<figure class=\"wp-block-image size-full\"><img fetchpriority=\"high\" decoding=\"async\" width=\"750\" height=\"750\" src=\"https:\/\/hyflexpack.com\/wp-content\/uploads\/2024\/05\/Customized-Liquid-Pouches-7.webp\" alt=\"Sacchetti per liquidi personalizzati (\" class=\"wp-image-3016\" srcset=\"https:\/\/www.hyflexpack.com\/wp-content\/uploads\/2024\/05\/Customized-Liquid-Pouches-7.webp 750w, https:\/\/www.hyflexpack.com\/wp-content\/uploads\/2024\/05\/Customized-Liquid-Pouches-7-300x300.webp 300w, https:\/\/www.hyflexpack.com\/wp-content\/uploads\/2024\/05\/Customized-Liquid-Pouches-7-150x150.webp 150w, https:\/\/www.hyflexpack.com\/wp-content\/uploads\/2024\/05\/Customized-Liquid-Pouches-7-285x285.webp 285w, https:\/\/www.hyflexpack.com\/wp-content\/uploads\/2024\/05\/Customized-Liquid-Pouches-7-270x270.webp 270w, https:\/\/www.hyflexpack.com\/wp-content\/uploads\/2024\/05\/Customized-Liquid-Pouches-7-540x540.webp 540w, https:\/\/www.hyflexpack.com\/wp-content\/uploads\/2024\/05\/Customized-Liquid-Pouches-7-660x660.webp 660w\" sizes=\"(max-width: 750px) 100vw, 750px\" \/><\/figure>\n<\/div>\n<\/div>","protected":false},"excerpt":{"rendered":"<p>Questo sacchetto di plastica per liquidi \u00e8 ideale per il confezionamento di detersivi per piatti, progettato con un beccuccio per un versamento facile e preciso e a prova di perdite, materiale ecologico e riciclabile. La struttura multistrato garantisce la freschezza del prodotto, la bella stampa migliora l'immagine del marchio, \u00e8 leggera e facile da riporre, adatta per uso domestico e all'aperto, economica. Contattateci oggi stesso per soluzioni personalizzate!<\/p>\n<h3>Vantaggi delle buste per liquidi per bevande<\/h3>\n<ul>\n<li><strong>Design personalizzato<\/strong>Forniamo un servizio di design personalizzato per i sacchetti per liquidi, supportando OEM e ODM, mostrando il logo del marchio e le informazioni sul prodotto per migliorare la consapevolezza del marchio e l'attrattiva del mercato.<\/li>\n<li><strong>Variet\u00e0 di design<\/strong>:\u00c8 disponibile una variet\u00e0 di design e dimensioni per soddisfare le esigenze dei diversi clienti, fornendo soluzioni di imballaggio adatte a una variet\u00e0 di prodotti per il lavaggio delle stoviglie.<\/li>\n<li><strong>Servizio clienti<\/strong>:Fornire un'assistenza rapida e premurosa al servizio clienti 24 ore su 24.<\/li>\n<li><strong>Garanzia di qualit\u00e0<\/strong>Sistema di controllo della qualit\u00e0 rigoroso per garantire l'alta qualit\u00e0 e la coerenza di ogni borsa.<\/li>\n<li><strong>Economicamente vantaggioso<\/strong>: Rispetto alle forme di confezionamento tradizionali, il design delle buste \u00e8 pi\u00f9 conveniente, riducendo i costi di imballaggio, trasporto e stoccaggio e migliorando la redditivit\u00e0.<\/li>\n<li><strong>Campione gratuito<\/strong>Forniamo un servizio di campionamento gratuito per valutare il prodotto.<\/li>\n<\/ul>\n<p>Huiyang Packaging si impegna a fornire ai clienti buste per liquidi personalizzate di alta qualit\u00e0 per aiutarli a migliorare l'immagine dei loro prodotti e ad aumentare la competitivit\u00e0 sul mercato.<\/p>","protected":false},"featured_media":3011,"comment_status":"open","ping_status":"closed","template":"","meta":[],"product_brand":[],"product_cat":[52],"product_tag":[],"class_list":{"0":"post-3009","1":"product","2":"type-product","3":"status-publish","4":"has-post-thumbnail","6":"product_cat-custom-daily-chemical-packaging","8":"first","9":"instock","10":"shipping-taxable","11":"product-type-simple"},"_links":{"self":[{"href":"https:\/\/www.hyflexpack.com\/it\/wp-json\/wp\/v2\/product\/3009","targetHints":{"allow":["GET"]}}],"collection":[{"href":"https:\/\/www.hyflexpack.com\/it\/wp-json\/wp\/v2\/product"}],"about":[{"href":"https:\/\/www.hyflexpack.com\/it\/wp-json\/wp\/v2\/types\/product"}],"replies":[{"embeddable":true,"href":"https:\/\/www.hyflexpack.com\/it\/wp-json\/wp\/v2\/comments?post=3009"}],"wp:featuredmedia":[{"embeddable":true,"href":"https:\/\/www.hyflexpack.com\/it\/wp-json\/wp\/v2\/media\/3011"}],"wp:attachment":[{"href":"https:\/\/www.hyflexpack.com\/it\/wp-json\/wp\/v2\/media?parent=3009"}],"wp:term":[{"taxonomy":"product_brand","embeddable":true,"href":"https:\/\/www.hyflexpack.com\/it\/wp-json\/wp\/v2\/product_brand?post=3009"},{"taxonomy":"product_cat","embeddable":true,"href":"https:\/\/www.hyflexpack.com\/it\/wp-json\/wp\/v2\/product_cat?post=3009"},{"taxonomy":"product_tag","embeddable":true,"href":"https:\/\/www.hyflexpack.com\/it\/wp-json\/wp\/v2\/product_tag?post=3009"}],"curies":[{"name":"wp","href":"https:\/\/api.w.org\/{rel}","templated":true}]}}