{"id":3002,"date":"2024-05-17T08:52:29","date_gmt":"2024-05-17T08:52:29","guid":{"rendered":"https:\/\/hyflexpack.com\/?post_type=product&#038;p=3002"},"modified":"2025-03-14T06:48:59","modified_gmt":"2025-03-14T06:48:59","slug":"confezione-di-bustine-di-te-personalizzate","status":"publish","type":"product","link":"https:\/\/www.hyflexpack.com\/it\/product\/custom-tea-bag-packaging\/","title":{"rendered":"Borsa del t\u00e8 personalizzata che imballa la borsa della chiusura lampo Borsa facile da strappare Stand Up Pouch"},"content":{"rendered":"<div class=\"wp-block-columns is-layout-flex wp-container-core-columns-is-layout-9d6595d7 wp-block-columns-is-layout-flex\">\n<div class=\"wp-block-column is-layout-flow wp-block-column-is-layout-flow\">\n<h3 class=\"wp-block-heading\">Caratteristiche della confezione di bustine di t\u00e8 di alta qualit\u00e0<\/h3>\n\n\n\n<ul class=\"wp-block-list\">\n<li>Materiale ad alta barriera: Le confezioni di bustine di t\u00e8 sono solitamente realizzate con materiali compositi multistrato (ad esempio PET\/AL\/PE) che offrono eccellenti propriet\u00e0 barriera, alta barriera, antistatiche e anti-penetrazione per impedire l'ingresso di ossigeno, umidit\u00e0 e luce, prolungando cos\u00ec la durata di conservazione del t\u00e8.<\/li>\n<\/ul>\n\n\n\n<p><\/p>\n\n\n\n<ul class=\"wp-block-list\">\n<li>Design autoportante: Il design autoportante delle bustine consente alle bustine di t\u00e8 di stare in piedi da sole dopo il riempimento, migliorando l'esposizione sugli scaffali e facilitando la conservazione da parte dei consumatori.<\/li>\n<\/ul>\n\n\n\n<p><\/p>\n\n\n\n<ul class=\"wp-block-list\">\n<li>Chiusura a cerniera: la confezione di bustine di t\u00e8 \u00e8 dotata di una chiusura a cerniera riutilizzabile, che consente ai consumatori di aprire e chiudere facilmente la bustina pi\u00f9 volte per mantenere la freschezza del t\u00e8.<\/li>\n<\/ul>\n\n\n\n<p><\/p>\n\n\n\n<ul class=\"wp-block-list\">\n<li>Stampa di alta qualit\u00e0: Il materiale esterno ha una buona adattabilit\u00e0 alla stampa e pu\u00f2 realizzare una stampa di alta qualit\u00e0 dei motivi e delle informazioni del marchio per migliorare l'attrattiva visiva del prodotto.<\/li>\n<\/ul>\n\n\n\n<p><\/p>\n\n\n\n<ul class=\"wp-block-list\">\n<li>Sostenibilit\u00e0: Considerare l'utilizzo di materiali biodegradabili o il lancio di sacchetti riciclabili per soddisfare la preferenza dei consumatori per i prodotti ecologici.<\/li>\n<\/ul>\n<\/div>\n\n\n\n<div class=\"wp-block-column is-layout-flow wp-block-column-is-layout-flow\">\n<h2 class=\"wp-block-heading\"><\/h2>\n\n\n\n<figure class=\"wp-block-image size-full\"><img fetchpriority=\"high\" decoding=\"async\" width=\"750\" height=\"750\" src=\"https:\/\/hyflexpack.com\/wp-content\/uploads\/2024\/05\/Custom-Tea-Bag-Packaging-5.webp\" alt=\"Imballaggio personalizzato per bustine di t\u00e8\" class=\"wp-image-3007\" srcset=\"https:\/\/www.hyflexpack.com\/wp-content\/uploads\/2024\/05\/Custom-Tea-Bag-Packaging-5.webp 750w, https:\/\/www.hyflexpack.com\/wp-content\/uploads\/2024\/05\/Custom-Tea-Bag-Packaging-5-300x300.webp 300w, https:\/\/www.hyflexpack.com\/wp-content\/uploads\/2024\/05\/Custom-Tea-Bag-Packaging-5-150x150.webp 150w, https:\/\/www.hyflexpack.com\/wp-content\/uploads\/2024\/05\/Custom-Tea-Bag-Packaging-5-285x285.webp 285w, https:\/\/www.hyflexpack.com\/wp-content\/uploads\/2024\/05\/Custom-Tea-Bag-Packaging-5-270x270.webp 270w, https:\/\/www.hyflexpack.com\/wp-content\/uploads\/2024\/05\/Custom-Tea-Bag-Packaging-5-540x540.webp 540w, https:\/\/www.hyflexpack.com\/wp-content\/uploads\/2024\/05\/Custom-Tea-Bag-Packaging-5-660x660.webp 660w\" sizes=\"(max-width: 750px) 100vw, 750px\" \/><\/figure>\n<\/div>\n<\/div>","protected":false},"excerpt":{"rendered":"<p>Con le nostre confezioni di bustine di t\u00e8 che combinano materiali ad alta barriera, una comoda chiusura a cerniera e un design facile da strappare, in qualit\u00e0 di produttore leader di imballaggi flessibili personalizzati, aiutiamo il vostro marchio a distinguersi grazie alla nostra tecnologia avanzata, al rigoroso controllo della qualit\u00e0 e a un servizio clienti professionale per fornirvi soluzioni di confezionamento di bustine di t\u00e8 di alta qualit\u00e0.<\/p>\n<h3>Vantaggi dell'imballaggio delle bustine di t\u00e8<\/h3>\n<ul>\n<li><strong>Design personalizzato<\/strong>: Fornire servizi di personalizzazione completi, tra cui la selezione del materiale, la progettazione della stampa e la forma dell'imballaggio, per soddisfare le esigenze individuali dei clienti. Supportare OEM e ODM.<\/li>\n<li><strong>Produzione flessibile<\/strong>Grazie ad attrezzature e tecnologie avanzate, siamo in grado di completare la produzione degli ordini con un'elevata efficienza e qualit\u00e0 e di consegnarli in tempo.<\/li>\n<li><strong>Controllo di qualit\u00e0 rigoroso<\/strong>: Rigoroso controllo della qualit\u00e0, dall'approvvigionamento delle materie prime a ogni fase del processo produttivo, per garantire che i prodotti siano conformi agli standard internazionali.<\/li>\n<li><strong>Team di professionisti<\/strong>: un team di assistenza clienti professionale, che fornisce ai clienti un servizio one-stop dalla consultazione, alla progettazione, al post-vendita.<\/li>\n<li><strong>Copertura del mercato<\/strong>: Ampia capacit\u00e0 di copertura del mercato, i prodotti sono venduti in molti mercati nazionali e internazionali e hanno conquistato una buona reputazione.<\/li>\n<li><strong>Campione gratuito<\/strong>: Fornire un servizio di campionamento gratuito per valutare i prodotti.<\/li>\n<\/ul>\n<p>Huiyang Packaging si impegna a fornire ai clienti confezioni di bustine di t\u00e8 di alta qualit\u00e0 e personalizzate, per aiutarli a migliorare l'immagine dei loro prodotti e le esigenze di protezione ambientale e a incrementare la competitivit\u00e0 del mercato.<\/p>","protected":false},"featured_media":3007,"comment_status":"open","ping_status":"closed","template":"","meta":[],"product_brand":[],"product_cat":[58],"product_tag":[],"class_list":{"0":"post-3002","1":"product","2":"type-product","3":"status-publish","4":"has-post-thumbnail","6":"product_cat-tea-bag-packaging","8":"first","9":"instock","10":"shipping-taxable","11":"product-type-simple"},"_links":{"self":[{"href":"https:\/\/www.hyflexpack.com\/it\/wp-json\/wp\/v2\/product\/3002","targetHints":{"allow":["GET"]}}],"collection":[{"href":"https:\/\/www.hyflexpack.com\/it\/wp-json\/wp\/v2\/product"}],"about":[{"href":"https:\/\/www.hyflexpack.com\/it\/wp-json\/wp\/v2\/types\/product"}],"replies":[{"embeddable":true,"href":"https:\/\/www.hyflexpack.com\/it\/wp-json\/wp\/v2\/comments?post=3002"}],"wp:featuredmedia":[{"embeddable":true,"href":"https:\/\/www.hyflexpack.com\/it\/wp-json\/wp\/v2\/media\/3007"}],"wp:attachment":[{"href":"https:\/\/www.hyflexpack.com\/it\/wp-json\/wp\/v2\/media?parent=3002"}],"wp:term":[{"taxonomy":"product_brand","embeddable":true,"href":"https:\/\/www.hyflexpack.com\/it\/wp-json\/wp\/v2\/product_brand?post=3002"},{"taxonomy":"product_cat","embeddable":true,"href":"https:\/\/www.hyflexpack.com\/it\/wp-json\/wp\/v2\/product_cat?post=3002"},{"taxonomy":"product_tag","embeddable":true,"href":"https:\/\/www.hyflexpack.com\/it\/wp-json\/wp\/v2\/product_tag?post=3002"}],"curies":[{"name":"wp","href":"https:\/\/api.w.org\/{rel}","templated":true}]}}