{"id":2971,"date":"2024-05-16T10:01:07","date_gmt":"2024-05-16T10:01:07","guid":{"rendered":"https:\/\/hyflexpack.com\/?post_type=product&#038;p=2971"},"modified":"2025-03-14T06:49:44","modified_gmt":"2025-03-14T06:49:44","slug":"customized-coffee-packages-zipper-bag","status":"publish","type":"product","link":"https:\/\/www.hyflexpack.com\/it\/product\/customized-coffee-packages-zipper-bag\/","title":{"rendered":"Personalizzato caff\u00e8 pacchetti Zipper Bag Stand-up sacchetti con valvola di controllo imballaggio alimentare"},"content":{"rendered":"<div class=\"wp-block-columns is-layout-flex wp-container-core-columns-is-layout-9d6595d7 wp-block-columns-is-layout-flex\">\n<div class=\"wp-block-column is-layout-flow wp-block-column-is-layout-flow\">\n<h3 class=\"wp-block-heading\">Caratteristiche delle confezioni di caff\u00e8 di alta qualit\u00e0<\/h3>\n\n\n\n<ul class=\"wp-block-list\">\n<li>Design della borsa con cerniera: Le confezioni di caff\u00e8 sono dotate di una comoda cerniera e di un design facile da strappare, che facilita l'apertura e la chiusura del sacchetto per mantenere il caff\u00e8 fresco e saporito.<\/li>\n<\/ul>\n\n\n\n<p><\/p>\n\n\n\n<ul class=\"wp-block-list\">\n<li>Design della busta stand-up: A differenza dei tradizionali sacchetti piatti, questi sacchetti sono caratterizzati da un design a sacchetto stand-up, che consente al sacchetto di rimanere stabile quando viene riempito e aiuta a esporre il prodotto sullo scaffale.<\/li>\n<\/ul>\n\n\n\n<p><\/p>\n\n\n\n<ul class=\"wp-block-list\">\n<li>Tecnologia con valvola di non ritorno: La tecnologia della valvola di non ritorno incorporata fa fuoriuscire il gas all'interno della confezione per mantenere la freschezza e la qualit\u00e0 del caff\u00e8, impedendo all'ossigeno e all'umidit\u00e0 di entrare nella confezione.<\/li>\n<\/ul>\n\n\n\n<p><\/p>\n\n\n\n<ul class=\"wp-block-list\">\n<li>Materiale per uso alimentare: Prodotto con materiale di grado alimentare per garantire che il prodotto soddisfi gli standard di salute e sicurezza e possa essere utilizzato in modo sicuro per confezionare alimenti.<\/li>\n<\/ul>\n\n\n\n<p><\/p>\n\n\n\n<ul class=\"wp-block-list\">\n<li>Personalizzazione della stampa: La stampa personalizzata pu\u00f2 essere eseguita in base alle esigenze del cliente, compresi il logo del marchio, le informazioni sul prodotto e il design per attirare i consumatori, migliorando l'immagine del marchio e la competitivit\u00e0 del mercato.<\/li>\n<\/ul>\n\n\n\n<p><\/p>\n\n\n\n<ul class=\"wp-block-list\">\n<li>Multifunzionalit\u00e0: Oltre che per il caff\u00e8, questi sacchetti sono adatti anche per il confezionamento di altri prodotti alimentari e non, come snack, frutta secca, caramelle e cos\u00ec via.<\/li>\n<\/ul>\n<\/div>\n\n\n\n<div class=\"wp-block-column is-layout-flow wp-block-column-is-layout-flow\">\n<h3 class=\"wp-block-heading\"><\/h3>\n\n\n\n<figure class=\"wp-block-image size-full\"><img fetchpriority=\"high\" decoding=\"async\" width=\"750\" height=\"750\" src=\"https:\/\/hyflexpack.com\/wp-content\/uploads\/2024\/05\/Customized-Coffee-Packages-4.webp\" alt=\"Pacchetti caff\u00e8 personalizzati (1)\" class=\"wp-image-2975\" srcset=\"https:\/\/www.hyflexpack.com\/wp-content\/uploads\/2024\/05\/Customized-Coffee-Packages-4.webp 750w, https:\/\/www.hyflexpack.com\/wp-content\/uploads\/2024\/05\/Customized-Coffee-Packages-4-300x300.webp 300w, https:\/\/www.hyflexpack.com\/wp-content\/uploads\/2024\/05\/Customized-Coffee-Packages-4-150x150.webp 150w, https:\/\/www.hyflexpack.com\/wp-content\/uploads\/2024\/05\/Customized-Coffee-Packages-4-285x285.webp 285w, https:\/\/www.hyflexpack.com\/wp-content\/uploads\/2024\/05\/Customized-Coffee-Packages-4-270x270.webp 270w, https:\/\/www.hyflexpack.com\/wp-content\/uploads\/2024\/05\/Customized-Coffee-Packages-4-540x540.webp 540w, https:\/\/www.hyflexpack.com\/wp-content\/uploads\/2024\/05\/Customized-Coffee-Packages-4-660x660.webp 660w\" sizes=\"(max-width: 750px) 100vw, 750px\" \/><\/figure>\n<\/div>\n<\/div>","protected":false},"excerpt":{"rendered":"<p>Le confezioni di caff\u00e8 Explore, dotate di valvola di non ritorno per il confezionamento di alimenti, combinano perfettamente convenienza e funzionalit\u00e0. Realizzate con materiali di alta qualit\u00e0 per mantenere la freschezza e il gusto del caff\u00e8. Contattateci subito e creiamo insieme soluzioni eccezionali per il confezionamento del caff\u00e8!<\/p>\n<h3>Vantaggi delle confezioni di caff\u00e8<\/h3>\n<ul>\n<li><strong>Design personalizzato<\/strong>: Forniamo un servizio di confezioni di caff\u00e8 dal design personalizzato, che include la personalizzazione del materiale, delle dimensioni e del modello di stampa per soddisfare le esigenze del cliente, supportando OEM e ODM.<\/li>\n<li><strong>Produzione<\/strong>: Grazie ad attrezzature e tecnologie avanzate, siamo in grado di produrre ordini con elevata efficienza e qualit\u00e0 e di consegnarli in tempo.<\/li>\n<li><strong>Ispezione della qualit\u00e0<\/strong>: Rispettiamo rigorosamente gli standard di qualit\u00e0 e i requisiti di sicurezza alimentare per garantire che i nostri prodotti siano conformi agli standard.<\/li>\n<li><strong>Supporto tecnico del team<\/strong>: Il nostro team ha una ricca esperienza nel settore e conoscenze professionali per fornire assistenza tecnica e servizi di consulenza 24 ore su 24 ai nostri clienti.<\/li>\n<li><strong>Campioni gratuiti<\/strong>: Forniamo campioni gratuiti per valutare i nostri prodotti.<\/li>\n<\/ul>\n<p>Huiyang Packaging si impegna a fornire ai clienti confezioni di caff\u00e8 di alta qualit\u00e0 e personalizzate, per aiutarli a migliorare l'immagine dei loro prodotti e ad aumentare la competitivit\u00e0 sul mercato.<\/p>","protected":false},"featured_media":2972,"comment_status":"open","ping_status":"closed","template":"","meta":[],"product_brand":[],"product_cat":[55],"product_tag":[],"class_list":{"0":"post-2971","1":"product","2":"type-product","3":"status-publish","4":"has-post-thumbnail","6":"product_cat-custom-coffee-packaging","8":"first","9":"instock","10":"shipping-taxable","11":"product-type-simple"},"_links":{"self":[{"href":"https:\/\/www.hyflexpack.com\/it\/wp-json\/wp\/v2\/product\/2971","targetHints":{"allow":["GET"]}}],"collection":[{"href":"https:\/\/www.hyflexpack.com\/it\/wp-json\/wp\/v2\/product"}],"about":[{"href":"https:\/\/www.hyflexpack.com\/it\/wp-json\/wp\/v2\/types\/product"}],"replies":[{"embeddable":true,"href":"https:\/\/www.hyflexpack.com\/it\/wp-json\/wp\/v2\/comments?post=2971"}],"wp:featuredmedia":[{"embeddable":true,"href":"https:\/\/www.hyflexpack.com\/it\/wp-json\/wp\/v2\/media\/2972"}],"wp:attachment":[{"href":"https:\/\/www.hyflexpack.com\/it\/wp-json\/wp\/v2\/media?parent=2971"}],"wp:term":[{"taxonomy":"product_brand","embeddable":true,"href":"https:\/\/www.hyflexpack.com\/it\/wp-json\/wp\/v2\/product_brand?post=2971"},{"taxonomy":"product_cat","embeddable":true,"href":"https:\/\/www.hyflexpack.com\/it\/wp-json\/wp\/v2\/product_cat?post=2971"},{"taxonomy":"product_tag","embeddable":true,"href":"https:\/\/www.hyflexpack.com\/it\/wp-json\/wp\/v2\/product_tag?post=2971"}],"curies":[{"name":"wp","href":"https:\/\/api.w.org\/{rel}","templated":true}]}}