{"id":2960,"date":"2024-05-15T10:11:41","date_gmt":"2024-05-15T10:11:41","guid":{"rendered":"https:\/\/hyflexpack.com\/?post_type=product&#038;p=2960"},"modified":"2025-03-14T06:49:54","modified_gmt":"2025-03-14T06:49:54","slug":"custom-coffee-packaging-bags","status":"publish","type":"product","link":"https:\/\/www.hyflexpack.com\/it\/product\/custom-coffee-packaging-bags\/","title":{"rendered":"Sacchetti personalizzati per l'imballaggio del caff\u00e8 Sacchetti a fondo piatto Strappo facile con valvole unidirezionali"},"content":{"rendered":"<div class=\"wp-block-columns is-layout-flex wp-container-core-columns-is-layout-9d6595d7 wp-block-columns-is-layout-flex\">\n<div class=\"wp-block-column is-layout-flow wp-block-column-is-layout-flow\">\n<h3 class=\"wp-block-heading\">Caratteristiche dei sacchetti per l'imballaggio del caff\u00e8 di alta qualit\u00e0<\/h3>\n\n\n\n<p><\/p>\n\n\n\n<ul class=\"wp-block-list\">\n<li>Design a strappo facile: i sacchetti di caff\u00e8 sono progettati con un design a strappo facile, che consente di accedere facilmente ai chicchi di caff\u00e8 o alla polvere, di migliorare l'esperienza dell'utente e di ridurre le rotture o la contaminazione.<\/li>\n<\/ul>\n\n\n\n<p><\/p>\n\n\n\n<ul class=\"wp-block-list\">\n<li>Funzione valvola unidirezionale: Dotato di una valvola unidirezionale per mantenere il caff\u00e8 fresco e prolungarne la durata.<\/li>\n<\/ul>\n\n\n\n<p><\/p>\n\n\n\n<ul class=\"wp-block-list\">\n<li>Design a fondo piatto: Stabilizza l'esposizione dei prodotti, migliora l'effetto espositivo e offre una maggiore capacit\u00e0.<\/li>\n<\/ul>\n\n\n\n<p><\/p>\n\n\n\n<ul class=\"wp-block-list\">\n<li>Materiali alimentari di alta qualit\u00e0: Realizzato con materiali di alta qualit\u00e0 per garantire l'impermeabilit\u00e0, l'ossidazione, l'alta barriera, l'antistaticit\u00e0 e l'anti-penetrazione, in linea con gli standard di sicurezza alimentare, per mantenere il caff\u00e8 nelle migliori condizioni.<\/li>\n<\/ul>\n\n\n\n<p><\/p>\n\n\n\n<ul class=\"wp-block-list\">\n<li>Posizionamento del marchio: Evidenziare l'immagine e il messaggio del marchio attraverso un design e una stampa personalizzati per attirare pi\u00f9 consumatori.<\/li>\n<\/ul>\n\n\n\n<p><\/p>\n\n\n\n<ul class=\"wp-block-list\">\n<li>Sostenibilit\u00e0: Considerare l'utilizzo di materiali biodegradabili o il lancio di sacchetti riciclabili, in linea con la preferenza dei consumatori per i prodotti ecologici.<\/li>\n<\/ul>\n<\/div>\n\n\n\n<div class=\"wp-block-column is-layout-flow wp-block-column-is-layout-flow\">\n<figure class=\"wp-block-image size-full\"><img fetchpriority=\"high\" decoding=\"async\" width=\"750\" height=\"750\" src=\"https:\/\/hyflexpack.com\/wp-content\/uploads\/2024\/05\/Custom-Coffee-Packaging-Bags-5.webp\" alt=\"Sacchetti per l&#039;imballaggio del caff\u00e8 personalizzati\" class=\"wp-image-2964\" srcset=\"https:\/\/www.hyflexpack.com\/wp-content\/uploads\/2024\/05\/Custom-Coffee-Packaging-Bags-5.webp 750w, https:\/\/www.hyflexpack.com\/wp-content\/uploads\/2024\/05\/Custom-Coffee-Packaging-Bags-5-300x300.webp 300w, https:\/\/www.hyflexpack.com\/wp-content\/uploads\/2024\/05\/Custom-Coffee-Packaging-Bags-5-150x150.webp 150w, https:\/\/www.hyflexpack.com\/wp-content\/uploads\/2024\/05\/Custom-Coffee-Packaging-Bags-5-285x285.webp 285w, https:\/\/www.hyflexpack.com\/wp-content\/uploads\/2024\/05\/Custom-Coffee-Packaging-Bags-5-270x270.webp 270w, https:\/\/www.hyflexpack.com\/wp-content\/uploads\/2024\/05\/Custom-Coffee-Packaging-Bags-5-540x540.webp 540w, https:\/\/www.hyflexpack.com\/wp-content\/uploads\/2024\/05\/Custom-Coffee-Packaging-Bags-5-660x660.webp 660w\" sizes=\"(max-width: 750px) 100vw, 750px\" \/><\/figure>\n<\/div>\n<\/div>\n\n\n\n<div class=\"wp-block-columns is-layout-flex wp-container-core-columns-is-layout-9d6595d7 wp-block-columns-is-layout-flex\">\n<div class=\"wp-block-column is-layout-flow wp-block-column-is-layout-flow\">\n<figure class=\"wp-block-embed is-type-video is-provider-youtube wp-block-embed-youtube wp-embed-aspect-16-9 wp-has-aspect-ratio\"><div class=\"wp-block-embed__wrapper\">\n<iframe title=\"confezioni di caff\u00e8 personalizzate\" width=\"940\" height=\"529\" src=\"https:\/\/www.youtube.com\/embed\/mcO7TezjD_0?feature=oembed\" frameborder=\"0\" allow=\"accelerometer; autoplay; clipboard-write; encrypted-media; gyroscope; picture-in-picture; web-share\" referrerpolicy=\"strict-origin-when-cross-origin\" allowfullscreen><\/iframe>\n<\/div><\/figure>\n<\/div>\n\n\n\n<div class=\"wp-block-column is-layout-flow wp-block-column-is-layout-flow\">\n<h2 class=\"wp-block-heading\">La soluzione perfetta per il vostro marchio<\/h2>\n\n\n\n<p><\/p>\n\n\n\n<p>Cos\u00ec come esistono diversi tipi di chicchi di caff\u00e8, stili di tostatura e forme in cui il caff\u00e8 viene venduto, esistono diverse opzioni di confezionamento per il caff\u00e8 nel mondo in continua evoluzione delle vendite di caff\u00e8. Le opzioni di confezionamento del caff\u00e8 includono:<\/p>\n\n\n\n<p><strong>Scelte di materiali<\/strong>Dal prolungamento della durata di conservazione al confezionamento ecologico del caff\u00e8.<br><strong>Configurazioni<\/strong>: fondo quadrato, buste stand-up, buste a soffietto.<br><strong>Caratteristiche<\/strong>: sfiato d'aria, strappo facile, cerniera richiudibile, barriera laminata.<\/p>\n<\/div>\n<\/div>","protected":false},"excerpt":{"rendered":"<p>Esplorate i nostri sacchetti personalizzati per il caff\u00e8 con design a strappo, funzione di valvola unidirezionale e forma a fondo piatto. Mantenete il gusto fresco del caff\u00e8, migliorate l'esperienza dell'utente e mettete in mostra il vostro marchio. Personalizzate il vostro servizio per creare un prodotto unico, contattateci per far risaltare la vostra confezione di caff\u00e8!<\/p>\n<h3>Vantaggi del fornitore di sacchetti per l'imballaggio del caff\u00e8<\/h3>\n<ul>\n<li><strong>Design personalizzato<\/strong>: Forniamo un servizio di sacchetti per l'imballaggio del caff\u00e8 dal design personalizzato, compresa la personalizzazione del materiale, delle dimensioni e del modello di stampa per soddisfare le esigenze dei clienti, e supportiamo OEM e ODM.<\/li>\n<li><strong>Produzione<\/strong>: Grazie ad attrezzature e tecnologie avanzate, siamo in grado di completare la produzione degli ordini con un'elevata efficienza e qualit\u00e0 e di consegnare in tempo.<\/li>\n<li><strong>Ispezione della qualit\u00e0<\/strong>: Seguire rigorosamente gli standard di qualit\u00e0 e i requisiti di sicurezza alimentare per garantire la conformit\u00e0 dei prodotti agli standard.<\/li>\n<li><strong>Supporto tecnico del team<\/strong>: Il nostro team ha una ricca esperienza nel settore e conoscenze professionali, ed \u00e8 in grado di fornire assistenza tecnica e un servizio di consulenza 24 ore su 24 ai nostri clienti.<\/li>\n<li><strong>Certificazione: la certificazione<\/strong>\u00a0FDA\/BRC\/ISO 9001\/RoHS<\/li>\n<li><strong>Campione gratuito<\/strong>: Fornire un servizio di campionamento gratuito per valutare i prodotti.<\/li>\n<\/ul>\n<p>Huiyang Packaging si impegna a fornire ai clienti sacchetti per l'imballaggio del caff\u00e8 di alta qualit\u00e0 e personalizzati, per aiutarli a migliorare l'immagine dei loro prodotti e ad aumentare la competitivit\u00e0 sul mercato.<\/p>","protected":false},"featured_media":2966,"comment_status":"open","ping_status":"closed","template":"","meta":[],"product_brand":[],"product_cat":[55],"product_tag":[],"class_list":{"0":"post-2960","1":"product","2":"type-product","3":"status-publish","4":"has-post-thumbnail","6":"product_cat-custom-coffee-packaging","8":"first","9":"instock","10":"shipping-taxable","11":"product-type-simple"},"_links":{"self":[{"href":"https:\/\/www.hyflexpack.com\/it\/wp-json\/wp\/v2\/product\/2960","targetHints":{"allow":["GET"]}}],"collection":[{"href":"https:\/\/www.hyflexpack.com\/it\/wp-json\/wp\/v2\/product"}],"about":[{"href":"https:\/\/www.hyflexpack.com\/it\/wp-json\/wp\/v2\/types\/product"}],"replies":[{"embeddable":true,"href":"https:\/\/www.hyflexpack.com\/it\/wp-json\/wp\/v2\/comments?post=2960"}],"wp:featuredmedia":[{"embeddable":true,"href":"https:\/\/www.hyflexpack.com\/it\/wp-json\/wp\/v2\/media\/2966"}],"wp:attachment":[{"href":"https:\/\/www.hyflexpack.com\/it\/wp-json\/wp\/v2\/media?parent=2960"}],"wp:term":[{"taxonomy":"product_brand","embeddable":true,"href":"https:\/\/www.hyflexpack.com\/it\/wp-json\/wp\/v2\/product_brand?post=2960"},{"taxonomy":"product_cat","embeddable":true,"href":"https:\/\/www.hyflexpack.com\/it\/wp-json\/wp\/v2\/product_cat?post=2960"},{"taxonomy":"product_tag","embeddable":true,"href":"https:\/\/www.hyflexpack.com\/it\/wp-json\/wp\/v2\/product_tag?post=2960"}],"curies":[{"name":"wp","href":"https:\/\/api.w.org\/{rel}","templated":true}]}}