{"id":9926,"date":"2026-04-25T06:34:37","date_gmt":"2026-04-25T06:34:37","guid":{"rendered":"https:\/\/www.hyflexpack.com\/?post_type=product&#038;p=9926"},"modified":"2026-04-25T06:34:39","modified_gmt":"2026-04-25T06:34:39","slug":"custom-milk-powder-packaging-film","status":"publish","type":"product","link":"https:\/\/www.hyflexpack.com\/fr\/product\/custom-milk-powder-packaging-film\/","title":{"rendered":"Custom Milk Powder Packaging Film, Heat Seal Plastic Automatic Packaging Roll Film Factory"},"content":{"rendered":"<div class=\"wp-block-columns is-layout-flex wp-container-core-columns-is-layout-9d6595d7 wp-block-columns-is-layout-flex\">\n<div class=\"wp-block-column is-layout-flow wp-block-column-is-layout-flow\">\n<h2 class=\"wp-block-heading\">Custom Milk Powder Packaging Film Features<\/h2>\n\n\n\n<ul class=\"wp-block-list\">\n<li><strong>High-Barrier Protection for Milk Powder Freshness<\/strong>: This <strong>custom milk powder packaging film<\/strong> is made with laminated aluminum layers, providing excellent resistance to moisture, oxygen, and light. It effectively preserves nutritional value, aroma, and quality, ensuring longer shelf life for milk powder products.<\/li>\n\n\n\n<li><strong>Optimized for Automatic Packaging Machines<\/strong>: Designed as high-performance roll stock, this <strong>custom milk powder packaging film<\/strong> runs smoothly on high-speed form-fill-seal (FFS) machines, ensuring stable feeding, precise sealing, and efficient production without interruptions.<\/li>\n\n\n\n<li><strong>Strong Heat Seal Performance for Safe Packaging<\/strong>: The advanced heat seal laminated structure delivers strong and consistent sealing strength, preventing leakage, contamination, and product damage during storage and transportation.<\/li>\n\n\n\n<li><strong>High-Quality Printing for Strong Shelf Impact<\/strong>: Up to 10-color gravure printing is available for your <strong>custom milk powder packaging film<\/strong>, offering sharp details and vibrant colors to enhance brand visibility and improve shelf appeal in competitive retail markets.<\/li>\n\n\n\n<li><strong>Food-Grade Certified Materials for Safety Assurance<\/strong>: Produced with strict food-grade standards, this packaging film is suitable for milk powder, infant formula, nutritional supplements, and dairy products, meeting global safety and quality requirements.<\/li>\n\n\n\n<li><strong>Flexible OEM Customization for Brand Needs<\/strong>: We support full customization, including film structure, thickness, roll width, sealing properties, and printing design to meet different packaging machine and product requirements.<\/li>\n<\/ul>\n<\/div>\n\n\n\n<div class=\"wp-block-column is-layout-flow wp-block-column-is-layout-flow\">\n<figure class=\"wp-block-image size-full\"><img fetchpriority=\"high\" decoding=\"async\" width=\"1000\" height=\"1000\" src=\"https:\/\/www.hyflexpack.com\/wp-content\/uploads\/2026\/04\/Custom-Milk-Powder-Packaging-Film-1.webp\" alt=\"Custom Milk Powder Packaging Film\" class=\"wp-image-9932\" srcset=\"https:\/\/www.hyflexpack.com\/wp-content\/uploads\/2026\/04\/Custom-Milk-Powder-Packaging-Film-1.webp 1000w, https:\/\/www.hyflexpack.com\/wp-content\/uploads\/2026\/04\/Custom-Milk-Powder-Packaging-Film-1-300x300.webp 300w, https:\/\/www.hyflexpack.com\/wp-content\/uploads\/2026\/04\/Custom-Milk-Powder-Packaging-Film-1-150x150.webp 150w, https:\/\/www.hyflexpack.com\/wp-content\/uploads\/2026\/04\/Custom-Milk-Powder-Packaging-Film-1-768x768.webp 768w, https:\/\/www.hyflexpack.com\/wp-content\/uploads\/2026\/04\/Custom-Milk-Powder-Packaging-Film-1-12x12.webp 12w, https:\/\/www.hyflexpack.com\/wp-content\/uploads\/2026\/04\/Custom-Milk-Powder-Packaging-Film-1-285x285.webp 285w, https:\/\/www.hyflexpack.com\/wp-content\/uploads\/2026\/04\/Custom-Milk-Powder-Packaging-Film-1-270x270.webp 270w, https:\/\/www.hyflexpack.com\/wp-content\/uploads\/2026\/04\/Custom-Milk-Powder-Packaging-Film-1-540x540.webp 540w, https:\/\/www.hyflexpack.com\/wp-content\/uploads\/2026\/04\/Custom-Milk-Powder-Packaging-Film-1-660x660.webp 660w\" sizes=\"(max-width: 1000px) 100vw, 1000px\" \/><\/figure>\n<\/div>\n<\/div>\n\n\n\n<div class=\"wp-block-columns is-layout-flex wp-container-core-columns-is-layout-9d6595d7 wp-block-columns-is-layout-flex\">\n<div class=\"wp-block-column is-layout-flow wp-block-column-is-layout-flow\">\n<figure class=\"wp-block-image size-full\"><img decoding=\"async\" width=\"1000\" height=\"1000\" src=\"https:\/\/www.hyflexpack.com\/wp-content\/uploads\/2026\/04\/Custom-Milk-Powder-Packaging-Film-6.webp\" alt=\"Custom Milk Powder Packaging Film\" class=\"wp-image-9937\" srcset=\"https:\/\/www.hyflexpack.com\/wp-content\/uploads\/2026\/04\/Custom-Milk-Powder-Packaging-Film-6.webp 1000w, https:\/\/www.hyflexpack.com\/wp-content\/uploads\/2026\/04\/Custom-Milk-Powder-Packaging-Film-6-300x300.webp 300w, https:\/\/www.hyflexpack.com\/wp-content\/uploads\/2026\/04\/Custom-Milk-Powder-Packaging-Film-6-150x150.webp 150w, https:\/\/www.hyflexpack.com\/wp-content\/uploads\/2026\/04\/Custom-Milk-Powder-Packaging-Film-6-768x768.webp 768w, https:\/\/www.hyflexpack.com\/wp-content\/uploads\/2026\/04\/Custom-Milk-Powder-Packaging-Film-6-12x12.webp 12w, https:\/\/www.hyflexpack.com\/wp-content\/uploads\/2026\/04\/Custom-Milk-Powder-Packaging-Film-6-285x285.webp 285w, https:\/\/www.hyflexpack.com\/wp-content\/uploads\/2026\/04\/Custom-Milk-Powder-Packaging-Film-6-270x270.webp 270w, https:\/\/www.hyflexpack.com\/wp-content\/uploads\/2026\/04\/Custom-Milk-Powder-Packaging-Film-6-540x540.webp 540w, https:\/\/www.hyflexpack.com\/wp-content\/uploads\/2026\/04\/Custom-Milk-Powder-Packaging-Film-6-660x660.webp 660w\" sizes=\"(max-width: 1000px) 100vw, 1000px\" \/><\/figure>\n<\/div>\n\n\n\n<div class=\"wp-block-column is-layout-flow wp-block-column-is-layout-flow\">\n<figure class=\"wp-block-image size-full\"><img decoding=\"async\" width=\"1000\" height=\"1000\" src=\"https:\/\/www.hyflexpack.com\/wp-content\/uploads\/2026\/04\/Custom-Milk-Powder-Packaging-Film-3.webp\" alt=\"Custom Milk Powder Packaging Film\" class=\"wp-image-9934\" srcset=\"https:\/\/www.hyflexpack.com\/wp-content\/uploads\/2026\/04\/Custom-Milk-Powder-Packaging-Film-3.webp 1000w, https:\/\/www.hyflexpack.com\/wp-content\/uploads\/2026\/04\/Custom-Milk-Powder-Packaging-Film-3-300x300.webp 300w, https:\/\/www.hyflexpack.com\/wp-content\/uploads\/2026\/04\/Custom-Milk-Powder-Packaging-Film-3-150x150.webp 150w, https:\/\/www.hyflexpack.com\/wp-content\/uploads\/2026\/04\/Custom-Milk-Powder-Packaging-Film-3-768x768.webp 768w, https:\/\/www.hyflexpack.com\/wp-content\/uploads\/2026\/04\/Custom-Milk-Powder-Packaging-Film-3-12x12.webp 12w, https:\/\/www.hyflexpack.com\/wp-content\/uploads\/2026\/04\/Custom-Milk-Powder-Packaging-Film-3-285x285.webp 285w, https:\/\/www.hyflexpack.com\/wp-content\/uploads\/2026\/04\/Custom-Milk-Powder-Packaging-Film-3-270x270.webp 270w, https:\/\/www.hyflexpack.com\/wp-content\/uploads\/2026\/04\/Custom-Milk-Powder-Packaging-Film-3-540x540.webp 540w, https:\/\/www.hyflexpack.com\/wp-content\/uploads\/2026\/04\/Custom-Milk-Powder-Packaging-Film-3-660x660.webp 660w\" sizes=\"(max-width: 1000px) 100vw, 1000px\" \/><\/figure>\n<\/div>\n<\/div>","protected":false},"excerpt":{"rendered":"<p>Welcome to partner with a reliable supplier of <strong data-start=\"1883\" data-end=\"1920\">custom milk powder packaging film<\/strong>. Our high-barrier laminated roll film is designed for automatic packaging machines, ensuring excellent freshness protection and stable production performance. Ideal for milk powder, infant formula, and nutrition brands seeking safe, durable, and customizable packaging solutions. Contact us today for factory pricing and fast quotation.<\/p>\n<h3>Advantages of Milk Powder Packaging Film Supplier<\/h3>\n<ul>\n<li><strong>Conception personnalis\u00e9e :<\/strong>\u00a0Nous proposons des services personnalis\u00e9s, y compris la personnalisation des mat\u00e9riaux, des dimensions et des motifs d'impression pour r\u00e9pondre aux besoins des clients, et nous prenons en charge les OEM et ODM.<\/li>\n<li><strong>Fabrication :<\/strong>\u00a0Gr\u00e2ce \u00e0 un \u00e9quipement et \u00e0 une technologie de pointe, nous pouvons r\u00e9aliser la production des commandes de mani\u00e8re efficace et avec une qualit\u00e9 \u00e9lev\u00e9e, et nous pouvons livrer dans les d\u00e9lais impartis.<\/li>\n<li><strong>Inspection de la qualit\u00e9 :<\/strong>\u00a0La production est r\u00e9alis\u00e9e dans le strict respect des normes de qualit\u00e9 et des exigences en mati\u00e8re de s\u00e9curit\u00e9 alimentaire afin de garantir que les produits r\u00e9pondent aux normes.<\/li>\n<li><strong>Certification\uff1a<\/strong>\u00a0FDA\/BRC\/ISO 9001\/RoHS<\/li>\n<li><strong>Service \u00e0 la client\u00e8le :<\/strong>\u00a024 heures pour fournir une r\u00e9ponse rapide et un service client\u00e8le attentionn\u00e9.<\/li>\n<li><strong>\u00c9chantillon gratuit :<\/strong>\u00a0Provide a free sample service for you to evaluate the product.<\/li>\n<\/ul>\n<p><a href=\"https:\/\/www.hyflexpack.com\/fr\/\"><strong>Huiyang Packaging<\/strong><\/a> is committed to providing customers with\u00a0food-grade custom milk powder packaging film to help customers improve their product image and enhance their market competitiveness.<\/p>","protected":false},"featured_media":9932,"comment_status":"closed","ping_status":"closed","template":"","meta":[],"product_brand":[],"product_cat":[53,126],"product_tag":[],"class_list":{"0":"post-9926","1":"product","2":"type-product","3":"status-publish","4":"has-post-thumbnail","6":"product_cat-packaging-film-supplier","7":"product_cat-automatic-packaging-film-custom","9":"first","10":"instock","11":"shipping-taxable","12":"product-type-simple"},"_links":{"self":[{"href":"https:\/\/www.hyflexpack.com\/fr\/wp-json\/wp\/v2\/product\/9926","targetHints":{"allow":["GET"]}}],"collection":[{"href":"https:\/\/www.hyflexpack.com\/fr\/wp-json\/wp\/v2\/product"}],"about":[{"href":"https:\/\/www.hyflexpack.com\/fr\/wp-json\/wp\/v2\/types\/product"}],"replies":[{"embeddable":true,"href":"https:\/\/www.hyflexpack.com\/fr\/wp-json\/wp\/v2\/comments?post=9926"}],"wp:featuredmedia":[{"embeddable":true,"href":"https:\/\/www.hyflexpack.com\/fr\/wp-json\/wp\/v2\/media\/9932"}],"wp:attachment":[{"href":"https:\/\/www.hyflexpack.com\/fr\/wp-json\/wp\/v2\/media?parent=9926"}],"wp:term":[{"taxonomy":"product_brand","embeddable":true,"href":"https:\/\/www.hyflexpack.com\/fr\/wp-json\/wp\/v2\/product_brand?post=9926"},{"taxonomy":"product_cat","embeddable":true,"href":"https:\/\/www.hyflexpack.com\/fr\/wp-json\/wp\/v2\/product_cat?post=9926"},{"taxonomy":"product_tag","embeddable":true,"href":"https:\/\/www.hyflexpack.com\/fr\/wp-json\/wp\/v2\/product_tag?post=9926"}],"curies":[{"name":"wp","href":"https:\/\/api.w.org\/{rel}","templated":true}]}}