{"id":9592,"date":"2026-03-23T06:32:33","date_gmt":"2026-03-23T06:32:33","guid":{"rendered":"https:\/\/www.hyflexpack.com\/?post_type=product&#038;p=9592"},"modified":"2026-03-23T06:32:36","modified_gmt":"2026-03-23T06:32:36","slug":"custom-raisin-packaging-spouch-supply","status":"publish","type":"product","link":"https:\/\/www.hyflexpack.com\/fr\/product\/custom-raisin-packaging-spouch-supply\/","title":{"rendered":"Emballage de raisins secs personnalis\u00e9 Stand Up Zipper Pouch Supply"},"content":{"rendered":"<div class=\"wp-block-columns is-layout-flex wp-container-core-columns-is-layout-9d6595d7 wp-block-columns-is-layout-flex\">\n<div class=\"wp-block-column is-layout-flow wp-block-column-is-layout-flow\">\n<h2 class=\"wp-block-heading\">Features Of Custom Raisin Packaging<\/h2>\n\n\n\n<ul class=\"wp-block-list\">\n<li>Our custom raisin packaging pouch uses high-quality polyester, aluminum foil laminated plastic, providing strong barrier protection against moisture, oxygen, and light.<\/li>\n\n\n\n<li>The stand-up zipper pouch structure allows the raisin packaging bag to stand upright for better shelf display and convenient resealing.<\/li>\n\n\n\n<li>The raisin packaging pouch with a tear notch makes opening quick and convenient while maintaining strong sealing performance.<\/li>\n\n\n\n<li>We offer glossy printed custom raisin packaging bags with vibrant branding to enhance product appearance on retail shelves.<\/li>\n\n\n\n<li>Our factory provides OEM dried fruit packaging bags with custom size, custom printing, and private label packaging for food brands and distributors.<\/li>\n<\/ul>\n<\/div>\n\n\n\n<div class=\"wp-block-column is-layout-flow wp-block-column-is-layout-flow\">\n<figure class=\"wp-block-image size-full\"><img fetchpriority=\"high\" decoding=\"async\" width=\"1000\" height=\"1000\" src=\"https:\/\/www.hyflexpack.com\/wp-content\/uploads\/2026\/03\/Custom-Raisin-Packaging-1.webp\" alt=\"Custom Raisin Packaging\" class=\"wp-image-9579\" srcset=\"https:\/\/www.hyflexpack.com\/wp-content\/uploads\/2026\/03\/Custom-Raisin-Packaging-1.webp 1000w, https:\/\/www.hyflexpack.com\/wp-content\/uploads\/2026\/03\/Custom-Raisin-Packaging-1-300x300.webp 300w, https:\/\/www.hyflexpack.com\/wp-content\/uploads\/2026\/03\/Custom-Raisin-Packaging-1-150x150.webp 150w, https:\/\/www.hyflexpack.com\/wp-content\/uploads\/2026\/03\/Custom-Raisin-Packaging-1-768x768.webp 768w, https:\/\/www.hyflexpack.com\/wp-content\/uploads\/2026\/03\/Custom-Raisin-Packaging-1-12x12.webp 12w, https:\/\/www.hyflexpack.com\/wp-content\/uploads\/2026\/03\/Custom-Raisin-Packaging-1-285x285.webp 285w, https:\/\/www.hyflexpack.com\/wp-content\/uploads\/2026\/03\/Custom-Raisin-Packaging-1-270x270.webp 270w, https:\/\/www.hyflexpack.com\/wp-content\/uploads\/2026\/03\/Custom-Raisin-Packaging-1-540x540.webp 540w, https:\/\/www.hyflexpack.com\/wp-content\/uploads\/2026\/03\/Custom-Raisin-Packaging-1-660x660.webp 660w\" sizes=\"(max-width: 1000px) 100vw, 1000px\" \/><\/figure>\n<\/div>\n<\/div>","protected":false},"excerpt":{"rendered":"<p>Our custom raisin packaging stand-up zipper aluminum foil pouch is made from durable laminated polyester aluminum plastic with glossy printing for strong visual appeal. The stand-up zipper pouch with a tear notch offers convenient opening and resealing while protecting raisins from moisture, light, and air. We provide OEM raisin packaging solutions, including custom sizes, custom logo printing, and private label packaging for dried fruit brands. Contact us today to get a custom quote for your raisin packaging bags.<\/p>\n<h2>Advantages of High Quality Custom Raisin Packaging<\/h2>\n<ul>\n<li><strong>Conception personnalis\u00e9e :<\/strong> Nous proposons des services de sacs d'emballage personnalis\u00e9s, y compris la personnalisation du mat\u00e9riau, de la taille et du motif d'impression pour r\u00e9pondre aux besoins des clients, et nous prenons en charge les OEM et ODM.<\/li>\n<li><strong>Fabrication :<\/strong> Gr\u00e2ce \u00e0 un \u00e9quipement et \u00e0 une technologie de pointe, nous pouvons r\u00e9aliser la production des commandes de mani\u00e8re efficace et avec une qualit\u00e9 \u00e9lev\u00e9e, et livrer dans les d\u00e9lais impartis.<\/li>\n<li><strong>Contr\u00f4le de la qualit\u00e9 :<\/strong> La production est r\u00e9alis\u00e9e dans le strict respect des normes de qualit\u00e9 et des exigences en mati\u00e8re de s\u00e9curit\u00e9 alimentaire afin de garantir que les produits r\u00e9pondent aux normes.<\/li>\n<li><strong>Service \u00e0 la client\u00e8le :<\/strong> Fournir une r\u00e9ponse rapide et un service \u00e0 la client\u00e8le attentionn\u00e9 24 heures par jour.<\/li>\n<li><strong>\u00c9chantillon gratuit :<\/strong> Fournir un service d'\u00e9chantillonnage gratuit pour vous permettre d'\u00e9valuer le produit.<\/li>\n<\/ul>\n<p>Huiyang Packaging is committed to providing customers with high-quality Custom Raisin Packaging to help customers improve their product image and enhance their market competitiveness.<\/p>","protected":false},"featured_media":9579,"comment_status":"closed","ping_status":"closed","template":"","meta":[],"product_brand":[],"product_cat":[87,51],"product_tag":[116,124],"class_list":{"0":"post-9592","1":"product","2":"type-product","3":"status-publish","4":"has-post-thumbnail","6":"product_cat-dried-fruit-packaging-bags-wholesale","7":"product_cat-custom-food-packaging-bags","8":"product_tag-stand-up-pouch-manufacturer","9":"product_tag-zipper-pouch-manufacturer","11":"first","12":"instock","13":"shipping-taxable","14":"product-type-simple"},"_links":{"self":[{"href":"https:\/\/www.hyflexpack.com\/fr\/wp-json\/wp\/v2\/product\/9592","targetHints":{"allow":["GET"]}}],"collection":[{"href":"https:\/\/www.hyflexpack.com\/fr\/wp-json\/wp\/v2\/product"}],"about":[{"href":"https:\/\/www.hyflexpack.com\/fr\/wp-json\/wp\/v2\/types\/product"}],"replies":[{"embeddable":true,"href":"https:\/\/www.hyflexpack.com\/fr\/wp-json\/wp\/v2\/comments?post=9592"}],"wp:featuredmedia":[{"embeddable":true,"href":"https:\/\/www.hyflexpack.com\/fr\/wp-json\/wp\/v2\/media\/9579"}],"wp:attachment":[{"href":"https:\/\/www.hyflexpack.com\/fr\/wp-json\/wp\/v2\/media?parent=9592"}],"wp:term":[{"taxonomy":"product_brand","embeddable":true,"href":"https:\/\/www.hyflexpack.com\/fr\/wp-json\/wp\/v2\/product_brand?post=9592"},{"taxonomy":"product_cat","embeddable":true,"href":"https:\/\/www.hyflexpack.com\/fr\/wp-json\/wp\/v2\/product_cat?post=9592"},{"taxonomy":"product_tag","embeddable":true,"href":"https:\/\/www.hyflexpack.com\/fr\/wp-json\/wp\/v2\/product_tag?post=9592"}],"curies":[{"name":"wp","href":"https:\/\/api.w.org\/{rel}","templated":true}]}}