{"id":9338,"date":"2026-02-26T02:22:40","date_gmt":"2026-02-26T02:22:40","guid":{"rendered":"https:\/\/www.hyflexpack.com\/?post_type=product&#038;p=9338"},"modified":"2026-02-26T02:22:45","modified_gmt":"2026-02-26T02:22:45","slug":"custom-pressure-sensitive-bottle-label","status":"publish","type":"product","link":"https:\/\/www.hyflexpack.com\/fr\/product\/custom-pressure-sensitive-bottle-label\/","title":{"rendered":"\u00c9tiquettes de bouteilles autocollantes personnalis\u00e9es pour boissons OEM et vente en gros"},"content":{"rendered":"<div class=\"wp-block-columns is-layout-flex wp-container-core-columns-is-layout-9d6595d7 wp-block-columns-is-layout-flex\">\n<div class=\"wp-block-column is-layout-flow wp-block-column-is-layout-flow\">\n<h2 class=\"wp-block-heading\">Caract\u00e9ristiques des \u00e9tiquettes de bouteilles auto-adh\u00e9sives personnalis\u00e9es<\/h2>\n\n\n\n<ul class=\"wp-block-list\">\n<li>Nos \u00e9tiquettes de bouteille autocollantes personnalis\u00e9es sont adapt\u00e9es \u00e0 la taille, \u00e0 la forme, au type d'adh\u00e9sif et au mat\u00e9riau de l'\u00e9tiquette afin de r\u00e9pondre aux diff\u00e9rentes exigences en mati\u00e8re d'emballage des bouteilles de boissons.<br><\/li>\n\n\n\n<li>\u00c9tiquettes autocollantes con\u00e7ues pour les bouteilles en verre, en PET et en PEHD, qui conservent leurs performances dans des conditions de froid, d'humidit\u00e9 et de r\u00e9frig\u00e9ration.<br><\/li>\n\n\n\n<li>Fabrication optimis\u00e9e pour les commandes de gros volumes, id\u00e9ale pour les acheteurs B2B, les distributeurs et les usines d'embouteillage.<br><\/li>\n\n\n\n<li>Con\u00e7u pour une distribution en douceur et un placement pr\u00e9cis sur les \u00e9tiqueteuses automatiques \u00e0 grande vitesse.<\/li>\n<\/ul>\n<\/div>\n\n\n\n<div class=\"wp-block-column is-layout-flow wp-block-column-is-layout-flow\">\n<figure class=\"wp-block-image size-full\"><img fetchpriority=\"high\" decoding=\"async\" width=\"1000\" height=\"1000\" src=\"https:\/\/www.hyflexpack.com\/wp-content\/uploads\/2026\/02\/Custom-Pressure-Sensitive-Bottle-Labels-1.webp\" alt=\"\u00c9tiquettes de bouteilles autocollantes personnalis\u00e9es\" class=\"wp-image-9290\" srcset=\"https:\/\/www.hyflexpack.com\/wp-content\/uploads\/2026\/02\/Custom-Pressure-Sensitive-Bottle-Labels-1.webp 1000w, https:\/\/www.hyflexpack.com\/wp-content\/uploads\/2026\/02\/Custom-Pressure-Sensitive-Bottle-Labels-1-300x300.webp 300w, https:\/\/www.hyflexpack.com\/wp-content\/uploads\/2026\/02\/Custom-Pressure-Sensitive-Bottle-Labels-1-150x150.webp 150w, https:\/\/www.hyflexpack.com\/wp-content\/uploads\/2026\/02\/Custom-Pressure-Sensitive-Bottle-Labels-1-768x768.webp 768w, https:\/\/www.hyflexpack.com\/wp-content\/uploads\/2026\/02\/Custom-Pressure-Sensitive-Bottle-Labels-1-12x12.webp 12w, https:\/\/www.hyflexpack.com\/wp-content\/uploads\/2026\/02\/Custom-Pressure-Sensitive-Bottle-Labels-1-285x285.webp 285w, https:\/\/www.hyflexpack.com\/wp-content\/uploads\/2026\/02\/Custom-Pressure-Sensitive-Bottle-Labels-1-270x270.webp 270w, https:\/\/www.hyflexpack.com\/wp-content\/uploads\/2026\/02\/Custom-Pressure-Sensitive-Bottle-Labels-1-540x540.webp 540w, https:\/\/www.hyflexpack.com\/wp-content\/uploads\/2026\/02\/Custom-Pressure-Sensitive-Bottle-Labels-1-660x660.webp 660w\" sizes=\"(max-width: 1000px) 100vw, 1000px\" \/><\/figure>\n<\/div>\n<\/div>","protected":false},"excerpt":{"rendered":"<p>Vente en gros d'\u00e9tiquettes de bouteilles autocollantes personnalis\u00e9es pour toutes les tailles de bouteilles de boissons. Les \u00e9tiquettes sont imprim\u00e9es en clair, ne se d\u00e9collent pas facilement, sont imperm\u00e9ables et durables. Nos \u00e9tiquettes de bouteilles sensibles \u00e0 la pression sont fabriqu\u00e9es \u00e0 partir de mat\u00e9riaux de haute qualit\u00e9 afin de garantir qu'elles restent claires et belles dans n'importe quel environnement. Prise en charge des OEM\/ODM. N'h\u00e9sitez pas \u00e0 nous contacter !<\/p>\n<h2>Avantages du fournisseur d'\u00e9tiquettes pour bouteilles<\/h2>\n<ul>\n<li><strong>Conception sur mesure<\/strong>: Fournir des solutions de conception personnalis\u00e9es pour r\u00e9pondre \u00e0 diff\u00e9rentes sp\u00e9cifications, tailles et exigences d'impression jusqu'\u00e0 10 couleurs selon les besoins du client, prendre en charge la personnalisation OEM et ODM.<\/li>\n<li><strong>Assurance qualit\u00e9<\/strong>: Contr\u00f4le strict du processus de production, utilisation de mati\u00e8res premi\u00e8res de haute qualit\u00e9 et d'\u00e9quipements de production avanc\u00e9s pour garantir une qualit\u00e9 et une production stables et fiables.<\/li>\n<li><strong>Support technique professionnel<\/strong>: Gr\u00e2ce \u00e0 une \u00e9quipe technique exp\u00e9riment\u00e9e, nous fournissons une assistance technique professionnelle et un service apr\u00e8s-vente afin de r\u00e9pondre rapidement aux besoins des clients.<\/li>\n<li><strong>\u00c9chantillon gratuit<\/strong>: Fournir un service d'\u00e9chantillonnage gratuit pour vous permettre d'\u00e9valuer les produits.<\/li>\n<\/ul>\n<p>Huiyang Packaging se consacre \u00e0 l'offre d'\u00e9tiquettes de bouteilles personnalis\u00e9es de haute qualit\u00e9 qui am\u00e9liorent l'image du produit et renforcent la comp\u00e9titivit\u00e9 du march\u00e9 pour nos clients.<\/p>","protected":false},"featured_media":9290,"comment_status":"closed","ping_status":"closed","template":"","meta":[],"product_brand":[],"product_cat":[90,53],"product_tag":[],"class_list":{"0":"post-9338","1":"product","2":"type-product","3":"status-publish","4":"has-post-thumbnail","6":"product_cat-custom-bottle-label","7":"product_cat-packaging-film-supplier","9":"first","10":"instock","11":"shipping-taxable","12":"product-type-simple"},"_links":{"self":[{"href":"https:\/\/www.hyflexpack.com\/fr\/wp-json\/wp\/v2\/product\/9338","targetHints":{"allow":["GET"]}}],"collection":[{"href":"https:\/\/www.hyflexpack.com\/fr\/wp-json\/wp\/v2\/product"}],"about":[{"href":"https:\/\/www.hyflexpack.com\/fr\/wp-json\/wp\/v2\/types\/product"}],"replies":[{"embeddable":true,"href":"https:\/\/www.hyflexpack.com\/fr\/wp-json\/wp\/v2\/comments?post=9338"}],"wp:featuredmedia":[{"embeddable":true,"href":"https:\/\/www.hyflexpack.com\/fr\/wp-json\/wp\/v2\/media\/9290"}],"wp:attachment":[{"href":"https:\/\/www.hyflexpack.com\/fr\/wp-json\/wp\/v2\/media?parent=9338"}],"wp:term":[{"taxonomy":"product_brand","embeddable":true,"href":"https:\/\/www.hyflexpack.com\/fr\/wp-json\/wp\/v2\/product_brand?post=9338"},{"taxonomy":"product_cat","embeddable":true,"href":"https:\/\/www.hyflexpack.com\/fr\/wp-json\/wp\/v2\/product_cat?post=9338"},{"taxonomy":"product_tag","embeddable":true,"href":"https:\/\/www.hyflexpack.com\/fr\/wp-json\/wp\/v2\/product_tag?post=9338"}],"curies":[{"name":"wp","href":"https:\/\/api.w.org\/{rel}","templated":true}]}}