{"id":9337,"date":"2026-02-26T02:26:06","date_gmt":"2026-02-26T02:26:06","guid":{"rendered":"https:\/\/www.hyflexpack.com\/?post_type=product&#038;p=9337"},"modified":"2026-02-26T02:26:14","modified_gmt":"2026-02-26T02:26:14","slug":"wholesale-bottle-shrink-sleeve-label","status":"publish","type":"product","link":"https:\/\/www.hyflexpack.com\/fr\/product\/wholesale-bottle-shrink-sleeve-label\/","title":{"rendered":"\u00c9tiquettes de manchons r\u00e9tractables en gros pour bouteilles de boissons, OEM et commandes en grandes quantit\u00e9s"},"content":{"rendered":"<div class=\"wp-block-columns is-layout-flex wp-container-core-columns-is-layout-9d6595d7 wp-block-columns-is-layout-flex\">\n<div class=\"wp-block-column is-layout-flow wp-block-column-is-layout-flow\">\n<h2 class=\"wp-block-heading\">\u00c9tiquettes \u00e0 manchon thermor\u00e9tractable pour bouteilles de boissons en gros Caract\u00e9ristiques<\/h2>\n\n\n\n<ul class=\"wp-block-list\">\n<li>\u00c9tiquettes \u00e0 manchon r\u00e9tractable produites en usine et optimis\u00e9es pour les bouteilles de boissons, qu'il s'agisse d'eau, de jus, de boissons non alcoolis\u00e9es ou de boissons fonctionnelles.<\/li>\n<\/ul>\n\n\n\n<ul class=\"wp-block-list\">\n<li>Support OEM complet, y compris les options de mat\u00e9riaux, les dimensions des manchons, les taux de r\u00e9traction et les sp\u00e9cifications d'impression.<\/li>\n<\/ul>\n\n\n\n<ul class=\"wp-block-list\">\n<li>La capacit\u00e9 de production modulable permet de r\u00e9pondre aux commandes en gros et r\u00e9p\u00e9t\u00e9es avec une qualit\u00e9 et une livraison constantes.<\/li>\n<\/ul>\n\n\n\n<ul class=\"wp-block-list\">\n<li>Con\u00e7u pour une application en douceur sur les lignes d'embouteillage et d'\u00e9tiquetage \u00e0 grande vitesse avec une distorsion minimale.<\/li>\n<\/ul>\n\n\n\n<ul class=\"wp-block-list\">\n<li>Prix de gros comp\u00e9titifs pour les acheteurs B2B, les distributeurs et les fournisseurs d'emballages de boissons.<\/li>\n<\/ul>\n<\/div>\n\n\n\n<div class=\"wp-block-column is-layout-flow wp-block-column-is-layout-flow\">\n<figure class=\"wp-block-image size-full\"><img fetchpriority=\"high\" decoding=\"async\" width=\"1000\" height=\"1000\" src=\"https:\/\/www.hyflexpack.com\/wp-content\/uploads\/2026\/02\/Wholesale-Beverage-Bottle-Shrink-Sleeve-Labels-1.webp\" alt=\"\u00c9tiquettes \u00e0 manchon thermor\u00e9tractable en gros pour bouteilles de boissons \" class=\"wp-image-9322\" srcset=\"https:\/\/www.hyflexpack.com\/wp-content\/uploads\/2026\/02\/Wholesale-Beverage-Bottle-Shrink-Sleeve-Labels-1.webp 1000w, https:\/\/www.hyflexpack.com\/wp-content\/uploads\/2026\/02\/Wholesale-Beverage-Bottle-Shrink-Sleeve-Labels-1-300x300.webp 300w, https:\/\/www.hyflexpack.com\/wp-content\/uploads\/2026\/02\/Wholesale-Beverage-Bottle-Shrink-Sleeve-Labels-1-150x150.webp 150w, https:\/\/www.hyflexpack.com\/wp-content\/uploads\/2026\/02\/Wholesale-Beverage-Bottle-Shrink-Sleeve-Labels-1-768x768.webp 768w, https:\/\/www.hyflexpack.com\/wp-content\/uploads\/2026\/02\/Wholesale-Beverage-Bottle-Shrink-Sleeve-Labels-1-12x12.webp 12w, https:\/\/www.hyflexpack.com\/wp-content\/uploads\/2026\/02\/Wholesale-Beverage-Bottle-Shrink-Sleeve-Labels-1-285x285.webp 285w, https:\/\/www.hyflexpack.com\/wp-content\/uploads\/2026\/02\/Wholesale-Beverage-Bottle-Shrink-Sleeve-Labels-1-270x270.webp 270w, https:\/\/www.hyflexpack.com\/wp-content\/uploads\/2026\/02\/Wholesale-Beverage-Bottle-Shrink-Sleeve-Labels-1-540x540.webp 540w, https:\/\/www.hyflexpack.com\/wp-content\/uploads\/2026\/02\/Wholesale-Beverage-Bottle-Shrink-Sleeve-Labels-1-660x660.webp 660w\" sizes=\"(max-width: 1000px) 100vw, 1000px\" \/><\/figure>\n<\/div>\n<\/div>","protected":false},"excerpt":{"rendered":"<p>En tant que fabricants exp\u00e9riment\u00e9s de films d'\u00e9tiquettes r\u00e9tractables en Chine, nous proposons des \u00e9tiquettes \u00e0 manchon r\u00e9tractable personnalis\u00e9es avec une impression vibrante, une protection imperm\u00e9able et des options de mat\u00e9riaux respectueux de l'environnement. Parfaites pour les bouteilles de toutes formes et de tous secteurs. Contactez-nous d\u00e8s aujourd'hui pour obtenir des prix d'entreprise exclusifs !<\/p>\n<h2>Avantages du fabricant d'\u00e9tiquettes \u00e0 manchon r\u00e9tractable pour bouteilles<\/h2>\n<ul>\n<li><strong>Conception personnalis\u00e9e<\/strong>: Fournir des solutions de conception personnalis\u00e9es en fonction des besoins des clients, r\u00e9pondre \u00e0 diff\u00e9rentes sp\u00e9cifications, tailles et impressions jusqu'\u00e0 10 couleurs, et\u00a0<a href=\"https:\/\/www.hyflexpack.com\/fr\/emballage-flexible-sur-mesure\/\"><strong>support OEM et ODM<\/strong><\/a>\u00a0la personnalisation.<\/li>\n<li><strong>Livraison rapide<\/strong>: Gr\u00e2ce \u00e0 une capacit\u00e9 de production efficace et \u00e0 un syst\u00e8me de gestion de la cha\u00eene d'approvisionnement, nous pouvons r\u00e9pondre rapidement aux commandes des clients et garantir une livraison dans les d\u00e9lais.<\/li>\n<li><strong>Un soutien de tous les instants<\/strong>: Une \u00e9quipe technique professionnelle et une \u00e9quipe de service apr\u00e8s-vente assurent une consultation avant-vente et un service apr\u00e8s-vente complets afin de fournir une assistance technique et des solutions aux clients.<\/li>\n<li><strong>\u00c9chantillon gratuit<\/strong>: Fournir un service d'\u00e9chantillonnage gratuit pour vous permettre d'\u00e9valuer les produits.<\/li>\n<\/ul>\n<p><a href=\"https:\/\/www.hyflexpack.com\/fr\/\"><strong>Huiyang Packaging<\/strong><\/a> s'engage \u00e0 fournir \u00e0 ses clients des \u00e9tiquettes manchon r\u00e9tractable pour bouteilles de haute qualit\u00e9 et personnalis\u00e9es, afin de les aider \u00e0 am\u00e9liorer l'image de leurs produits et leur comp\u00e9titivit\u00e9 sur le march\u00e9.<\/p>","protected":false},"featured_media":9322,"comment_status":"closed","ping_status":"closed","template":"","meta":[],"product_brand":[],"product_cat":[84,53],"product_tag":[],"class_list":{"0":"post-9337","1":"product","2":"type-product","3":"status-publish","4":"has-post-thumbnail","6":"product_cat-shrink-sleeve-film","7":"product_cat-packaging-film-supplier","9":"first","10":"instock","11":"shipping-taxable","12":"product-type-simple"},"_links":{"self":[{"href":"https:\/\/www.hyflexpack.com\/fr\/wp-json\/wp\/v2\/product\/9337","targetHints":{"allow":["GET"]}}],"collection":[{"href":"https:\/\/www.hyflexpack.com\/fr\/wp-json\/wp\/v2\/product"}],"about":[{"href":"https:\/\/www.hyflexpack.com\/fr\/wp-json\/wp\/v2\/types\/product"}],"replies":[{"embeddable":true,"href":"https:\/\/www.hyflexpack.com\/fr\/wp-json\/wp\/v2\/comments?post=9337"}],"wp:featuredmedia":[{"embeddable":true,"href":"https:\/\/www.hyflexpack.com\/fr\/wp-json\/wp\/v2\/media\/9322"}],"wp:attachment":[{"href":"https:\/\/www.hyflexpack.com\/fr\/wp-json\/wp\/v2\/media?parent=9337"}],"wp:term":[{"taxonomy":"product_brand","embeddable":true,"href":"https:\/\/www.hyflexpack.com\/fr\/wp-json\/wp\/v2\/product_brand?post=9337"},{"taxonomy":"product_cat","embeddable":true,"href":"https:\/\/www.hyflexpack.com\/fr\/wp-json\/wp\/v2\/product_cat?post=9337"},{"taxonomy":"product_tag","embeddable":true,"href":"https:\/\/www.hyflexpack.com\/fr\/wp-json\/wp\/v2\/product_tag?post=9337"}],"curies":[{"name":"wp","href":"https:\/\/api.w.org\/{rel}","templated":true}]}}