{"id":9336,"date":"2026-02-26T02:45:47","date_gmt":"2026-02-26T02:45:47","guid":{"rendered":"https:\/\/www.hyflexpack.com\/?post_type=product&#038;p=9336"},"modified":"2026-02-26T02:45:51","modified_gmt":"2026-02-26T02:45:51","slug":"custom-shrink-sleeves-for-beverage","status":"publish","type":"product","link":"https:\/\/www.hyflexpack.com\/fr\/product\/custom-shrink-sleeves-for-beverage\/","title":{"rendered":"Manchons r\u00e9tractables sur mesure pour bouteilles de boissons - Bulk Manufacturing Supply"},"content":{"rendered":"<div class=\"wp-block-columns is-layout-flex wp-container-core-columns-is-layout-9d6595d7 wp-block-columns-is-layout-flex\">\n<div class=\"wp-block-column is-layout-flow wp-block-column-is-layout-flow\">\n<h2 class=\"wp-block-heading\">Caract\u00e9ristiques des manchons thermor\u00e9tractables personnalis\u00e9s pour boissons <\/h2>\n\n\n\n<ul class=\"wp-block-list\">\n<li>Nos manchons r\u00e9tractables sur mesure pour les boissons sont adapt\u00e9s aux dimensions, \u00e0 l'\u00e9paisseur et aux taux de r\u00e9traction afin de r\u00e9pondre aux diff\u00e9rentes formes de bouteilles et aux exigences en mati\u00e8re d'emballage des boissons.<\/li>\n<\/ul>\n\n\n\n<ul class=\"wp-block-list\">\n<li>Optimis\u00e9 pour la production de grands volumes \u00e0 des prix comp\u00e9titifs, id\u00e9al pour les acheteurs B2B, les distributeurs et les usines d'embouteillage.<\/li>\n<\/ul>\n\n\n\n<ul class=\"wp-block-list\">\n<li>Con\u00e7u pour un comportement de r\u00e9traction coh\u00e9rent, r\u00e9duisant les plis et le d\u00e9salignement lors de l'application automatis\u00e9e.<\/li>\n<\/ul>\n\n\n\n<ul class=\"wp-block-list\">\n<li>Permet l'impression en h\u00e9liogravure avec des couleurs vives et un marquage clair sur les \u00e9tiquettes \u00e0 manchon r\u00e9tractable.<\/li>\n<\/ul>\n\n\n\n<ul class=\"wp-block-list\">\n<li>La s\u00e9lection des mat\u00e9riaux, la personnalisation de l'impression et l'\u00e9volutivit\u00e9 des commandes sont disponibles pour r\u00e9pondre aux besoins des OEM en mati\u00e8re d'emballage de boissons.<\/li>\n<\/ul>\n<\/div>\n\n\n\n<div class=\"wp-block-column is-layout-flow wp-block-column-is-layout-flow\">\n<figure class=\"wp-block-image size-full\"><img fetchpriority=\"high\" decoding=\"async\" width=\"1000\" height=\"1000\" src=\"https:\/\/www.hyflexpack.com\/wp-content\/uploads\/2026\/02\/Custom-Shrink-Sleeves-1.webp\" alt=\"Manchons r\u00e9tractables sur mesure\" class=\"wp-image-9310\" srcset=\"https:\/\/www.hyflexpack.com\/wp-content\/uploads\/2026\/02\/Custom-Shrink-Sleeves-1.webp 1000w, https:\/\/www.hyflexpack.com\/wp-content\/uploads\/2026\/02\/Custom-Shrink-Sleeves-1-300x300.webp 300w, https:\/\/www.hyflexpack.com\/wp-content\/uploads\/2026\/02\/Custom-Shrink-Sleeves-1-150x150.webp 150w, https:\/\/www.hyflexpack.com\/wp-content\/uploads\/2026\/02\/Custom-Shrink-Sleeves-1-768x768.webp 768w, https:\/\/www.hyflexpack.com\/wp-content\/uploads\/2026\/02\/Custom-Shrink-Sleeves-1-12x12.webp 12w, https:\/\/www.hyflexpack.com\/wp-content\/uploads\/2026\/02\/Custom-Shrink-Sleeves-1-285x285.webp 285w, https:\/\/www.hyflexpack.com\/wp-content\/uploads\/2026\/02\/Custom-Shrink-Sleeves-1-270x270.webp 270w, https:\/\/www.hyflexpack.com\/wp-content\/uploads\/2026\/02\/Custom-Shrink-Sleeves-1-540x540.webp 540w, https:\/\/www.hyflexpack.com\/wp-content\/uploads\/2026\/02\/Custom-Shrink-Sleeves-1-660x660.webp 660w\" sizes=\"(max-width: 1000px) 100vw, 1000px\" \/><\/figure>\n<\/div>\n<\/div>","protected":false},"excerpt":{"rendered":"<p>Nos manchons thermor\u00e9tractables personnalis\u00e9s pour bouteilles de boissons soutiennent l'approvisionnement en vrac et sont con\u00e7us pour des applications d'emballage de boissons \u00e0 haut volume. Produites avec des performances de r\u00e9traction constantes et un dimensionnement pr\u00e9cis, nos \u00e9tiquettes \u00e0 manchon r\u00e9tractable garantissent une application en douceur sur les lignes d'embouteillage automatis\u00e9es. La fabrication directe en usine permet des commandes \u00e0 grande \u00e9chelle, des d\u00e9lais de livraison stables et une impression personnalisable pour les marques de boissons et les fournisseurs d'emballages. Contactez-nous d\u00e8s aujourd'hui pour obtenir un film thermor\u00e9tractable sur mesure !<\/p>\n<h2>Avantages du fournisseur de manchons thermor\u00e9tractables sur mesure<\/h2>\n<ul>\n<li><strong>Conception personnalis\u00e9e :<\/strong> Nous proposons des services personnalis\u00e9s, y compris la personnalisation des mat\u00e9riaux, des dimensions et des motifs d'impression pour r\u00e9pondre aux besoins des clients, et nous prenons en charge les OEM et ODM.<\/li>\n<li><strong>Fabrication :<\/strong> Adopter des lignes de production de mat\u00e9riaux composites et des syst\u00e8mes de contr\u00f4le automatique de pointe au niveau international afin de garantir l'efficacit\u00e9 et la stabilit\u00e9 des processus de production et le respect des d\u00e9lais de livraison.<\/li>\n<li><strong>Contr\u00f4le de la qualit\u00e9 :<\/strong> Produire en respectant strictement les normes de qualit\u00e9 et les exigences en mati\u00e8re de s\u00e9curit\u00e9 alimentaire afin de s'assurer que les produits r\u00e9pondent aux normes.<\/li>\n<li><strong>Service \u00e0 la client\u00e8le :<\/strong> Fournir une r\u00e9ponse rapide et un service \u00e0 la client\u00e8le attentionn\u00e9 24 heures par jour.<\/li>\n<li><strong>\u00c9chantillons gratuits :<\/strong> Faire des petits lots d'\u00e9chantillons pour que les clients puissent les essayer et les \u00e9valuer.<\/li>\n<\/ul>\n<p>Huiyang Packaging s'engage \u00e0 fournir \u00e0 ses clients des manchons r\u00e9tractables personnalis\u00e9s de haute qualit\u00e9 afin de les aider \u00e0 am\u00e9liorer l'image de leurs produits et \u00e0 renforcer leur comp\u00e9titivit\u00e9 sur le march\u00e9.<\/p>","protected":false},"featured_media":9310,"comment_status":"closed","ping_status":"closed","template":"","meta":[],"product_brand":[],"product_cat":[84,53],"product_tag":[],"class_list":{"0":"post-9336","1":"product","2":"type-product","3":"status-publish","4":"has-post-thumbnail","6":"product_cat-shrink-sleeve-film","7":"product_cat-packaging-film-supplier","9":"first","10":"instock","11":"shipping-taxable","12":"product-type-simple"},"_links":{"self":[{"href":"https:\/\/www.hyflexpack.com\/fr\/wp-json\/wp\/v2\/product\/9336","targetHints":{"allow":["GET"]}}],"collection":[{"href":"https:\/\/www.hyflexpack.com\/fr\/wp-json\/wp\/v2\/product"}],"about":[{"href":"https:\/\/www.hyflexpack.com\/fr\/wp-json\/wp\/v2\/types\/product"}],"replies":[{"embeddable":true,"href":"https:\/\/www.hyflexpack.com\/fr\/wp-json\/wp\/v2\/comments?post=9336"}],"wp:featuredmedia":[{"embeddable":true,"href":"https:\/\/www.hyflexpack.com\/fr\/wp-json\/wp\/v2\/media\/9310"}],"wp:attachment":[{"href":"https:\/\/www.hyflexpack.com\/fr\/wp-json\/wp\/v2\/media?parent=9336"}],"wp:term":[{"taxonomy":"product_brand","embeddable":true,"href":"https:\/\/www.hyflexpack.com\/fr\/wp-json\/wp\/v2\/product_brand?post=9336"},{"taxonomy":"product_cat","embeddable":true,"href":"https:\/\/www.hyflexpack.com\/fr\/wp-json\/wp\/v2\/product_cat?post=9336"},{"taxonomy":"product_tag","embeddable":true,"href":"https:\/\/www.hyflexpack.com\/fr\/wp-json\/wp\/v2\/product_tag?post=9336"}],"curies":[{"name":"wp","href":"https:\/\/api.w.org\/{rel}","templated":true}]}}