{"id":9333,"date":"2026-02-26T02:55:42","date_gmt":"2026-02-26T02:55:42","guid":{"rendered":"https:\/\/www.hyflexpack.com\/?post_type=product&#038;p=9333"},"modified":"2026-02-26T02:55:51","modified_gmt":"2026-02-26T02:55:51","slug":"custom-printed-mpet-twist-film-candy","status":"publish","type":"product","link":"https:\/\/www.hyflexpack.com\/fr\/product\/custom-printed-mpet-twist-film-candy\/","title":{"rendered":"Film torsad\u00e9 en MPET imprim\u00e9 sur mesure, emballage monocouche pour bonbons et confiseries"},"content":{"rendered":"<div class=\"wp-block-columns is-layout-flex wp-container-core-columns-is-layout-9d6595d7 wp-block-columns-is-layout-flex\">\n<div class=\"wp-block-column is-layout-flow wp-block-column-is-layout-flow\">\n<h2 class=\"wp-block-heading\">Film MPET Twist de haute qualit\u00e9 imprim\u00e9 sur mesure Caract\u00e9ristiques<\/h2>\n\n\n\n<ul class=\"wp-block-list\">\n<li>Notre film torsad\u00e9 MPET imprim\u00e9 sur mesure est produit \u00e0 partir d'une seule couche de PET m\u00e9tallis\u00e9. Ce film torsad\u00e9 offre une bonne tenue de la torsion et un emballage lisse pour les emballages de bonbons et de confiseries.<\/li>\n<\/ul>\n\n\n\n<ul class=\"wp-block-list\">\n<li>Permet d'imprimer des films torsad\u00e9s en MPET avec des graphismes nets et une qualit\u00e9 de couleur constante, ce qui est id\u00e9al pour l'emballage de bonbons de marque.<\/li>\n<\/ul>\n\n\n\n<ul class=\"wp-block-list\">\n<li>Con\u00e7u pour l'emballage de bonbons et de confiseries, il offre une r\u00e9sistance \u00e0 l'humidit\u00e9, une durabilit\u00e9 et des performances d'emballage stables.<\/li>\n<\/ul>\n<\/div>\n\n\n\n<div class=\"wp-block-column is-layout-flow wp-block-column-is-layout-flow\">\n<figure class=\"wp-block-image size-full\"><img fetchpriority=\"high\" decoding=\"async\" width=\"750\" height=\"750\" src=\"https:\/\/www.hyflexpack.com\/wp-content\/uploads\/2026\/02\/Custom-Printed-MPET-Twist-Film-1.webp\" alt=\"Film torsad\u00e9 en MPET imprim\u00e9 sur mesure\" class=\"wp-image-9298\" srcset=\"https:\/\/www.hyflexpack.com\/wp-content\/uploads\/2026\/02\/Custom-Printed-MPET-Twist-Film-1.webp 750w, https:\/\/www.hyflexpack.com\/wp-content\/uploads\/2026\/02\/Custom-Printed-MPET-Twist-Film-1-300x300.webp 300w, https:\/\/www.hyflexpack.com\/wp-content\/uploads\/2026\/02\/Custom-Printed-MPET-Twist-Film-1-150x150.webp 150w, https:\/\/www.hyflexpack.com\/wp-content\/uploads\/2026\/02\/Custom-Printed-MPET-Twist-Film-1-12x12.webp 12w, https:\/\/www.hyflexpack.com\/wp-content\/uploads\/2026\/02\/Custom-Printed-MPET-Twist-Film-1-285x285.webp 285w, https:\/\/www.hyflexpack.com\/wp-content\/uploads\/2026\/02\/Custom-Printed-MPET-Twist-Film-1-270x270.webp 270w, https:\/\/www.hyflexpack.com\/wp-content\/uploads\/2026\/02\/Custom-Printed-MPET-Twist-Film-1-540x540.webp 540w, https:\/\/www.hyflexpack.com\/wp-content\/uploads\/2026\/02\/Custom-Printed-MPET-Twist-Film-1-660x660.webp 660w\" sizes=\"(max-width: 750px) 100vw, 750px\" \/><\/figure>\n<\/div>\n<\/div>","protected":false},"excerpt":{"rendered":"<p>Le film torsad\u00e9 MPET imprim\u00e9 sur mesure est une solution d'emballage monocouche pour l'emballage torsad\u00e9 des bonbons et confiseries. Fabriqu\u00e9 \u00e0 partir de PET m\u00e9tallis\u00e9 (MPET), ce film torsad\u00e9 offre une excellente r\u00e9tention de la torsion, une finition m\u00e9tallique tr\u00e8s brillante et une barri\u00e8re fiable contre l'humidit\u00e9. L'impression personnalis\u00e9e est une excellente m\u00e9thode pour am\u00e9liorer la visibilit\u00e9 de la marque et l'attrait en rayon dans les applications d'emballage de bonbons. Contactez-nous d\u00e8s aujourd'hui et laissez-nous personnaliser vos emballages alimentaires exclusifs !<\/p>\n<h2>Avantages du film MPET Twist de haute qualit\u00e9 imprim\u00e9 sur mesure<\/h2>\n<ul>\n<li><strong>Conception personnalis\u00e9e :<\/strong> Nous proposons des services personnalis\u00e9s, y compris la personnalisation des mat\u00e9riaux, des dimensions et des motifs d'impression pour r\u00e9pondre aux besoins des clients, et nous prenons en charge les OEM et ODM.<\/li>\n<li><strong>Fabrication :<\/strong> Gr\u00e2ce \u00e0 un \u00e9quipement et \u00e0 une technologie de pointe, nous pouvons r\u00e9aliser la production des commandes de mani\u00e8re efficace et avec une qualit\u00e9 \u00e9lev\u00e9e, et nous pouvons livrer dans les d\u00e9lais impartis.<\/li>\n<li><strong>Contr\u00f4le de la qualit\u00e9 :<\/strong> La production est r\u00e9alis\u00e9e dans le strict respect des normes de qualit\u00e9 et des exigences en mati\u00e8re de s\u00e9curit\u00e9 alimentaire afin de garantir que les produits r\u00e9pondent aux normes.<\/li>\n<li><strong>Service \u00e0 la client\u00e8le :<\/strong> 24 heures pour fournir une r\u00e9ponse rapide et un service client\u00e8le attentionn\u00e9.<\/li>\n<li><strong>\u00c9chantillon gratuit :<\/strong> Fournir un service d'\u00e9chantillonnage gratuit pour vous permettre d'\u00e9valuer le produit.<\/li>\n<\/ul>\n<p><a href=\"https:\/\/www.hyflexpack.com\/fr\/\"><strong>Huiyang Packaging<\/strong><\/a> s'engage \u00e0 fournir \u00e0 ses clients des films torsad\u00e9s en MPET imprim\u00e9s sur mesure et de haute qualit\u00e9, afin de les aider \u00e0 am\u00e9liorer l'image de leurs produits et \u00e0 renforcer leur comp\u00e9titivit\u00e9 sur le march\u00e9.<\/p>","protected":false},"featured_media":9298,"comment_status":"closed","ping_status":"closed","template":"","meta":[],"product_brand":[],"product_cat":[89,53],"product_tag":[],"class_list":{"0":"post-9333","1":"product","2":"type-product","3":"status-publish","4":"has-post-thumbnail","6":"product_cat-custom-twist-film","7":"product_cat-packaging-film-supplier","9":"first","10":"instock","11":"shipping-taxable","12":"product-type-simple"},"_links":{"self":[{"href":"https:\/\/www.hyflexpack.com\/fr\/wp-json\/wp\/v2\/product\/9333","targetHints":{"allow":["GET"]}}],"collection":[{"href":"https:\/\/www.hyflexpack.com\/fr\/wp-json\/wp\/v2\/product"}],"about":[{"href":"https:\/\/www.hyflexpack.com\/fr\/wp-json\/wp\/v2\/types\/product"}],"replies":[{"embeddable":true,"href":"https:\/\/www.hyflexpack.com\/fr\/wp-json\/wp\/v2\/comments?post=9333"}],"wp:featuredmedia":[{"embeddable":true,"href":"https:\/\/www.hyflexpack.com\/fr\/wp-json\/wp\/v2\/media\/9298"}],"wp:attachment":[{"href":"https:\/\/www.hyflexpack.com\/fr\/wp-json\/wp\/v2\/media?parent=9333"}],"wp:term":[{"taxonomy":"product_brand","embeddable":true,"href":"https:\/\/www.hyflexpack.com\/fr\/wp-json\/wp\/v2\/product_brand?post=9333"},{"taxonomy":"product_cat","embeddable":true,"href":"https:\/\/www.hyflexpack.com\/fr\/wp-json\/wp\/v2\/product_cat?post=9333"},{"taxonomy":"product_tag","embeddable":true,"href":"https:\/\/www.hyflexpack.com\/fr\/wp-json\/wp\/v2\/product_tag?post=9333"}],"curies":[{"name":"wp","href":"https:\/\/api.w.org\/{rel}","templated":true}]}}