{"id":9332,"date":"2026-03-04T08:04:25","date_gmt":"2026-03-04T08:04:25","guid":{"rendered":"https:\/\/www.hyflexpack.com\/?post_type=product&#038;p=9332"},"modified":"2026-03-12T08:04:54","modified_gmt":"2026-03-12T08:04:54","slug":"custom-mpet-twist-film-for-lollipop","status":"publish","type":"product","link":"https:\/\/www.hyflexpack.com\/fr\/product\/custom-mpet-twist-film-for-lollipop\/","title":{"rendered":"Film torsad\u00e9 imprim\u00e9 en surface pour sucette, mat\u00e9riau d'emballage monocouche en MPET"},"content":{"rendered":"<div class=\"wp-block-columns is-layout-flex wp-container-core-columns-is-layout-9d6595d7 wp-block-columns-is-layout-flex\">\n<div class=\"wp-block-column is-layout-flow wp-block-column-is-layout-flow\">\n<h2 class=\"wp-block-heading\">Caract\u00e9ristiques du film Twist imprim\u00e9 en surface de haute qualit\u00e9 pour l'emballage des sucettes <\/h2>\n\n\n\n<ul class=\"wp-block-list\">\n<li>Notre film torsad\u00e9 imprim\u00e9 en surface est fabriqu\u00e9 \u00e0 partir d'une seule couche de PET m\u00e9tallis\u00e9. Ce film torsad\u00e9 assure une bonne tenue de la torsion et une bonne performance d'emballage. Il est id\u00e9al pour l'emballage des sucettes et des bonbons.<\/li>\n<\/ul>\n\n\n\n<ul class=\"wp-block-list\">\n<li>Huiyang propose des films torsad\u00e9s imprim\u00e9s en surface avec des graphismes clairs et des couleurs vives, ce qui permet aux marques de sucettes de se d\u00e9marquer sur le point de vente.<\/li>\n<\/ul>\n\n\n\n<ul class=\"wp-block-list\">\n<li>Con\u00e7u pour les applications d'emballage de sucettes, il offre une r\u00e9sistance \u00e0 l'humidit\u00e9, une durabilit\u00e9 et une qualit\u00e9 d'emballage constante.<\/li>\n<\/ul>\n<\/div>\n\n\n\n<div class=\"wp-block-column is-layout-flow wp-block-column-is-layout-flow\">\n<figure class=\"wp-block-image size-full\"><img fetchpriority=\"high\" decoding=\"async\" width=\"750\" height=\"750\" src=\"https:\/\/www.hyflexpack.com\/wp-content\/uploads\/2026\/02\/Custom-Surface-Printed-Twist-Film-1.webp\" alt=\"Film torsad\u00e9 imprim\u00e9 en surface sur mesure\" class=\"wp-image-9316\" srcset=\"https:\/\/www.hyflexpack.com\/wp-content\/uploads\/2026\/02\/Custom-Surface-Printed-Twist-Film-1.webp 750w, https:\/\/www.hyflexpack.com\/wp-content\/uploads\/2026\/02\/Custom-Surface-Printed-Twist-Film-1-300x300.webp 300w, https:\/\/www.hyflexpack.com\/wp-content\/uploads\/2026\/02\/Custom-Surface-Printed-Twist-Film-1-150x150.webp 150w, https:\/\/www.hyflexpack.com\/wp-content\/uploads\/2026\/02\/Custom-Surface-Printed-Twist-Film-1-12x12.webp 12w, https:\/\/www.hyflexpack.com\/wp-content\/uploads\/2026\/02\/Custom-Surface-Printed-Twist-Film-1-285x285.webp 285w, https:\/\/www.hyflexpack.com\/wp-content\/uploads\/2026\/02\/Custom-Surface-Printed-Twist-Film-1-270x270.webp 270w, https:\/\/www.hyflexpack.com\/wp-content\/uploads\/2026\/02\/Custom-Surface-Printed-Twist-Film-1-540x540.webp 540w, https:\/\/www.hyflexpack.com\/wp-content\/uploads\/2026\/02\/Custom-Surface-Printed-Twist-Film-1-660x660.webp 660w\" sizes=\"(max-width: 750px) 100vw, 750px\" \/><\/figure>\n<\/div>\n<\/div>","protected":false},"excerpt":{"rendered":"<p>Notre film torsad\u00e9 imprim\u00e9 en surface pour sucette est un mat\u00e9riau d'emballage monocouche en PET m\u00e9tallis\u00e9 sp\u00e9cialement con\u00e7u pour les sucettes et les emballages torsad\u00e9s de confiserie. Fabriqu\u00e9 \u00e0 partir de PET m\u00e9tallis\u00e9 (MPET), ce film offre une excellente r\u00e9tention de la torsion, une brillance m\u00e9tallique attrayante et une barri\u00e8re fiable contre l'humidit\u00e9. L'impression de surface personnalis\u00e9e permet d'am\u00e9liorer la reconnaissance de la marque et l'attrait en rayon de l'emballage des sucettes. Contactez-nous d\u00e8s aujourd'hui et laissez-nous personnaliser vos emballages alimentaires exclusifs !<\/p>\n<h2>Avantages du film torsad\u00e9 imprim\u00e9 en surface sur mesure<\/h2>\n<ul>\n<li>Conception personnalis\u00e9e : Nous fournissons des services personnalis\u00e9s, y compris la personnalisation des mat\u00e9riaux, des dimensions et des motifs d'impression pour r\u00e9pondre aux besoins des clients, et nous prenons en charge les OEM et ODM.<\/li>\n<li>Fabrication : Gr\u00e2ce \u00e0 un \u00e9quipement et \u00e0 une technologie de pointe, nous pouvons r\u00e9aliser la production des commandes de mani\u00e8re efficace et avec une qualit\u00e9 \u00e9lev\u00e9e, et nous pouvons livrer dans les d\u00e9lais impartis.<\/li>\n<li>Contr\u00f4le de la qualit\u00e9 : La production est r\u00e9alis\u00e9e dans le strict respect des normes de qualit\u00e9 et des exigences en mati\u00e8re de s\u00e9curit\u00e9 alimentaire afin de garantir que les produits r\u00e9pondent aux normes.<\/li>\n<li>Service client\u00e8le : 24 heures sur 24 pour fournir une r\u00e9ponse rapide et un service client\u00e8le attentionn\u00e9.<\/li>\n<li>\u00c9chantillon gratuit : Fournir des \u00e9chantillons gratuits pour vous permettre d'\u00e9valuer le produit.<\/li>\n<\/ul>\n<p>Huiyang Packaging s'engage \u00e0 fournir \u00e0 ses clients un film torsad\u00e9 imprim\u00e9 en surface de haute qualit\u00e9 pour l'emballage des sucettes, \u00e0 les aider \u00e0 am\u00e9liorer l'image de leurs produits et \u00e0 renforcer leur comp\u00e9titivit\u00e9 sur le march\u00e9.<\/p>","protected":false},"featured_media":9316,"comment_status":"closed","ping_status":"closed","template":"","meta":[],"product_brand":[],"product_cat":[89,53],"product_tag":[],"class_list":{"0":"post-9332","1":"product","2":"type-product","3":"status-publish","4":"has-post-thumbnail","6":"product_cat-custom-twist-film","7":"product_cat-packaging-film-supplier","9":"first","10":"instock","11":"shipping-taxable","12":"product-type-simple"},"_links":{"self":[{"href":"https:\/\/www.hyflexpack.com\/fr\/wp-json\/wp\/v2\/product\/9332","targetHints":{"allow":["GET"]}}],"collection":[{"href":"https:\/\/www.hyflexpack.com\/fr\/wp-json\/wp\/v2\/product"}],"about":[{"href":"https:\/\/www.hyflexpack.com\/fr\/wp-json\/wp\/v2\/types\/product"}],"replies":[{"embeddable":true,"href":"https:\/\/www.hyflexpack.com\/fr\/wp-json\/wp\/v2\/comments?post=9332"}],"wp:featuredmedia":[{"embeddable":true,"href":"https:\/\/www.hyflexpack.com\/fr\/wp-json\/wp\/v2\/media\/9316"}],"wp:attachment":[{"href":"https:\/\/www.hyflexpack.com\/fr\/wp-json\/wp\/v2\/media?parent=9332"}],"wp:term":[{"taxonomy":"product_brand","embeddable":true,"href":"https:\/\/www.hyflexpack.com\/fr\/wp-json\/wp\/v2\/product_brand?post=9332"},{"taxonomy":"product_cat","embeddable":true,"href":"https:\/\/www.hyflexpack.com\/fr\/wp-json\/wp\/v2\/product_cat?post=9332"},{"taxonomy":"product_tag","embeddable":true,"href":"https:\/\/www.hyflexpack.com\/fr\/wp-json\/wp\/v2\/product_tag?post=9332"}],"curies":[{"name":"wp","href":"https:\/\/api.w.org\/{rel}","templated":true}]}}