{"id":9330,"date":"2026-03-04T07:52:12","date_gmt":"2026-03-04T07:52:12","guid":{"rendered":"https:\/\/www.hyflexpack.com\/?post_type=product&#038;p=9330"},"modified":"2026-03-12T07:57:48","modified_gmt":"2026-03-12T07:57:48","slug":"custom-twist-wrap-film-candy-packaging","status":"publish","type":"product","link":"https:\/\/www.hyflexpack.com\/fr\/product\/custom-twist-wrap-film-candy-packaging\/","title":{"rendered":"Film d'emballage monocouche en PET m\u00e9tallis\u00e9 avec impression de surface, film Twist Wrap sur mesure"},"content":{"rendered":"<div class=\"wp-block-columns is-layout-flex wp-container-core-columns-is-layout-9d6595d7 wp-block-columns-is-layout-flex\">\n<div class=\"wp-block-column is-layout-flow wp-block-column-is-layout-flow\">\n<h2 class=\"wp-block-heading\">Caract\u00e9ristiques du film Twist Wrap personnalis\u00e9 de haute qualit\u00e9<\/h2>\n\n\n\n<ul class=\"wp-block-list\">\n<li>Notre film torsad\u00e9 sur mesure est fabriqu\u00e9 \u00e0 partir d'une seule couche de PET m\u00e9tallis\u00e9. Ce film torsad\u00e9 offre une forte r\u00e9tention de la torsion, une brillance m\u00e9tallique et une meilleure r\u00e9sistance \u00e0 l'humidit\u00e9 pour les emballages de confiserie.<\/li>\n<\/ul>\n\n\n\n<ul class=\"wp-block-list\">\n<li>Permet l'impression de surfaces personnalis\u00e9es avec des graphiques et des couleurs vives, aidant les marques \u00e0 se d\u00e9marquer dans les applications d'emballage de bonbons et d'emballages \u00e0 torsion.<\/li>\n<\/ul>\n\n\n\n<ul class=\"wp-block-list\">\n<li>Sp\u00e9cialement con\u00e7u pour les applications d'emballage par torsion, il convient aux bonbons durs, au chocolat et \u00e0 d'autres produits de confiserie n\u00e9cessitant un emballage s\u00fbr et attrayant.<\/li>\n<\/ul>\n<\/div>\n\n\n\n<div class=\"wp-block-column is-layout-flow wp-block-column-is-layout-flow\">\n<figure class=\"wp-block-image size-full\"><img fetchpriority=\"high\" decoding=\"async\" width=\"1000\" height=\"1000\" src=\"https:\/\/www.hyflexpack.com\/wp-content\/uploads\/2026\/02\/Custom-Twist-Film-with-Surface-Printing-5.webp\" alt=\"Film Twist personnalis\u00e9 avec impression de surface \" class=\"wp-image-9321\" srcset=\"https:\/\/www.hyflexpack.com\/wp-content\/uploads\/2026\/02\/Custom-Twist-Film-with-Surface-Printing-5.webp 1000w, https:\/\/www.hyflexpack.com\/wp-content\/uploads\/2026\/02\/Custom-Twist-Film-with-Surface-Printing-5-300x300.webp 300w, https:\/\/www.hyflexpack.com\/wp-content\/uploads\/2026\/02\/Custom-Twist-Film-with-Surface-Printing-5-150x150.webp 150w, https:\/\/www.hyflexpack.com\/wp-content\/uploads\/2026\/02\/Custom-Twist-Film-with-Surface-Printing-5-768x768.webp 768w, https:\/\/www.hyflexpack.com\/wp-content\/uploads\/2026\/02\/Custom-Twist-Film-with-Surface-Printing-5-12x12.webp 12w, https:\/\/www.hyflexpack.com\/wp-content\/uploads\/2026\/02\/Custom-Twist-Film-with-Surface-Printing-5-285x285.webp 285w, https:\/\/www.hyflexpack.com\/wp-content\/uploads\/2026\/02\/Custom-Twist-Film-with-Surface-Printing-5-270x270.webp 270w, https:\/\/www.hyflexpack.com\/wp-content\/uploads\/2026\/02\/Custom-Twist-Film-with-Surface-Printing-5-540x540.webp 540w, https:\/\/www.hyflexpack.com\/wp-content\/uploads\/2026\/02\/Custom-Twist-Film-with-Surface-Printing-5-660x660.webp 660w\" sizes=\"(max-width: 1000px) 100vw, 1000px\" \/><\/figure>\n<\/div>\n<\/div>","protected":false},"excerpt":{"rendered":"<p>Notre film d'emballage torsad\u00e9 personnalis\u00e9 avec impression de surface est un film d'emballage monocouche en MPET con\u00e7u pour l'emballage torsad\u00e9 de bonbons et de confiseries. Le MPET offre une excellente r\u00e9tention de la torsion, un aspect brillant et une barri\u00e8re fiable contre l'humidit\u00e9. Des options d'impression personnalis\u00e9es sont disponibles pour am\u00e9liorer la visibilit\u00e9 de la marque et l'attrait en rayon. Contactez-nous d\u00e8s aujourd'hui et laissez-nous personnaliser votre emballage alimentaire exclusif !<\/p>\n<h2>Avantages du film Twist Wrap personnalis\u00e9 de haute qualit\u00e9<\/h2>\n<ul>\n<li><strong>Conception personnalis\u00e9e<\/strong>: Nous fournissons des services personnalis\u00e9s, y compris la personnalisation du mat\u00e9riau, de la taille et du motif d'impression pour r\u00e9pondre aux besoins des clients, et nous prenons en charge les OEM et ODM.<\/li>\n<li><strong>Fabrication :<\/strong> Gr\u00e2ce \u00e0 un \u00e9quipement et \u00e0 une technologie de pointe, nous pouvons r\u00e9aliser la production des commandes de mani\u00e8re efficace et avec une qualit\u00e9 \u00e9lev\u00e9e, et nous pouvons livrer dans les d\u00e9lais impartis.<\/li>\n<li><strong>Contr\u00f4le de la qualit\u00e9<\/strong>: La production est r\u00e9alis\u00e9e dans le strict respect des normes de qualit\u00e9 et des exigences en mati\u00e8re de s\u00e9curit\u00e9 alimentaire afin de garantir que les produits r\u00e9pondent aux normes.<\/li>\n<li><strong>Service \u00e0 la client\u00e8le :<\/strong> 24 heures pour fournir une r\u00e9ponse rapide et un service client\u00e8le attentionn\u00e9.<\/li>\n<li><strong>\u00c9chantillon gratuit :<\/strong> Fournir un service d'\u00e9chantillonnage gratuit pour vous permettre d'\u00e9valuer le produit.<\/li>\n<\/ul>\n<p>Huiyang Packaging s'engage \u00e0 fournir \u00e0 ses clients des films d'emballage torsad\u00e9s personnalis\u00e9s de haute qualit\u00e9, \u00e0 les aider \u00e0 am\u00e9liorer l'image de leurs produits et \u00e0 renforcer leur comp\u00e9titivit\u00e9 sur le march\u00e9.<\/p>","protected":false},"featured_media":9321,"comment_status":"closed","ping_status":"closed","template":"","meta":[],"product_brand":[],"product_cat":[89,53],"product_tag":[],"class_list":{"0":"post-9330","1":"product","2":"type-product","3":"status-publish","4":"has-post-thumbnail","6":"product_cat-custom-twist-film","7":"product_cat-packaging-film-supplier","9":"first","10":"instock","11":"shipping-taxable","12":"product-type-simple"},"_links":{"self":[{"href":"https:\/\/www.hyflexpack.com\/fr\/wp-json\/wp\/v2\/product\/9330","targetHints":{"allow":["GET"]}}],"collection":[{"href":"https:\/\/www.hyflexpack.com\/fr\/wp-json\/wp\/v2\/product"}],"about":[{"href":"https:\/\/www.hyflexpack.com\/fr\/wp-json\/wp\/v2\/types\/product"}],"replies":[{"embeddable":true,"href":"https:\/\/www.hyflexpack.com\/fr\/wp-json\/wp\/v2\/comments?post=9330"}],"wp:featuredmedia":[{"embeddable":true,"href":"https:\/\/www.hyflexpack.com\/fr\/wp-json\/wp\/v2\/media\/9321"}],"wp:attachment":[{"href":"https:\/\/www.hyflexpack.com\/fr\/wp-json\/wp\/v2\/media?parent=9330"}],"wp:term":[{"taxonomy":"product_brand","embeddable":true,"href":"https:\/\/www.hyflexpack.com\/fr\/wp-json\/wp\/v2\/product_brand?post=9330"},{"taxonomy":"product_cat","embeddable":true,"href":"https:\/\/www.hyflexpack.com\/fr\/wp-json\/wp\/v2\/product_cat?post=9330"},{"taxonomy":"product_tag","embeddable":true,"href":"https:\/\/www.hyflexpack.com\/fr\/wp-json\/wp\/v2\/product_tag?post=9330"}],"curies":[{"name":"wp","href":"https:\/\/api.w.org\/{rel}","templated":true}]}}