{"id":9286,"date":"2026-02-26T02:39:21","date_gmt":"2026-02-26T02:39:21","guid":{"rendered":"https:\/\/www.hyflexpack.com\/?post_type=product&#038;p=9286"},"modified":"2026-02-26T02:39:24","modified_gmt":"2026-02-26T02:39:24","slug":"custom-packaging-film-for-popcorn","status":"publish","type":"product","link":"https:\/\/www.hyflexpack.com\/fr\/product\/custom-packaging-film-for-popcorn\/","title":{"rendered":"Film d'emballage personnalis\u00e9 pour pop-corn, film plastique lamin\u00e9 thermosoudable"},"content":{"rendered":"<div class=\"wp-block-columns is-layout-flex wp-container-core-columns-is-layout-9d6595d7 wp-block-columns-is-layout-flex\">\n<div class=\"wp-block-column is-layout-flow wp-block-column-is-layout-flow\">\n<h2 class=\"wp-block-heading\">Film d'emballage personnalis\u00e9 pour pop-corn Caract\u00e9ristiques<\/h2>\n\n\n\n<ul class=\"wp-block-list\">\n<li>Notre film d'emballage sur mesure pour le pop-corn est sp\u00e9cialement con\u00e7u pour l'emballage du pop-corn. Il convient aux sacs de type \"pillow\" et aux machines VFFS (vertical form fill seal).<\/li>\n<\/ul>\n\n\n\n<ul class=\"wp-block-list\">\n<li>Le film plastique lamin\u00e9 multicouche offre des performances de thermoscellage fiables et une int\u00e9grit\u00e9 de scellage constante lors de l'emballage \u00e0 grande vitesse.<\/li>\n<\/ul>\n\n\n\n<ul class=\"wp-block-list\">\n<li>Prot\u00e8ge efficacement le pop-corn de l'humidit\u00e9, de l'huile et des contaminations ext\u00e9rieures, contribuant ainsi \u00e0 pr\u00e9server sa fra\u00eecheur et son croquant.<\/li>\n<\/ul>\n\n\n\n<ul class=\"wp-block-list\">\n<li>Optimis\u00e9 pour un fonctionnement stable sur les machines d'emballage de pop-corn, r\u00e9duisant les d\u00e9chets de film et am\u00e9liorant l'efficacit\u00e9 de la production.<\/li>\n<\/ul>\n\n\n\n<ul class=\"wp-block-list\">\n<li>Permet une impression personnalis\u00e9e de haute qualit\u00e9 avec des couleurs vives et une bonne adh\u00e9rence de l'encre, id\u00e9ale pour les solutions d'emballage de pop-corn de marque.<\/li>\n<\/ul>\n<\/div>\n\n\n\n<div class=\"wp-block-column is-layout-flow wp-block-column-is-layout-flow\">\n<figure class=\"wp-block-image size-full\"><img fetchpriority=\"high\" decoding=\"async\" width=\"1000\" height=\"1000\" src=\"https:\/\/www.hyflexpack.com\/wp-content\/uploads\/2026\/02\/Custom-Packaging-Film-for-Popcorn-12.webp\" alt=\"Film d&#039;emballage personnalis\u00e9 pour le pop-corn\" class=\"wp-image-9263\" srcset=\"https:\/\/www.hyflexpack.com\/wp-content\/uploads\/2026\/02\/Custom-Packaging-Film-for-Popcorn-12.webp 1000w, https:\/\/www.hyflexpack.com\/wp-content\/uploads\/2026\/02\/Custom-Packaging-Film-for-Popcorn-12-300x300.webp 300w, https:\/\/www.hyflexpack.com\/wp-content\/uploads\/2026\/02\/Custom-Packaging-Film-for-Popcorn-12-150x150.webp 150w, https:\/\/www.hyflexpack.com\/wp-content\/uploads\/2026\/02\/Custom-Packaging-Film-for-Popcorn-12-768x768.webp 768w, https:\/\/www.hyflexpack.com\/wp-content\/uploads\/2026\/02\/Custom-Packaging-Film-for-Popcorn-12-12x12.webp 12w, https:\/\/www.hyflexpack.com\/wp-content\/uploads\/2026\/02\/Custom-Packaging-Film-for-Popcorn-12-285x285.webp 285w, https:\/\/www.hyflexpack.com\/wp-content\/uploads\/2026\/02\/Custom-Packaging-Film-for-Popcorn-12-270x270.webp 270w, https:\/\/www.hyflexpack.com\/wp-content\/uploads\/2026\/02\/Custom-Packaging-Film-for-Popcorn-12-540x540.webp 540w, https:\/\/www.hyflexpack.com\/wp-content\/uploads\/2026\/02\/Custom-Packaging-Film-for-Popcorn-12-660x660.webp 660w\" sizes=\"(max-width: 1000px) 100vw, 1000px\" \/><\/figure>\n<\/div>\n<\/div>\n\n\n\n<p><\/p>","protected":false},"excerpt":{"rendered":"<p>Notre film d'emballage personnalis\u00e9 pour le pop-corn est fabriqu\u00e9 \u00e0 partir d'un rouleau de film plastique lamin\u00e9 thermoscell\u00e9, con\u00e7u pour les lignes d'emballage automatiques. Ce film d'emballage haute performance pour pop-corn offre une forte r\u00e9sistance au thermoscellage, une excellente r\u00e9sistance \u00e0 l'humidit\u00e9 et aux graisses, et une machinabilit\u00e9 stable, avec une impression personnalis\u00e9e disponible pour am\u00e9liorer la pr\u00e9sentation de la marque. Contactez-nous d\u00e8s aujourd'hui et laissez-nous personnaliser votre emballage alimentaire exclusif !<\/p>\n<h2>Avantages du fabricant de films d'emballage pour pop-corn\u00a0<\/h2>\n<ul>\n<li><strong>Conception personnalis\u00e9e :<\/strong> Nous proposons des services personnalis\u00e9s, y compris la personnalisation des mat\u00e9riaux, des dimensions et des motifs d'impression pour r\u00e9pondre aux besoins des clients, et nous prenons en charge les OEM et ODM.<\/li>\n<li><strong>Fabrication :<\/strong> Adopter des lignes de production de mat\u00e9riaux composites et des syst\u00e8mes de contr\u00f4le automatique de pointe au niveau international afin de garantir l'efficacit\u00e9 et la stabilit\u00e9 des processus de production et le respect des d\u00e9lais de livraison.<\/li>\n<li><strong>Contr\u00f4le de la qualit\u00e9 :<\/strong> Produire en respectant strictement les normes de qualit\u00e9 et les exigences en mati\u00e8re de s\u00e9curit\u00e9 alimentaire afin de s'assurer que les produits r\u00e9pondent aux normes.<\/li>\n<li><strong>Service \u00e0 la client\u00e8le :<\/strong> Fournir une r\u00e9ponse rapide et un service \u00e0 la client\u00e8le attentionn\u00e9 24 heures par jour.<\/li>\n<li><strong>\u00c9chantillons gratuits :<\/strong> Faire des petits lots d'\u00e9chantillons pour que les clients puissent les essayer et les \u00e9valuer.<\/li>\n<\/ul>\n<p>Huiyang Packaging s'engage \u00e0 fournir \u00e0 ses clients des films d'emballage personnalis\u00e9s de haute qualit\u00e9 pour le pop-corn, \u00e0 les aider \u00e0 am\u00e9liorer l'image de leurs produits et \u00e0 renforcer leur comp\u00e9titivit\u00e9 sur le march\u00e9.<\/p>","protected":false},"featured_media":9263,"comment_status":"closed","ping_status":"closed","template":"","meta":[],"product_brand":[],"product_cat":[53],"product_tag":[],"class_list":{"0":"post-9286","1":"product","2":"type-product","3":"status-publish","4":"has-post-thumbnail","6":"product_cat-packaging-film-supplier","8":"first","9":"instock","10":"shipping-taxable","11":"product-type-simple"},"_links":{"self":[{"href":"https:\/\/www.hyflexpack.com\/fr\/wp-json\/wp\/v2\/product\/9286","targetHints":{"allow":["GET"]}}],"collection":[{"href":"https:\/\/www.hyflexpack.com\/fr\/wp-json\/wp\/v2\/product"}],"about":[{"href":"https:\/\/www.hyflexpack.com\/fr\/wp-json\/wp\/v2\/types\/product"}],"replies":[{"embeddable":true,"href":"https:\/\/www.hyflexpack.com\/fr\/wp-json\/wp\/v2\/comments?post=9286"}],"wp:featuredmedia":[{"embeddable":true,"href":"https:\/\/www.hyflexpack.com\/fr\/wp-json\/wp\/v2\/media\/9263"}],"wp:attachment":[{"href":"https:\/\/www.hyflexpack.com\/fr\/wp-json\/wp\/v2\/media?parent=9286"}],"wp:term":[{"taxonomy":"product_brand","embeddable":true,"href":"https:\/\/www.hyflexpack.com\/fr\/wp-json\/wp\/v2\/product_brand?post=9286"},{"taxonomy":"product_cat","embeddable":true,"href":"https:\/\/www.hyflexpack.com\/fr\/wp-json\/wp\/v2\/product_cat?post=9286"},{"taxonomy":"product_tag","embeddable":true,"href":"https:\/\/www.hyflexpack.com\/fr\/wp-json\/wp\/v2\/product_tag?post=9286"}],"curies":[{"name":"wp","href":"https:\/\/api.w.org\/{rel}","templated":true}]}}