{"id":9279,"date":"2026-03-04T07:35:26","date_gmt":"2026-03-04T07:35:26","guid":{"rendered":"https:\/\/www.hyflexpack.com\/?post_type=product&#038;p=9279"},"modified":"2026-03-12T07:36:38","modified_gmt":"2026-03-12T07:36:38","slug":"custom-cold-seal-packaging-film-bulk","status":"publish","type":"product","link":"https:\/\/www.hyflexpack.com\/fr\/product\/custom-cold-seal-packaging-film-bulk\/","title":{"rendered":"Custom Cold Seal Packaging Film for Chocolate, PET \/ VMPET or BOPP \/ VMPET Lamination"},"content":{"rendered":"<div class=\"wp-block-columns is-layout-flex wp-container-core-columns-is-layout-9d6595d7 wp-block-columns-is-layout-flex\">\n<div class=\"wp-block-column is-layout-flow wp-block-column-is-layout-flow\">\n<h2 class=\"wp-block-heading\">Features of High Quality Custom Cold Seal Packaging Film<\/h2>\n\n\n\n<ul class=\"wp-block-list\">\n<li>Our Custom Cold Seal Packaging Film is designed specifically for chocolate packaging. It enables fast, secure sealing without heat, preventing chocolate from melting and improving packing efficiency.<\/li>\n<\/ul>\n\n\n\n<ul class=\"wp-block-list\">\n<li>Multiple material options available, including PET \/ VMPET and glossy or matte BOPP \/ VMPET, to meet different performance, appearance, and cost requirements.<\/li>\n<\/ul>\n\n\n\n<ul class=\"wp-block-list\">\n<li>Metallized VMPET layer delivers strong moisture, oxygen, and light barrier properties, helping extend shelf life and preserve chocolate flavor and quality.<\/li>\n<\/ul>\n\n\n\n<ul class=\"wp-block-list\">\n<li>Engineered for smooth machinability on automatic chocolate wrapping lines, ensuring stable cold seal strength, reduced waste, and consistent output.<\/li>\n<\/ul>\n\n\n\n<ul class=\"wp-block-list\">\n<li>Supports high-resolution custom printing with excellent ink adhesion, available in glossy or matte finishes to enhance brand visibility and shelf appeal.<\/li>\n<\/ul>\n<\/div>\n\n\n\n<div class=\"wp-block-column is-layout-flow wp-block-column-is-layout-flow\">\n<figure class=\"wp-block-image size-full\"><img fetchpriority=\"high\" decoding=\"async\" width=\"1000\" height=\"1000\" src=\"https:\/\/www.hyflexpack.com\/wp-content\/uploads\/2026\/02\/Custom-Cold-Seal-Packaging-Film-for-Chocolate-5.webp\" alt=\"Custom Cold Seal Packaging Film for Chocolate \" class=\"wp-image-9249\" srcset=\"https:\/\/www.hyflexpack.com\/wp-content\/uploads\/2026\/02\/Custom-Cold-Seal-Packaging-Film-for-Chocolate-5.webp 1000w, https:\/\/www.hyflexpack.com\/wp-content\/uploads\/2026\/02\/Custom-Cold-Seal-Packaging-Film-for-Chocolate-5-300x300.webp 300w, https:\/\/www.hyflexpack.com\/wp-content\/uploads\/2026\/02\/Custom-Cold-Seal-Packaging-Film-for-Chocolate-5-150x150.webp 150w, https:\/\/www.hyflexpack.com\/wp-content\/uploads\/2026\/02\/Custom-Cold-Seal-Packaging-Film-for-Chocolate-5-768x768.webp 768w, https:\/\/www.hyflexpack.com\/wp-content\/uploads\/2026\/02\/Custom-Cold-Seal-Packaging-Film-for-Chocolate-5-12x12.webp 12w, https:\/\/www.hyflexpack.com\/wp-content\/uploads\/2026\/02\/Custom-Cold-Seal-Packaging-Film-for-Chocolate-5-285x285.webp 285w, https:\/\/www.hyflexpack.com\/wp-content\/uploads\/2026\/02\/Custom-Cold-Seal-Packaging-Film-for-Chocolate-5-270x270.webp 270w, https:\/\/www.hyflexpack.com\/wp-content\/uploads\/2026\/02\/Custom-Cold-Seal-Packaging-Film-for-Chocolate-5-540x540.webp 540w, https:\/\/www.hyflexpack.com\/wp-content\/uploads\/2026\/02\/Custom-Cold-Seal-Packaging-Film-for-Chocolate-5-660x660.webp 660w\" sizes=\"(max-width: 1000px) 100vw, 1000px\" \/><\/figure>\n<\/div>\n<\/div>","protected":false},"excerpt":{"rendered":"<p>Huiyang is offering custom cold seal packaging film for chocolate. There are two lamination options: PET \/ VMPET or BOPP \/ VMPET. This food-grade cold seal film is designed for high-speed chocolate wrapping, offering excellent moisture and oxygen barrier, reliable cold sealing performance, and premium custom printing for branded chocolate packaging. Contact us today and let us customize your exclusive food packaging!<\/p>\n<h2>Advantages of Custom Cold Seal Packaging Film<\/h2>\n<ul>\n<li><strong>Conception personnalis\u00e9e<\/strong>: Nous fournissons des services personnalis\u00e9s, y compris la personnalisation du mat\u00e9riau, de la taille et du motif d'impression pour r\u00e9pondre aux besoins des clients, et nous prenons en charge les OEM et ODM.<\/li>\n<li><strong>Fabrication :<\/strong> Gr\u00e2ce \u00e0 un \u00e9quipement et \u00e0 une technologie de pointe, nous pouvons r\u00e9aliser la production des commandes de mani\u00e8re efficace et avec une qualit\u00e9 \u00e9lev\u00e9e, et nous pouvons livrer dans les d\u00e9lais impartis.<\/li>\n<li><strong>Contr\u00f4le de la qualit\u00e9<\/strong>: La production est r\u00e9alis\u00e9e dans le strict respect des normes de qualit\u00e9 et des exigences en mati\u00e8re de s\u00e9curit\u00e9 alimentaire afin de garantir que les produits r\u00e9pondent aux normes.<\/li>\n<li><strong>Service \u00e0 la client\u00e8le :<\/strong> 24 heures pour fournir une r\u00e9ponse rapide et un service client\u00e8le attentionn\u00e9.<\/li>\n<li><strong>\u00c9chantillon gratuit :<\/strong> Fournir un service d'\u00e9chantillonnage gratuit pour vous permettre d'\u00e9valuer le produit.<\/li>\n<\/ul>\n<p><strong>Huiyang Packaging<\/strong> is committed to providing customers with high-quality Custom Cold Seal Packaging Film, helping customers improve their product image and enhance their market competitiveness.<\/p>","protected":false},"featured_media":9249,"comment_status":"closed","ping_status":"closed","template":"","meta":[],"product_brand":[],"product_cat":[86,53],"product_tag":[],"class_list":{"0":"post-9279","1":"product","2":"type-product","3":"status-publish","4":"has-post-thumbnail","6":"product_cat-cold-seal-film","7":"product_cat-packaging-film-supplier","9":"first","10":"instock","11":"shipping-taxable","12":"product-type-simple"},"_links":{"self":[{"href":"https:\/\/www.hyflexpack.com\/fr\/wp-json\/wp\/v2\/product\/9279","targetHints":{"allow":["GET"]}}],"collection":[{"href":"https:\/\/www.hyflexpack.com\/fr\/wp-json\/wp\/v2\/product"}],"about":[{"href":"https:\/\/www.hyflexpack.com\/fr\/wp-json\/wp\/v2\/types\/product"}],"replies":[{"embeddable":true,"href":"https:\/\/www.hyflexpack.com\/fr\/wp-json\/wp\/v2\/comments?post=9279"}],"wp:featuredmedia":[{"embeddable":true,"href":"https:\/\/www.hyflexpack.com\/fr\/wp-json\/wp\/v2\/media\/9249"}],"wp:attachment":[{"href":"https:\/\/www.hyflexpack.com\/fr\/wp-json\/wp\/v2\/media?parent=9279"}],"wp:term":[{"taxonomy":"product_brand","embeddable":true,"href":"https:\/\/www.hyflexpack.com\/fr\/wp-json\/wp\/v2\/product_brand?post=9279"},{"taxonomy":"product_cat","embeddable":true,"href":"https:\/\/www.hyflexpack.com\/fr\/wp-json\/wp\/v2\/product_cat?post=9279"},{"taxonomy":"product_tag","embeddable":true,"href":"https:\/\/www.hyflexpack.com\/fr\/wp-json\/wp\/v2\/product_tag?post=9279"}],"curies":[{"name":"wp","href":"https:\/\/api.w.org\/{rel}","templated":true}]}}