{"id":9220,"date":"2026-02-05T08:45:32","date_gmt":"2026-02-05T08:45:32","guid":{"rendered":"https:\/\/www.hyflexpack.com\/?post_type=product&#038;p=9220"},"modified":"2026-03-05T09:47:41","modified_gmt":"2026-03-05T09:47:41","slug":"fresh-produce-packaging-bags-factory","status":"publish","type":"product","link":"https:\/\/www.hyflexpack.com\/fr\/product\/fresh-produce-packaging-bags-factory\/","title":{"rendered":"OEM Sacs d'emballage pour produits frais, pochette refermable avec fentes d'a\u00e9ration"},"content":{"rendered":"<div class=\"wp-block-columns is-layout-flex wp-container-core-columns-is-layout-9d6595d7 wp-block-columns-is-layout-flex\">\n<div class=\"wp-block-column is-layout-flow wp-block-column-is-layout-flow\">\n<h2 class=\"wp-block-heading\">Caract\u00e9ristiques du sac d'emballage personnalis\u00e9 pour produits frais<\/h2>\n\n\n\n<ul class=\"wp-block-list\">\n<li>Ces sacs d'emballage de produits frais personnalis\u00e9s permettent une personnalisation souple de la taille, de la structure du mat\u00e9riau, de l'\u00e9paisseur et de l'impression du logo afin de r\u00e9pondre aux divers besoins et marques d'emballage de fruits et l\u00e9gumes.<\/li>\n\n\n\n<li>Le sachet \u00e0 fermeture \u00e0 glissi\u00e8re permet une forte pr\u00e9sence en rayon et une ouverture et une refermeture faciles, ce qui est plus pratique pour les d\u00e9taillants et les consommateurs.<\/li>\n\n\n\n<li>Dot\u00e9s de trous d'a\u00e9ration perfor\u00e9s, ces sacs d'emballage permettent une bonne circulation de l'air, r\u00e9duisant ainsi l'accumulation d'humidit\u00e9 et prolongeant la dur\u00e9e de conservation des fruits et l\u00e9gumes frais.<\/li>\n\n\n\n<li>Id\u00e9ales pour l'emballage des fruits et l\u00e9gumes frais, ces pochettes tiennent debout et prot\u00e8gent les produits pendant le transport, le stockage et la pr\u00e9sentation au d\u00e9tail.<\/li>\n\n\n\n<li>Fabriqu\u00e9s \u00e0 partir de mat\u00e9riaux de qualit\u00e9 alimentaire, ces sacs d'emballage personnalis\u00e9s pour produits frais sont durables et offrent en option des solutions d'emballage \u00e9cologiques et recyclables.<\/li>\n<\/ul>\n<\/div>\n\n\n\n<div class=\"wp-block-column is-layout-flow wp-block-column-is-layout-flow\">\n<figure class=\"wp-block-image size-full\"><img fetchpriority=\"high\" decoding=\"async\" width=\"1024\" height=\"1024\" src=\"https:\/\/www.hyflexpack.com\/wp-content\/uploads\/2026\/02\/OEM-Fresh-Produce-Packaging-Bags-Factory-3.webp\" alt=\"Sacs d&#039;emballage pour produits frais OEM (3)\" class=\"wp-image-9240\" srcset=\"https:\/\/www.hyflexpack.com\/wp-content\/uploads\/2026\/02\/OEM-Fresh-Produce-Packaging-Bags-Factory-3.webp 1024w, https:\/\/www.hyflexpack.com\/wp-content\/uploads\/2026\/02\/OEM-Fresh-Produce-Packaging-Bags-Factory-3-300x300.webp 300w, https:\/\/www.hyflexpack.com\/wp-content\/uploads\/2026\/02\/OEM-Fresh-Produce-Packaging-Bags-Factory-3-150x150.webp 150w, https:\/\/www.hyflexpack.com\/wp-content\/uploads\/2026\/02\/OEM-Fresh-Produce-Packaging-Bags-Factory-3-768x768.webp 768w, https:\/\/www.hyflexpack.com\/wp-content\/uploads\/2026\/02\/OEM-Fresh-Produce-Packaging-Bags-Factory-3-12x12.webp 12w, https:\/\/www.hyflexpack.com\/wp-content\/uploads\/2026\/02\/OEM-Fresh-Produce-Packaging-Bags-Factory-3-285x285.webp 285w, https:\/\/www.hyflexpack.com\/wp-content\/uploads\/2026\/02\/OEM-Fresh-Produce-Packaging-Bags-Factory-3-270x270.webp 270w, https:\/\/www.hyflexpack.com\/wp-content\/uploads\/2026\/02\/OEM-Fresh-Produce-Packaging-Bags-Factory-3-540x540.webp 540w, https:\/\/www.hyflexpack.com\/wp-content\/uploads\/2026\/02\/OEM-Fresh-Produce-Packaging-Bags-Factory-3-660x660.webp 660w\" sizes=\"(max-width: 1024px) 100vw, 1024px\" \/><\/figure>\n<\/div>\n<\/div>","protected":false},"excerpt":{"rendered":"<p>Nos sacs d'emballage de produits frais personnalis\u00e9s sont con\u00e7us comme des sachets \u00e0 fermeture \u00e0 glissi\u00e8re avec des trous d'a\u00e9ration perfor\u00e9s pour garder les fruits et l\u00e9gumes frais, respirants et bien scell\u00e9s. Combinant une fermeture \u00e0 glissi\u00e8re refermable, une structure stable et une ventilation contr\u00f4l\u00e9e, ces sacs offrent une solution pratique et personnalisable pour l'emballage des produits frais. Contactez-nous d\u00e8s aujourd'hui pour obtenir un devis. Nous nous engageons \u00e0 fournir des solutions d'emballage compl\u00e8tes, \u00e9cologiques et de haute qualit\u00e9.<\/p>\n<h2>Avantages des sacs d'emballage OEM pour produits frais<\/h2>\n<ul>\n<li><strong>Conception personnalis\u00e9e<\/strong>: Nous fournissons des services de sacs d'emballage personnalis\u00e9s, y compris la personnalisation du mat\u00e9riau, de la taille et du motif d'impression pour r\u00e9pondre aux besoins des clients, et nous prenons en charge les OEM et ODM.<\/li>\n<li><strong>Fabrication :<\/strong> Gr\u00e2ce \u00e0 un \u00e9quipement et \u00e0 une technologie de pointe, nous pouvons r\u00e9aliser la production des commandes de mani\u00e8re efficace et avec une qualit\u00e9 \u00e9lev\u00e9e, et livrer dans les d\u00e9lais impartis.<\/li>\n<li><strong>Contr\u00f4le de la qualit\u00e9 :<\/strong> La production est r\u00e9alis\u00e9e dans le strict respect des normes de qualit\u00e9 et des exigences en mati\u00e8re de s\u00e9curit\u00e9 alimentaire afin de garantir que les produits r\u00e9pondent aux normes.<\/li>\n<li><strong>Service \u00e0 la client\u00e8le :<\/strong> Fournir une r\u00e9ponse rapide et un service \u00e0 la client\u00e8le attentionn\u00e9 24 heures par jour.<\/li>\n<li><strong>\u00c9chantillon gratuit<\/strong>: Fournir un service d'\u00e9chantillonnage gratuit pour vous permettre d'\u00e9valuer le produit.<\/li>\n<\/ul>\n<p><a href=\"https:\/\/www.hyflexpack.com\/fr\/\"><strong>Huiyang Packaging<\/strong><\/a> s'engage \u00e0 fournir \u00e0 ses clients des sacs d'emballage de produits frais personnalis\u00e9s de haute qualit\u00e9, \u00e0 les aider \u00e0 am\u00e9liorer l'image de leurs produits et \u00e0 renforcer leur comp\u00e9titivit\u00e9 sur le march\u00e9.<\/p>","protected":false},"featured_media":9238,"comment_status":"closed","ping_status":"closed","template":"","meta":[],"product_brand":[],"product_cat":[106,51],"product_tag":[116,124],"class_list":{"0":"post-9220","1":"product","2":"type-product","3":"status-publish","4":"has-post-thumbnail","6":"product_cat-vegetable-packaging-bags-wholesale","7":"product_cat-custom-food-packaging-bags","8":"product_tag-stand-up-pouch-manufacturer","9":"product_tag-zipper-pouch-manufacturer","11":"first","12":"instock","13":"shipping-taxable","14":"product-type-simple"},"_links":{"self":[{"href":"https:\/\/www.hyflexpack.com\/fr\/wp-json\/wp\/v2\/product\/9220","targetHints":{"allow":["GET"]}}],"collection":[{"href":"https:\/\/www.hyflexpack.com\/fr\/wp-json\/wp\/v2\/product"}],"about":[{"href":"https:\/\/www.hyflexpack.com\/fr\/wp-json\/wp\/v2\/types\/product"}],"replies":[{"embeddable":true,"href":"https:\/\/www.hyflexpack.com\/fr\/wp-json\/wp\/v2\/comments?post=9220"}],"wp:featuredmedia":[{"embeddable":true,"href":"https:\/\/www.hyflexpack.com\/fr\/wp-json\/wp\/v2\/media\/9238"}],"wp:attachment":[{"href":"https:\/\/www.hyflexpack.com\/fr\/wp-json\/wp\/v2\/media?parent=9220"}],"wp:term":[{"taxonomy":"product_brand","embeddable":true,"href":"https:\/\/www.hyflexpack.com\/fr\/wp-json\/wp\/v2\/product_brand?post=9220"},{"taxonomy":"product_cat","embeddable":true,"href":"https:\/\/www.hyflexpack.com\/fr\/wp-json\/wp\/v2\/product_cat?post=9220"},{"taxonomy":"product_tag","embeddable":true,"href":"https:\/\/www.hyflexpack.com\/fr\/wp-json\/wp\/v2\/product_tag?post=9220"}],"curies":[{"name":"wp","href":"https:\/\/api.w.org\/{rel}","templated":true}]}}