{"id":9218,"date":"2026-02-05T08:56:02","date_gmt":"2026-02-05T08:56:02","guid":{"rendered":"https:\/\/www.hyflexpack.com\/?post_type=product&#038;p=9218"},"modified":"2026-02-05T09:12:05","modified_gmt":"2026-02-05T09:12:05","slug":"wholesale-vegetable-packaging-bag","status":"publish","type":"product","link":"https:\/\/www.hyflexpack.com\/fr\/product\/wholesale-vegetable-packaging-bag\/","title":{"rendered":"Sacs d'emballage de l\u00e9gumes en gros sur mesure, pochette \u00e0 fermeture \u00e9clair avec trous d'a\u00e9ration perfor\u00e9s"},"content":{"rendered":"<div class=\"wp-block-columns is-layout-flex wp-container-core-columns-is-layout-9d6595d7 wp-block-columns-is-layout-flex\">\n<div class=\"wp-block-column is-layout-flow wp-block-column-is-layout-flow\">\n<h2 class=\"wp-block-heading\">Caract\u00e9ristiques des sacs d'emballage de l\u00e9gumes en gros<\/h2>\n\n\n\n<ul class=\"wp-block-list\">\n<li>Ces sacs d'emballage de fruits et l\u00e9gumes personnalis\u00e9s offrent une grande souplesse de personnalisation en termes de taille, de mat\u00e9riau, d'\u00e9paisseur et d'impression de logo afin de r\u00e9pondre aux diff\u00e9rents besoins d'emballage des produits frais.<\/li>\n\n\n\n<li>La structure de la pochette \u00e0 fermeture \u00e9clair permet une excellente pr\u00e9sentation en rayon, tandis que la fermeture \u00e9clair refermable permet une ouverture et une fermeture pratiques pour une utilisation r\u00e9p\u00e9t\u00e9e.<\/li>\n\n\n\n<li>Con\u00e7us avec des trous d'a\u00e9ration perfor\u00e9s, ces sacs d'emballage pour l\u00e9gumes et fruits permettent une circulation d'air contr\u00f4l\u00e9e afin de r\u00e9duire la condensation et de pr\u00e9server la fra\u00eecheur.<\/li>\n\n\n\n<li>Id\u00e9ales pour l'emballage des fruits et l\u00e9gumes frais, ces pochettes \u00e0 fermeture \u00e0 glissi\u00e8re permettent de prolonger la dur\u00e9e de conservation pendant le transport, le stockage et la pr\u00e9sentation au d\u00e9tail.<\/li>\n\n\n\n<li>Fabriqu\u00e9s \u00e0 partir de mat\u00e9riaux solides de qualit\u00e9 alimentaire, ces sacs d'emballage personnalis\u00e9s pour les l\u00e9gumes et les fruits garantissent la durabilit\u00e9, la s\u00e9curit\u00e9 et des solutions d'emballage \u00e9cologiques en option.<\/li>\n<\/ul>\n<\/div>\n\n\n\n<div class=\"wp-block-column is-layout-flow wp-block-column-is-layout-flow\">\n<figure class=\"wp-block-image size-full\"><img fetchpriority=\"high\" decoding=\"async\" width=\"1024\" height=\"1024\" src=\"https:\/\/www.hyflexpack.com\/wp-content\/uploads\/2026\/02\/Custom-Fresh-Fruit-Vegetable-Bags-1-3.webp\" alt=\"Sacs personnalis\u00e9s pour fruits et l\u00e9gumes frais\" class=\"wp-image-9187\" srcset=\"https:\/\/www.hyflexpack.com\/wp-content\/uploads\/2026\/02\/Custom-Fresh-Fruit-Vegetable-Bags-1-3.webp 1024w, https:\/\/www.hyflexpack.com\/wp-content\/uploads\/2026\/02\/Custom-Fresh-Fruit-Vegetable-Bags-1-3-300x300.webp 300w, https:\/\/www.hyflexpack.com\/wp-content\/uploads\/2026\/02\/Custom-Fresh-Fruit-Vegetable-Bags-1-3-150x150.webp 150w, https:\/\/www.hyflexpack.com\/wp-content\/uploads\/2026\/02\/Custom-Fresh-Fruit-Vegetable-Bags-1-3-768x768.webp 768w, https:\/\/www.hyflexpack.com\/wp-content\/uploads\/2026\/02\/Custom-Fresh-Fruit-Vegetable-Bags-1-3-12x12.webp 12w, https:\/\/www.hyflexpack.com\/wp-content\/uploads\/2026\/02\/Custom-Fresh-Fruit-Vegetable-Bags-1-3-285x285.webp 285w, https:\/\/www.hyflexpack.com\/wp-content\/uploads\/2026\/02\/Custom-Fresh-Fruit-Vegetable-Bags-1-3-270x270.webp 270w, https:\/\/www.hyflexpack.com\/wp-content\/uploads\/2026\/02\/Custom-Fresh-Fruit-Vegetable-Bags-1-3-540x540.webp 540w, https:\/\/www.hyflexpack.com\/wp-content\/uploads\/2026\/02\/Custom-Fresh-Fruit-Vegetable-Bags-1-3-660x660.webp 660w\" sizes=\"(max-width: 1024px) 100vw, 1024px\" \/><\/figure>\n<\/div>\n<\/div>","protected":false},"excerpt":{"rendered":"<p>Nos sacs d'emballage de l\u00e9gumes personnalis\u00e9s sont con\u00e7us comme des sachets \u00e0 fermeture \u00e0 glissi\u00e8re avec des trous d'a\u00e9ration perfor\u00e9s pour que les produits frais restent respirants, s\u00fbrs et faciles \u00e0 utiliser. Combinant une fermeture \u00e0 glissi\u00e8re refermable, une structure stable et une ventilation contr\u00f4l\u00e9e, ces sacs constituent une solution pratique et personnalisable pour l'emballage des fruits et l\u00e9gumes. Contactez-nous d\u00e8s aujourd'hui pour obtenir un devis. Nous nous engageons \u00e0 fournir des solutions d'emballage compl\u00e8tes, \u00e9cologiques et de haute qualit\u00e9.<\/p>\n<h2>Avantages des sacs d'emballage de l\u00e9gumes en gros<\/h2>\n<ul>\n<li><strong>Conception personnalis\u00e9e<\/strong>: Nous fournissons des services de sacs d'emballage personnalis\u00e9s, y compris la personnalisation du mat\u00e9riau, de la taille et du motif d'impression pour r\u00e9pondre aux besoins des clients, et nous prenons en charge les OEM et ODM.<\/li>\n<li><strong>Fabrication :<\/strong>\u00a0Gr\u00e2ce \u00e0 un \u00e9quipement et \u00e0 une technologie de pointe, nous pouvons r\u00e9aliser la production des commandes de mani\u00e8re efficace et avec une qualit\u00e9 \u00e9lev\u00e9e, et livrer dans les d\u00e9lais impartis.<\/li>\n<li><strong>Contr\u00f4le de la qualit\u00e9 :<\/strong> La production est r\u00e9alis\u00e9e dans le strict respect des normes de qualit\u00e9 et des exigences en mati\u00e8re de s\u00e9curit\u00e9 alimentaire afin de garantir que les produits r\u00e9pondent \u00e0 ces normes.<\/li>\n<li><strong>Service \u00e0 la client\u00e8le :<\/strong> Fournir des r\u00e9ponses rapides et un soutien attentif 24 heures sur 24.<\/li>\n<li><strong>\u00c9chantillon gratuit<\/strong>: Fournir un service d'\u00e9chantillonnage gratuit pour vous permettre d'\u00e9valuer le produit.<\/li>\n<\/ul>\n<p><a href=\"https:\/\/www.hyflexpack.com\/fr\/\"><strong>Huiyang Packaging<\/strong><\/a> s'engage \u00e0 fournir \u00e0 ses clients des sacs d'emballage de l\u00e9gumes en gros de haute qualit\u00e9 afin de les aider \u00e0 am\u00e9liorer l'image de leurs produits et \u00e0 renforcer leur comp\u00e9titivit\u00e9 sur le march\u00e9.<\/p>","protected":false},"featured_media":9187,"comment_status":"closed","ping_status":"closed","template":"","meta":[],"product_brand":[],"product_cat":[106],"product_tag":[116,124],"class_list":{"0":"post-9218","1":"product","2":"type-product","3":"status-publish","4":"has-post-thumbnail","6":"product_cat-vegetable-packaging-bags-wholesale","7":"product_tag-stand-up-pouch-manufacturer","8":"product_tag-zipper-pouch-manufacturer","10":"first","11":"instock","12":"shipping-taxable","13":"product-type-simple"},"_links":{"self":[{"href":"https:\/\/www.hyflexpack.com\/fr\/wp-json\/wp\/v2\/product\/9218","targetHints":{"allow":["GET"]}}],"collection":[{"href":"https:\/\/www.hyflexpack.com\/fr\/wp-json\/wp\/v2\/product"}],"about":[{"href":"https:\/\/www.hyflexpack.com\/fr\/wp-json\/wp\/v2\/types\/product"}],"replies":[{"embeddable":true,"href":"https:\/\/www.hyflexpack.com\/fr\/wp-json\/wp\/v2\/comments?post=9218"}],"wp:featuredmedia":[{"embeddable":true,"href":"https:\/\/www.hyflexpack.com\/fr\/wp-json\/wp\/v2\/media\/9187"}],"wp:attachment":[{"href":"https:\/\/www.hyflexpack.com\/fr\/wp-json\/wp\/v2\/media?parent=9218"}],"wp:term":[{"taxonomy":"product_brand","embeddable":true,"href":"https:\/\/www.hyflexpack.com\/fr\/wp-json\/wp\/v2\/product_brand?post=9218"},{"taxonomy":"product_cat","embeddable":true,"href":"https:\/\/www.hyflexpack.com\/fr\/wp-json\/wp\/v2\/product_cat?post=9218"},{"taxonomy":"product_tag","embeddable":true,"href":"https:\/\/www.hyflexpack.com\/fr\/wp-json\/wp\/v2\/product_tag?post=9218"}],"curies":[{"name":"wp","href":"https:\/\/api.w.org\/{rel}","templated":true}]}}