{"id":9217,"date":"2026-02-05T08:22:21","date_gmt":"2026-02-05T08:22:21","guid":{"rendered":"https:\/\/www.hyflexpack.com\/?post_type=product&#038;p=9217"},"modified":"2026-02-05T08:22:28","modified_gmt":"2026-02-05T08:22:28","slug":"custom-fresh-fruit-packaging-bags-bulk","status":"publish","type":"product","link":"https:\/\/www.hyflexpack.com\/fr\/product\/custom-fresh-fruit-packaging-bags-bulk\/","title":{"rendered":"Sacs d'emballage de fruits frais personnalis\u00e9s en vrac, pochette r\u00e9sistante avec micro-a\u00e9rations"},"content":{"rendered":"<div class=\"wp-block-columns is-layout-flex wp-container-core-columns-is-layout-9d6595d7 wp-block-columns-is-layout-flex\">\n<div class=\"wp-block-column is-layout-flow wp-block-column-is-layout-flow\">\n<h2 class=\"wp-block-heading\">Caract\u00e9ristiques des sacs d'emballage de fruits frais personnalis\u00e9s<\/h2>\n\n\n\n<ul class=\"wp-block-list\">\n<li><strong>Personnalisation flexible :<\/strong> Ces <strong>sacs d'emballage de fruits frais en vrac personnalis\u00e9s<\/strong> permettent une personnalisation compl\u00e8te de la taille, de l'\u00e9paisseur, des mat\u00e9riaux et de l'impression du logo afin de r\u00e9pondre aux divers besoins en mati\u00e8re d'emballage des produits frais.<\/li>\n\n\n\n<li><strong>Structure robuste :<\/strong> Con\u00e7us avec une structure de poche renforc\u00e9e, ces sacs offrent une excellente solidit\u00e9, une r\u00e9sistance \u00e0 la d\u00e9chirure et une grande stabilit\u00e9 pour l'emballage des fruits et l\u00e9gumes pendant le transport et la pr\u00e9sentation au d\u00e9tail.<\/li>\n\n\n\n<li><strong>Conception pratique \u00e0 saisir et \u00e0 emporter :<\/strong> Dot\u00e9 d'une poign\u00e9e pratique d\u00e9coup\u00e9e \u00e0 l'emporte-pi\u00e8ce, ce sac personnalis\u00e9 pour fruits et l\u00e9gumes frais d\u00e9livre un message clair \u201c\u00e0 emporter\u201d, rendant la fra\u00eecheur facile \u00e0 transporter et \u00e0 acheter.<\/li>\n\n\n\n<li><strong>Protection de la fra\u00eecheur :<\/strong> Id\u00e9ales pour l'emballage des produits frais, ces <strong>sacs d'emballage de fruits frais en vrac personnalis\u00e9s<\/strong> contribuent \u00e0 prolonger la dur\u00e9e de conservation et \u00e0 pr\u00e9server la qualit\u00e9 des produits tout au long de la cha\u00eene d'approvisionnement.<\/li>\n\n\n\n<li><strong>Options s\u00fbres pour les aliments et respectueuses de l'environnement :<\/strong> Fabriqu\u00e9s \u00e0 partir de mat\u00e9riaux de qualit\u00e9 alimentaire avec des structures recyclables en option, ces sacs personnalis\u00e9s pour fruits et l\u00e9gumes frais soutiennent des solutions d'emballage de produits durables et responsables.<\/li>\n<\/ul>\n<\/div>\n\n\n\n<div class=\"wp-block-column is-layout-flow wp-block-column-is-layout-flow\">\n<figure class=\"wp-block-image size-full\"><img fetchpriority=\"high\" decoding=\"async\" width=\"1024\" height=\"1024\" src=\"https:\/\/www.hyflexpack.com\/wp-content\/uploads\/2026\/02\/Custom-Fresh-Fruit-Vegetable-Bags-1-2.webp\" alt=\"Sacs personnalis\u00e9s pour fruits et l\u00e9gumes frais\" class=\"wp-image-9184\" srcset=\"https:\/\/www.hyflexpack.com\/wp-content\/uploads\/2026\/02\/Custom-Fresh-Fruit-Vegetable-Bags-1-2.webp 1024w, https:\/\/www.hyflexpack.com\/wp-content\/uploads\/2026\/02\/Custom-Fresh-Fruit-Vegetable-Bags-1-2-300x300.webp 300w, https:\/\/www.hyflexpack.com\/wp-content\/uploads\/2026\/02\/Custom-Fresh-Fruit-Vegetable-Bags-1-2-150x150.webp 150w, https:\/\/www.hyflexpack.com\/wp-content\/uploads\/2026\/02\/Custom-Fresh-Fruit-Vegetable-Bags-1-2-768x768.webp 768w, https:\/\/www.hyflexpack.com\/wp-content\/uploads\/2026\/02\/Custom-Fresh-Fruit-Vegetable-Bags-1-2-12x12.webp 12w, https:\/\/www.hyflexpack.com\/wp-content\/uploads\/2026\/02\/Custom-Fresh-Fruit-Vegetable-Bags-1-2-285x285.webp 285w, https:\/\/www.hyflexpack.com\/wp-content\/uploads\/2026\/02\/Custom-Fresh-Fruit-Vegetable-Bags-1-2-270x270.webp 270w, https:\/\/www.hyflexpack.com\/wp-content\/uploads\/2026\/02\/Custom-Fresh-Fruit-Vegetable-Bags-1-2-540x540.webp 540w, https:\/\/www.hyflexpack.com\/wp-content\/uploads\/2026\/02\/Custom-Fresh-Fruit-Vegetable-Bags-1-2-660x660.webp 660w\" sizes=\"(max-width: 1024px) 100vw, 1024px\" \/><\/figure>\n<\/div>\n<\/div>","protected":false},"excerpt":{"rendered":"<p>Con\u00e7us avec une structure de pochette r\u00e9sistante et des micro-a\u00e9rations, nos sacs d'emballage de fruits frais en vrac personnalis\u00e9s permettent aux produits de respirer, d'\u00eatre prot\u00e9g\u00e9s et d'\u00eatre visuellement attrayants. Des mat\u00e9riaux solides, une position stable et une ventilation contr\u00f4l\u00e9e garantissent un emballage fiable des fruits et l\u00e9gumes frais tout au long de la cha\u00eene d'approvisionnement.<\/p>\n<h2>Avantages des sacs d'emballage de fruits frais personnalis\u00e9s<\/h2>\n<ul>\n<li><strong>Conception personnalis\u00e9e<\/strong>: Nous fournissons des services de sacs d'emballage personnalis\u00e9s, y compris la personnalisation du mat\u00e9riau, de la taille et du motif d'impression pour r\u00e9pondre aux besoins des clients, et nous prenons en charge les OEM et ODM.<\/li>\n<li><strong>Fabrication :<\/strong> Gr\u00e2ce \u00e0 un \u00e9quipement et \u00e0 une technologie de pointe, nous pouvons r\u00e9aliser la production des commandes de mani\u00e8re efficace et avec une qualit\u00e9 \u00e9lev\u00e9e, et livrer dans les d\u00e9lais impartis.<\/li>\n<li><strong>Inspection de la qualit\u00e9 :<\/strong> La production est r\u00e9alis\u00e9e dans le strict respect des normes de qualit\u00e9 et des exigences en mati\u00e8re de s\u00e9curit\u00e9 alimentaire afin de garantir que les produits r\u00e9pondent aux normes.<\/li>\n<li><strong>Service \u00e0 la client\u00e8le :<\/strong> Fournir une r\u00e9ponse rapide et un service \u00e0 la client\u00e8le attentionn\u00e9 24 heures par jour.<\/li>\n<li><strong>\u00c9chantillon gratuit :<\/strong> Fournir un service d'\u00e9chantillonnage gratuit pour vous permettre d'\u00e9valuer le produit.<\/li>\n<\/ul>\n<p><a href=\"https:\/\/www.hyflexpack.com\/fr\/\"><strong>Huiyang Packaging<\/strong> <\/a>s'engage \u00e0 fournir \u00e0 ses clients des sacs de fruits et l\u00e9gumes frais personnalis\u00e9s de haute qualit\u00e9, en les aidant \u00e0 am\u00e9liorer l'image de leurs produits et \u00e0 renforcer leur comp\u00e9titivit\u00e9 sur le march\u00e9.<\/p>","protected":false},"featured_media":9184,"comment_status":"closed","ping_status":"closed","template":"","meta":[],"product_brand":[],"product_cat":[106,51],"product_tag":[116,124],"class_list":{"0":"post-9217","1":"product","2":"type-product","3":"status-publish","4":"has-post-thumbnail","6":"product_cat-vegetable-packaging-bags-wholesale","7":"product_cat-custom-food-packaging-bags","8":"product_tag-stand-up-pouch-manufacturer","9":"product_tag-zipper-pouch-manufacturer","11":"first","12":"instock","13":"shipping-taxable","14":"product-type-simple"},"_links":{"self":[{"href":"https:\/\/www.hyflexpack.com\/fr\/wp-json\/wp\/v2\/product\/9217","targetHints":{"allow":["GET"]}}],"collection":[{"href":"https:\/\/www.hyflexpack.com\/fr\/wp-json\/wp\/v2\/product"}],"about":[{"href":"https:\/\/www.hyflexpack.com\/fr\/wp-json\/wp\/v2\/types\/product"}],"replies":[{"embeddable":true,"href":"https:\/\/www.hyflexpack.com\/fr\/wp-json\/wp\/v2\/comments?post=9217"}],"wp:featuredmedia":[{"embeddable":true,"href":"https:\/\/www.hyflexpack.com\/fr\/wp-json\/wp\/v2\/media\/9184"}],"wp:attachment":[{"href":"https:\/\/www.hyflexpack.com\/fr\/wp-json\/wp\/v2\/media?parent=9217"}],"wp:term":[{"taxonomy":"product_brand","embeddable":true,"href":"https:\/\/www.hyflexpack.com\/fr\/wp-json\/wp\/v2\/product_brand?post=9217"},{"taxonomy":"product_cat","embeddable":true,"href":"https:\/\/www.hyflexpack.com\/fr\/wp-json\/wp\/v2\/product_cat?post=9217"},{"taxonomy":"product_tag","embeddable":true,"href":"https:\/\/www.hyflexpack.com\/fr\/wp-json\/wp\/v2\/product_tag?post=9217"}],"curies":[{"name":"wp","href":"https:\/\/api.w.org\/{rel}","templated":true}]}}