{"id":9215,"date":"2026-02-05T09:10:31","date_gmt":"2026-02-05T09:10:31","guid":{"rendered":"https:\/\/www.hyflexpack.com\/?post_type=product&#038;p=9215"},"modified":"2026-02-05T09:10:36","modified_gmt":"2026-02-05T09:10:36","slug":"custom-printed-fruit-packaging-bags-oem","status":"publish","type":"product","link":"https:\/\/www.hyflexpack.com\/fr\/product\/custom-printed-fruit-packaging-bags-oem\/","title":{"rendered":"Sacs d'emballage de fruits imprim\u00e9s sur mesure - Pochette \u00e0 fen\u00eatre transparente avec ventilation"},"content":{"rendered":"<div class=\"wp-block-columns is-layout-flex wp-container-core-columns-is-layout-9d6595d7 wp-block-columns-is-layout-flex\">\n<div class=\"wp-block-column is-layout-flow wp-block-column-is-layout-flow\">\n<h2 class=\"wp-block-heading\">Custom Printed Fruit Packaging Bags Features<\/h2>\n\n\n\n<ul class=\"wp-block-list\">\n<li><strong>Personnalisation flexible :<\/strong> Ces <strong>custom printed fruit packaging bag pouch<\/strong> options support multiple sizes, material selections, and logo printing to meet diverse fruit and vegetable packaging requirements.<\/li>\n\n\n\n<li><strong>Multi-Size Stand-Up Design:<\/strong> The stand-up vented pouch structure allows flexible packaging for various fresh produce while delivering strong shelf presence and easy retail display.<\/li>\n\n\n\n<li><strong>Breathable Ventilation:<\/strong> Built with ventilation holes or slots, the stand-up pouch improves airflow, reduces moisture buildup, and helps extend the shelf life of fresh fruits and vegetables.<\/li>\n\n\n\n<li><strong>Fresh Produce Protection:<\/strong> Designed specifically for fresh fruit and vegetable packaging, these bags help maintain product quality during transportation, storage, and retail presentation.<\/li>\n\n\n\n<li><strong>Food-Grade &amp; Eco Options:<\/strong> Made from durable, food-safe materials, these <strong>custom printed fruit packaging bag pouch<\/strong> solutions offer reliable protection with optional eco-friendly packaging structures.<\/li>\n<\/ul>\n<\/div>\n\n\n\n<div class=\"wp-block-column is-layout-flow wp-block-column-is-layout-flow\">\n<figure class=\"wp-block-image size-full\"><img fetchpriority=\"high\" decoding=\"async\" width=\"1024\" height=\"1024\" src=\"https:\/\/www.hyflexpack.com\/wp-content\/uploads\/2026\/02\/Custom-Printed-Fruit-Packaging-Bags-Supplier-2.webp\" alt=\"Sacs d&#039;emballage de fruits imprim\u00e9s sur mesure Fournisseur (2)\" class=\"wp-image-9243\" srcset=\"https:\/\/www.hyflexpack.com\/wp-content\/uploads\/2026\/02\/Custom-Printed-Fruit-Packaging-Bags-Supplier-2.webp 1024w, https:\/\/www.hyflexpack.com\/wp-content\/uploads\/2026\/02\/Custom-Printed-Fruit-Packaging-Bags-Supplier-2-300x300.webp 300w, https:\/\/www.hyflexpack.com\/wp-content\/uploads\/2026\/02\/Custom-Printed-Fruit-Packaging-Bags-Supplier-2-150x150.webp 150w, https:\/\/www.hyflexpack.com\/wp-content\/uploads\/2026\/02\/Custom-Printed-Fruit-Packaging-Bags-Supplier-2-768x768.webp 768w, https:\/\/www.hyflexpack.com\/wp-content\/uploads\/2026\/02\/Custom-Printed-Fruit-Packaging-Bags-Supplier-2-12x12.webp 12w, https:\/\/www.hyflexpack.com\/wp-content\/uploads\/2026\/02\/Custom-Printed-Fruit-Packaging-Bags-Supplier-2-285x285.webp 285w, https:\/\/www.hyflexpack.com\/wp-content\/uploads\/2026\/02\/Custom-Printed-Fruit-Packaging-Bags-Supplier-2-270x270.webp 270w, https:\/\/www.hyflexpack.com\/wp-content\/uploads\/2026\/02\/Custom-Printed-Fruit-Packaging-Bags-Supplier-2-540x540.webp 540w, https:\/\/www.hyflexpack.com\/wp-content\/uploads\/2026\/02\/Custom-Printed-Fruit-Packaging-Bags-Supplier-2-660x660.webp 660w\" sizes=\"(max-width: 1024px) 100vw, 1024px\" \/><\/figure>\n<\/div>\n<\/div>","protected":false},"excerpt":{"rendered":"<p>Designed as multi-size stand-up vented pouches, our custom printed fruit packaging bags keep produce fresh, breathable, and protected. With stable standing, optimized ventilation, and flexible sizing, these bags deliver an efficient and customizable fresh fruit &amp; vegetable packaging solution.<\/p>\n<h2>Advantages of Custom Printed Fruit Packaging Bags<\/h2>\n<ul>\n<li><strong><a href=\"https:\/\/www.hyflexpack.com\/fr\/emballage-flexible-sur-mesure\/\">Services OEM\/ODM<\/a>:<\/strong>\u00a0Nous proposons des services de sacs d'emballage personnalis\u00e9s, y compris la personnalisation du mat\u00e9riau, de la taille et du motif d'impression pour r\u00e9pondre aux besoins des clients, et nous prenons en charge les OEM et ODM.<\/li>\n<li><strong>Efficace<\/strong>\u00a0<strong>Fabrication :<\/strong>\u00a0Gr\u00e2ce \u00e0 un \u00e9quipement et \u00e0 une technologie de pointe, nous pouvons r\u00e9aliser la production des commandes de mani\u00e8re efficace et avec une qualit\u00e9 \u00e9lev\u00e9e, et livrer dans les d\u00e9lais impartis.<\/li>\n<li><strong>Inspection de la qualit\u00e9 :<\/strong>\u00a0La production est r\u00e9alis\u00e9e dans le strict respect des normes de qualit\u00e9 et des exigences en mati\u00e8re de s\u00e9curit\u00e9 alimentaire afin de garantir que les produits r\u00e9pondent aux normes.<\/li>\n<li><strong>Assistance \u00e0 la client\u00e8le 24 heures sur 24, 7 jours sur 7 :<\/strong>\u00a0Fournir une r\u00e9ponse rapide et un service \u00e0 la client\u00e8le attentionn\u00e9 24 heures par jour.<\/li>\n<li><strong>Conception libre :<\/strong>\u00a0Profitez de nos services gratuits de conception de logos, d'\u00e9tiquettes et de maquettes pour vous aider \u00e0 am\u00e9liorer votre emballage et l'identit\u00e9 de votre marque.<\/li>\n<li><strong>Prix d'usine<\/strong>: Nous proposons des prix d'usine comp\u00e9titifs afin que vous puissiez tirer le meilleur parti de vos commandes en gros.<\/li>\n<li><strong>Quantit\u00e9 minimale de commande (MOQ) :<\/strong>\u00a0Disponibilit\u00e9 d'une MOQ flexible, vous permettant de commencer avec des niveaux de commande peu \u00e9lev\u00e9s et d'augmenter en fonction des besoins.<\/li>\n<li><strong>\u00c9chantillon gratuit<\/strong>: Fournir un service d'\u00e9chantillonnage gratuit pour vous permettre d'\u00e9valuer le produit.<\/li>\n<\/ul>\n<p><a href=\"https:\/\/www.hyflexpack.com\/fr\/\"><strong>Huiyang Packaging<\/strong><\/a>\u00a0is committed to providing customers with high-quality wholesale and customized fruit packaging bags to help them improve their product image and enhance market competitiveness.<\/p>","protected":false},"featured_media":9243,"comment_status":"closed","ping_status":"closed","template":"","meta":[],"product_brand":[],"product_cat":[106],"product_tag":[116,124],"class_list":{"0":"post-9215","1":"product","2":"type-product","3":"status-publish","4":"has-post-thumbnail","6":"product_cat-vegetable-packaging-bags-wholesale","7":"product_tag-stand-up-pouch-manufacturer","8":"product_tag-zipper-pouch-manufacturer","10":"first","11":"instock","12":"shipping-taxable","13":"product-type-simple"},"_links":{"self":[{"href":"https:\/\/www.hyflexpack.com\/fr\/wp-json\/wp\/v2\/product\/9215","targetHints":{"allow":["GET"]}}],"collection":[{"href":"https:\/\/www.hyflexpack.com\/fr\/wp-json\/wp\/v2\/product"}],"about":[{"href":"https:\/\/www.hyflexpack.com\/fr\/wp-json\/wp\/v2\/types\/product"}],"replies":[{"embeddable":true,"href":"https:\/\/www.hyflexpack.com\/fr\/wp-json\/wp\/v2\/comments?post=9215"}],"wp:featuredmedia":[{"embeddable":true,"href":"https:\/\/www.hyflexpack.com\/fr\/wp-json\/wp\/v2\/media\/9243"}],"wp:attachment":[{"href":"https:\/\/www.hyflexpack.com\/fr\/wp-json\/wp\/v2\/media?parent=9215"}],"wp:term":[{"taxonomy":"product_brand","embeddable":true,"href":"https:\/\/www.hyflexpack.com\/fr\/wp-json\/wp\/v2\/product_brand?post=9215"},{"taxonomy":"product_cat","embeddable":true,"href":"https:\/\/www.hyflexpack.com\/fr\/wp-json\/wp\/v2\/product_cat?post=9215"},{"taxonomy":"product_tag","embeddable":true,"href":"https:\/\/www.hyflexpack.com\/fr\/wp-json\/wp\/v2\/product_tag?post=9215"}],"curies":[{"name":"wp","href":"https:\/\/api.w.org\/{rel}","templated":true}]}}